{"id":1017,"date":"2023-06-24T13:06:12","date_gmt":"2023-06-24T13:06:12","guid":{"rendered":"https:\/\/aswittepartg.de\/wie-wir-unser-netzwerk-knuepfen\/"},"modified":"2023-07-10T21:27:08","modified_gmt":"2023-07-10T21:27:08","slug":"how-we-create-our-network","status":"publish","type":"page","link":"https:\/\/aswittepartg.de\/en-gb\/how-we-create-our-network\/","title":{"rendered":"How we create our network"},"content":{"rendered":"\t\t<div data-elementor-type=\"wp-page\" data-elementor-id=\"1017\" class=\"elementor elementor-1017 elementor-173\" data-elementor-post-type=\"page\">\n\t\t\t\t\t\t<section class=\"elementor-section elementor-top-section elementor-element elementor-element-462bdaa elementor-section-boxed elementor-section-height-default elementor-section-height-default\" data-id=\"462bdaa\" data-element_type=\"section\" data-e-type=\"section\">\n\t\t\t\t\t\t<div class=\"elementor-container elementor-column-gap-default\">\n\t\t\t\t\t<div class=\"elementor-column elementor-col-100 elementor-top-column elementor-element elementor-element-edf750c\" data-id=\"edf750c\" data-element_type=\"column\" data-e-type=\"column\" data-settings=\"{&quot;background_background&quot;:&quot;classic&quot;}\">\n\t\t\t<div class=\"elementor-widget-wrap elementor-element-populated\">\n\t\t\t\t\t\t<div class=\"elementor-element elementor-element-8427765 elementor-widget elementor-widget-heading\" data-id=\"8427765\" data-element_type=\"widget\" data-e-type=\"widget\" data-widget_type=\"heading.default\">\n\t\t\t\t<div class=\"elementor-widget-container\">\n\t\t\t\t\t<h1 class=\"elementor-heading-title elementor-size-default\">Wie wir unser Netzwerk kn\u00fcpfen\n<\/h1>\t\t\t\t<\/div>\n\t\t\t\t<\/div>\n\t\t\t\t<section class=\"elementor-section elementor-inner-section elementor-element elementor-element-725b8c3 elementor-reverse-tablet elementor-reverse-mobile elementor-section-boxed elementor-section-height-default elementor-section-height-default\" data-id=\"725b8c3\" data-element_type=\"section\" data-e-type=\"section\">\n\t\t\t\t\t\t<div class=\"elementor-container elementor-column-gap-default\">\n\t\t\t\t\t<div class=\"elementor-column elementor-col-50 elementor-inner-column elementor-element elementor-element-1464d5c\" data-id=\"1464d5c\" data-element_type=\"column\" data-e-type=\"column\">\n\t\t\t<div class=\"elementor-widget-wrap elementor-element-populated\">\n\t\t\t\t\t\t<div class=\"elementor-element elementor-element-0f1e00d elementor-hidden-desktop elementor-hidden-tablet elementor-widget elementor-widget-spacer\" data-id=\"0f1e00d\" data-element_type=\"widget\" data-e-type=\"widget\" data-widget_type=\"spacer.default\">\n\t\t\t\t<div class=\"elementor-widget-container\">\n\t\t\t\t\t\t\t<div class=\"elementor-spacer\">\n\t\t\t<div class=\"elementor-spacer-inner\"><\/div>\n\t\t<\/div>\n\t\t\t\t\t\t<\/div>\n\t\t\t\t<\/div>\n\t\t\t\t<div class=\"elementor-element elementor-element-03e0cc3 elementor-widget elementor-widget-text-editor\" data-id=\"03e0cc3\" data-element_type=\"widget\" data-e-type=\"widget\" data-widget_type=\"text-editor.default\">\n\t\t\t\t<div class=\"elementor-widget-container\">\n\t\t\t\t\t\t\t\t\t<p>Im Folgenden geben wir Einblick in die Kriterien, von denen wir uns bei der Auswahl der Mitglieder des \u201eKernteams\u201c sowie der, falls notwendig, weiters eingesetzten Kolleginnen und Kollegen leiten lassen \u2026<\/p><p>Damit Qualit\u00e4ts-Sprachdienstleistungen mit profundem Sachverstand nicht nur ein Slogan bleibt, achten wir neben klassischen linguistischen Qualifikationen auf Erfolge der Kolleginnen\/Kollegen in Terminologie-Wettstreiten, einschl\u00e4gige Praxiserfahrung im Fachgebiet oder ein entsprechendes Studium, gesammeltes Feedback, sprachmittlungsrelevante Zertifizierungen\/Auszeichnungen, Angaben zur \u00dcbersetzungserfahrung, Ausdruck und Stil in Korrespondenz und Lebensl\u00e4ufen und insbesondere erteilen wir auch kleinere \u00dcbersetzungsauftr\u00e4ge um \u201emal zu Gucken was da ist\u201c an Potenzial.<\/p>\t\t\t\t\t\t\t\t<\/div>\n\t\t\t\t<\/div>\n\t\t\t\t\t<\/div>\n\t\t<\/div>\n\t\t\t\t<div class=\"elementor-column elementor-col-50 elementor-inner-column elementor-element elementor-element-cbf3165\" data-id=\"cbf3165\" data-element_type=\"column\" data-e-type=\"column\">\n\t\t\t<div class=\"elementor-widget-wrap elementor-element-populated\">\n\t\t\t\t\t\t<div class=\"elementor-element elementor-element-7cee037 elementor-widget elementor-widget-image\" data-id=\"7cee037\" data-element_type=\"widget\" data-e-type=\"widget\" data-widget_type=\"image.default\">\n\t\t\t\t<div class=\"elementor-widget-container\">\n\t\t\t\t\t\t\t\t\t\t\t\t\t\t\t<img fetchpriority=\"high\" decoding=\"async\" width=\"365\" height=\"234\" src=\"https:\/\/aswittepartg.de\/wp-content\/uploads\/2023\/06\/pexels-photo-68704.jpg\" class=\"attachment-full size-full wp-image-420\" alt=\"\" srcset=\"https:\/\/aswittepartg.de\/wp-content\/uploads\/2023\/06\/pexels-photo-68704.jpg 365w, https:\/\/aswittepartg.de\/wp-content\/uploads\/2023\/06\/pexels-photo-68704-300x192.jpg 300w\" sizes=\"(max-width: 365px) 100vw, 365px\" \/>\t\t\t\t\t\t\t\t\t\t\t\t\t\t\t<\/div>\n\t\t\t\t<\/div>\n\t\t\t\t\t<\/div>\n\t\t<\/div>\n\t\t\t\t\t<\/div>\n\t\t<\/section>\n\t\t\t\t<section class=\"elementor-section elementor-inner-section elementor-element elementor-element-c22d32e elementor-reverse-tablet elementor-reverse-mobile elementor-section-boxed elementor-section-height-default elementor-section-height-default\" data-id=\"c22d32e\" data-element_type=\"section\" data-e-type=\"section\">\n\t\t\t\t\t\t<div class=\"elementor-container elementor-column-gap-default\">\n\t\t\t\t\t<div class=\"elementor-column elementor-col-100 elementor-inner-column elementor-element elementor-element-7c5b018\" data-id=\"7c5b018\" data-element_type=\"column\" data-e-type=\"column\">\n\t\t\t<div class=\"elementor-widget-wrap elementor-element-populated\">\n\t\t\t\t\t\t<div class=\"elementor-element elementor-element-63960db elementor-widget elementor-widget-text-editor\" data-id=\"63960db\" data-element_type=\"widget\" data-e-type=\"widget\" data-widget_type=\"text-editor.default\">\n\t\t\t\t<div class=\"elementor-widget-container\">\n\t\t\t\t\t\t\t\t\t<p>Unser internes Qualit\u00e4tsmanagement gew\u00e4hrleistet auch in der Folge, d.h. die Arbeit der Kollegin\/des Kollegen begleitend, und w\u00e4hrend der Kontrollphase vor Lieferung der Leistung eine Abwicklung, die Ihren hohen Anspr\u00fcchen gerecht wird.<\/p><p>Wir tragen bei Vermittlung einer \u00dcbersetzerin\/eines \u00dcbersetzers oder Zusammenstellung eines Projektteams (bei zeitkritischen Auftr\u00e4gen oder solchen mit mehr als einer Quell- oder Zielsprache) dar\u00fcber hinaus f\u00fcr eine in hohem Ma\u00dfe vorlagen\u00e4hnliche Formatierung Sorge, ann\u00e4hernd so, als ob wir es selbst \u00fcbersetzt h\u00e4tten.<\/p><p><b>Eingeschr\u00e4nktes Muttersprachlerprinzip mit Fokus auf fachliche Eignung<\/b><br \/>Wenn f\u00fcr die angefragte Aufgabe zwei Kandidaten fachlich und sprachlich ebenfalls gleich gut geeignet sind, entscheiden wir uns f\u00fcr eine Zusammenarbeit mit dem Muttersprachler der Zielsprache.<\/p><p>(Ist der Muttersprachler generell besser geeignet als der Nichtmuttersprachler, erh\u00e4lt er selbstverst\u00e4ndlich auch den Auftrag.)<\/p><p>Gegen Aufpreis kann bei dieser Variante optional ein Fachkorrektorat durch einen zweiten, im Spezialgebiet nachweislich qualifizierten Muttersprachler zur \u00dcbersetzung hinzu gebucht werden. Unsere interne Finalisierungs- und ggf. auch textvergleichende Korrektoratst\u00e4tigkeit bei Sprachenpaaren, die wir selbst als Korrektoren abdecken (siehe Services), ist bei vermittelten \u00dcbersetzungen bereits mit dem \u00dcbersetzungshonorar abgegolten.<\/p><p>Gelegentlich kann ein Nichtmuttersprachler besser geeignet sein als ein Muttersprachler der Zielsprache, zB. weil er fundiertere Kenntnisse des Fachgebiets hat oder &#8211; auch das kommt vor \u2013 er die Zielsprache besser beherrscht als ein Muttersprachler mit vergleichbaren Fachkenntnissen. In diesem Fall pr\u00fcfen wir eingehend, ob der Nichtmuttersprachler in der Lage ist, eine \u00dcbersetzung anzufertigen, die den Anforderungen f\u00fcr die jeweilige Textsorte entspricht und den kommunikativen Zweck des Quelltexts in der Zielsprache voll erf\u00fcllt. Zur Qualit\u00e4tssicherung \u00fcbergeben wir diese \u00dcbersetzung in einem zweiten Schritt einem Fachlektor, der Muttersprachler der Zielsprache ist. Damit gew\u00e4hrleisten wir, dass die \u00dcbersetzung nicht nur fachlich pr\u00e4zise und stilistisch angemessen ist, sondern auch alle sprachlichen Nuancen erfasst werden, die nur ein Muttersprachler beherrscht \u2013 der sprachliche \u201eHeimatfaktor\u201c wird sichergestellt. Soweit der Zieltext Englisch oder Deutsch ist und wir uns im Fachgebiet heimisch f\u00fchlen, f\u00fchren wir diesen letzten Schritt selbst durch. In seltenen F\u00e4llen kann, wenn wir die Quellsprache nicht beherrschen, auch im letztgenannten Fall ein dem Kunden gesondert in Rechnung zu stellendes Zweitkorrektorat erforderlich sein; in der Regel ist dies jedoch mit dem \u00dcbersetzungshonorar abgegolten. Wenn wir einsprachig finalisieren oder redigieren, werden wir unsere Leistung nicht gesondert in Rechnung stellen.<\/p><p>Selbstverst\u00e4ndlich steht es dem Kunden frei, aus Kostengr\u00fcnden auf eine Finalisierung durch einen Muttersprachler zu verzichten. Dies d\u00fcrfte jedoch nur bei Texten zu verantworten sein, die allein zum internen Gebrauch bestimmt sind und\/oder rein informativen Charakter haben.<\/p><p>Wir haben uns bewusst (aus Gr\u00fcnden eines reibungslosen Arbeitsablaufs, des Kapazit\u00e4tsmanagements und der Qualit\u00e4tssicherung) auf bestimmte Sprachenpaare und Fachgebiete spezialisiert. Aber auch dann, wenn wir einen Auftrag f\u00fcr eine \u00dcbersetzung in einem seltenen Sprachenpaar oder in einem Fachgebiet erhalten, das nicht in unser Spezialisierungsportfolio f\u00e4llt, k\u00f6nnen wir unseren Kunden in der Regel erfahrene Kolleginnen und Kollegen vermitteln.<\/p>\t\t\t\t\t\t\t\t<\/div>\n\t\t\t\t<\/div>\n\t\t\t\t\t<\/div>\n\t\t<\/div>\n\t\t\t\t\t<\/div>\n\t\t<\/section>\n\t\t\t\t\t<\/div>\n\t\t<\/div>\n\t\t\t\t\t<\/div>\n\t\t<\/section>\n\t\t\t\t<\/div>\n\t\t","protected":false},"excerpt":{"rendered":"<p>Wie wir unser Netzwerk kn\u00fcpfen Im Folgenden geben wir Einblick in die Kriterien, von denen wir uns bei der Auswahl der Mitglieder des \u201eKernteams\u201c sowie der, falls notwendig, weiters eingesetzten Kolleginnen und Kollegen leiten lassen \u2026 Damit Qualit\u00e4ts-Sprachdienstleistungen mit profundem Sachverstand nicht nur ein Slogan bleibt, achten wir neben klassischen linguistischen Qualifikationen auf Erfolge der [&hellip;]<\/p>\n","protected":false},"author":2,"featured_media":0,"parent":0,"menu_order":0,"comment_status":"closed","ping_status":"closed","template":"","meta":{"site-sidebar-layout":"no-sidebar","site-content-layout":"page-builder","ast-site-content-layout":"default","site-content-style":"default","site-sidebar-style":"default","ast-global-header-display":"","ast-banner-title-visibility":"","ast-main-header-display":"","ast-hfb-above-header-display":"","ast-hfb-below-header-display":"","ast-hfb-mobile-header-display":"","site-post-title":"disabled","ast-breadcrumbs-content":"","ast-featured-img":"disabled","footer-sml-layout":"","ast-disable-related-posts":"","theme-transparent-header-meta":"","adv-header-id-meta":"","stick-header-meta":"","header-above-stick-meta":"","header-main-stick-meta":"","header-below-stick-meta":"","astra-migrate-meta-layouts":"default","ast-page-background-enabled":"default","ast-page-background-meta":{"desktop":{"background-color":"var(--ast-global-color-4)","background-image":"","background-repeat":"repeat","background-position":"center center","background-size":"auto","background-attachment":"scroll","background-type":"","background-media":"","overlay-type":"","overlay-color":"","overlay-opacity":"","overlay-gradient":""},"tablet":{"background-color":"","background-image":"","background-repeat":"repeat","background-position":"center center","background-size":"auto","background-attachment":"scroll","background-type":"","background-media":"","overlay-type":"","overlay-color":"","overlay-opacity":"","overlay-gradient":""},"mobile":{"background-color":"","background-image":"","background-repeat":"repeat","background-position":"center center","background-size":"auto","background-attachment":"scroll","background-type":"","background-media":"","overlay-type":"","overlay-color":"","overlay-opacity":"","overlay-gradient":""}},"ast-content-background-meta":{"desktop":{"background-color":"var(--ast-global-color-5)","background-image":"","background-repeat":"repeat","background-position":"center center","background-size":"auto","background-attachment":"scroll","background-type":"","background-media":"","overlay-type":"","overlay-color":"","overlay-opacity":"","overlay-gradient":""},"tablet":{"background-color":"var(--ast-global-color-5)","background-image":"","background-repeat":"repeat","background-position":"center center","background-size":"auto","background-attachment":"scroll","background-type":"","background-media":"","overlay-type":"","overlay-color":"","overlay-opacity":"","overlay-gradient":""},"mobile":{"background-color":"var(--ast-global-color-5)","background-image":"","background-repeat":"repeat","background-position":"center center","background-size":"auto","background-attachment":"scroll","background-type":"","background-media":"","overlay-type":"","overlay-color":"","overlay-opacity":"","overlay-gradient":""}},"footnotes":""},"class_list":["post-1017","page","type-page","status-publish","hentry"],"yoast_head":"<!-- This site is optimized with the Yoast SEO plugin v27.3 - https:\/\/yoast.com\/product\/yoast-seo-wordpress\/ -->\n<title>How we create our network - A. &amp; S. Witte Partnerschaft<\/title>\n<meta name=\"robots\" content=\"index, follow, max-snippet:-1, max-image-preview:large, max-video-preview:-1\" \/>\n<link rel=\"canonical\" href=\"https:\/\/aswittepartg.de\/en-gb\/how-we-create-our-network\/\" \/>\n<meta property=\"og:locale\" content=\"en_GB\" \/>\n<meta property=\"og:type\" content=\"article\" \/>\n<meta property=\"og:title\" content=\"How we create our network - A. &amp; S. Witte Partnerschaft\" \/>\n<meta property=\"og:description\" content=\"Wie wir unser Netzwerk kn\u00fcpfen Im Folgenden geben wir Einblick in die Kriterien, von denen wir uns bei der Auswahl der Mitglieder des \u201eKernteams\u201c sowie der, falls notwendig, weiters eingesetzten Kolleginnen und Kollegen leiten lassen \u2026 Damit Qualit\u00e4ts-Sprachdienstleistungen mit profundem Sachverstand nicht nur ein Slogan bleibt, achten wir neben klassischen linguistischen Qualifikationen auf Erfolge der [&hellip;]\" \/>\n<meta property=\"og:url\" content=\"https:\/\/aswittepartg.de\/en-gb\/how-we-create-our-network\/\" \/>\n<meta property=\"og:site_name\" content=\"A. &amp; S. Witte Partnerschaft\" \/>\n<meta property=\"article:publisher\" content=\"https:\/\/www.facebook.com\/ASWITTE\" \/>\n<meta property=\"article:modified_time\" content=\"2023-07-10T21:27:08+00:00\" \/>\n<meta property=\"og:image\" content=\"https:\/\/aswittepartg.de\/wp-content\/uploads\/2023\/06\/pexels-photo-68704.jpg\" \/>\n<meta name=\"twitter:card\" content=\"summary_large_image\" \/>\n<meta name=\"twitter:label1\" content=\"Estimated reading time\" \/>\n\t<meta name=\"twitter:data1\" content=\"4 minutes\" \/>\n<script type=\"application\/ld+json\" class=\"yoast-schema-graph\">{\"@context\":\"https:\\\/\\\/schema.org\",\"@graph\":[{\"@type\":\"WebPage\",\"@id\":\"https:\\\/\\\/aswittepartg.de\\\/en-gb\\\/how-we-create-our-network\\\/\",\"url\":\"https:\\\/\\\/aswittepartg.de\\\/en-gb\\\/how-we-create-our-network\\\/\",\"name\":\"How we create our network - A. &amp; S. Witte Partnerschaft\",\"isPartOf\":{\"@id\":\"https:\\\/\\\/aswittepartg.de\\\/#website\"},\"primaryImageOfPage\":{\"@id\":\"https:\\\/\\\/aswittepartg.de\\\/en-gb\\\/how-we-create-our-network\\\/#primaryimage\"},\"image\":{\"@id\":\"https:\\\/\\\/aswittepartg.de\\\/en-gb\\\/how-we-create-our-network\\\/#primaryimage\"},\"thumbnailUrl\":\"https:\\\/\\\/aswittepartg.de\\\/wp-content\\\/uploads\\\/2023\\\/06\\\/pexels-photo-68704.jpg\",\"datePublished\":\"2023-06-24T13:06:12+00:00\",\"dateModified\":\"2023-07-10T21:27:08+00:00\",\"breadcrumb\":{\"@id\":\"https:\\\/\\\/aswittepartg.de\\\/en-gb\\\/how-we-create-our-network\\\/#breadcrumb\"},\"inLanguage\":\"en-GB\",\"potentialAction\":[{\"@type\":\"ReadAction\",\"target\":[\"https:\\\/\\\/aswittepartg.de\\\/en-gb\\\/how-we-create-our-network\\\/\"]}]},{\"@type\":\"ImageObject\",\"inLanguage\":\"en-GB\",\"@id\":\"https:\\\/\\\/aswittepartg.de\\\/en-gb\\\/how-we-create-our-network\\\/#primaryimage\",\"url\":\"https:\\\/\\\/aswittepartg.de\\\/wp-content\\\/uploads\\\/2023\\\/06\\\/pexels-photo-68704.jpg\",\"contentUrl\":\"https:\\\/\\\/aswittepartg.de\\\/wp-content\\\/uploads\\\/2023\\\/06\\\/pexels-photo-68704.jpg\"},{\"@type\":\"BreadcrumbList\",\"@id\":\"https:\\\/\\\/aswittepartg.de\\\/en-gb\\\/how-we-create-our-network\\\/#breadcrumb\",\"itemListElement\":[{\"@type\":\"ListItem\",\"position\":1,\"name\":\"Home\",\"item\":\"https:\\\/\\\/aswittepartg.de\\\/en-gb\\\/\"},{\"@type\":\"ListItem\",\"position\":2,\"name\":\"How we create our network\"}]},{\"@type\":\"WebSite\",\"@id\":\"https:\\\/\\\/aswittepartg.de\\\/#website\",\"url\":\"https:\\\/\\\/aswittepartg.de\\\/\",\"name\":\"A. & S. Witte Partnerschaft\",\"description\":\"Fach&uuml;bersetzungen\\\/Specialist translations\",\"publisher\":{\"@id\":\"https:\\\/\\\/aswittepartg.de\\\/#organization\"},\"alternateName\":\"ASWITTE PartG\",\"potentialAction\":[{\"@type\":\"SearchAction\",\"target\":{\"@type\":\"EntryPoint\",\"urlTemplate\":\"https:\\\/\\\/aswittepartg.de\\\/?s={search_term_string}\"},\"query-input\":{\"@type\":\"PropertyValueSpecification\",\"valueRequired\":true,\"valueName\":\"search_term_string\"}}],\"inLanguage\":\"en-GB\"},{\"@type\":\"Organization\",\"@id\":\"https:\\\/\\\/aswittepartg.de\\\/#organization\",\"name\":\"A. & S. Witte Partnerschaft\",\"alternateName\":\"ASWITTE PartG\",\"url\":\"https:\\\/\\\/aswittepartg.de\\\/\",\"logo\":{\"@type\":\"ImageObject\",\"inLanguage\":\"en-GB\",\"@id\":\"https:\\\/\\\/aswittepartg.de\\\/#\\\/schema\\\/logo\\\/image\\\/\",\"url\":\"https:\\\/\\\/aswittepartg.de\\\/wp-content\\\/uploads\\\/2023\\\/06\\\/logo.png\",\"contentUrl\":\"https:\\\/\\\/aswittepartg.de\\\/wp-content\\\/uploads\\\/2023\\\/06\\\/logo.png\",\"width\":457,\"height\":475,\"caption\":\"A. & S. Witte Partnerschaft\"},\"image\":{\"@id\":\"https:\\\/\\\/aswittepartg.de\\\/#\\\/schema\\\/logo\\\/image\\\/\"},\"sameAs\":[\"https:\\\/\\\/www.facebook.com\\\/ASWITTE\"]}]}<\/script>\n<!-- \/ Yoast SEO plugin. -->","yoast_head_json":{"title":"How we create our network - A. &amp; S. Witte Partnerschaft","robots":{"index":"index","follow":"follow","max-snippet":"max-snippet:-1","max-image-preview":"max-image-preview:large","max-video-preview":"max-video-preview:-1"},"canonical":"https:\/\/aswittepartg.de\/en-gb\/how-we-create-our-network\/","og_locale":"en_GB","og_type":"article","og_title":"How we create our network - A. &amp; S. Witte Partnerschaft","og_description":"Wie wir unser Netzwerk kn\u00fcpfen Im Folgenden geben wir Einblick in die Kriterien, von denen wir uns bei der Auswahl der Mitglieder des \u201eKernteams\u201c sowie der, falls notwendig, weiters eingesetzten Kolleginnen und Kollegen leiten lassen \u2026 Damit Qualit\u00e4ts-Sprachdienstleistungen mit profundem Sachverstand nicht nur ein Slogan bleibt, achten wir neben klassischen linguistischen Qualifikationen auf Erfolge der [&hellip;]","og_url":"https:\/\/aswittepartg.de\/en-gb\/how-we-create-our-network\/","og_site_name":"A. &amp; S. Witte Partnerschaft","article_publisher":"https:\/\/www.facebook.com\/ASWITTE","article_modified_time":"2023-07-10T21:27:08+00:00","og_image":[{"url":"https:\/\/aswittepartg.de\/wp-content\/uploads\/2023\/06\/pexels-photo-68704.jpg","type":"","width":"","height":""}],"twitter_card":"summary_large_image","twitter_misc":{"Estimated reading time":"4 minutes"},"schema":{"@context":"https:\/\/schema.org","@graph":[{"@type":"WebPage","@id":"https:\/\/aswittepartg.de\/en-gb\/how-we-create-our-network\/","url":"https:\/\/aswittepartg.de\/en-gb\/how-we-create-our-network\/","name":"How we create our network - A. &amp; S. Witte Partnerschaft","isPartOf":{"@id":"https:\/\/aswittepartg.de\/#website"},"primaryImageOfPage":{"@id":"https:\/\/aswittepartg.de\/en-gb\/how-we-create-our-network\/#primaryimage"},"image":{"@id":"https:\/\/aswittepartg.de\/en-gb\/how-we-create-our-network\/#primaryimage"},"thumbnailUrl":"https:\/\/aswittepartg.de\/wp-content\/uploads\/2023\/06\/pexels-photo-68704.jpg","datePublished":"2023-06-24T13:06:12+00:00","dateModified":"2023-07-10T21:27:08+00:00","breadcrumb":{"@id":"https:\/\/aswittepartg.de\/en-gb\/how-we-create-our-network\/#breadcrumb"},"inLanguage":"en-GB","potentialAction":[{"@type":"ReadAction","target":["https:\/\/aswittepartg.de\/en-gb\/how-we-create-our-network\/"]}]},{"@type":"ImageObject","inLanguage":"en-GB","@id":"https:\/\/aswittepartg.de\/en-gb\/how-we-create-our-network\/#primaryimage","url":"https:\/\/aswittepartg.de\/wp-content\/uploads\/2023\/06\/pexels-photo-68704.jpg","contentUrl":"https:\/\/aswittepartg.de\/wp-content\/uploads\/2023\/06\/pexels-photo-68704.jpg"},{"@type":"BreadcrumbList","@id":"https:\/\/aswittepartg.de\/en-gb\/how-we-create-our-network\/#breadcrumb","itemListElement":[{"@type":"ListItem","position":1,"name":"Home","item":"https:\/\/aswittepartg.de\/en-gb\/"},{"@type":"ListItem","position":2,"name":"How we create our network"}]},{"@type":"WebSite","@id":"https:\/\/aswittepartg.de\/#website","url":"https:\/\/aswittepartg.de\/","name":"A. & S. Witte Partnerschaft","description":"Fach&uuml;bersetzungen\/Specialist translations","publisher":{"@id":"https:\/\/aswittepartg.de\/#organization"},"alternateName":"ASWITTE PartG","potentialAction":[{"@type":"SearchAction","target":{"@type":"EntryPoint","urlTemplate":"https:\/\/aswittepartg.de\/?s={search_term_string}"},"query-input":{"@type":"PropertyValueSpecification","valueRequired":true,"valueName":"search_term_string"}}],"inLanguage":"en-GB"},{"@type":"Organization","@id":"https:\/\/aswittepartg.de\/#organization","name":"A. & S. Witte Partnerschaft","alternateName":"ASWITTE PartG","url":"https:\/\/aswittepartg.de\/","logo":{"@type":"ImageObject","inLanguage":"en-GB","@id":"https:\/\/aswittepartg.de\/#\/schema\/logo\/image\/","url":"https:\/\/aswittepartg.de\/wp-content\/uploads\/2023\/06\/logo.png","contentUrl":"https:\/\/aswittepartg.de\/wp-content\/uploads\/2023\/06\/logo.png","width":457,"height":475,"caption":"A. & S. Witte Partnerschaft"},"image":{"@id":"https:\/\/aswittepartg.de\/#\/schema\/logo\/image\/"},"sameAs":["https:\/\/www.facebook.com\/ASWITTE"]}]}},"_links":{"self":[{"href":"https:\/\/aswittepartg.de\/en-gb\/wp-json\/wp\/v2\/pages\/1017","targetHints":{"allow":["GET"]}}],"collection":[{"href":"https:\/\/aswittepartg.de\/en-gb\/wp-json\/wp\/v2\/pages"}],"about":[{"href":"https:\/\/aswittepartg.de\/en-gb\/wp-json\/wp\/v2\/types\/page"}],"author":[{"embeddable":true,"href":"https:\/\/aswittepartg.de\/en-gb\/wp-json\/wp\/v2\/users\/2"}],"replies":[{"embeddable":true,"href":"https:\/\/aswittepartg.de\/en-gb\/wp-json\/wp\/v2\/comments?post=1017"}],"version-history":[{"count":6,"href":"https:\/\/aswittepartg.de\/en-gb\/wp-json\/wp\/v2\/pages\/1017\/revisions"}],"predecessor-version":[{"id":1115,"href":"https:\/\/aswittepartg.de\/en-gb\/wp-json\/wp\/v2\/pages\/1017\/revisions\/1115"}],"wp:attachment":[{"href":"https:\/\/aswittepartg.de\/en-gb\/wp-json\/wp\/v2\/media?parent=1017"}],"curies":[{"name":"wp","href":"https:\/\/api.w.org\/{rel}","templated":true}]}}