{"id":985,"date":"2023-06-23T05:57:28","date_gmt":"2023-06-23T05:57:28","guid":{"rendered":"https:\/\/aswittepartg.de\/about-a-s\/sebastian-witte-jahrgang-1975\/"},"modified":"2024-07-03T11:07:40","modified_gmt":"2024-07-03T11:07:40","slug":"sebastian-witte-jahrgang-1975","status":"publish","type":"page","link":"https:\/\/aswittepartg.de\/en-gb\/about-s\/sebastian-witte-jahrgang-1975\/","title":{"rendered":"Sebastian Witte, Jahrgang 1975"},"content":{"rendered":"\t\t<div data-elementor-type=\"wp-page\" data-elementor-id=\"985\" class=\"elementor elementor-985 elementor-102\" data-elementor-post-type=\"page\">\n\t\t\t\t\t\t<section class=\"elementor-section elementor-top-section elementor-element elementor-element-a087053 elementor-section-boxed elementor-section-height-default elementor-section-height-default\" data-id=\"a087053\" data-element_type=\"section\" data-e-type=\"section\">\n\t\t\t\t\t\t<div class=\"elementor-container elementor-column-gap-default\">\n\t\t\t\t\t<div class=\"elementor-column elementor-col-100 elementor-top-column elementor-element elementor-element-e52731a\" data-id=\"e52731a\" data-element_type=\"column\" data-e-type=\"column\" data-settings=\"{&quot;background_background&quot;:&quot;classic&quot;}\">\n\t\t\t<div class=\"elementor-widget-wrap elementor-element-populated\">\n\t\t\t\t\t\t<div class=\"elementor-element elementor-element-93f953a elementor-widget elementor-widget-heading\" data-id=\"93f953a\" data-element_type=\"widget\" data-e-type=\"widget\" data-widget_type=\"heading.default\">\n\t\t\t\t<div class=\"elementor-widget-container\">\n\t\t\t\t\t<h1 class=\"elementor-heading-title elementor-size-default\">Sebastian Witte, Jahrgang 1975\n<\/h1>\t\t\t\t<\/div>\n\t\t\t\t<\/div>\n\t\t\t\t\t<\/div>\n\t\t<\/div>\n\t\t\t\t\t<\/div>\n\t\t<\/section>\n\t\t\t\t<section class=\"elementor-section elementor-top-section elementor-element elementor-element-99c50f7 elementor-section-boxed elementor-section-height-default elementor-section-height-default\" data-id=\"99c50f7\" data-element_type=\"section\" data-e-type=\"section\">\n\t\t\t\t\t\t<div class=\"elementor-container elementor-column-gap-default\">\n\t\t\t\t\t<div class=\"elementor-column elementor-col-50 elementor-top-column elementor-element elementor-element-17facd2\" data-id=\"17facd2\" data-element_type=\"column\" data-e-type=\"column\" data-settings=\"{&quot;background_background&quot;:&quot;classic&quot;}\">\n\t\t\t<div class=\"elementor-widget-wrap elementor-element-populated\">\n\t\t\t\t\t\t<div class=\"elementor-element elementor-element-8ce0907 elementor-widget elementor-widget-image\" data-id=\"8ce0907\" data-element_type=\"widget\" data-e-type=\"widget\" data-widget_type=\"image.default\">\n\t\t\t\t<div class=\"elementor-widget-container\">\n\t\t\t\t\t\t\t\t\t\t\t\t\t\t\t<img fetchpriority=\"high\" decoding=\"async\" width=\"365\" height=\"511\" src=\"https:\/\/aswittepartg.de\/wp-content\/uploads\/2023\/06\/sebastian.jpg\" class=\"attachment-full size-full wp-image-400\" alt=\"\" srcset=\"https:\/\/aswittepartg.de\/wp-content\/uploads\/2023\/06\/sebastian.jpg 365w, https:\/\/aswittepartg.de\/wp-content\/uploads\/2023\/06\/sebastian-214x300.jpg 214w\" sizes=\"(max-width: 365px) 100vw, 365px\" \/>\t\t\t\t\t\t\t\t\t\t\t\t\t\t\t<\/div>\n\t\t\t\t<\/div>\n\t\t\t\t\t<\/div>\n\t\t<\/div>\n\t\t\t\t<div class=\"elementor-column elementor-col-50 elementor-top-column elementor-element elementor-element-a4e9590\" data-id=\"a4e9590\" data-element_type=\"column\" data-e-type=\"column\" data-settings=\"{&quot;background_background&quot;:&quot;classic&quot;}\">\n\t\t\t<div class=\"elementor-widget-wrap elementor-element-populated\">\n\t\t\t\t\t\t<section class=\"elementor-section elementor-inner-section elementor-element elementor-element-cc0d5a8 elementor-reverse-tablet elementor-reverse-mobile elementor-section-boxed elementor-section-height-default elementor-section-height-default\" data-id=\"cc0d5a8\" data-element_type=\"section\" data-e-type=\"section\">\n\t\t\t\t\t\t<div class=\"elementor-container elementor-column-gap-default\">\n\t\t\t\t\t<div class=\"elementor-column elementor-col-50 elementor-inner-column elementor-element elementor-element-7fe5191\" data-id=\"7fe5191\" data-element_type=\"column\" data-e-type=\"column\">\n\t\t\t<div class=\"elementor-widget-wrap elementor-element-populated\">\n\t\t\t\t\t\t<div class=\"elementor-element elementor-element-4d48ab3 elementor-widget elementor-widget-text-editor\" data-id=\"4d48ab3\" data-element_type=\"widget\" data-e-type=\"widget\" data-widget_type=\"text-editor.default\">\n\t\t\t\t<div class=\"elementor-widget-container\">\n\t\t\t\t\t\t\t\t\t<ul>\n \t<li>Studium des \u00dcbersetzens an der Fachhochschule K\u00f6ln (1997-2002)<\/li>\n \t<li>Hauptsprachen Englisch und Spanisch, Muttersprache Deutsch, dritte Fremdsprache Portugiesisch<\/li>\n \t<li>Fachgebiete Wirtschaft und Technik (Englisch) bzw. Recht und Technik (Spanisch), examiniert in der \u00dcbersetzung in die und aus den Fremdsprachen<\/li>\n \t<li>Auslandssemester an der Universit\u00e4t Barcelona (Universidad Aut\u00f3noma, 1999\/2000)<\/li>\n<\/ul>\n\n\t\t\t\t\t\t\t\t<\/div>\n\t\t\t\t<\/div>\n\t\t\t\t<div class=\"elementor-element elementor-element-86671cc elementor-widget elementor-widget-text-editor\" data-id=\"86671cc\" data-element_type=\"widget\" data-e-type=\"widget\" data-widget_type=\"text-editor.default\">\n\t\t\t\t<div class=\"elementor-widget-container\">\n\t\t\t\t\t\t\t\t\tAbschluss: Dipl.-\u00dcbersetzer Engl.\/Span. (FH)\nGesamtnote 1,7\n\n\t\t\t\t\t\t\t\t<\/div>\n\t\t\t\t<\/div>\n\t\t\t\t\t<\/div>\n\t\t<\/div>\n\t\t\t\t<div class=\"elementor-column elementor-col-50 elementor-inner-column elementor-element elementor-element-d4857c3\" data-id=\"d4857c3\" data-element_type=\"column\" data-e-type=\"column\">\n\t\t\t<div class=\"elementor-widget-wrap elementor-element-populated\">\n\t\t\t\t\t\t<div class=\"elementor-element elementor-element-2a72ecf elementor-widget elementor-widget-text-editor\" data-id=\"2a72ecf\" data-element_type=\"widget\" data-e-type=\"widget\" data-widget_type=\"text-editor.default\">\n\t\t\t\t<div class=\"elementor-widget-container\">\n\t\t\t\t\t\t\t\t\t<div class=\"quote\">\n\n\t\t\t\n\t\t\t\t\t\t<p class=\"statement\">\n\t\t\t\t\t\nSchnelle R\u00fcckmeldung auf Anfrage, termingerechte Lieferung, sehr gute Arbeit. N\u00e4chstes Mal gerne wieder.\t\t\t<\/p>\n\t\t\t\n\t\t\t\t\t\t<p class=\"author mini\">\n\t\t\t\t\nInhabergef\u00fchrtes Sprachdienstleistungsb\u00fcro, A-Feldkirch\t\t\t<\/p>\n\t\t\t\n\t\t\t\t\t<\/div>\n\t\t\n\t\t<div class=\"quote\">\n\n\t\t\t\n\t\t\t\t\t\t<p class=\"statement\">\n\t\t\t\t\t\nInsbesondere die Recherchekompetenz und die Fortbildungsbem\u00fchungen von Hrn. Witte sind zu loben. Sehr zu empfehlen!\t\t\t<\/p>\n\t\t\t\n\t\t\t\t\t\t<p class=\"author mini\">\n\t\t\t\t\n\u00dcbersetzungsagentur, Westenhellweg, Dortmund\t\t\t<\/p>\n\t\t\t\n\t\t\t\t\t<\/div>\n\t\t\n\t\t<div class=\"quote\">\n\n\t\t\t\n\t\t\t\t\t\t<p class=\"statement\">\n\t\t\t\t\t\nThank you for your assistance with these projects, excellent work and communication.\t\t\t<\/p>\n\t\t\t\n\t\t\t\t\t\t<p class=\"author mini\">\n\t\t\t\t\nOutsourcer, Sarasota, Florida, USA\t\t\t<\/p>\n\t\t\t\n\t\t\t\t\t<\/div>\n\t\t\n\t\t<div class=\"quote\">\n\n\t\t\t\n\t\t\t\t\t\t<p class=\"statement\">\n\t\t\t\t\t\nGute Zusammenarbeit!\t\t\t<\/p>\n\t\t\t\n\t\t\t\t\t\t<p class=\"author mini\">\n\t\t\t\t\n\u00dcbersetzungsagentur, D-Villingen-Schwenningen \t\t\t<\/p>\n\t\t\t\n\t\t\t\t\t<\/div>\n\t\t\n\t\t<div class=\"quote\">\n\n\t\t\t\n\t\t\t\t\t\t<p class=\"statement\">\n\t\t\t\t\t\nTakes the utmost care in ensuring that the product is accurate. Very professional approach. We will certainly be in touch. Bewertung: 5\/5 Sterne.\t\t\t<\/p>\n\t\t\t\n\t\t\t\t\t\t<p class=\"author mini\">\n\t\t\t\t\nIngenieur, \u00dcbersetzer, Outsourcer, D-Wismar\/Rostock\t\t\t<\/p>\n\t\t\t\n\t\t\t\t\t<\/div>\t\t\t\t\t\t\t\t<\/div>\n\t\t\t\t<\/div>\n\t\t\t\t\t<\/div>\n\t\t<\/div>\n\t\t\t\t\t<\/div>\n\t\t<\/section>\n\t\t\t\t<section class=\"elementor-section elementor-inner-section elementor-element elementor-element-9157d6d elementor-reverse-tablet elementor-reverse-mobile elementor-section-boxed elementor-section-height-default elementor-section-height-default\" data-id=\"9157d6d\" data-element_type=\"section\" data-e-type=\"section\">\n\t\t\t\t\t\t<div class=\"elementor-container elementor-column-gap-default\">\n\t\t\t\t\t<div class=\"elementor-column elementor-col-100 elementor-inner-column elementor-element elementor-element-d96efea\" data-id=\"d96efea\" data-element_type=\"column\" data-e-type=\"column\">\n\t\t\t<div class=\"elementor-widget-wrap elementor-element-populated\">\n\t\t\t\t\t\t<div class=\"elementor-element elementor-element-afd40eb elementor-hidden-desktop elementor-hidden-tablet elementor-widget elementor-widget-spacer\" data-id=\"afd40eb\" data-element_type=\"widget\" data-e-type=\"widget\" data-widget_type=\"spacer.default\">\n\t\t\t\t<div class=\"elementor-widget-container\">\n\t\t\t\t\t\t\t<div class=\"elementor-spacer\">\n\t\t\t<div class=\"elementor-spacer-inner\"><\/div>\n\t\t<\/div>\n\t\t\t\t\t\t<\/div>\n\t\t\t\t<\/div>\n\t\t\t\t<div class=\"elementor-element elementor-element-3e3e47f elementor-widget elementor-widget-text-editor\" data-id=\"3e3e47f\" data-element_type=\"widget\" data-e-type=\"widget\" data-widget_type=\"text-editor.default\">\n\t\t\t\t<div class=\"elementor-widget-container\">\n\t\t\t\t\t\t\t\t\t<p>Nach Abschluss des Studiums Aufnahme einer Inhouse-T\u00e4tigkeit bei einem namhaften mittelst\u00e4ndischen Unternehmen der Metallbaubranche, dort mit der \u00dcbersetzung von Gesellschaftssatzungen Englisch-Deutsch befasst. Seitdem umfangreiche \u00dcbersetzungs- und Korrekturerfahrung in den Fachgebieten.<br>Regelm\u00e4\u00dfige Weiterbildung durch Teilnahme an <a href=\"https:\/\/aswittepartg.de\/services\/weiterbildung-aktuelles\/\">Seminaren<\/a> u.a. des BD\u00dc (Bundesverband der Dolmetscher und \u00dcbersetzer) als Mitglied sowie Lekt\u00fcre von Fachliteratur.<\/p>\n<p><span style=\"font-style: inherit; font-weight: inherit;\">Als Bonbon f\u00fcr Sie erbringen wir zur Erreichung einer besonders hohen fachlichen und stilistischen Qualit\u00e4t 95% unserer \u00dcbersetzungsdienstleistungen aus dem Deutschen ins Englische auf Basis des 4-Augen-Prinzips wie folgt:<\/span><\/p>\n<ul>\n<li>\u00dcbersetzung durch Astrid als Muttersprachlerin der Zielsprache<\/li>\n<li>textvergleichendes Korrektorat durch Sebastian als Muttersprachler der Quellsprache<\/li>\n<li>abschlie\u00dfende einsprachige Pr\u00fcfung des so entstandenen Zieltextes durch Astrid<br>Wir koordinieren die internen, optimierten Abl\u00e4ufe wie auch die Kundenkommunikation der A. &amp; S. Witte PartG im Dienste der Menschen, welche die Services der Firma ben\u00f6tigen.<\/li>\n<\/ul>\n<p>Wenn Sie sich mit einem Auftrag an uns wenden, k\u00f6nnen Sie sich darauf verlassen, dass dieser:<\/p>\n<ul>\n<li>fachlich richtig<\/li>\n<li>sorgf\u00e4ltig<\/li>\n<li>stilistisch angemessen<\/li>\n<li>termin- und layoutwahrend<\/li>\n<li>in Spezialisierungsbereichen, die dies erfordern (insbesondere Recht, Gewerblicher Rechtsschutz, Finanzberichterstattung) terminologisch konsistent (d.h. jeder sich wiederholende Fachbegriff gleicher Bedeutung im Kontext wird mit derselben \u00dcbersetzung wiedergegeben)<\/li>\n<li>inklusive eines professionellen Managements der m\u00f6glichen \u00c4nderungsw\u00fcnsche des Kunden zur Lieferung bearbeitet wird<\/li>\n<\/ul>\n<p>Zu unseren Kunden z\u00e4hlen Patent- und Rechtsanwaltskanzleien, Firmen verschiedener Branchen, \u00f6ffentliche Auftraggeber (Gebietsk\u00f6rperschaften, \u00f6ffentliche Institutionen), einige Banken und Sparkassen, ein oder zwei Versicherungen, zwei oder drei Steuerberater, viele \u00dcbersetzungsagenturen, Privatkunden und in geringerem Umfang auch Kollegen.<\/p>\t\t\t\t\t\t\t\t<\/div>\n\t\t\t\t<\/div>\n\t\t\t\t\t<\/div>\n\t\t<\/div>\n\t\t\t\t\t<\/div>\n\t\t<\/section>\n\t\t\t\t\t<\/div>\n\t\t<\/div>\n\t\t\t\t\t<\/div>\n\t\t<\/section>\n\t\t\t\t<\/div>\n\t\t","protected":false},"excerpt":{"rendered":"<p>Sebastian Witte, Jahrgang 1975 Studium des \u00dcbersetzens an der Fachhochschule K\u00f6ln (1997-2002) Hauptsprachen Englisch und Spanisch, Muttersprache Deutsch, dritte Fremdsprache Portugiesisch Fachgebiete Wirtschaft und Technik (Englisch) bzw. Recht und Technik (Spanisch), examiniert in der \u00dcbersetzung in die und aus den Fremdsprachen Auslandssemester an der Universit\u00e4t Barcelona (Universidad Aut\u00f3noma, 1999\/2000) Abschluss: Dipl.-\u00dcbersetzer Engl.\/Span. (FH) Gesamtnote 1,7 [&hellip;]<\/p>\n","protected":false},"author":2,"featured_media":0,"parent":710,"menu_order":0,"comment_status":"closed","ping_status":"closed","template":"elementor_header_footer","meta":{"site-sidebar-layout":"no-sidebar","site-content-layout":"page-builder","ast-site-content-layout":"full-width-container","site-content-style":"unboxed","site-sidebar-style":"unboxed","ast-global-header-display":"","ast-banner-title-visibility":"","ast-main-header-display":"","ast-hfb-above-header-display":"","ast-hfb-below-header-display":"","ast-hfb-mobile-header-display":"","site-post-title":"disabled","ast-breadcrumbs-content":"","ast-featured-img":"disabled","footer-sml-layout":"","ast-disable-related-posts":"","theme-transparent-header-meta":"","adv-header-id-meta":"","stick-header-meta":"","header-above-stick-meta":"","header-main-stick-meta":"","header-below-stick-meta":"","astra-migrate-meta-layouts":"set","ast-page-background-enabled":"default","ast-page-background-meta":{"desktop":{"background-color":"var(--ast-global-color-4)","background-image":"","background-repeat":"repeat","background-position":"center center","background-size":"auto","background-attachment":"scroll","background-type":"","background-media":"","overlay-type":"","overlay-color":"","overlay-opacity":"","overlay-gradient":""},"tablet":{"background-color":"","background-image":"","background-repeat":"repeat","background-position":"center center","background-size":"auto","background-attachment":"scroll","background-type":"","background-media":"","overlay-type":"","overlay-color":"","overlay-opacity":"","overlay-gradient":""},"mobile":{"background-color":"","background-image":"","background-repeat":"repeat","background-position":"center center","background-size":"auto","background-attachment":"scroll","background-type":"","background-media":"","overlay-type":"","overlay-color":"","overlay-opacity":"","overlay-gradient":""}},"ast-content-background-meta":{"desktop":{"background-color":"var(--ast-global-color-5)","background-image":"","background-repeat":"repeat","background-position":"center center","background-size":"auto","background-attachment":"scroll","background-type":"","background-media":"","overlay-type":"","overlay-color":"","overlay-opacity":"","overlay-gradient":""},"tablet":{"background-color":"var(--ast-global-color-5)","background-image":"","background-repeat":"repeat","background-position":"center center","background-size":"auto","background-attachment":"scroll","background-type":"","background-media":"","overlay-type":"","overlay-color":"","overlay-opacity":"","overlay-gradient":""},"mobile":{"background-color":"var(--ast-global-color-5)","background-image":"","background-repeat":"repeat","background-position":"center center","background-size":"auto","background-attachment":"scroll","background-type":"","background-media":"","overlay-type":"","overlay-color":"","overlay-opacity":"","overlay-gradient":""}},"footnotes":""},"class_list":["post-985","page","type-page","status-publish","hentry"],"yoast_head":"<!-- This site is optimized with the Yoast SEO plugin v27.3 - https:\/\/yoast.com\/product\/yoast-seo-wordpress\/ -->\n<title>Sebastian Witte, Jahrgang 1975 - A. &amp; S. Witte Partnerschaft<\/title>\n<meta name=\"robots\" content=\"index, follow, max-snippet:-1, max-image-preview:large, max-video-preview:-1\" \/>\n<link rel=\"canonical\" href=\"https:\/\/aswittepartg.de\/en-gb\/about-s\/sebastian-witte-jahrgang-1975\/\" \/>\n<meta property=\"og:locale\" content=\"en_GB\" \/>\n<meta property=\"og:type\" content=\"article\" \/>\n<meta property=\"og:title\" content=\"Sebastian Witte, Jahrgang 1975 - A. &amp; S. Witte Partnerschaft\" \/>\n<meta property=\"og:description\" content=\"Sebastian Witte, Jahrgang 1975 Studium des \u00dcbersetzens an der Fachhochschule K\u00f6ln (1997-2002) Hauptsprachen Englisch und Spanisch, Muttersprache Deutsch, dritte Fremdsprache Portugiesisch Fachgebiete Wirtschaft und Technik (Englisch) bzw. Recht und Technik (Spanisch), examiniert in der \u00dcbersetzung in die und aus den Fremdsprachen Auslandssemester an der Universit\u00e4t Barcelona (Universidad Aut\u00f3noma, 1999\/2000) Abschluss: Dipl.-\u00dcbersetzer Engl.\/Span. (FH) Gesamtnote 1,7 [&hellip;]\" \/>\n<meta property=\"og:url\" content=\"https:\/\/aswittepartg.de\/en-gb\/about-s\/sebastian-witte-jahrgang-1975\/\" \/>\n<meta property=\"og:site_name\" content=\"A. &amp; S. Witte Partnerschaft\" \/>\n<meta property=\"article:publisher\" content=\"https:\/\/www.facebook.com\/ASWITTE\" \/>\n<meta property=\"article:modified_time\" content=\"2024-07-03T11:07:40+00:00\" \/>\n<meta property=\"og:image\" content=\"https:\/\/aswittepartg.de\/wp-content\/uploads\/2023\/06\/sebastian.jpg\" \/>\n<meta name=\"twitter:card\" content=\"summary_large_image\" \/>\n<meta name=\"twitter:label1\" content=\"Estimated reading time\" \/>\n\t<meta name=\"twitter:data1\" content=\"3 minutes\" \/>\n<script type=\"application\/ld+json\" class=\"yoast-schema-graph\">{\"@context\":\"https:\\\/\\\/schema.org\",\"@graph\":[{\"@type\":\"WebPage\",\"@id\":\"https:\\\/\\\/aswittepartg.de\\\/en-gb\\\/about-s\\\/sebastian-witte-jahrgang-1975\\\/\",\"url\":\"https:\\\/\\\/aswittepartg.de\\\/en-gb\\\/about-s\\\/sebastian-witte-jahrgang-1975\\\/\",\"name\":\"Sebastian Witte, Jahrgang 1975 - A. &amp; S. Witte Partnerschaft\",\"isPartOf\":{\"@id\":\"https:\\\/\\\/aswittepartg.de\\\/#website\"},\"primaryImageOfPage\":{\"@id\":\"https:\\\/\\\/aswittepartg.de\\\/en-gb\\\/about-s\\\/sebastian-witte-jahrgang-1975\\\/#primaryimage\"},\"image\":{\"@id\":\"https:\\\/\\\/aswittepartg.de\\\/en-gb\\\/about-s\\\/sebastian-witte-jahrgang-1975\\\/#primaryimage\"},\"thumbnailUrl\":\"https:\\\/\\\/aswittepartg.de\\\/wp-content\\\/uploads\\\/2023\\\/06\\\/sebastian.jpg\",\"datePublished\":\"2023-06-23T05:57:28+00:00\",\"dateModified\":\"2024-07-03T11:07:40+00:00\",\"breadcrumb\":{\"@id\":\"https:\\\/\\\/aswittepartg.de\\\/en-gb\\\/about-s\\\/sebastian-witte-jahrgang-1975\\\/#breadcrumb\"},\"inLanguage\":\"en-GB\",\"potentialAction\":[{\"@type\":\"ReadAction\",\"target\":[\"https:\\\/\\\/aswittepartg.de\\\/en-gb\\\/about-s\\\/sebastian-witte-jahrgang-1975\\\/\"]}]},{\"@type\":\"ImageObject\",\"inLanguage\":\"en-GB\",\"@id\":\"https:\\\/\\\/aswittepartg.de\\\/en-gb\\\/about-s\\\/sebastian-witte-jahrgang-1975\\\/#primaryimage\",\"url\":\"https:\\\/\\\/aswittepartg.de\\\/wp-content\\\/uploads\\\/2023\\\/06\\\/sebastian.jpg\",\"contentUrl\":\"https:\\\/\\\/aswittepartg.de\\\/wp-content\\\/uploads\\\/2023\\\/06\\\/sebastian.jpg\"},{\"@type\":\"BreadcrumbList\",\"@id\":\"https:\\\/\\\/aswittepartg.de\\\/en-gb\\\/about-s\\\/sebastian-witte-jahrgang-1975\\\/#breadcrumb\",\"itemListElement\":[{\"@type\":\"ListItem\",\"position\":1,\"name\":\"Home\",\"item\":\"https:\\\/\\\/aswittepartg.de\\\/en-gb\\\/\"},{\"@type\":\"ListItem\",\"position\":2,\"name\":\"ABOUT A. &amp; S.\",\"item\":\"https:\\\/\\\/aswittepartg.de\\\/en-gb\\\/about-s\\\/\"},{\"@type\":\"ListItem\",\"position\":3,\"name\":\"Sebastian Witte, Jahrgang 1975\"}]},{\"@type\":\"WebSite\",\"@id\":\"https:\\\/\\\/aswittepartg.de\\\/#website\",\"url\":\"https:\\\/\\\/aswittepartg.de\\\/\",\"name\":\"A. & S. Witte Partnerschaft\",\"description\":\"Fach&uuml;bersetzungen\\\/Specialist translations\",\"publisher\":{\"@id\":\"https:\\\/\\\/aswittepartg.de\\\/#organization\"},\"alternateName\":\"ASWITTE PartG\",\"potentialAction\":[{\"@type\":\"SearchAction\",\"target\":{\"@type\":\"EntryPoint\",\"urlTemplate\":\"https:\\\/\\\/aswittepartg.de\\\/?s={search_term_string}\"},\"query-input\":{\"@type\":\"PropertyValueSpecification\",\"valueRequired\":true,\"valueName\":\"search_term_string\"}}],\"inLanguage\":\"en-GB\"},{\"@type\":\"Organization\",\"@id\":\"https:\\\/\\\/aswittepartg.de\\\/#organization\",\"name\":\"A. & S. Witte Partnerschaft\",\"alternateName\":\"ASWITTE PartG\",\"url\":\"https:\\\/\\\/aswittepartg.de\\\/\",\"logo\":{\"@type\":\"ImageObject\",\"inLanguage\":\"en-GB\",\"@id\":\"https:\\\/\\\/aswittepartg.de\\\/#\\\/schema\\\/logo\\\/image\\\/\",\"url\":\"https:\\\/\\\/aswittepartg.de\\\/wp-content\\\/uploads\\\/2023\\\/06\\\/logo.png\",\"contentUrl\":\"https:\\\/\\\/aswittepartg.de\\\/wp-content\\\/uploads\\\/2023\\\/06\\\/logo.png\",\"width\":457,\"height\":475,\"caption\":\"A. & S. Witte Partnerschaft\"},\"image\":{\"@id\":\"https:\\\/\\\/aswittepartg.de\\\/#\\\/schema\\\/logo\\\/image\\\/\"},\"sameAs\":[\"https:\\\/\\\/www.facebook.com\\\/ASWITTE\"]}]}<\/script>\n<!-- \/ Yoast SEO plugin. -->","yoast_head_json":{"title":"Sebastian Witte, Jahrgang 1975 - A. &amp; S. Witte Partnerschaft","robots":{"index":"index","follow":"follow","max-snippet":"max-snippet:-1","max-image-preview":"max-image-preview:large","max-video-preview":"max-video-preview:-1"},"canonical":"https:\/\/aswittepartg.de\/en-gb\/about-s\/sebastian-witte-jahrgang-1975\/","og_locale":"en_GB","og_type":"article","og_title":"Sebastian Witte, Jahrgang 1975 - A. &amp; S. Witte Partnerschaft","og_description":"Sebastian Witte, Jahrgang 1975 Studium des \u00dcbersetzens an der Fachhochschule K\u00f6ln (1997-2002) Hauptsprachen Englisch und Spanisch, Muttersprache Deutsch, dritte Fremdsprache Portugiesisch Fachgebiete Wirtschaft und Technik (Englisch) bzw. Recht und Technik (Spanisch), examiniert in der \u00dcbersetzung in die und aus den Fremdsprachen Auslandssemester an der Universit\u00e4t Barcelona (Universidad Aut\u00f3noma, 1999\/2000) Abschluss: Dipl.-\u00dcbersetzer Engl.\/Span. (FH) Gesamtnote 1,7 [&hellip;]","og_url":"https:\/\/aswittepartg.de\/en-gb\/about-s\/sebastian-witte-jahrgang-1975\/","og_site_name":"A. &amp; S. Witte Partnerschaft","article_publisher":"https:\/\/www.facebook.com\/ASWITTE","article_modified_time":"2024-07-03T11:07:40+00:00","og_image":[{"url":"https:\/\/aswittepartg.de\/wp-content\/uploads\/2023\/06\/sebastian.jpg","type":"","width":"","height":""}],"twitter_card":"summary_large_image","twitter_misc":{"Estimated reading time":"3 minutes"},"schema":{"@context":"https:\/\/schema.org","@graph":[{"@type":"WebPage","@id":"https:\/\/aswittepartg.de\/en-gb\/about-s\/sebastian-witte-jahrgang-1975\/","url":"https:\/\/aswittepartg.de\/en-gb\/about-s\/sebastian-witte-jahrgang-1975\/","name":"Sebastian Witte, Jahrgang 1975 - A. &amp; S. Witte Partnerschaft","isPartOf":{"@id":"https:\/\/aswittepartg.de\/#website"},"primaryImageOfPage":{"@id":"https:\/\/aswittepartg.de\/en-gb\/about-s\/sebastian-witte-jahrgang-1975\/#primaryimage"},"image":{"@id":"https:\/\/aswittepartg.de\/en-gb\/about-s\/sebastian-witte-jahrgang-1975\/#primaryimage"},"thumbnailUrl":"https:\/\/aswittepartg.de\/wp-content\/uploads\/2023\/06\/sebastian.jpg","datePublished":"2023-06-23T05:57:28+00:00","dateModified":"2024-07-03T11:07:40+00:00","breadcrumb":{"@id":"https:\/\/aswittepartg.de\/en-gb\/about-s\/sebastian-witte-jahrgang-1975\/#breadcrumb"},"inLanguage":"en-GB","potentialAction":[{"@type":"ReadAction","target":["https:\/\/aswittepartg.de\/en-gb\/about-s\/sebastian-witte-jahrgang-1975\/"]}]},{"@type":"ImageObject","inLanguage":"en-GB","@id":"https:\/\/aswittepartg.de\/en-gb\/about-s\/sebastian-witte-jahrgang-1975\/#primaryimage","url":"https:\/\/aswittepartg.de\/wp-content\/uploads\/2023\/06\/sebastian.jpg","contentUrl":"https:\/\/aswittepartg.de\/wp-content\/uploads\/2023\/06\/sebastian.jpg"},{"@type":"BreadcrumbList","@id":"https:\/\/aswittepartg.de\/en-gb\/about-s\/sebastian-witte-jahrgang-1975\/#breadcrumb","itemListElement":[{"@type":"ListItem","position":1,"name":"Home","item":"https:\/\/aswittepartg.de\/en-gb\/"},{"@type":"ListItem","position":2,"name":"ABOUT A. &amp; S.","item":"https:\/\/aswittepartg.de\/en-gb\/about-s\/"},{"@type":"ListItem","position":3,"name":"Sebastian Witte, Jahrgang 1975"}]},{"@type":"WebSite","@id":"https:\/\/aswittepartg.de\/#website","url":"https:\/\/aswittepartg.de\/","name":"A. & S. Witte Partnerschaft","description":"Fach&uuml;bersetzungen\/Specialist translations","publisher":{"@id":"https:\/\/aswittepartg.de\/#organization"},"alternateName":"ASWITTE PartG","potentialAction":[{"@type":"SearchAction","target":{"@type":"EntryPoint","urlTemplate":"https:\/\/aswittepartg.de\/?s={search_term_string}"},"query-input":{"@type":"PropertyValueSpecification","valueRequired":true,"valueName":"search_term_string"}}],"inLanguage":"en-GB"},{"@type":"Organization","@id":"https:\/\/aswittepartg.de\/#organization","name":"A. & S. Witte Partnerschaft","alternateName":"ASWITTE PartG","url":"https:\/\/aswittepartg.de\/","logo":{"@type":"ImageObject","inLanguage":"en-GB","@id":"https:\/\/aswittepartg.de\/#\/schema\/logo\/image\/","url":"https:\/\/aswittepartg.de\/wp-content\/uploads\/2023\/06\/logo.png","contentUrl":"https:\/\/aswittepartg.de\/wp-content\/uploads\/2023\/06\/logo.png","width":457,"height":475,"caption":"A. & S. Witte Partnerschaft"},"image":{"@id":"https:\/\/aswittepartg.de\/#\/schema\/logo\/image\/"},"sameAs":["https:\/\/www.facebook.com\/ASWITTE"]}]}},"_links":{"self":[{"href":"https:\/\/aswittepartg.de\/en-gb\/wp-json\/wp\/v2\/pages\/985","targetHints":{"allow":["GET"]}}],"collection":[{"href":"https:\/\/aswittepartg.de\/en-gb\/wp-json\/wp\/v2\/pages"}],"about":[{"href":"https:\/\/aswittepartg.de\/en-gb\/wp-json\/wp\/v2\/types\/page"}],"author":[{"embeddable":true,"href":"https:\/\/aswittepartg.de\/en-gb\/wp-json\/wp\/v2\/users\/2"}],"replies":[{"embeddable":true,"href":"https:\/\/aswittepartg.de\/en-gb\/wp-json\/wp\/v2\/comments?post=985"}],"version-history":[{"count":22,"href":"https:\/\/aswittepartg.de\/en-gb\/wp-json\/wp\/v2\/pages\/985\/revisions"}],"predecessor-version":[{"id":1585,"href":"https:\/\/aswittepartg.de\/en-gb\/wp-json\/wp\/v2\/pages\/985\/revisions\/1585"}],"up":[{"embeddable":true,"href":"https:\/\/aswittepartg.de\/en-gb\/wp-json\/wp\/v2\/pages\/710"}],"wp:attachment":[{"href":"https:\/\/aswittepartg.de\/en-gb\/wp-json\/wp\/v2\/media?parent=985"}],"curies":[{"name":"wp","href":"https:\/\/api.w.org\/{rel}","templated":true}]}}