{"id":603,"date":"2023-06-24T12:53:29","date_gmt":"2023-06-24T12:53:29","guid":{"rendered":"https:\/\/aswittepartg.de\/about-a-s\/other-benefits-for-you\/"},"modified":"2023-07-10T21:30:36","modified_gmt":"2023-07-10T21:30:36","slug":"other-benefits-you","status":"publish","type":"page","link":"https:\/\/aswittepartg.de\/en\/about-s\/other-benefits-you\/","title":{"rendered":"Other benefits for you"},"content":{"rendered":"\t\t<div data-elementor-type=\"wp-page\" data-elementor-id=\"603\" class=\"elementor elementor-603 elementor-149\" data-elementor-post-type=\"page\">\n\t\t\t\t\t\t<section class=\"elementor-section elementor-top-section elementor-element elementor-element-2fd774c elementor-section-boxed elementor-section-height-default elementor-section-height-default\" data-id=\"2fd774c\" data-element_type=\"section\" data-e-type=\"section\">\n\t\t\t\t\t\t<div class=\"elementor-container elementor-column-gap-default\">\n\t\t\t\t\t<div class=\"elementor-column elementor-col-100 elementor-top-column elementor-element elementor-element-d3144a6\" data-id=\"d3144a6\" data-element_type=\"column\" data-e-type=\"column\" data-settings=\"{&quot;background_background&quot;:&quot;classic&quot;}\">\n\t\t\t<div class=\"elementor-widget-wrap elementor-element-populated\">\n\t\t\t\t\t\t<div class=\"elementor-element elementor-element-1d8e57c elementor-widget elementor-widget-heading\" data-id=\"1d8e57c\" data-element_type=\"widget\" data-e-type=\"widget\" data-widget_type=\"heading.default\">\n\t\t\t\t<div class=\"elementor-widget-container\">\n\t\t\t\t\t<h1 class=\"elementor-heading-title elementor-size-default\">Other benefits for you<\/h1>\t\t\t\t<\/div>\n\t\t\t\t<\/div>\n\t\t\t\t<section class=\"elementor-section elementor-inner-section elementor-element elementor-element-0097db9 elementor-reverse-tablet elementor-reverse-mobile elementor-section-boxed elementor-section-height-default elementor-section-height-default\" data-id=\"0097db9\" data-element_type=\"section\" data-e-type=\"section\">\n\t\t\t\t\t\t<div class=\"elementor-container elementor-column-gap-default\">\n\t\t\t\t\t<div class=\"elementor-column elementor-col-50 elementor-inner-column elementor-element elementor-element-a3c13b7\" data-id=\"a3c13b7\" data-element_type=\"column\" data-e-type=\"column\">\n\t\t\t<div class=\"elementor-widget-wrap elementor-element-populated\">\n\t\t\t\t\t\t<div class=\"elementor-element elementor-element-8ec7d65 elementor-hidden-desktop elementor-hidden-tablet elementor-widget elementor-widget-spacer\" data-id=\"8ec7d65\" data-element_type=\"widget\" data-e-type=\"widget\" data-widget_type=\"spacer.default\">\n\t\t\t\t<div class=\"elementor-widget-container\">\n\t\t\t\t\t\t\t<div class=\"elementor-spacer\">\n\t\t\t<div class=\"elementor-spacer-inner\"><\/div>\n\t\t<\/div>\n\t\t\t\t\t\t<\/div>\n\t\t\t\t<\/div>\n\t\t\t\t<div class=\"elementor-element elementor-element-7ffaf81 elementor-widget elementor-widget-text-editor\" data-id=\"7ffaf81\" data-element_type=\"widget\" data-e-type=\"widget\" data-widget_type=\"text-editor.default\">\n\t\t\t\t<div class=\"elementor-widget-container\">\n\t\t\t\t\t\t\t\t\t<p>Mainly on the home page of this website, as well as on Astrid&#8217;s or Sebastian&#8217;s profile pages, you can find a few pointers on how we can contribute towards the success of your project in a targeted manner.<\/p>\n<p><span style=\"font-style: inherit; font-weight: inherit;\">Other benefits for you include:<\/span><\/p>\n<p>-&gt; Focused on finding feasible solutions<\/p>\n<p>-&gt; Experienced users of all the main translation techniques that they teach and share, both face-to-face and online.<\/p>\n<p>-&gt; Responsive: The technical facilities for this exist, both when in the office, where we can be found most of the time, such as running Outlook 2016, and when out of the office. There is also an office phone number, etc.<\/p>\n\t\t\t\t\t\t\t\t<\/div>\n\t\t\t\t<\/div>\n\t\t\t\t\t<\/div>\n\t\t<\/div>\n\t\t\t\t<div class=\"elementor-column elementor-col-50 elementor-inner-column elementor-element elementor-element-38f5b31\" data-id=\"38f5b31\" data-element_type=\"column\" data-e-type=\"column\">\n\t\t\t<div class=\"elementor-widget-wrap elementor-element-populated\">\n\t\t\t\t\t\t<div class=\"elementor-element elementor-element-e982775 elementor-widget elementor-widget-image\" data-id=\"e982775\" data-element_type=\"widget\" data-e-type=\"widget\" data-widget_type=\"image.default\">\n\t\t\t\t<div class=\"elementor-widget-container\">\n\t\t\t\t\t\t\t\t\t\t\t\t\t\t\t<img fetchpriority=\"high\" decoding=\"async\" width=\"365\" height=\"274\" src=\"https:\/\/aswittepartg.de\/wp-content\/uploads\/2023\/06\/p1020529.jpg\" class=\"attachment-full size-full wp-image-546\" alt=\"\" srcset=\"https:\/\/aswittepartg.de\/wp-content\/uploads\/2023\/06\/p1020529.jpg 365w, https:\/\/aswittepartg.de\/wp-content\/uploads\/2023\/06\/p1020529-300x225.jpg 300w\" sizes=\"(max-width: 365px) 100vw, 365px\" \/>\t\t\t\t\t\t\t\t\t\t\t\t\t\t\t<\/div>\n\t\t\t\t<\/div>\n\t\t\t\t\t<\/div>\n\t\t<\/div>\n\t\t\t\t\t<\/div>\n\t\t<\/section>\n\t\t\t\t<section class=\"elementor-section elementor-inner-section elementor-element elementor-element-83baaca elementor-reverse-tablet elementor-reverse-mobile elementor-section-boxed elementor-section-height-default elementor-section-height-default\" data-id=\"83baaca\" data-element_type=\"section\" data-e-type=\"section\">\n\t\t\t\t\t\t<div class=\"elementor-container elementor-column-gap-default\">\n\t\t\t\t\t<div class=\"elementor-column elementor-col-100 elementor-inner-column elementor-element elementor-element-9beed5e\" data-id=\"9beed5e\" data-element_type=\"column\" data-e-type=\"column\">\n\t\t\t<div class=\"elementor-widget-wrap elementor-element-populated\">\n\t\t\t\t\t\t<div class=\"elementor-element elementor-element-1ddb060 elementor-widget elementor-widget-text-editor\" data-id=\"1ddb060\" data-element_type=\"widget\" data-e-type=\"widget\" data-widget_type=\"text-editor.default\">\n\t\t\t\t<div class=\"elementor-widget-container\">\n\t\t\t\t\t\t\t\t\t<p>-&gt; Efficient communicators<\/p>\n<p>-&gt; Proper time management skills<\/p>\n<p>-&gt; Well-traveled individuals (Britain, United States, Canada, Spain, Argentina, Chile, Portugal, Brazil, France, Belgium, Italy, Denmark, Poland, Hungary, Czech Republic, The Netherlands, Luxembourg, Switzerland, Austria) with knowledge of various spheres of life, appropriate research skills and an ability to access new subject matter, as long as it falls within our extended working fields, which are:<\/p>\n<p>Human Medicine<br \/>Biology<br \/>Chemistry<br \/>Computers: Hardware<br \/>IT (Information Technology), Internet, e-Commerce<br \/>Construction<br \/>General Business &#8211; Management &#8211; Economics<br \/>Energy Markets\/The Economics of the Energy\/Power Generation Industry<br \/>Engineering (general)<br \/>Botany, Wildlife<br \/>Environment &amp; Ecology<br \/>General\/Conversation\/Greetings\/Letters<br \/>Government\/Politics<br \/>Inheritance Law<br \/>Insurance<br \/>Manufacturing<br \/>Marketing<br \/>Media\/Multimedia\/Music<br \/>Translating r\u00e9sum\u00e9s and cover letters<br \/>Natural Science (general)<br \/>Vegetarian\/vegan cooking\/culinary<br \/>Social Science, Sociology, Ethics, Social Security Law, etc.<br \/>Telecommunications<br \/>Tourism &amp; Travel<br \/>Transport\/Transportation\/Shipping<\/p>\n<p>You can, in turn, find information on our main areas of specialization at this <a href=\"https:\/\/aswittepartg.de\/en\/services\/specialisation\/\">link<\/a><\/p>\n<p>-&gt; Confidential treatment of data and documents handed over to us is guaranteed.<\/p>\n<p>-&gt; Proper editing and proofreading ethics, i.e. neither putting ourselves forward unnecessarily and thus changing too much nor doing the work too superficially, i.e. editing the translation too lightly.<\/p>\n<p>-&gt; -&gt; Nach Absprache k\u00f6nnen wir die Pr\u00fcftiefe bei Lektorats- und Korrektoratsleistungen mit dem Kunden abstimmen, d.h. wenn wir weniger Aspekte pr\u00fcfen sollen, als unser Standardprogramm umfasst (im Falle des textvergleichenden Korrekturlesens z\u00e4hlen dazu: Inhalt\/Richtigkeit der \u00dcbersetzung\/Logik und Plausibilit\u00e4t, Termkonsistenz, Stil, Textkoh\u00e4renz, Grammatik, Rechtschreibung, Zeichensetzung\/beim einsprachigen Korrekturlesen geh\u00f6ren dazu: Stil, Textkoh\u00e4renz, Grammatik, Rechtschreibung, Zeichensetzung) kann sich das preismindernd auswirken.<\/p>\n<p>-&gt; Objective is to combine an eye for detail and formal aspects on the one hand with achieving clarity, coherence and a number of other criteria of good text quality in the target language plus accuracy of content on the other hand.<\/p>\n<p>-&gt; Familiar with the concept of linguistic register and able to preserve it<\/p>\n<p>-&gt; Able to translate and edit consistently where it is advisable or if we have been instructed to do so.<\/p>\n<p>-&gt; Generally able to follow job instructions (if any)<\/p>\n<p>-&gt; Resourceful and imaginative<\/p>\n<p>-&gt; -&gt; Astrid is capable of formatting most non-editable or editable file formats we can handle (Word, Excel, PowerPoint, PDF and, subject to restrictions, possibly some of the main image formats like JPEG &#8211; if you can make a PDF file instead, however, this would always be preferable-, or by prior arrangement also posted documents) so that they look neat and very or, as the case may be, even most similar to the source document.<\/p>\n<p>-&gt; Other file formats we can handle through Trados Studio, mostly on a &#8216;formatting-in\/formatting-out&#8217; kind of basis, for lack of owning the respective software, include Adobe FrameMaker, Adobe InDesign, Adobe InCopy and QuarkXpress files &#8211; in addition, we can process XHTML 1.1, HTML 4 and HTML 5 files.<\/p>\n<p>-&gt; Able to process SDL Trados Studio 2014, 2015, 2017, 2019 and 2021 packages, SDLXLIFFs, XLFs (by arrangement), MQXLIFFs (by arrangement)<\/p>\n<p>-&gt; You and we benefit from SDL Trados Studio term recognition, which searches our subject matter-specific termbases in real time for hits in the source text and enables us to quickly take over the translated term selected from among the suggestions into the target text, for greater accuracy and consistency<\/p>\n<p>-&gt; 5 million words translated and edited between the two of us, 2 million words edited that were translated by third parties<\/p>\n<p>-&gt; Able to translate into British English (native speaker version) or otherwise, American English.<\/p>\n<p>-&gt; Able to translate into German\/Germany or otherwise, upon request, able to arrange for a translation into Austrian High German (native speaker version) or Swiss High German (native speaker version) that meets our quality assurance requirements by means of a network of tried and tested colleagues.<\/p>\n<p>-&gt; Second pair of eyes is included in German &gt; English, English &gt; German, French &gt; English and Spanish &gt; English translation services provided. Spellchecks and completeness checks are performed by Astrid (who has been resident in Germany since 1997) within the context of Spanish &gt; German and Portuguese &gt; German services provided in regard to Sebastian&#8217;s translations, which he proofreads himself (in lieu of a genuine second pair of eyes) &#8211; in individual cases second editing by an expert proofreader is included, free of charge <\/p>\n<p>-&gt; Taking the customer&#8217;s corporate terminology into account is possible<br \/>-&gt; Maintaining customer-specific translation memories is possible and so is, on request, reuse of the customer&#8217;s external existing translations<\/p>\n<p>-&gt; Well-connected within the translation profession<\/p>\n<p>-&gt; Good, basic equipment with technically immaculate, well-maintained PCs (64 bit systems running Windows 10, 32 GB RAM, Ryzen 5 and Ryzen 7 upper middle class CPUs, respectively (with 6 and 8 cores respectively), SSD as system drive, SSD data drive in one case, 1 large SATA III data drive in the other case, one dedicated graphics card with 4 GB memory each, little but high-quality software and professionally recognized, rock-solid, comprehensive dictionaries from the 2000s, as well as more recent publications, especially PC dictionaries, e.g. any that might run under the joint Unilex interface of Acolada GmbH, Nuremberg.<\/p>\n<p>-&gt; A pecuniary loss liability insurance has been concluded with the insurance company Hiscox SA to cover financial losses caused to third parties by improperly provided language services, which insurance policy also covers the activities of subcontractors to a reasonable extent.<\/p>\n<p>-&gt; Tax-compliant invoicing in German or English. We accept credit notes from our customers on request. <\/p>\n<p>-&gt; Our r\u00e9sum\u00e9s are available on request.<\/p>\n<p>-&gt; Certified Pros (Professionalit\u00e4ts-Zertifizierung) nach interkollegialer \u00dcberpr\u00fcfung in den Bereichen \u00dcbersetzungsleistung, Verhalten &amp; Ethik, Professionalit\u00e4t) in Deutsch -&gt; Englisch (Astrid, 2008), Englisch -&gt; Deutsch (Sebastian, 2009), Spanisch -&gt; Deutsch (Sebastian, 2012), gr\u00f6\u00dfte \u00dcbersetzerplattform der Welt, Bundesstaat New York, gegr\u00fcndet 1999<\/p>\n\t\t\t\t\t\t\t\t<\/div>\n\t\t\t\t<\/div>\n\t\t\t\t\t<\/div>\n\t\t<\/div>\n\t\t\t\t\t<\/div>\n\t\t<\/section>\n\t\t\t\t\t<\/div>\n\t\t<\/div>\n\t\t\t\t\t<\/div>\n\t\t<\/section>\n\t\t\t\t<\/div>\n\t\t","protected":false},"excerpt":{"rendered":"<p>Other benefits for you Mainly on the home page of this website, as well as on Astrid&#8217;s or Sebastian&#8217;s profile pages, you can find a few pointers on how we can contribute towards the success of your project in a targeted manner. Other benefits for you include: -&gt; Focused on finding feasible solutions -&gt; Experienced [&hellip;]<\/p>\n","protected":false},"author":2,"featured_media":0,"parent":590,"menu_order":0,"comment_status":"closed","ping_status":"closed","template":"","meta":{"site-sidebar-layout":"no-sidebar","site-content-layout":"page-builder","ast-site-content-layout":"default","site-content-style":"default","site-sidebar-style":"default","ast-global-header-display":"","ast-banner-title-visibility":"","ast-main-header-display":"","ast-hfb-above-header-display":"","ast-hfb-below-header-display":"","ast-hfb-mobile-header-display":"","site-post-title":"disabled","ast-breadcrumbs-content":"","ast-featured-img":"disabled","footer-sml-layout":"","ast-disable-related-posts":"","theme-transparent-header-meta":"","adv-header-id-meta":"","stick-header-meta":"","header-above-stick-meta":"","header-main-stick-meta":"","header-below-stick-meta":"","astra-migrate-meta-layouts":"default","ast-page-background-enabled":"default","ast-page-background-meta":{"desktop":{"background-color":"var(--ast-global-color-4)","background-image":"","background-repeat":"repeat","background-position":"center center","background-size":"auto","background-attachment":"scroll","background-type":"","background-media":"","overlay-type":"","overlay-color":"","overlay-opacity":"","overlay-gradient":""},"tablet":{"background-color":"","background-image":"","background-repeat":"repeat","background-position":"center center","background-size":"auto","background-attachment":"scroll","background-type":"","background-media":"","overlay-type":"","overlay-color":"","overlay-opacity":"","overlay-gradient":""},"mobile":{"background-color":"","background-image":"","background-repeat":"repeat","background-position":"center center","background-size":"auto","background-attachment":"scroll","background-type":"","background-media":"","overlay-type":"","overlay-color":"","overlay-opacity":"","overlay-gradient":""}},"ast-content-background-meta":{"desktop":{"background-color":"var(--ast-global-color-5)","background-image":"","background-repeat":"repeat","background-position":"center center","background-size":"auto","background-attachment":"scroll","background-type":"","background-media":"","overlay-type":"","overlay-color":"","overlay-opacity":"","overlay-gradient":""},"tablet":{"background-color":"var(--ast-global-color-5)","background-image":"","background-repeat":"repeat","background-position":"center center","background-size":"auto","background-attachment":"scroll","background-type":"","background-media":"","overlay-type":"","overlay-color":"","overlay-opacity":"","overlay-gradient":""},"mobile":{"background-color":"var(--ast-global-color-5)","background-image":"","background-repeat":"repeat","background-position":"center center","background-size":"auto","background-attachment":"scroll","background-type":"","background-media":"","overlay-type":"","overlay-color":"","overlay-opacity":"","overlay-gradient":""}},"footnotes":""},"class_list":["post-603","page","type-page","status-publish","hentry"],"yoast_head":"<!-- This site is optimized with the Yoast SEO plugin v27.3 - https:\/\/yoast.com\/product\/yoast-seo-wordpress\/ -->\n<title>Other benefits for you - A. &amp; S. Witte Partnerschaft<\/title>\n<meta name=\"robots\" content=\"index, follow, max-snippet:-1, max-image-preview:large, max-video-preview:-1\" \/>\n<link rel=\"canonical\" href=\"https:\/\/aswittepartg.de\/en\/about-s\/other-benefits-you\/\" \/>\n<meta property=\"og:locale\" content=\"en_US\" \/>\n<meta property=\"og:type\" content=\"article\" \/>\n<meta property=\"og:title\" content=\"Other benefits for you - A. &amp; S. Witte Partnerschaft\" \/>\n<meta property=\"og:description\" content=\"Other benefits for you Mainly on the home page of this website, as well as on Astrid&#8217;s or Sebastian&#8217;s profile pages, you can find a few pointers on how we can contribute towards the success of your project in a targeted manner. Other benefits for you include: -&gt; Focused on finding feasible solutions -&gt; Experienced [&hellip;]\" \/>\n<meta property=\"og:url\" content=\"https:\/\/aswittepartg.de\/en\/about-s\/other-benefits-you\/\" \/>\n<meta property=\"og:site_name\" content=\"A. &amp; S. Witte Partnerschaft\" \/>\n<meta property=\"article:publisher\" content=\"https:\/\/www.facebook.com\/ASWITTE\" \/>\n<meta property=\"article:modified_time\" content=\"2023-07-10T21:30:36+00:00\" \/>\n<meta property=\"og:image\" content=\"https:\/\/aswittepartg.de\/wp-content\/uploads\/2023\/06\/p1020529.jpg\" \/>\n<meta name=\"twitter:card\" content=\"summary_large_image\" \/>\n<meta name=\"twitter:label1\" content=\"Est. reading time\" \/>\n\t<meta name=\"twitter:data1\" content=\"5 minutes\" \/>\n<script type=\"application\/ld+json\" class=\"yoast-schema-graph\">{\"@context\":\"https:\\\/\\\/schema.org\",\"@graph\":[{\"@type\":\"WebPage\",\"@id\":\"https:\\\/\\\/aswittepartg.de\\\/en\\\/about-s\\\/other-benefits-you\\\/\",\"url\":\"https:\\\/\\\/aswittepartg.de\\\/en\\\/about-s\\\/other-benefits-you\\\/\",\"name\":\"Other benefits for you - A. &amp; S. Witte Partnerschaft\",\"isPartOf\":{\"@id\":\"https:\\\/\\\/aswittepartg.de\\\/#website\"},\"primaryImageOfPage\":{\"@id\":\"https:\\\/\\\/aswittepartg.de\\\/en\\\/about-s\\\/other-benefits-you\\\/#primaryimage\"},\"image\":{\"@id\":\"https:\\\/\\\/aswittepartg.de\\\/en\\\/about-s\\\/other-benefits-you\\\/#primaryimage\"},\"thumbnailUrl\":\"https:\\\/\\\/aswittepartg.de\\\/wp-content\\\/uploads\\\/2023\\\/06\\\/p1020529.jpg\",\"datePublished\":\"2023-06-24T12:53:29+00:00\",\"dateModified\":\"2023-07-10T21:30:36+00:00\",\"breadcrumb\":{\"@id\":\"https:\\\/\\\/aswittepartg.de\\\/en\\\/about-s\\\/other-benefits-you\\\/#breadcrumb\"},\"inLanguage\":\"en-US\",\"potentialAction\":[{\"@type\":\"ReadAction\",\"target\":[\"https:\\\/\\\/aswittepartg.de\\\/en\\\/about-s\\\/other-benefits-you\\\/\"]}]},{\"@type\":\"ImageObject\",\"inLanguage\":\"en-US\",\"@id\":\"https:\\\/\\\/aswittepartg.de\\\/en\\\/about-s\\\/other-benefits-you\\\/#primaryimage\",\"url\":\"https:\\\/\\\/aswittepartg.de\\\/wp-content\\\/uploads\\\/2023\\\/06\\\/p1020529.jpg\",\"contentUrl\":\"https:\\\/\\\/aswittepartg.de\\\/wp-content\\\/uploads\\\/2023\\\/06\\\/p1020529.jpg\"},{\"@type\":\"BreadcrumbList\",\"@id\":\"https:\\\/\\\/aswittepartg.de\\\/en\\\/about-s\\\/other-benefits-you\\\/#breadcrumb\",\"itemListElement\":[{\"@type\":\"ListItem\",\"position\":1,\"name\":\"Home\",\"item\":\"https:\\\/\\\/aswittepartg.de\\\/en\\\/\"},{\"@type\":\"ListItem\",\"position\":2,\"name\":\"ABOUT A. &amp; S.\",\"item\":\"https:\\\/\\\/aswittepartg.de\\\/en\\\/about-s\\\/\"},{\"@type\":\"ListItem\",\"position\":3,\"name\":\"Other benefits for you\"}]},{\"@type\":\"WebSite\",\"@id\":\"https:\\\/\\\/aswittepartg.de\\\/#website\",\"url\":\"https:\\\/\\\/aswittepartg.de\\\/\",\"name\":\"A. & S. Witte Partnerschaft\",\"description\":\"Fach&uuml;bersetzungen\\\/Specialist translations\",\"publisher\":{\"@id\":\"https:\\\/\\\/aswittepartg.de\\\/#organization\"},\"alternateName\":\"ASWITTE PartG\",\"potentialAction\":[{\"@type\":\"SearchAction\",\"target\":{\"@type\":\"EntryPoint\",\"urlTemplate\":\"https:\\\/\\\/aswittepartg.de\\\/?s={search_term_string}\"},\"query-input\":{\"@type\":\"PropertyValueSpecification\",\"valueRequired\":true,\"valueName\":\"search_term_string\"}}],\"inLanguage\":\"en-US\"},{\"@type\":\"Organization\",\"@id\":\"https:\\\/\\\/aswittepartg.de\\\/#organization\",\"name\":\"A. & S. Witte Partnerschaft\",\"alternateName\":\"ASWITTE PartG\",\"url\":\"https:\\\/\\\/aswittepartg.de\\\/\",\"logo\":{\"@type\":\"ImageObject\",\"inLanguage\":\"en-US\",\"@id\":\"https:\\\/\\\/aswittepartg.de\\\/#\\\/schema\\\/logo\\\/image\\\/\",\"url\":\"https:\\\/\\\/aswittepartg.de\\\/wp-content\\\/uploads\\\/2023\\\/06\\\/logo.png\",\"contentUrl\":\"https:\\\/\\\/aswittepartg.de\\\/wp-content\\\/uploads\\\/2023\\\/06\\\/logo.png\",\"width\":457,\"height\":475,\"caption\":\"A. & S. Witte Partnerschaft\"},\"image\":{\"@id\":\"https:\\\/\\\/aswittepartg.de\\\/#\\\/schema\\\/logo\\\/image\\\/\"},\"sameAs\":[\"https:\\\/\\\/www.facebook.com\\\/ASWITTE\"]}]}<\/script>\n<!-- \/ Yoast SEO plugin. -->","yoast_head_json":{"title":"Other benefits for you - A. &amp; S. Witte Partnerschaft","robots":{"index":"index","follow":"follow","max-snippet":"max-snippet:-1","max-image-preview":"max-image-preview:large","max-video-preview":"max-video-preview:-1"},"canonical":"https:\/\/aswittepartg.de\/en\/about-s\/other-benefits-you\/","og_locale":"en_US","og_type":"article","og_title":"Other benefits for you - A. &amp; S. Witte Partnerschaft","og_description":"Other benefits for you Mainly on the home page of this website, as well as on Astrid&#8217;s or Sebastian&#8217;s profile pages, you can find a few pointers on how we can contribute towards the success of your project in a targeted manner. Other benefits for you include: -&gt; Focused on finding feasible solutions -&gt; Experienced [&hellip;]","og_url":"https:\/\/aswittepartg.de\/en\/about-s\/other-benefits-you\/","og_site_name":"A. &amp; S. Witte Partnerschaft","article_publisher":"https:\/\/www.facebook.com\/ASWITTE","article_modified_time":"2023-07-10T21:30:36+00:00","og_image":[{"url":"https:\/\/aswittepartg.de\/wp-content\/uploads\/2023\/06\/p1020529.jpg","type":"","width":"","height":""}],"twitter_card":"summary_large_image","twitter_misc":{"Est. reading time":"5 minutes"},"schema":{"@context":"https:\/\/schema.org","@graph":[{"@type":"WebPage","@id":"https:\/\/aswittepartg.de\/en\/about-s\/other-benefits-you\/","url":"https:\/\/aswittepartg.de\/en\/about-s\/other-benefits-you\/","name":"Other benefits for you - A. &amp; S. Witte Partnerschaft","isPartOf":{"@id":"https:\/\/aswittepartg.de\/#website"},"primaryImageOfPage":{"@id":"https:\/\/aswittepartg.de\/en\/about-s\/other-benefits-you\/#primaryimage"},"image":{"@id":"https:\/\/aswittepartg.de\/en\/about-s\/other-benefits-you\/#primaryimage"},"thumbnailUrl":"https:\/\/aswittepartg.de\/wp-content\/uploads\/2023\/06\/p1020529.jpg","datePublished":"2023-06-24T12:53:29+00:00","dateModified":"2023-07-10T21:30:36+00:00","breadcrumb":{"@id":"https:\/\/aswittepartg.de\/en\/about-s\/other-benefits-you\/#breadcrumb"},"inLanguage":"en-US","potentialAction":[{"@type":"ReadAction","target":["https:\/\/aswittepartg.de\/en\/about-s\/other-benefits-you\/"]}]},{"@type":"ImageObject","inLanguage":"en-US","@id":"https:\/\/aswittepartg.de\/en\/about-s\/other-benefits-you\/#primaryimage","url":"https:\/\/aswittepartg.de\/wp-content\/uploads\/2023\/06\/p1020529.jpg","contentUrl":"https:\/\/aswittepartg.de\/wp-content\/uploads\/2023\/06\/p1020529.jpg"},{"@type":"BreadcrumbList","@id":"https:\/\/aswittepartg.de\/en\/about-s\/other-benefits-you\/#breadcrumb","itemListElement":[{"@type":"ListItem","position":1,"name":"Home","item":"https:\/\/aswittepartg.de\/en\/"},{"@type":"ListItem","position":2,"name":"ABOUT A. &amp; S.","item":"https:\/\/aswittepartg.de\/en\/about-s\/"},{"@type":"ListItem","position":3,"name":"Other benefits for you"}]},{"@type":"WebSite","@id":"https:\/\/aswittepartg.de\/#website","url":"https:\/\/aswittepartg.de\/","name":"A. & S. Witte Partnerschaft","description":"Fach&uuml;bersetzungen\/Specialist translations","publisher":{"@id":"https:\/\/aswittepartg.de\/#organization"},"alternateName":"ASWITTE PartG","potentialAction":[{"@type":"SearchAction","target":{"@type":"EntryPoint","urlTemplate":"https:\/\/aswittepartg.de\/?s={search_term_string}"},"query-input":{"@type":"PropertyValueSpecification","valueRequired":true,"valueName":"search_term_string"}}],"inLanguage":"en-US"},{"@type":"Organization","@id":"https:\/\/aswittepartg.de\/#organization","name":"A. & S. Witte Partnerschaft","alternateName":"ASWITTE PartG","url":"https:\/\/aswittepartg.de\/","logo":{"@type":"ImageObject","inLanguage":"en-US","@id":"https:\/\/aswittepartg.de\/#\/schema\/logo\/image\/","url":"https:\/\/aswittepartg.de\/wp-content\/uploads\/2023\/06\/logo.png","contentUrl":"https:\/\/aswittepartg.de\/wp-content\/uploads\/2023\/06\/logo.png","width":457,"height":475,"caption":"A. & S. Witte Partnerschaft"},"image":{"@id":"https:\/\/aswittepartg.de\/#\/schema\/logo\/image\/"},"sameAs":["https:\/\/www.facebook.com\/ASWITTE"]}]}},"_links":{"self":[{"href":"https:\/\/aswittepartg.de\/en\/wp-json\/wp\/v2\/pages\/603","targetHints":{"allow":["GET"]}}],"collection":[{"href":"https:\/\/aswittepartg.de\/en\/wp-json\/wp\/v2\/pages"}],"about":[{"href":"https:\/\/aswittepartg.de\/en\/wp-json\/wp\/v2\/types\/page"}],"author":[{"embeddable":true,"href":"https:\/\/aswittepartg.de\/en\/wp-json\/wp\/v2\/users\/2"}],"replies":[{"embeddable":true,"href":"https:\/\/aswittepartg.de\/en\/wp-json\/wp\/v2\/comments?post=603"}],"version-history":[{"count":2,"href":"https:\/\/aswittepartg.de\/en\/wp-json\/wp\/v2\/pages\/603\/revisions"}],"predecessor-version":[{"id":1016,"href":"https:\/\/aswittepartg.de\/en\/wp-json\/wp\/v2\/pages\/603\/revisions\/1016"}],"up":[{"embeddable":true,"href":"https:\/\/aswittepartg.de\/en\/wp-json\/wp\/v2\/pages\/590"}],"wp:attachment":[{"href":"https:\/\/aswittepartg.de\/en\/wp-json\/wp\/v2\/media?parent=603"}],"curies":[{"name":"wp","href":"https:\/\/api.w.org\/{rel}","templated":true}]}}