{"id":617,"date":"2023-06-24T13:26:42","date_gmt":"2023-06-24T13:26:42","guid":{"rendered":"https:\/\/aswittepartg.de\/nuestros-servicios\/"},"modified":"2023-07-18T14:00:23","modified_gmt":"2023-07-18T14:00:23","slug":"nuestros-servicios","status":"publish","type":"page","link":"https:\/\/aswittepartg.de\/es\/nuestros-servicios\/","title":{"rendered":"Nuestros servicios"},"content":{"rendered":"\t\t<div data-elementor-type=\"wp-page\" data-elementor-id=\"617\" class=\"elementor elementor-617 elementor-209\" data-elementor-post-type=\"page\">\n\t\t\t\t\t\t<section class=\"elementor-section elementor-top-section elementor-element elementor-element-d187a38 elementor-section-boxed elementor-section-height-default elementor-section-height-default\" data-id=\"d187a38\" data-element_type=\"section\" data-e-type=\"section\">\n\t\t\t\t\t\t<div class=\"elementor-container elementor-column-gap-default\">\n\t\t\t\t\t<div class=\"elementor-column elementor-col-100 elementor-top-column elementor-element elementor-element-8e3b436\" data-id=\"8e3b436\" data-element_type=\"column\" data-e-type=\"column\" data-settings=\"{&quot;background_background&quot;:&quot;classic&quot;}\">\n\t\t\t<div class=\"elementor-widget-wrap elementor-element-populated\">\n\t\t\t\t\t\t<div class=\"elementor-element elementor-element-98e43f8 elementor-widget elementor-widget-heading\" data-id=\"98e43f8\" data-element_type=\"widget\" data-e-type=\"widget\" data-widget_type=\"heading.default\">\n\t\t\t\t<div class=\"elementor-widget-container\">\n\t\t\t\t\t<h1 class=\"elementor-heading-title elementor-size-default\">Nuestros servicios<\/h1>\t\t\t\t<\/div>\n\t\t\t\t<\/div>\n\t\t\t\t<section class=\"elementor-section elementor-inner-section elementor-element elementor-element-f78d39c elementor-reverse-tablet elementor-reverse-mobile elementor-section-boxed elementor-section-height-default elementor-section-height-default\" data-id=\"f78d39c\" data-element_type=\"section\" data-e-type=\"section\">\n\t\t\t\t\t\t<div class=\"elementor-container elementor-column-gap-default\">\n\t\t\t\t\t<div class=\"elementor-column elementor-col-50 elementor-inner-column elementor-element elementor-element-c7cd195\" data-id=\"c7cd195\" data-element_type=\"column\" data-e-type=\"column\">\n\t\t\t<div class=\"elementor-widget-wrap elementor-element-populated\">\n\t\t\t\t\t\t<div class=\"elementor-element elementor-element-df529dd elementor-hidden-desktop elementor-hidden-tablet elementor-widget elementor-widget-spacer\" data-id=\"df529dd\" data-element_type=\"widget\" data-e-type=\"widget\" data-widget_type=\"spacer.default\">\n\t\t\t\t<div class=\"elementor-widget-container\">\n\t\t\t\t\t\t\t<div class=\"elementor-spacer\">\n\t\t\t<div class=\"elementor-spacer-inner\"><\/div>\n\t\t<\/div>\n\t\t\t\t\t\t<\/div>\n\t\t\t\t<\/div>\n\t\t\t\t<div class=\"elementor-element elementor-element-b57beb5 elementor-widget elementor-widget-text-editor\" data-id=\"b57beb5\" data-element_type=\"widget\" data-e-type=\"widget\" data-widget_type=\"text-editor.default\">\n\t\t\t\t<div class=\"elementor-widget-container\">\n\t\t\t\t\t\t\t\t\t<h3>Ingl\u00e9s &lt; &gt; alem\u00e1n<\/h3>\n<p>Traducci\u00f3n, correcci\u00f3n, traducciones juradas, revisiones de traducciones de otros traductores (certificando la exactitud e integridad de la traducci\u00f3n), interpretaci\u00f3n de enlace (si lo desea, Sebastian Witte puede aportar opiniones positivas de clientes (por ejemplo, notarios) que corroboran sus aptitudes en este sector). Hace algunos a\u00f1os, particip\u00f3 en un curso de una semana de duraci\u00f3n, denominado \u201cInterpretaci\u00f3n de ingl\u00e9s para traductores\u201d, impartido por la Universidad de Maguncia. Adem\u00e1s, realizamos trabajo terminol\u00f3gico y revisiones de traducciones a partir de los cambios en el texto original. Machine Translation Post-Editing: Full, Medium, Light. *Utilizamos DeepL Pro. Sus datos est\u00e1n seguros.<\/p>\n<h3>Espa\u00f1ol &lt; &gt; alem\u00e1n<\/h3>\n<p>Traducciones, correcciones, traducciones\/revisiones juradas, trabajo terminol\u00f3gico, revisiones de traducciones a partir de los cambios en el texto original, Machine Translation Post-Editing: Full, Medium, Light.*  <\/p>\n\t\t\t\t\t\t\t\t<\/div>\n\t\t\t\t<\/div>\n\t\t\t\t\t<\/div>\n\t\t<\/div>\n\t\t\t\t<div class=\"elementor-column elementor-col-50 elementor-inner-column elementor-element elementor-element-9a7f725\" data-id=\"9a7f725\" data-element_type=\"column\" data-e-type=\"column\">\n\t\t\t<div class=\"elementor-widget-wrap elementor-element-populated\">\n\t\t\t\t\t\t<div class=\"elementor-element elementor-element-e78a7f4 elementor-widget elementor-widget-image\" data-id=\"e78a7f4\" data-element_type=\"widget\" data-e-type=\"widget\" data-widget_type=\"image.default\">\n\t\t\t\t<div class=\"elementor-widget-container\">\n\t\t\t\t\t\t\t\t\t\t\t\t\t\t\t<img fetchpriority=\"high\" decoding=\"async\" width=\"365\" height=\"274\" src=\"https:\/\/aswittepartg.de\/wp-content\/uploads\/2023\/06\/services.jpg\" class=\"attachment-full size-full wp-image-438\" alt=\"\" srcset=\"https:\/\/aswittepartg.de\/wp-content\/uploads\/2023\/06\/services.jpg 365w, https:\/\/aswittepartg.de\/wp-content\/uploads\/2023\/06\/services-300x225.jpg 300w\" sizes=\"(max-width: 365px) 100vw, 365px\" \/>\t\t\t\t\t\t\t\t\t\t\t\t\t\t\t<\/div>\n\t\t\t\t<\/div>\n\t\t\t\t\t<\/div>\n\t\t<\/div>\n\t\t\t\t\t<\/div>\n\t\t<\/section>\n\t\t\t\t<section class=\"elementor-section elementor-inner-section elementor-element elementor-element-baa2df8 elementor-reverse-tablet elementor-reverse-mobile elementor-section-boxed elementor-section-height-default elementor-section-height-default\" data-id=\"baa2df8\" data-element_type=\"section\" data-e-type=\"section\">\n\t\t\t\t\t\t<div class=\"elementor-container elementor-column-gap-default\">\n\t\t\t\t\t<div class=\"elementor-column elementor-col-100 elementor-inner-column elementor-element elementor-element-7a73844\" data-id=\"7a73844\" data-element_type=\"column\" data-e-type=\"column\">\n\t\t\t<div class=\"elementor-widget-wrap elementor-element-populated\">\n\t\t\t\t\t\t<div class=\"elementor-element elementor-element-ae4f40d elementor-widget elementor-widget-text-editor\" data-id=\"ae4f40d\" data-element_type=\"widget\" data-e-type=\"widget\" data-widget_type=\"text-editor.default\">\n\t\t\t\t<div class=\"elementor-widget-container\">\n\t\t\t\t\t\t\t\t\t<h3>Espa\u00f1ol &lt; &gt; ingl\u00e9s<\/h3><p>traducciones\/revisiones juradas, revisiones de traducciones a partir de los cambios en el texto original, Machine Translation Post-Editing: Full, Medium, Light.*<\/p><h3>Portugu\u00e9s &gt; alem\u00e1n<\/h3><p>Traducciones, correcciones, revisiones de traducciones a partir de los cambios en el texto original, Machine Translation Post-Editing: Full, Medium, Light.*<\/p><h3>Franc\u00e9s &gt; ingl\u00e9s<\/h3><p>Traducciones, correcciones, revisiones de traducciones a partir de los cambios en el texto original, Machine Translation Post-Editing: Full, Medium, Light.*<\/p><h3>Alem\u00e1n o ingl\u00e9s<\/h3><p>Revisi\u00f3n monoling\u00fce (los textos presentados se pueden revisar en funci\u00f3n de las siguientes categor\u00edas: estilo, gram\u00e1tica, puntuaci\u00f3n, ortograf\u00eda), clases de alem\u00e1n y de ingl\u00e9s (ingl\u00e9s estadounidense)<\/p><h3>Alem\u00e1n &gt; ingl\u00e9s, espa\u00f1ol<\/h3><p>Transcripciones de archivos de audio en alem\u00e1n que pueden traducirse posteriormente al ingl\u00e9s\/espa\u00f1ol.<\/p><p>Aplicable a todos los servicios ling\u00fc\u00edsticos: En funci\u00f3n de sus necesidades, el idioma de partida y el idioma de destino pueden ser tanto el ingl\u00e9s brit\u00e1nico como el ingl\u00e9s estadounidense. Previa solicitud, tambi\u00e9n abarcamos otras variedades del ingl\u00e9s como idioma de partida. En cuanto al espa\u00f1ol como idioma de partida, tambi\u00e9n podr\u00e1 encargar proyectos tanto de espa\u00f1ol europeo como del espa\u00f1ol de Latinoam\u00e9rica. Y tambi\u00e9n a la inversa, solo tiene que indicarle a Sebastian Witte cu\u00e1l de las dos variedades ling\u00fc\u00edsticas debe ser el idioma de destino. Adem\u00e1s, podemos colaborar con traductores nativos de Espa\u00f1a y Latinoam\u00e9rica a cambio de un peque\u00f1o recargo. Portugu\u00e9s: Poseemos s\u00f3lidos conocimientos sobre las diferencias entre las dos variantes del portugu\u00e9s (Portugal\/Brasil) que se manifiestan, por ejemplo, en el uso de los pronombres: en el portugu\u00e9s de Brasil se suele emplear la tercera persona del singular (voc\u00ea) para la forma de \u201ct\u00fa\u201d, mientras que en Portugal, hasta hoy, se sigue utilizando no solo la segunda persona singular (tu) sino tambi\u00e9n la segunda persona del plural (v\u00f3s, en espa\u00f1ol \u201cvosotros\u201d, aunque, como norma general, hoy en d\u00eda se expresa con el pronombre voc\u00eas, es decir, la 3\u00aa persona del plural). Y tambi\u00e9n en este caso, cuando se nos presenta un problema ling\u00fc\u00edstico o de otra \u00edndole que no podamos resolver por nuestra cuenta, sabemos d\u00f3nde encontrar ayuda competente.<\/p><p>Para los proyectos de traducci\u00f3n y correcci\u00f3n multiling\u00fces, recurrimos a nuestra eficaz y competente red de compa\u00f1eros \u201cteam textpartner\u201d, para lo cual nos basamos en los siguientes <a href=\"https:\/\/aswittepartg.de\/wie-wir-unser-netzwerk-knuepfen\/\">criterios de selecci\u00f3n<\/a> de colaboradores.<\/p><p>Actualmente el equipo abarca las siguientes combinaciones ling\u00fc\u00edsticas (previa consulta, tambi\u00e9n colaboramos con otros compa\u00f1eros que cumplen nuestros estrictos criterios de selecci\u00f3n &#8211; sobre todo en las combinaciones que nosotros mismos dominamos):<\/p><ul><li>Espa\u00f1ol monoling\u00fce<\/li><li>Ingl\u00e9s &gt; espa\u00f1ol<\/li><li>Franc\u00e9s &gt; alem\u00e1n<\/li><li>Alem\u00e1n &gt; franc\u00e9s<\/li><li>Italiano &gt; alem\u00e1n<\/li><li>Alem\u00e1n &gt; italiano<\/li><li>Ingl\u00e9s &gt; italiano<\/li><li>Italiano &gt; ingl\u00e9s<\/li><\/ul><p>Previa consulta, tambi\u00e9n le podremos brindar servicios ling\u00fc\u00edsticos en combinaciones de otros idiomas (por ejemplo: neerland\u00e9s, polaco, ruso, croata, turco, curdo) con alem\u00e1n o ingl\u00e9s.<\/p><p>Disponible previa consulta: transcreaciones en algunas combinaciones de idiomas.<\/p><p>Approach &amp; Methodology as regards Artificial Intelligence: We offer you Machine Translation Post-Editing (MTPE), i.e. human editing of machine translation, in three service depths: Full (upon request), Medium and Light. Light, even when using contemporary, high-performance MT engines, corresponds to a text that serves internal informational purposes and includes initial elements of stylistic adaptation or elegant translation techniques, but is not ready for publication. However, the possibilities of having human translation qualitatively replaced by Full MTPE, and still saving money compared to human translation, are limited, since even modern, up-to-date machine translation struggles when it comes to taking into account the context in the source document in the translation process of the &#8216;machine&#8217; (MT engine), so that the effort for the post-editor to match a human translation qualitatively is high to very high &#8212; if this is possible at all. A very powerful computer or supercomputer is just not a substitute for the wealth of experience of a human lifetime.   <br>In principle, you can book MTPE services (or otherwise, obviously, translation-related services = translation, editing, monolingual proofreading) if you can let us have an editable file format or Trados format. We occasionally reserve the right to provide MTPE services only based on Trados formats. In the case of non-editable file formats, you can only book translation-related services (translation, editing).  <\/p>\t\t\t\t\t\t\t\t<\/div>\n\t\t\t\t<\/div>\n\t\t\t\t\t<\/div>\n\t\t<\/div>\n\t\t\t\t\t<\/div>\n\t\t<\/section>\n\t\t\t\t\t<\/div>\n\t\t<\/div>\n\t\t\t\t\t<\/div>\n\t\t<\/section>\n\t\t\t\t<\/div>\n\t\t","protected":false},"excerpt":{"rendered":"<p>Nuestros servicios Ingl\u00e9s &lt; &gt; alem\u00e1n Traducci\u00f3n, correcci\u00f3n, traducciones juradas, revisiones de traducciones de otros traductores (certificando la exactitud e integridad de la traducci\u00f3n), interpretaci\u00f3n de enlace (si lo desea, Sebastian Witte puede aportar opiniones positivas de clientes (por ejemplo, notarios) que corroboran sus aptitudes en este sector). Hace algunos a\u00f1os, particip\u00f3 en un curso [&hellip;]<\/p>\n","protected":false},"author":2,"featured_media":0,"parent":0,"menu_order":0,"comment_status":"closed","ping_status":"closed","template":"","meta":{"site-sidebar-layout":"no-sidebar","site-content-layout":"page-builder","ast-site-content-layout":"full-width-container","site-content-style":"unboxed","site-sidebar-style":"unboxed","ast-global-header-display":"","ast-banner-title-visibility":"","ast-main-header-display":"","ast-hfb-above-header-display":"","ast-hfb-below-header-display":"","ast-hfb-mobile-header-display":"","site-post-title":"disabled","ast-breadcrumbs-content":"","ast-featured-img":"disabled","footer-sml-layout":"","ast-disable-related-posts":"","theme-transparent-header-meta":"","adv-header-id-meta":"","stick-header-meta":"","header-above-stick-meta":"","header-main-stick-meta":"","header-below-stick-meta":"","astra-migrate-meta-layouts":"default","ast-page-background-enabled":"default","ast-page-background-meta":{"desktop":{"background-color":"var(--ast-global-color-4)","background-image":"","background-repeat":"repeat","background-position":"center center","background-size":"auto","background-attachment":"scroll","background-type":"","background-media":"","overlay-type":"","overlay-color":"","overlay-opacity":"","overlay-gradient":""},"tablet":{"background-color":"","background-image":"","background-repeat":"repeat","background-position":"center center","background-size":"auto","background-attachment":"scroll","background-type":"","background-media":"","overlay-type":"","overlay-color":"","overlay-opacity":"","overlay-gradient":""},"mobile":{"background-color":"","background-image":"","background-repeat":"repeat","background-position":"center center","background-size":"auto","background-attachment":"scroll","background-type":"","background-media":"","overlay-type":"","overlay-color":"","overlay-opacity":"","overlay-gradient":""}},"ast-content-background-meta":{"desktop":{"background-color":"var(--ast-global-color-5)","background-image":"","background-repeat":"repeat","background-position":"center center","background-size":"auto","background-attachment":"scroll","background-type":"","background-media":"","overlay-type":"","overlay-color":"","overlay-opacity":"","overlay-gradient":""},"tablet":{"background-color":"var(--ast-global-color-5)","background-image":"","background-repeat":"repeat","background-position":"center center","background-size":"auto","background-attachment":"scroll","background-type":"","background-media":"","overlay-type":"","overlay-color":"","overlay-opacity":"","overlay-gradient":""},"mobile":{"background-color":"var(--ast-global-color-5)","background-image":"","background-repeat":"repeat","background-position":"center center","background-size":"auto","background-attachment":"scroll","background-type":"","background-media":"","overlay-type":"","overlay-color":"","overlay-opacity":"","overlay-gradient":""}},"footnotes":""},"class_list":["post-617","page","type-page","status-publish","hentry"],"yoast_head":"<!-- This site is optimized with the Yoast SEO plugin v27.3 - https:\/\/yoast.com\/product\/yoast-seo-wordpress\/ -->\n<title>Nuestros servicios - A. &amp; S. Witte Partnerschaft<\/title>\n<meta name=\"robots\" content=\"index, follow, max-snippet:-1, max-image-preview:large, max-video-preview:-1\" \/>\n<link rel=\"canonical\" href=\"https:\/\/aswittepartg.de\/es\/nuestros-servicios\/\" \/>\n<meta property=\"og:locale\" content=\"es_ES\" \/>\n<meta property=\"og:type\" content=\"article\" \/>\n<meta property=\"og:title\" content=\"Nuestros servicios - A. &amp; S. Witte Partnerschaft\" \/>\n<meta property=\"og:description\" content=\"Nuestros servicios Ingl\u00e9s &lt; &gt; alem\u00e1n Traducci\u00f3n, correcci\u00f3n, traducciones juradas, revisiones de traducciones de otros traductores (certificando la exactitud e integridad de la traducci\u00f3n), interpretaci\u00f3n de enlace (si lo desea, Sebastian Witte puede aportar opiniones positivas de clientes (por ejemplo, notarios) que corroboran sus aptitudes en este sector). Hace algunos a\u00f1os, particip\u00f3 en un curso [&hellip;]\" \/>\n<meta property=\"og:url\" content=\"https:\/\/aswittepartg.de\/es\/nuestros-servicios\/\" \/>\n<meta property=\"og:site_name\" content=\"A. &amp; S. Witte Partnerschaft\" \/>\n<meta property=\"article:publisher\" content=\"https:\/\/www.facebook.com\/ASWITTE\" \/>\n<meta property=\"article:modified_time\" content=\"2023-07-18T14:00:23+00:00\" \/>\n<meta property=\"og:image\" content=\"https:\/\/aswittepartg.de\/wp-content\/uploads\/2023\/06\/services.jpg\" \/>\n<meta name=\"twitter:card\" content=\"summary_large_image\" \/>\n<meta name=\"twitter:label1\" content=\"Tiempo de lectura\" \/>\n\t<meta name=\"twitter:data1\" content=\"4 minutos\" \/>\n<script type=\"application\/ld+json\" class=\"yoast-schema-graph\">{\"@context\":\"https:\\\/\\\/schema.org\",\"@graph\":[{\"@type\":\"WebPage\",\"@id\":\"https:\\\/\\\/aswittepartg.de\\\/es\\\/nuestros-servicios\\\/\",\"url\":\"https:\\\/\\\/aswittepartg.de\\\/es\\\/nuestros-servicios\\\/\",\"name\":\"Nuestros servicios - A. &amp; S. Witte Partnerschaft\",\"isPartOf\":{\"@id\":\"https:\\\/\\\/aswittepartg.de\\\/#website\"},\"primaryImageOfPage\":{\"@id\":\"https:\\\/\\\/aswittepartg.de\\\/es\\\/nuestros-servicios\\\/#primaryimage\"},\"image\":{\"@id\":\"https:\\\/\\\/aswittepartg.de\\\/es\\\/nuestros-servicios\\\/#primaryimage\"},\"thumbnailUrl\":\"https:\\\/\\\/aswittepartg.de\\\/wp-content\\\/uploads\\\/2023\\\/06\\\/services.jpg\",\"datePublished\":\"2023-06-24T13:26:42+00:00\",\"dateModified\":\"2023-07-18T14:00:23+00:00\",\"breadcrumb\":{\"@id\":\"https:\\\/\\\/aswittepartg.de\\\/es\\\/nuestros-servicios\\\/#breadcrumb\"},\"inLanguage\":\"es\",\"potentialAction\":[{\"@type\":\"ReadAction\",\"target\":[\"https:\\\/\\\/aswittepartg.de\\\/es\\\/nuestros-servicios\\\/\"]}]},{\"@type\":\"ImageObject\",\"inLanguage\":\"es\",\"@id\":\"https:\\\/\\\/aswittepartg.de\\\/es\\\/nuestros-servicios\\\/#primaryimage\",\"url\":\"https:\\\/\\\/aswittepartg.de\\\/wp-content\\\/uploads\\\/2023\\\/06\\\/services.jpg\",\"contentUrl\":\"https:\\\/\\\/aswittepartg.de\\\/wp-content\\\/uploads\\\/2023\\\/06\\\/services.jpg\"},{\"@type\":\"BreadcrumbList\",\"@id\":\"https:\\\/\\\/aswittepartg.de\\\/es\\\/nuestros-servicios\\\/#breadcrumb\",\"itemListElement\":[{\"@type\":\"ListItem\",\"position\":1,\"name\":\"Home\",\"item\":\"https:\\\/\\\/aswittepartg.de\\\/es\\\/\"},{\"@type\":\"ListItem\",\"position\":2,\"name\":\"Nuestros servicios\"}]},{\"@type\":\"WebSite\",\"@id\":\"https:\\\/\\\/aswittepartg.de\\\/#website\",\"url\":\"https:\\\/\\\/aswittepartg.de\\\/\",\"name\":\"A. & S. Witte Partnerschaft\",\"description\":\"Fach&uuml;bersetzungen\\\/Specialist translations\",\"publisher\":{\"@id\":\"https:\\\/\\\/aswittepartg.de\\\/#organization\"},\"alternateName\":\"ASWITTE PartG\",\"potentialAction\":[{\"@type\":\"SearchAction\",\"target\":{\"@type\":\"EntryPoint\",\"urlTemplate\":\"https:\\\/\\\/aswittepartg.de\\\/?s={search_term_string}\"},\"query-input\":{\"@type\":\"PropertyValueSpecification\",\"valueRequired\":true,\"valueName\":\"search_term_string\"}}],\"inLanguage\":\"es\"},{\"@type\":\"Organization\",\"@id\":\"https:\\\/\\\/aswittepartg.de\\\/#organization\",\"name\":\"A. & S. Witte Partnerschaft\",\"alternateName\":\"ASWITTE PartG\",\"url\":\"https:\\\/\\\/aswittepartg.de\\\/\",\"logo\":{\"@type\":\"ImageObject\",\"inLanguage\":\"es\",\"@id\":\"https:\\\/\\\/aswittepartg.de\\\/#\\\/schema\\\/logo\\\/image\\\/\",\"url\":\"https:\\\/\\\/aswittepartg.de\\\/wp-content\\\/uploads\\\/2023\\\/06\\\/logo.png\",\"contentUrl\":\"https:\\\/\\\/aswittepartg.de\\\/wp-content\\\/uploads\\\/2023\\\/06\\\/logo.png\",\"width\":457,\"height\":475,\"caption\":\"A. & S. Witte Partnerschaft\"},\"image\":{\"@id\":\"https:\\\/\\\/aswittepartg.de\\\/#\\\/schema\\\/logo\\\/image\\\/\"},\"sameAs\":[\"https:\\\/\\\/www.facebook.com\\\/ASWITTE\"]}]}<\/script>\n<!-- \/ Yoast SEO plugin. -->","yoast_head_json":{"title":"Nuestros servicios - A. &amp; S. Witte Partnerschaft","robots":{"index":"index","follow":"follow","max-snippet":"max-snippet:-1","max-image-preview":"max-image-preview:large","max-video-preview":"max-video-preview:-1"},"canonical":"https:\/\/aswittepartg.de\/es\/nuestros-servicios\/","og_locale":"es_ES","og_type":"article","og_title":"Nuestros servicios - A. &amp; S. Witte Partnerschaft","og_description":"Nuestros servicios Ingl\u00e9s &lt; &gt; alem\u00e1n Traducci\u00f3n, correcci\u00f3n, traducciones juradas, revisiones de traducciones de otros traductores (certificando la exactitud e integridad de la traducci\u00f3n), interpretaci\u00f3n de enlace (si lo desea, Sebastian Witte puede aportar opiniones positivas de clientes (por ejemplo, notarios) que corroboran sus aptitudes en este sector). Hace algunos a\u00f1os, particip\u00f3 en un curso [&hellip;]","og_url":"https:\/\/aswittepartg.de\/es\/nuestros-servicios\/","og_site_name":"A. &amp; S. Witte Partnerschaft","article_publisher":"https:\/\/www.facebook.com\/ASWITTE","article_modified_time":"2023-07-18T14:00:23+00:00","og_image":[{"url":"https:\/\/aswittepartg.de\/wp-content\/uploads\/2023\/06\/services.jpg","type":"","width":"","height":""}],"twitter_card":"summary_large_image","twitter_misc":{"Tiempo de lectura":"4 minutos"},"schema":{"@context":"https:\/\/schema.org","@graph":[{"@type":"WebPage","@id":"https:\/\/aswittepartg.de\/es\/nuestros-servicios\/","url":"https:\/\/aswittepartg.de\/es\/nuestros-servicios\/","name":"Nuestros servicios - A. &amp; S. Witte Partnerschaft","isPartOf":{"@id":"https:\/\/aswittepartg.de\/#website"},"primaryImageOfPage":{"@id":"https:\/\/aswittepartg.de\/es\/nuestros-servicios\/#primaryimage"},"image":{"@id":"https:\/\/aswittepartg.de\/es\/nuestros-servicios\/#primaryimage"},"thumbnailUrl":"https:\/\/aswittepartg.de\/wp-content\/uploads\/2023\/06\/services.jpg","datePublished":"2023-06-24T13:26:42+00:00","dateModified":"2023-07-18T14:00:23+00:00","breadcrumb":{"@id":"https:\/\/aswittepartg.de\/es\/nuestros-servicios\/#breadcrumb"},"inLanguage":"es","potentialAction":[{"@type":"ReadAction","target":["https:\/\/aswittepartg.de\/es\/nuestros-servicios\/"]}]},{"@type":"ImageObject","inLanguage":"es","@id":"https:\/\/aswittepartg.de\/es\/nuestros-servicios\/#primaryimage","url":"https:\/\/aswittepartg.de\/wp-content\/uploads\/2023\/06\/services.jpg","contentUrl":"https:\/\/aswittepartg.de\/wp-content\/uploads\/2023\/06\/services.jpg"},{"@type":"BreadcrumbList","@id":"https:\/\/aswittepartg.de\/es\/nuestros-servicios\/#breadcrumb","itemListElement":[{"@type":"ListItem","position":1,"name":"Home","item":"https:\/\/aswittepartg.de\/es\/"},{"@type":"ListItem","position":2,"name":"Nuestros servicios"}]},{"@type":"WebSite","@id":"https:\/\/aswittepartg.de\/#website","url":"https:\/\/aswittepartg.de\/","name":"A. & S. Witte Partnerschaft","description":"Fach&uuml;bersetzungen\/Specialist translations","publisher":{"@id":"https:\/\/aswittepartg.de\/#organization"},"alternateName":"ASWITTE PartG","potentialAction":[{"@type":"SearchAction","target":{"@type":"EntryPoint","urlTemplate":"https:\/\/aswittepartg.de\/?s={search_term_string}"},"query-input":{"@type":"PropertyValueSpecification","valueRequired":true,"valueName":"search_term_string"}}],"inLanguage":"es"},{"@type":"Organization","@id":"https:\/\/aswittepartg.de\/#organization","name":"A. & S. Witte Partnerschaft","alternateName":"ASWITTE PartG","url":"https:\/\/aswittepartg.de\/","logo":{"@type":"ImageObject","inLanguage":"es","@id":"https:\/\/aswittepartg.de\/#\/schema\/logo\/image\/","url":"https:\/\/aswittepartg.de\/wp-content\/uploads\/2023\/06\/logo.png","contentUrl":"https:\/\/aswittepartg.de\/wp-content\/uploads\/2023\/06\/logo.png","width":457,"height":475,"caption":"A. & S. Witte Partnerschaft"},"image":{"@id":"https:\/\/aswittepartg.de\/#\/schema\/logo\/image\/"},"sameAs":["https:\/\/www.facebook.com\/ASWITTE"]}]}},"_links":{"self":[{"href":"https:\/\/aswittepartg.de\/es\/wp-json\/wp\/v2\/pages\/617","targetHints":{"allow":["GET"]}}],"collection":[{"href":"https:\/\/aswittepartg.de\/es\/wp-json\/wp\/v2\/pages"}],"about":[{"href":"https:\/\/aswittepartg.de\/es\/wp-json\/wp\/v2\/types\/page"}],"author":[{"embeddable":true,"href":"https:\/\/aswittepartg.de\/es\/wp-json\/wp\/v2\/users\/2"}],"replies":[{"embeddable":true,"href":"https:\/\/aswittepartg.de\/es\/wp-json\/wp\/v2\/comments?post=617"}],"version-history":[{"count":8,"href":"https:\/\/aswittepartg.de\/es\/wp-json\/wp\/v2\/pages\/617\/revisions"}],"predecessor-version":[{"id":1297,"href":"https:\/\/aswittepartg.de\/es\/wp-json\/wp\/v2\/pages\/617\/revisions\/1297"}],"wp:attachment":[{"href":"https:\/\/aswittepartg.de\/es\/wp-json\/wp\/v2\/media?parent=617"}],"curies":[{"name":"wp","href":"https:\/\/api.w.org\/{rel}","templated":true}]}}