{"id":684,"date":"2023-06-23T05:49:15","date_gmt":"2023-06-23T05:49:15","guid":{"rendered":"https:\/\/aswittepartg.de\/aviso-legal\/"},"modified":"2023-07-09T23:26:52","modified_gmt":"2023-07-09T23:26:52","slug":"aviso-legal","status":"publish","type":"page","link":"https:\/\/aswittepartg.de\/es\/aviso-legal\/","title":{"rendered":"Aviso legal"},"content":{"rendered":"\t\t<div data-elementor-type=\"wp-page\" data-elementor-id=\"684\" class=\"elementor elementor-684 elementor-76\" data-elementor-post-type=\"page\">\n\t\t\t\t\t\t<section class=\"elementor-section elementor-top-section elementor-element elementor-element-b12f335 elementor-section-boxed elementor-section-height-default elementor-section-height-default\" data-id=\"b12f335\" data-element_type=\"section\" data-e-type=\"section\">\n\t\t\t\t\t\t<div class=\"elementor-container elementor-column-gap-default\">\n\t\t\t\t\t<div class=\"elementor-column elementor-col-100 elementor-top-column elementor-element elementor-element-285b020\" data-id=\"285b020\" data-element_type=\"column\" data-e-type=\"column\" data-settings=\"{&quot;background_background&quot;:&quot;classic&quot;}\">\n\t\t\t<div class=\"elementor-widget-wrap elementor-element-populated\">\n\t\t\t\t\t\t<div class=\"elementor-element elementor-element-c50bf4b elementor-widget elementor-widget-heading\" data-id=\"c50bf4b\" data-element_type=\"widget\" data-e-type=\"widget\" data-widget_type=\"heading.default\">\n\t\t\t\t<div class=\"elementor-widget-container\">\n\t\t\t\t\t<h1 class=\"elementor-heading-title elementor-size-default\">Aviso legal<\/h1>\t\t\t\t<\/div>\n\t\t\t\t<\/div>\n\t\t\t\t<div class=\"elementor-element elementor-element-56ba1b5 elementor-widget elementor-widget-text-editor\" data-id=\"56ba1b5\" data-element_type=\"widget\" data-e-type=\"widget\" data-widget_type=\"text-editor.default\">\n\t\t\t\t<div class=\"elementor-widget-container\">\n\t\t\t\t\t\t\t\t\t<p>Responsable de conformidad con el derecho de prensa y la ley alemana de servicios a distancia (TDG):<\/p><p>Sebastian Witte<br \/>Teerhof 59<br \/>28199 Bremen (Alemania)<\/p><p>Tlfno.: +49(0)30258142028<br \/>Correo electr\u00f3nico: sw(arroba)aswitte.de<\/p><p>Responsable del contenido: Sebastian Witte<br \/>N\u00famero de IVA intracomunitario: DE276575664<\/p><p>Dise\u00f1o: Kirsten K\u00e4mmer | Afiliada a la red <a href=\"http:\/\/www.greengorillas.de\/\" target=\"_blank\" rel=\"noopener\">greengorillas <\/a>y a <a href=\"http:\/\/itworks4you.de\/\" target=\"_blank\" rel=\"noopener\">itworks4you<\/a><br \/>Programaci\u00f3n: <a href=\"http:\/\/www.luxo-five.de\/\" target=\"_blank\" rel=\"noopener\">Luxo Five<\/a> | Afiliada a la red <a href=\"http:\/\/www.greengorillas.de\/\" target=\"_blank\" rel=\"noopener\">greengorillas<\/a><\/p>\t\t\t\t\t\t\t\t<\/div>\n\t\t\t\t<\/div>\n\t\t\t\t\t<\/div>\n\t\t<\/div>\n\t\t\t\t\t<\/div>\n\t\t<\/section>\n\t\t\t\t<\/div>\n\t\t","protected":false},"excerpt":{"rendered":"<p>Aviso legal Responsable de conformidad con el derecho de prensa y la ley alemana de servicios a distancia (TDG): Sebastian WitteTeerhof 5928199 Bremen (Alemania) Tlfno.: +49(0)30258142028Correo electr\u00f3nico: sw(arroba)aswitte.de Responsable del contenido: Sebastian WitteN\u00famero de IVA intracomunitario: DE276575664 Dise\u00f1o: Kirsten K\u00e4mmer | Afiliada a la red greengorillas y a itworks4youProgramaci\u00f3n: Luxo Five | Afiliada a la [&hellip;]<\/p>\n","protected":false},"author":2,"featured_media":0,"parent":0,"menu_order":0,"comment_status":"closed","ping_status":"closed","template":"","meta":{"site-sidebar-layout":"no-sidebar","site-content-layout":"page-builder","ast-site-content-layout":"default","site-content-style":"default","site-sidebar-style":"default","ast-global-header-display":"","ast-banner-title-visibility":"","ast-main-header-display":"","ast-hfb-above-header-display":"","ast-hfb-below-header-display":"","ast-hfb-mobile-header-display":"","site-post-title":"disabled","ast-breadcrumbs-content":"","ast-featured-img":"disabled","footer-sml-layout":"","ast-disable-related-posts":"","theme-transparent-header-meta":"","adv-header-id-meta":"","stick-header-meta":"","header-above-stick-meta":"","header-main-stick-meta":"","header-below-stick-meta":"","astra-migrate-meta-layouts":"default","ast-page-background-enabled":"default","ast-page-background-meta":{"desktop":{"background-color":"var(--ast-global-color-4)","background-image":"","background-repeat":"repeat","background-position":"center center","background-size":"auto","background-attachment":"scroll","background-type":"","background-media":"","overlay-type":"","overlay-color":"","overlay-opacity":"","overlay-gradient":""},"tablet":{"background-color":"","background-image":"","background-repeat":"repeat","background-position":"center center","background-size":"auto","background-attachment":"scroll","background-type":"","background-media":"","overlay-type":"","overlay-color":"","overlay-opacity":"","overlay-gradient":""},"mobile":{"background-color":"","background-image":"","background-repeat":"repeat","background-position":"center center","background-size":"auto","background-attachment":"scroll","background-type":"","background-media":"","overlay-type":"","overlay-color":"","overlay-opacity":"","overlay-gradient":""}},"ast-content-background-meta":{"desktop":{"background-color":"var(--ast-global-color-5)","background-image":"","background-repeat":"repeat","background-position":"center center","background-size":"auto","background-attachment":"scroll","background-type":"","background-media":"","overlay-type":"","overlay-color":"","overlay-opacity":"","overlay-gradient":""},"tablet":{"background-color":"var(--ast-global-color-5)","background-image":"","background-repeat":"repeat","background-position":"center center","background-size":"auto","background-attachment":"scroll","background-type":"","background-media":"","overlay-type":"","overlay-color":"","overlay-opacity":"","overlay-gradient":""},"mobile":{"background-color":"var(--ast-global-color-5)","background-image":"","background-repeat":"repeat","background-position":"center center","background-size":"auto","background-attachment":"scroll","background-type":"","background-media":"","overlay-type":"","overlay-color":"","overlay-opacity":"","overlay-gradient":""}},"footnotes":""},"class_list":["post-684","page","type-page","status-publish","hentry"],"yoast_head":"<!-- This site is optimized with the Yoast SEO plugin v27.3 - https:\/\/yoast.com\/product\/yoast-seo-wordpress\/ -->\n<title>Aviso legal - A. &amp; S. Witte Partnerschaft<\/title>\n<meta name=\"robots\" content=\"index, follow, max-snippet:-1, max-image-preview:large, max-video-preview:-1\" \/>\n<link rel=\"canonical\" href=\"https:\/\/aswittepartg.de\/es\/aviso-legal\/\" \/>\n<meta property=\"og:locale\" content=\"es_ES\" \/>\n<meta property=\"og:type\" content=\"article\" \/>\n<meta property=\"og:title\" content=\"Aviso legal - A. &amp; S. Witte Partnerschaft\" \/>\n<meta property=\"og:description\" content=\"Aviso legal Responsable de conformidad con el derecho de prensa y la ley alemana de servicios a distancia (TDG): Sebastian WitteTeerhof 5928199 Bremen (Alemania) Tlfno.: +49(0)30258142028Correo electr\u00f3nico: sw(arroba)aswitte.de Responsable del contenido: Sebastian WitteN\u00famero de IVA intracomunitario: DE276575664 Dise\u00f1o: Kirsten K\u00e4mmer | Afiliada a la red greengorillas y a itworks4youProgramaci\u00f3n: Luxo Five | Afiliada a la [&hellip;]\" \/>\n<meta property=\"og:url\" content=\"https:\/\/aswittepartg.de\/es\/aviso-legal\/\" \/>\n<meta property=\"og:site_name\" content=\"A. &amp; S. Witte Partnerschaft\" \/>\n<meta property=\"article:publisher\" content=\"https:\/\/www.facebook.com\/ASWITTE\" \/>\n<meta property=\"article:modified_time\" content=\"2023-07-09T23:26:52+00:00\" \/>\n<meta name=\"twitter:card\" content=\"summary_large_image\" \/>\n<meta name=\"twitter:label1\" content=\"Tiempo de lectura\" \/>\n\t<meta name=\"twitter:data1\" content=\"1 minuto\" \/>\n<script type=\"application\/ld+json\" class=\"yoast-schema-graph\">{\"@context\":\"https:\\\/\\\/schema.org\",\"@graph\":[{\"@type\":\"WebPage\",\"@id\":\"https:\\\/\\\/aswittepartg.de\\\/es\\\/aviso-legal\\\/\",\"url\":\"https:\\\/\\\/aswittepartg.de\\\/es\\\/aviso-legal\\\/\",\"name\":\"Aviso legal - A. &amp; S. Witte Partnerschaft\",\"isPartOf\":{\"@id\":\"https:\\\/\\\/aswittepartg.de\\\/#website\"},\"datePublished\":\"2023-06-23T05:49:15+00:00\",\"dateModified\":\"2023-07-09T23:26:52+00:00\",\"breadcrumb\":{\"@id\":\"https:\\\/\\\/aswittepartg.de\\\/es\\\/aviso-legal\\\/#breadcrumb\"},\"inLanguage\":\"es\",\"potentialAction\":[{\"@type\":\"ReadAction\",\"target\":[\"https:\\\/\\\/aswittepartg.de\\\/es\\\/aviso-legal\\\/\"]}]},{\"@type\":\"BreadcrumbList\",\"@id\":\"https:\\\/\\\/aswittepartg.de\\\/es\\\/aviso-legal\\\/#breadcrumb\",\"itemListElement\":[{\"@type\":\"ListItem\",\"position\":1,\"name\":\"Home\",\"item\":\"https:\\\/\\\/aswittepartg.de\\\/es\\\/\"},{\"@type\":\"ListItem\",\"position\":2,\"name\":\"Aviso legal\"}]},{\"@type\":\"WebSite\",\"@id\":\"https:\\\/\\\/aswittepartg.de\\\/#website\",\"url\":\"https:\\\/\\\/aswittepartg.de\\\/\",\"name\":\"A. & S. Witte Partnerschaft\",\"description\":\"Fach&uuml;bersetzungen\\\/Specialist translations\",\"publisher\":{\"@id\":\"https:\\\/\\\/aswittepartg.de\\\/#organization\"},\"alternateName\":\"ASWITTE PartG\",\"potentialAction\":[{\"@type\":\"SearchAction\",\"target\":{\"@type\":\"EntryPoint\",\"urlTemplate\":\"https:\\\/\\\/aswittepartg.de\\\/?s={search_term_string}\"},\"query-input\":{\"@type\":\"PropertyValueSpecification\",\"valueRequired\":true,\"valueName\":\"search_term_string\"}}],\"inLanguage\":\"es\"},{\"@type\":\"Organization\",\"@id\":\"https:\\\/\\\/aswittepartg.de\\\/#organization\",\"name\":\"A. & S. Witte Partnerschaft\",\"alternateName\":\"ASWITTE PartG\",\"url\":\"https:\\\/\\\/aswittepartg.de\\\/\",\"logo\":{\"@type\":\"ImageObject\",\"inLanguage\":\"es\",\"@id\":\"https:\\\/\\\/aswittepartg.de\\\/#\\\/schema\\\/logo\\\/image\\\/\",\"url\":\"https:\\\/\\\/aswittepartg.de\\\/wp-content\\\/uploads\\\/2023\\\/06\\\/logo.png\",\"contentUrl\":\"https:\\\/\\\/aswittepartg.de\\\/wp-content\\\/uploads\\\/2023\\\/06\\\/logo.png\",\"width\":457,\"height\":475,\"caption\":\"A. & S. Witte Partnerschaft\"},\"image\":{\"@id\":\"https:\\\/\\\/aswittepartg.de\\\/#\\\/schema\\\/logo\\\/image\\\/\"},\"sameAs\":[\"https:\\\/\\\/www.facebook.com\\\/ASWITTE\"]}]}<\/script>\n<!-- \/ Yoast SEO plugin. -->","yoast_head_json":{"title":"Aviso legal - A. &amp; S. Witte Partnerschaft","robots":{"index":"index","follow":"follow","max-snippet":"max-snippet:-1","max-image-preview":"max-image-preview:large","max-video-preview":"max-video-preview:-1"},"canonical":"https:\/\/aswittepartg.de\/es\/aviso-legal\/","og_locale":"es_ES","og_type":"article","og_title":"Aviso legal - A. &amp; S. Witte Partnerschaft","og_description":"Aviso legal Responsable de conformidad con el derecho de prensa y la ley alemana de servicios a distancia (TDG): Sebastian WitteTeerhof 5928199 Bremen (Alemania) Tlfno.: +49(0)30258142028Correo electr\u00f3nico: sw(arroba)aswitte.de Responsable del contenido: Sebastian WitteN\u00famero de IVA intracomunitario: DE276575664 Dise\u00f1o: Kirsten K\u00e4mmer | Afiliada a la red greengorillas y a itworks4youProgramaci\u00f3n: Luxo Five | Afiliada a la [&hellip;]","og_url":"https:\/\/aswittepartg.de\/es\/aviso-legal\/","og_site_name":"A. &amp; S. Witte Partnerschaft","article_publisher":"https:\/\/www.facebook.com\/ASWITTE","article_modified_time":"2023-07-09T23:26:52+00:00","twitter_card":"summary_large_image","twitter_misc":{"Tiempo de lectura":"1 minuto"},"schema":{"@context":"https:\/\/schema.org","@graph":[{"@type":"WebPage","@id":"https:\/\/aswittepartg.de\/es\/aviso-legal\/","url":"https:\/\/aswittepartg.de\/es\/aviso-legal\/","name":"Aviso legal - A. &amp; S. Witte Partnerschaft","isPartOf":{"@id":"https:\/\/aswittepartg.de\/#website"},"datePublished":"2023-06-23T05:49:15+00:00","dateModified":"2023-07-09T23:26:52+00:00","breadcrumb":{"@id":"https:\/\/aswittepartg.de\/es\/aviso-legal\/#breadcrumb"},"inLanguage":"es","potentialAction":[{"@type":"ReadAction","target":["https:\/\/aswittepartg.de\/es\/aviso-legal\/"]}]},{"@type":"BreadcrumbList","@id":"https:\/\/aswittepartg.de\/es\/aviso-legal\/#breadcrumb","itemListElement":[{"@type":"ListItem","position":1,"name":"Home","item":"https:\/\/aswittepartg.de\/es\/"},{"@type":"ListItem","position":2,"name":"Aviso legal"}]},{"@type":"WebSite","@id":"https:\/\/aswittepartg.de\/#website","url":"https:\/\/aswittepartg.de\/","name":"A. & S. Witte Partnerschaft","description":"Fach&uuml;bersetzungen\/Specialist translations","publisher":{"@id":"https:\/\/aswittepartg.de\/#organization"},"alternateName":"ASWITTE PartG","potentialAction":[{"@type":"SearchAction","target":{"@type":"EntryPoint","urlTemplate":"https:\/\/aswittepartg.de\/?s={search_term_string}"},"query-input":{"@type":"PropertyValueSpecification","valueRequired":true,"valueName":"search_term_string"}}],"inLanguage":"es"},{"@type":"Organization","@id":"https:\/\/aswittepartg.de\/#organization","name":"A. & S. Witte Partnerschaft","alternateName":"ASWITTE PartG","url":"https:\/\/aswittepartg.de\/","logo":{"@type":"ImageObject","inLanguage":"es","@id":"https:\/\/aswittepartg.de\/#\/schema\/logo\/image\/","url":"https:\/\/aswittepartg.de\/wp-content\/uploads\/2023\/06\/logo.png","contentUrl":"https:\/\/aswittepartg.de\/wp-content\/uploads\/2023\/06\/logo.png","width":457,"height":475,"caption":"A. & S. Witte Partnerschaft"},"image":{"@id":"https:\/\/aswittepartg.de\/#\/schema\/logo\/image\/"},"sameAs":["https:\/\/www.facebook.com\/ASWITTE"]}]}},"_links":{"self":[{"href":"https:\/\/aswittepartg.de\/es\/wp-json\/wp\/v2\/pages\/684","targetHints":{"allow":["GET"]}}],"collection":[{"href":"https:\/\/aswittepartg.de\/es\/wp-json\/wp\/v2\/pages"}],"about":[{"href":"https:\/\/aswittepartg.de\/es\/wp-json\/wp\/v2\/types\/page"}],"author":[{"embeddable":true,"href":"https:\/\/aswittepartg.de\/es\/wp-json\/wp\/v2\/users\/2"}],"replies":[{"embeddable":true,"href":"https:\/\/aswittepartg.de\/es\/wp-json\/wp\/v2\/comments?post=684"}],"version-history":[{"count":4,"href":"https:\/\/aswittepartg.de\/es\/wp-json\/wp\/v2\/pages\/684\/revisions"}],"predecessor-version":[{"id":694,"href":"https:\/\/aswittepartg.de\/es\/wp-json\/wp\/v2\/pages\/684\/revisions\/694"}],"wp:attachment":[{"href":"https:\/\/aswittepartg.de\/es\/wp-json\/wp\/v2\/media?parent=684"}],"curies":[{"name":"wp","href":"https:\/\/api.w.org\/{rel}","templated":true}]}}