{"id":726,"date":"2023-06-24T13:20:52","date_gmt":"2023-06-24T13:20:52","guid":{"rendered":"https:\/\/aswittepartg.de\/red-de-trabajo\/hardware-y-software\/"},"modified":"2023-10-15T14:04:30","modified_gmt":"2023-10-15T14:04:30","slug":"hardware-y-software","status":"publish","type":"page","link":"https:\/\/aswittepartg.de\/es\/red-de-trabajo\/hardware-y-software\/","title":{"rendered":"Hardware y software"},"content":{"rendered":"\t\t<div data-elementor-type=\"wp-page\" data-elementor-id=\"726\" class=\"elementor elementor-726 elementor-197\" data-elementor-post-type=\"page\">\n\t\t\t\t\t\t<section class=\"elementor-section elementor-top-section elementor-element elementor-element-e62c165 elementor-section-boxed elementor-section-height-default elementor-section-height-default\" data-id=\"e62c165\" data-element_type=\"section\" data-e-type=\"section\">\n\t\t\t\t\t\t<div class=\"elementor-container elementor-column-gap-default\">\n\t\t\t\t\t<div class=\"elementor-column elementor-col-100 elementor-top-column elementor-element elementor-element-14ed6cb\" data-id=\"14ed6cb\" data-element_type=\"column\" data-e-type=\"column\" data-settings=\"{&quot;background_background&quot;:&quot;classic&quot;}\">\n\t\t\t<div class=\"elementor-widget-wrap elementor-element-populated\">\n\t\t\t\t\t\t<div class=\"elementor-element elementor-element-6c03ef3 elementor-widget elementor-widget-heading\" data-id=\"6c03ef3\" data-element_type=\"widget\" data-e-type=\"widget\" data-widget_type=\"heading.default\">\n\t\t\t\t<div class=\"elementor-widget-container\">\n\t\t\t\t\t<h1 class=\"elementor-heading-title elementor-size-default\">Hardware y software\n<\/h1>\t\t\t\t<\/div>\n\t\t\t\t<\/div>\n\t\t\t\t<section class=\"elementor-section elementor-inner-section elementor-element elementor-element-ea75ed2 elementor-reverse-tablet elementor-reverse-mobile elementor-section-boxed elementor-section-height-default elementor-section-height-default\" data-id=\"ea75ed2\" data-element_type=\"section\" data-e-type=\"section\">\n\t\t\t\t\t\t<div class=\"elementor-container elementor-column-gap-default\">\n\t\t\t\t\t<div class=\"elementor-column elementor-col-50 elementor-inner-column elementor-element elementor-element-c1ff448\" data-id=\"c1ff448\" data-element_type=\"column\" data-e-type=\"column\">\n\t\t\t<div class=\"elementor-widget-wrap elementor-element-populated\">\n\t\t\t\t\t\t<div class=\"elementor-element elementor-element-0119d45 elementor-hidden-desktop elementor-hidden-tablet elementor-widget elementor-widget-spacer\" data-id=\"0119d45\" data-element_type=\"widget\" data-e-type=\"widget\" data-widget_type=\"spacer.default\">\n\t\t\t\t<div class=\"elementor-widget-container\">\n\t\t\t\t\t\t\t<div class=\"elementor-spacer\">\n\t\t\t<div class=\"elementor-spacer-inner\"><\/div>\n\t\t<\/div>\n\t\t\t\t\t\t<\/div>\n\t\t\t\t<\/div>\n\t\t\t\t<div class=\"elementor-element elementor-element-3e710df elementor-widget elementor-widget-text-editor\" data-id=\"3e710df\" data-element_type=\"widget\" data-e-type=\"widget\" data-widget_type=\"text-editor.default\">\n\t\t\t\t<div class=\"elementor-widget-container\">\n\t\t\t\t\t\t\t\t\t<p><strong>Hardware y software (sin diccionarios electr\u00f3nicos)<\/strong><\/p>\n<p>Ryzen 5 &#8211; 2600x PC (6 n\u00facleos de procesador con 3,60 GHz cada uno) &#8211; 32 GB de DDR4 RAM con 2666 MHz &#8211; disco duro SSD, disco duro SATA III, unidad combinada Blu-Ray, Windows 11<\/p>\n<p>Econ\u00f3mica fuente de alimentaci\u00f3n de 750 Watt clase 80 PLUS Gold (de oro) de fabricante de marca<\/p>\n<p>Tarjeta gr\u00e1fica Nvidia dedicada con 4 GB de memoria gr\u00e1fica<\/p>\n\t\t\t\t\t\t\t\t<\/div>\n\t\t\t\t<\/div>\n\t\t\t\t\t<\/div>\n\t\t<\/div>\n\t\t\t\t<div class=\"elementor-column elementor-col-50 elementor-inner-column elementor-element elementor-element-297756f\" data-id=\"297756f\" data-element_type=\"column\" data-e-type=\"column\">\n\t\t\t<div class=\"elementor-widget-wrap elementor-element-populated\">\n\t\t\t\t\t\t<div class=\"elementor-element elementor-element-560a5df elementor-widget elementor-widget-image\" data-id=\"560a5df\" data-element_type=\"widget\" data-e-type=\"widget\" data-widget_type=\"image.default\">\n\t\t\t\t<div class=\"elementor-widget-container\">\n\t\t\t\t\t\t\t\t\t\t\t\t\t\t\t<img fetchpriority=\"high\" decoding=\"async\" width=\"365\" height=\"243\" src=\"https:\/\/aswittepartg.de\/wp-content\/uploads\/2023\/06\/pexels-photo-207709.jpg\" class=\"attachment-full size-full wp-image-433\" alt=\"\" srcset=\"https:\/\/aswittepartg.de\/wp-content\/uploads\/2023\/06\/pexels-photo-207709.jpg 365w, https:\/\/aswittepartg.de\/wp-content\/uploads\/2023\/06\/pexels-photo-207709-300x200.jpg 300w\" sizes=\"(max-width: 365px) 100vw, 365px\" \/>\t\t\t\t\t\t\t\t\t\t\t\t\t\t\t<\/div>\n\t\t\t\t<\/div>\n\t\t\t\t\t<\/div>\n\t\t<\/div>\n\t\t\t\t\t<\/div>\n\t\t<\/section>\n\t\t\t\t<section class=\"elementor-section elementor-inner-section elementor-element elementor-element-89798de elementor-reverse-tablet elementor-reverse-mobile elementor-section-boxed elementor-section-height-default elementor-section-height-default\" data-id=\"89798de\" data-element_type=\"section\" data-e-type=\"section\">\n\t\t\t\t\t\t<div class=\"elementor-container elementor-column-gap-default\">\n\t\t\t\t\t<div class=\"elementor-column elementor-col-100 elementor-inner-column elementor-element elementor-element-4a17672\" data-id=\"4a17672\" data-element_type=\"column\" data-e-type=\"column\">\n\t\t\t<div class=\"elementor-widget-wrap elementor-element-populated\">\n\t\t\t\t\t\t<div class=\"elementor-element elementor-element-90fe5ea elementor-widget elementor-widget-text-editor\" data-id=\"90fe5ea\" data-element_type=\"widget\" data-e-type=\"widget\" data-widget_type=\"text-editor.default\">\n\t\t\t\t<div class=\"elementor-widget-container\">\n\t\t\t\t\t\t\t\t\t<p>Ryzen 7 &#8211; 2700x PC (8 n\u00facleos de procesador con 4,3 GHz cada uno) &#8211; 32 GB de DDR4 RAM con 3200 MHz &#8211; 2 discos duros SSD, unidad combinada Blu-Ray, Windows 11<\/p>\n<p>Econ\u00f3mica fuente de alimentaci\u00f3n de 750 Watt clase 80 PLUS Gold (de oro) de fabricante de marca<\/p>\n<p>Tarjeta gr\u00e1fica Nvidia dedicada con 4 GB de memoria gr\u00e1fica<\/p>\n<p>Disco duro interno compartido<\/p>\n<p>Impresora multifunci\u00f3n de inyecci\u00f3n de tinta en color de Canon con esc\u00e1ner y fax, alimentador autom\u00e1tico de documentos, chasis para carga de papel para 500 hojas<\/p>\n<p>2 discos duros externos de Western Digital<\/p>\n<p>1 pantalla Philips de 27 pulgadas, 1 pantalla Samsung de 27 pulgadas<\/p>\n<p>Pantalla de 19 pulgadas, pantalla de 24 pulgadas<\/p>\n<p>Enrutador DSL Fritz!Box moderno y seguro para anchos de banda altos y muy altos<\/p>\n<p>ADSL (l\u00ednea de abonado digital asim\u00e9trica) 50 Mbps<\/p>\n<p>Ratones inal\u00e1mbricos y teclados con cable de Logitech  <\/p>\n<p>Tel\u00e9fono inteligente LTE con sistema operativo Android 11 y cliente de correo electr\u00f3nico (tecnolog\u00eda de correo electr\u00f3nico \u00abpush\u00bb)<\/p>\n<p>Microsoft Office 2019 y 2016 incluyendo 1x Word, Excel, Outlook, PowerPoint cada uno. Adem\u00e1s 1x Microsoft Access, Publisher y OneNote.<\/p>\n<p>Abbyy FineReader 14 y 15, programa ROC (reconocimiento \u00f3ptico de caracteres)<\/p>\n<p>RWS Trados Studio 2019 (2x)<\/p>\n<p>RWS Trados Studio 2021 SR2 (1x), RWS Trados Studio 2021 (1x)<\/p>\n<p>RWS MultiTerm 2019 (2x)<\/p>\n<p>RWS MultiTerm 2021 (1x)<\/p>\n<p>WISO MeinB\u00fcro &#8211; programa de administraci\u00f3n comercial<\/p>\n<p><span style=\"font-style: inherit; font-weight: inherit;\">WISO E\u00dcR &amp; Kasse, otros programas de contabilidad fiscal de la empresa WISO<\/span><br><\/p>\n<p>.<\/p>\n<p>Bitdefender Total Security (2x) &#8211; programa antivirus, paquete de programas de seguridad para el PC con firewall de software<\/p>\n<p>Copernic Desktop Search &#8211; programa de b\u00fasqueda de indexaci\u00f3n que permite buscar r\u00e1pidamente dentro del ordenador<\/p>\n<p>Todoist &#8211; programa de gesti\u00f3n de tareas<\/p>\n<p>WINRAR &#8211; programa de compresi\u00f3n y descompresi\u00f3n<\/p>\t\t\t\t\t\t\t\t<\/div>\n\t\t\t\t<\/div>\n\t\t\t\t\t<\/div>\n\t\t<\/div>\n\t\t\t\t\t<\/div>\n\t\t<\/section>\n\t\t\t\t\t<\/div>\n\t\t<\/div>\n\t\t\t\t\t<\/div>\n\t\t<\/section>\n\t\t\t\t<\/div>\n\t\t","protected":false},"excerpt":{"rendered":"<p>Hardware y software Hardware y software (sin diccionarios electr\u00f3nicos) Ryzen 5 &#8211; 2600x PC (6 n\u00facleos de procesador con 3,60 GHz cada uno) &#8211; 32 GB de DDR4 RAM con 2666 MHz &#8211; disco duro SSD, disco duro SATA III, unidad combinada Blu-Ray, Windows 11 Econ\u00f3mica fuente de alimentaci\u00f3n de 750 Watt clase 80 PLUS [&hellip;]<\/p>\n","protected":false},"author":2,"featured_media":0,"parent":717,"menu_order":0,"comment_status":"closed","ping_status":"closed","template":"","meta":{"site-sidebar-layout":"no-sidebar","site-content-layout":"page-builder","ast-site-content-layout":"default","site-content-style":"default","site-sidebar-style":"default","ast-global-header-display":"","ast-banner-title-visibility":"","ast-main-header-display":"","ast-hfb-above-header-display":"","ast-hfb-below-header-display":"","ast-hfb-mobile-header-display":"","site-post-title":"disabled","ast-breadcrumbs-content":"","ast-featured-img":"disabled","footer-sml-layout":"","ast-disable-related-posts":"","theme-transparent-header-meta":"","adv-header-id-meta":"","stick-header-meta":"","header-above-stick-meta":"","header-main-stick-meta":"","header-below-stick-meta":"","astra-migrate-meta-layouts":"default","ast-page-background-enabled":"default","ast-page-background-meta":{"desktop":{"background-color":"var(--ast-global-color-4)","background-image":"","background-repeat":"repeat","background-position":"center center","background-size":"auto","background-attachment":"scroll","background-type":"","background-media":"","overlay-type":"","overlay-color":"","overlay-opacity":"","overlay-gradient":""},"tablet":{"background-color":"","background-image":"","background-repeat":"repeat","background-position":"center center","background-size":"auto","background-attachment":"scroll","background-type":"","background-media":"","overlay-type":"","overlay-color":"","overlay-opacity":"","overlay-gradient":""},"mobile":{"background-color":"","background-image":"","background-repeat":"repeat","background-position":"center center","background-size":"auto","background-attachment":"scroll","background-type":"","background-media":"","overlay-type":"","overlay-color":"","overlay-opacity":"","overlay-gradient":""}},"ast-content-background-meta":{"desktop":{"background-color":"var(--ast-global-color-5)","background-image":"","background-repeat":"repeat","background-position":"center center","background-size":"auto","background-attachment":"scroll","background-type":"","background-media":"","overlay-type":"","overlay-color":"","overlay-opacity":"","overlay-gradient":""},"tablet":{"background-color":"var(--ast-global-color-5)","background-image":"","background-repeat":"repeat","background-position":"center center","background-size":"auto","background-attachment":"scroll","background-type":"","background-media":"","overlay-type":"","overlay-color":"","overlay-opacity":"","overlay-gradient":""},"mobile":{"background-color":"var(--ast-global-color-5)","background-image":"","background-repeat":"repeat","background-position":"center center","background-size":"auto","background-attachment":"scroll","background-type":"","background-media":"","overlay-type":"","overlay-color":"","overlay-opacity":"","overlay-gradient":""}},"footnotes":""},"class_list":["post-726","page","type-page","status-publish","hentry"],"yoast_head":"<!-- This site is optimized with the Yoast SEO plugin v27.3 - https:\/\/yoast.com\/product\/yoast-seo-wordpress\/ -->\n<title>Hardware y software - A. &amp; S. Witte Partnerschaft<\/title>\n<meta name=\"robots\" content=\"index, follow, max-snippet:-1, max-image-preview:large, max-video-preview:-1\" \/>\n<link rel=\"canonical\" href=\"https:\/\/aswittepartg.de\/es\/red-de-trabajo\/hardware-y-software\/\" \/>\n<meta property=\"og:locale\" content=\"es_ES\" \/>\n<meta property=\"og:type\" content=\"article\" \/>\n<meta property=\"og:title\" content=\"Hardware y software - A. &amp; S. Witte Partnerschaft\" \/>\n<meta property=\"og:description\" content=\"Hardware y software Hardware y software (sin diccionarios electr\u00f3nicos) Ryzen 5 &#8211; 2600x PC (6 n\u00facleos de procesador con 3,60 GHz cada uno) &#8211; 32 GB de DDR4 RAM con 2666 MHz &#8211; disco duro SSD, disco duro SATA III, unidad combinada Blu-Ray, Windows 11 Econ\u00f3mica fuente de alimentaci\u00f3n de 750 Watt clase 80 PLUS [&hellip;]\" \/>\n<meta property=\"og:url\" content=\"https:\/\/aswittepartg.de\/es\/red-de-trabajo\/hardware-y-software\/\" \/>\n<meta property=\"og:site_name\" content=\"A. &amp; S. Witte Partnerschaft\" \/>\n<meta property=\"article:publisher\" content=\"https:\/\/www.facebook.com\/ASWITTE\" \/>\n<meta property=\"article:modified_time\" content=\"2023-10-15T14:04:30+00:00\" \/>\n<meta property=\"og:image\" content=\"https:\/\/aswittepartg.de\/wp-content\/uploads\/2023\/06\/pexels-photo-207709.jpg\" \/>\n<meta name=\"twitter:card\" content=\"summary_large_image\" \/>\n<meta name=\"twitter:label1\" content=\"Tiempo de lectura\" \/>\n\t<meta name=\"twitter:data1\" content=\"3 minutos\" \/>\n<script type=\"application\/ld+json\" class=\"yoast-schema-graph\">{\"@context\":\"https:\\\/\\\/schema.org\",\"@graph\":[{\"@type\":\"WebPage\",\"@id\":\"https:\\\/\\\/aswittepartg.de\\\/es\\\/red-de-trabajo\\\/hardware-y-software\\\/\",\"url\":\"https:\\\/\\\/aswittepartg.de\\\/es\\\/red-de-trabajo\\\/hardware-y-software\\\/\",\"name\":\"Hardware y software - A. &amp; S. Witte Partnerschaft\",\"isPartOf\":{\"@id\":\"https:\\\/\\\/aswittepartg.de\\\/#website\"},\"primaryImageOfPage\":{\"@id\":\"https:\\\/\\\/aswittepartg.de\\\/es\\\/red-de-trabajo\\\/hardware-y-software\\\/#primaryimage\"},\"image\":{\"@id\":\"https:\\\/\\\/aswittepartg.de\\\/es\\\/red-de-trabajo\\\/hardware-y-software\\\/#primaryimage\"},\"thumbnailUrl\":\"https:\\\/\\\/aswittepartg.de\\\/wp-content\\\/uploads\\\/2023\\\/06\\\/pexels-photo-207709.jpg\",\"datePublished\":\"2023-06-24T13:20:52+00:00\",\"dateModified\":\"2023-10-15T14:04:30+00:00\",\"breadcrumb\":{\"@id\":\"https:\\\/\\\/aswittepartg.de\\\/es\\\/red-de-trabajo\\\/hardware-y-software\\\/#breadcrumb\"},\"inLanguage\":\"es\",\"potentialAction\":[{\"@type\":\"ReadAction\",\"target\":[\"https:\\\/\\\/aswittepartg.de\\\/es\\\/red-de-trabajo\\\/hardware-y-software\\\/\"]}]},{\"@type\":\"ImageObject\",\"inLanguage\":\"es\",\"@id\":\"https:\\\/\\\/aswittepartg.de\\\/es\\\/red-de-trabajo\\\/hardware-y-software\\\/#primaryimage\",\"url\":\"https:\\\/\\\/aswittepartg.de\\\/wp-content\\\/uploads\\\/2023\\\/06\\\/pexels-photo-207709.jpg\",\"contentUrl\":\"https:\\\/\\\/aswittepartg.de\\\/wp-content\\\/uploads\\\/2023\\\/06\\\/pexels-photo-207709.jpg\"},{\"@type\":\"BreadcrumbList\",\"@id\":\"https:\\\/\\\/aswittepartg.de\\\/es\\\/red-de-trabajo\\\/hardware-y-software\\\/#breadcrumb\",\"itemListElement\":[{\"@type\":\"ListItem\",\"position\":1,\"name\":\"Home\",\"item\":\"https:\\\/\\\/aswittepartg.de\\\/es\\\/\"},{\"@type\":\"ListItem\",\"position\":2,\"name\":\"RED DE TRABAJO\",\"item\":\"https:\\\/\\\/aswittepartg.de\\\/red-de-trabajo\\\/\"},{\"@type\":\"ListItem\",\"position\":3,\"name\":\"Hardware y software\"}]},{\"@type\":\"WebSite\",\"@id\":\"https:\\\/\\\/aswittepartg.de\\\/#website\",\"url\":\"https:\\\/\\\/aswittepartg.de\\\/\",\"name\":\"A. & S. Witte Partnerschaft\",\"description\":\"Fach&uuml;bersetzungen\\\/Specialist translations\",\"publisher\":{\"@id\":\"https:\\\/\\\/aswittepartg.de\\\/#organization\"},\"alternateName\":\"ASWITTE PartG\",\"potentialAction\":[{\"@type\":\"SearchAction\",\"target\":{\"@type\":\"EntryPoint\",\"urlTemplate\":\"https:\\\/\\\/aswittepartg.de\\\/?s={search_term_string}\"},\"query-input\":{\"@type\":\"PropertyValueSpecification\",\"valueRequired\":true,\"valueName\":\"search_term_string\"}}],\"inLanguage\":\"es\"},{\"@type\":\"Organization\",\"@id\":\"https:\\\/\\\/aswittepartg.de\\\/#organization\",\"name\":\"A. & S. Witte Partnerschaft\",\"alternateName\":\"ASWITTE PartG\",\"url\":\"https:\\\/\\\/aswittepartg.de\\\/\",\"logo\":{\"@type\":\"ImageObject\",\"inLanguage\":\"es\",\"@id\":\"https:\\\/\\\/aswittepartg.de\\\/#\\\/schema\\\/logo\\\/image\\\/\",\"url\":\"https:\\\/\\\/aswittepartg.de\\\/wp-content\\\/uploads\\\/2023\\\/06\\\/logo.png\",\"contentUrl\":\"https:\\\/\\\/aswittepartg.de\\\/wp-content\\\/uploads\\\/2023\\\/06\\\/logo.png\",\"width\":457,\"height\":475,\"caption\":\"A. & S. Witte Partnerschaft\"},\"image\":{\"@id\":\"https:\\\/\\\/aswittepartg.de\\\/#\\\/schema\\\/logo\\\/image\\\/\"},\"sameAs\":[\"https:\\\/\\\/www.facebook.com\\\/ASWITTE\"]}]}<\/script>\n<!-- \/ Yoast SEO plugin. -->","yoast_head_json":{"title":"Hardware y software - A. &amp; S. Witte Partnerschaft","robots":{"index":"index","follow":"follow","max-snippet":"max-snippet:-1","max-image-preview":"max-image-preview:large","max-video-preview":"max-video-preview:-1"},"canonical":"https:\/\/aswittepartg.de\/es\/red-de-trabajo\/hardware-y-software\/","og_locale":"es_ES","og_type":"article","og_title":"Hardware y software - A. &amp; S. Witte Partnerschaft","og_description":"Hardware y software Hardware y software (sin diccionarios electr\u00f3nicos) Ryzen 5 &#8211; 2600x PC (6 n\u00facleos de procesador con 3,60 GHz cada uno) &#8211; 32 GB de DDR4 RAM con 2666 MHz &#8211; disco duro SSD, disco duro SATA III, unidad combinada Blu-Ray, Windows 11 Econ\u00f3mica fuente de alimentaci\u00f3n de 750 Watt clase 80 PLUS [&hellip;]","og_url":"https:\/\/aswittepartg.de\/es\/red-de-trabajo\/hardware-y-software\/","og_site_name":"A. &amp; S. Witte Partnerschaft","article_publisher":"https:\/\/www.facebook.com\/ASWITTE","article_modified_time":"2023-10-15T14:04:30+00:00","og_image":[{"url":"https:\/\/aswittepartg.de\/wp-content\/uploads\/2023\/06\/pexels-photo-207709.jpg","type":"","width":"","height":""}],"twitter_card":"summary_large_image","twitter_misc":{"Tiempo de lectura":"3 minutos"},"schema":{"@context":"https:\/\/schema.org","@graph":[{"@type":"WebPage","@id":"https:\/\/aswittepartg.de\/es\/red-de-trabajo\/hardware-y-software\/","url":"https:\/\/aswittepartg.de\/es\/red-de-trabajo\/hardware-y-software\/","name":"Hardware y software - A. &amp; S. Witte Partnerschaft","isPartOf":{"@id":"https:\/\/aswittepartg.de\/#website"},"primaryImageOfPage":{"@id":"https:\/\/aswittepartg.de\/es\/red-de-trabajo\/hardware-y-software\/#primaryimage"},"image":{"@id":"https:\/\/aswittepartg.de\/es\/red-de-trabajo\/hardware-y-software\/#primaryimage"},"thumbnailUrl":"https:\/\/aswittepartg.de\/wp-content\/uploads\/2023\/06\/pexels-photo-207709.jpg","datePublished":"2023-06-24T13:20:52+00:00","dateModified":"2023-10-15T14:04:30+00:00","breadcrumb":{"@id":"https:\/\/aswittepartg.de\/es\/red-de-trabajo\/hardware-y-software\/#breadcrumb"},"inLanguage":"es","potentialAction":[{"@type":"ReadAction","target":["https:\/\/aswittepartg.de\/es\/red-de-trabajo\/hardware-y-software\/"]}]},{"@type":"ImageObject","inLanguage":"es","@id":"https:\/\/aswittepartg.de\/es\/red-de-trabajo\/hardware-y-software\/#primaryimage","url":"https:\/\/aswittepartg.de\/wp-content\/uploads\/2023\/06\/pexels-photo-207709.jpg","contentUrl":"https:\/\/aswittepartg.de\/wp-content\/uploads\/2023\/06\/pexels-photo-207709.jpg"},{"@type":"BreadcrumbList","@id":"https:\/\/aswittepartg.de\/es\/red-de-trabajo\/hardware-y-software\/#breadcrumb","itemListElement":[{"@type":"ListItem","position":1,"name":"Home","item":"https:\/\/aswittepartg.de\/es\/"},{"@type":"ListItem","position":2,"name":"RED DE TRABAJO","item":"https:\/\/aswittepartg.de\/red-de-trabajo\/"},{"@type":"ListItem","position":3,"name":"Hardware y software"}]},{"@type":"WebSite","@id":"https:\/\/aswittepartg.de\/#website","url":"https:\/\/aswittepartg.de\/","name":"A. & S. Witte Partnerschaft","description":"Fach&uuml;bersetzungen\/Specialist translations","publisher":{"@id":"https:\/\/aswittepartg.de\/#organization"},"alternateName":"ASWITTE PartG","potentialAction":[{"@type":"SearchAction","target":{"@type":"EntryPoint","urlTemplate":"https:\/\/aswittepartg.de\/?s={search_term_string}"},"query-input":{"@type":"PropertyValueSpecification","valueRequired":true,"valueName":"search_term_string"}}],"inLanguage":"es"},{"@type":"Organization","@id":"https:\/\/aswittepartg.de\/#organization","name":"A. & S. Witte Partnerschaft","alternateName":"ASWITTE PartG","url":"https:\/\/aswittepartg.de\/","logo":{"@type":"ImageObject","inLanguage":"es","@id":"https:\/\/aswittepartg.de\/#\/schema\/logo\/image\/","url":"https:\/\/aswittepartg.de\/wp-content\/uploads\/2023\/06\/logo.png","contentUrl":"https:\/\/aswittepartg.de\/wp-content\/uploads\/2023\/06\/logo.png","width":457,"height":475,"caption":"A. & S. Witte Partnerschaft"},"image":{"@id":"https:\/\/aswittepartg.de\/#\/schema\/logo\/image\/"},"sameAs":["https:\/\/www.facebook.com\/ASWITTE"]}]}},"_links":{"self":[{"href":"https:\/\/aswittepartg.de\/es\/wp-json\/wp\/v2\/pages\/726","targetHints":{"allow":["GET"]}}],"collection":[{"href":"https:\/\/aswittepartg.de\/es\/wp-json\/wp\/v2\/pages"}],"about":[{"href":"https:\/\/aswittepartg.de\/es\/wp-json\/wp\/v2\/types\/page"}],"author":[{"embeddable":true,"href":"https:\/\/aswittepartg.de\/es\/wp-json\/wp\/v2\/users\/2"}],"replies":[{"embeddable":true,"href":"https:\/\/aswittepartg.de\/es\/wp-json\/wp\/v2\/comments?post=726"}],"version-history":[{"count":10,"href":"https:\/\/aswittepartg.de\/es\/wp-json\/wp\/v2\/pages\/726\/revisions"}],"predecessor-version":[{"id":1366,"href":"https:\/\/aswittepartg.de\/es\/wp-json\/wp\/v2\/pages\/726\/revisions\/1366"}],"up":[{"embeddable":true,"href":"https:\/\/aswittepartg.de\/es\/wp-json\/wp\/v2\/pages\/717"}],"wp:attachment":[{"href":"https:\/\/aswittepartg.de\/es\/wp-json\/wp\/v2\/media?parent=726"}],"curies":[{"name":"wp","href":"https:\/\/api.w.org\/{rel}","templated":true}]}}