{"id":819,"date":"2023-06-25T20:09:04","date_gmt":"2023-06-25T20:09:04","guid":{"rendered":"https:\/\/aswittepartg.de\/servicios\/especialidades\/"},"modified":"2023-07-14T12:28:18","modified_gmt":"2023-07-14T12:28:18","slug":"especialidades","status":"publish","type":"page","link":"https:\/\/aswittepartg.de\/es\/servicios\/especialidades\/","title":{"rendered":"Especialidades"},"content":{"rendered":"\t\t<div data-elementor-type=\"wp-page\" data-elementor-id=\"819\" class=\"elementor elementor-819 elementor-226\" data-elementor-post-type=\"page\">\n\t\t\t\t\t\t<section class=\"elementor-section elementor-top-section elementor-element elementor-element-12affde elementor-section-boxed elementor-section-height-default elementor-section-height-default\" data-id=\"12affde\" data-element_type=\"section\" data-e-type=\"section\">\n\t\t\t\t\t\t<div class=\"elementor-container elementor-column-gap-default\">\n\t\t\t\t\t<div class=\"elementor-column elementor-col-100 elementor-top-column elementor-element elementor-element-338a35a\" data-id=\"338a35a\" data-element_type=\"column\" data-e-type=\"column\" data-settings=\"{&quot;background_background&quot;:&quot;classic&quot;}\">\n\t\t\t<div class=\"elementor-widget-wrap elementor-element-populated\">\n\t\t\t\t\t\t<div class=\"elementor-element elementor-element-0d667a5 elementor-widget elementor-widget-heading\" data-id=\"0d667a5\" data-element_type=\"widget\" data-e-type=\"widget\" data-widget_type=\"heading.default\">\n\t\t\t\t<div class=\"elementor-widget-container\">\n\t\t\t\t\t<h1 class=\"elementor-heading-title elementor-size-default\">Especialidades<\/h1>\t\t\t\t<\/div>\n\t\t\t\t<\/div>\n\t\t\t\t<section class=\"elementor-section elementor-inner-section elementor-element elementor-element-35c6921 elementor-reverse-tablet elementor-reverse-mobile elementor-section-boxed elementor-section-height-default elementor-section-height-default\" data-id=\"35c6921\" data-element_type=\"section\" data-e-type=\"section\">\n\t\t\t\t\t\t<div class=\"elementor-container elementor-column-gap-default\">\n\t\t\t\t\t<div class=\"elementor-column elementor-col-50 elementor-inner-column elementor-element elementor-element-663102b\" data-id=\"663102b\" data-element_type=\"column\" data-e-type=\"column\">\n\t\t\t<div class=\"elementor-widget-wrap elementor-element-populated\">\n\t\t\t\t\t\t<div class=\"elementor-element elementor-element-e0c2ff6 elementor-hidden-desktop elementor-hidden-tablet elementor-widget elementor-widget-spacer\" data-id=\"e0c2ff6\" data-element_type=\"widget\" data-e-type=\"widget\" data-widget_type=\"spacer.default\">\n\t\t\t\t<div class=\"elementor-widget-container\">\n\t\t\t\t\t\t\t<div class=\"elementor-spacer\">\n\t\t\t<div class=\"elementor-spacer-inner\"><\/div>\n\t\t<\/div>\n\t\t\t\t\t\t<\/div>\n\t\t\t\t<\/div>\n\t\t\t\t<div class=\"elementor-element elementor-element-29cf775 elementor-widget elementor-widget-text-editor\" data-id=\"29cf775\" data-element_type=\"widget\" data-e-type=\"widget\" data-widget_type=\"text-editor.default\">\n\t\t\t\t<div class=\"elementor-widget-container\">\n\t\t\t\t\t\t\t\t\t<ul>\n<li>Protecci\u00f3n de la propiedad intelectual: marcas nacionales, marcas comunitarias y registros internacionales, derecho de autor, derechos de propiedad intelectual de los medios de comunicaci\u00f3n, modelos de utilidad, dise\u00f1os industriales, derecho de la competencia, derecho de patentes (tambi\u00e9n las solicitudes de patente propiamente dichas y las especificaciones de patente de naturaleza t\u00e9cnica), derecho de licencias<\/li>\n<li>Derecho de obligaciones (Derecho contractual, condiciones generales de contrataci\u00f3n, etc.), derecho de cosas, derecho de familia, derecho mercantil y derecho de sociedades, Gobernanza Corporativa, derecho de protecci\u00f3n de datos personales, derecho laboral, derecho concursal<\/li>\n<li>Contabilidad (de conformidad con las normas NIIF\/Normas alemanas de Contabilidad\/C\u00f3digo de Comercio alem\u00e1n\/Swiss GAAP FER (PCGA suizas)\/C\u00f3digo de Comercio austriaco\/US-GAAP (PCGA estadounidenses)), auditor\u00eda contable<\/li>\n<\/ul>\n\t\t\t\t\t\t\t\t<\/div>\n\t\t\t\t<\/div>\n\t\t\t\t\t<\/div>\n\t\t<\/div>\n\t\t\t\t<div class=\"elementor-column elementor-col-50 elementor-inner-column elementor-element elementor-element-33d555c\" data-id=\"33d555c\" data-element_type=\"column\" data-e-type=\"column\">\n\t\t\t<div class=\"elementor-widget-wrap elementor-element-populated\">\n\t\t\t\t\t\t<div class=\"elementor-element elementor-element-4c652af elementor-widget elementor-widget-image\" data-id=\"4c652af\" data-element_type=\"widget\" data-e-type=\"widget\" data-widget_type=\"image.default\">\n\t\t\t\t<div class=\"elementor-widget-container\">\n\t\t\t\t\t\t\t\t\t\t\t\t\t\t\t<img fetchpriority=\"high\" decoding=\"async\" width=\"365\" height=\"266\" src=\"https:\/\/aswittepartg.de\/wp-content\/uploads\/2023\/06\/bild_spezialisierung_gross_0.jpg\" class=\"attachment-full size-full wp-image-393\" alt=\"\" srcset=\"https:\/\/aswittepartg.de\/wp-content\/uploads\/2023\/06\/bild_spezialisierung_gross_0.jpg 365w, https:\/\/aswittepartg.de\/wp-content\/uploads\/2023\/06\/bild_spezialisierung_gross_0-300x219.jpg 300w\" sizes=\"(max-width: 365px) 100vw, 365px\" \/>\t\t\t\t\t\t\t\t\t\t\t\t\t\t\t<\/div>\n\t\t\t\t<\/div>\n\t\t\t\t\t<\/div>\n\t\t<\/div>\n\t\t\t\t\t<\/div>\n\t\t<\/section>\n\t\t\t\t<section class=\"elementor-section elementor-inner-section elementor-element elementor-element-06ab34f elementor-reverse-tablet elementor-reverse-mobile elementor-section-boxed elementor-section-height-default elementor-section-height-default\" data-id=\"06ab34f\" data-element_type=\"section\" data-e-type=\"section\">\n\t\t\t\t\t\t<div class=\"elementor-container elementor-column-gap-default\">\n\t\t\t\t\t<div class=\"elementor-column elementor-col-100 elementor-inner-column elementor-element elementor-element-e2f8395\" data-id=\"e2f8395\" data-element_type=\"column\" data-e-type=\"column\">\n\t\t\t<div class=\"elementor-widget-wrap elementor-element-populated\">\n\t\t\t\t\t\t<div class=\"elementor-element elementor-element-dc6ba27 elementor-widget elementor-widget-text-editor\" data-id=\"dc6ba27\" data-element_type=\"widget\" data-e-type=\"widget\" data-widget_type=\"text-editor.default\">\n\t\t\t\t<div class=\"elementor-widget-container\">\n\t\t\t\t\t\t\t\t\t<ul><li>Banca\/mercados financieros\/regulaci\u00f3n bancaria y de mercados financieros<\/li><li>Econom\u00eda inmobiliaria<\/li><li>Traducci\u00f3n de partidas, diplomas y certificados acad\u00e9micos<\/li><li>Gesti\u00f3n de los recursos humanos<\/li><li>Impuestos<\/li><li>Fusiones y adquisiciones, incluso procesos de diligencia debida<\/li><li>Gesti\u00f3n de calidad<\/li><\/ul><p><strong>Atendemos a una cantidad limitada de campos de especializaci\u00f3n<\/strong> que, excepto la educaci\u00f3n, todos se pueden comprender dentro del amplio abanico del <strong>derecho<\/strong> o de la <strong>econom\u00eda<\/strong>, que con frecuencia son interdependientes, para as\u00ed <strong>mantenernos al d\u00eda<\/strong> y garantizar una <strong>comprensi\u00f3n precisa<\/strong> de los temas de que tratan sus textos.<\/p><p>Como no podr\u00eda ser de otra manera, sus documentos se tratar\u00e1n bajo la m\u00e1s estricta confidencialidad.<\/p><p><b>Formatos de los documentos fuente<\/b><\/p><p>Word, Excel, PowerPoint, PDF, XHTML 1.1, HTML 4, HTML 5, Adobe FrameMaker, Adobe InDesign, Adobe InCopy, QuarkXpress, documentos entregados en mano o seg\u00fan acuerdo previo tambi\u00e9n enviados por correo postal.<\/p><p>Con mucha motivaci\u00f3n y entusiasmo nos dedicamos a nuestros campos de especialidad mencionados, como podr\u00e1n apreciar de <a href=\"https:\/\/aswittepartg.de\/en-gb\/services\/cpdwhats-new\">esta secci\u00f3n<\/a>.<\/p><p>Puede encontrar una lista de nuestros \u00e1mbitos de trabajo ampliados y secundarios (campos complementarios) en <a href=\"https:\/\/aswittepartg.de\/en-gb\/about-s\/other-benefits-you\/\">http:\/\/www.aswitte.de\/en-us\/about-s\/other-benefits-you<\/a><a href=\"http:\/\/www.aswittepartg.de\/en-us\/about-s\/other-benefits-you\">.<\/a><\/p>\t\t\t\t\t\t\t\t<\/div>\n\t\t\t\t<\/div>\n\t\t\t\t\t<\/div>\n\t\t<\/div>\n\t\t\t\t\t<\/div>\n\t\t<\/section>\n\t\t\t\t\t<\/div>\n\t\t<\/div>\n\t\t\t\t\t<\/div>\n\t\t<\/section>\n\t\t\t\t<\/div>\n\t\t","protected":false},"excerpt":{"rendered":"<p>Especialidades Protecci\u00f3n de la propiedad intelectual: marcas nacionales, marcas comunitarias y registros internacionales, derecho de autor, derechos de propiedad intelectual de los medios de comunicaci\u00f3n, modelos de utilidad, dise\u00f1os industriales, derecho de la competencia, derecho de patentes (tambi\u00e9n las solicitudes de patente propiamente dichas y las especificaciones de patente de naturaleza t\u00e9cnica), derecho de licencias [&hellip;]<\/p>\n","protected":false},"author":2,"featured_media":0,"parent":723,"menu_order":0,"comment_status":"closed","ping_status":"closed","template":"","meta":{"site-sidebar-layout":"no-sidebar","site-content-layout":"page-builder","ast-site-content-layout":"default","site-content-style":"default","site-sidebar-style":"default","ast-global-header-display":"","ast-banner-title-visibility":"","ast-main-header-display":"","ast-hfb-above-header-display":"","ast-hfb-below-header-display":"","ast-hfb-mobile-header-display":"","site-post-title":"disabled","ast-breadcrumbs-content":"","ast-featured-img":"disabled","footer-sml-layout":"","ast-disable-related-posts":"","theme-transparent-header-meta":"","adv-header-id-meta":"","stick-header-meta":"","header-above-stick-meta":"","header-main-stick-meta":"","header-below-stick-meta":"","astra-migrate-meta-layouts":"default","ast-page-background-enabled":"default","ast-page-background-meta":{"desktop":{"background-color":"var(--ast-global-color-4)","background-image":"","background-repeat":"repeat","background-position":"center center","background-size":"auto","background-attachment":"scroll","background-type":"","background-media":"","overlay-type":"","overlay-color":"","overlay-opacity":"","overlay-gradient":""},"tablet":{"background-color":"","background-image":"","background-repeat":"repeat","background-position":"center center","background-size":"auto","background-attachment":"scroll","background-type":"","background-media":"","overlay-type":"","overlay-color":"","overlay-opacity":"","overlay-gradient":""},"mobile":{"background-color":"","background-image":"","background-repeat":"repeat","background-position":"center center","background-size":"auto","background-attachment":"scroll","background-type":"","background-media":"","overlay-type":"","overlay-color":"","overlay-opacity":"","overlay-gradient":""}},"ast-content-background-meta":{"desktop":{"background-color":"var(--ast-global-color-5)","background-image":"","background-repeat":"repeat","background-position":"center center","background-size":"auto","background-attachment":"scroll","background-type":"","background-media":"","overlay-type":"","overlay-color":"","overlay-opacity":"","overlay-gradient":""},"tablet":{"background-color":"var(--ast-global-color-5)","background-image":"","background-repeat":"repeat","background-position":"center center","background-size":"auto","background-attachment":"scroll","background-type":"","background-media":"","overlay-type":"","overlay-color":"","overlay-opacity":"","overlay-gradient":""},"mobile":{"background-color":"var(--ast-global-color-5)","background-image":"","background-repeat":"repeat","background-position":"center center","background-size":"auto","background-attachment":"scroll","background-type":"","background-media":"","overlay-type":"","overlay-color":"","overlay-opacity":"","overlay-gradient":""}},"footnotes":""},"class_list":["post-819","page","type-page","status-publish","hentry"],"yoast_head":"<!-- This site is optimized with the Yoast SEO plugin v27.3 - https:\/\/yoast.com\/product\/yoast-seo-wordpress\/ -->\n<title>Especialidades - A. &amp; S. Witte Partnerschaft<\/title>\n<meta name=\"robots\" content=\"index, follow, max-snippet:-1, max-image-preview:large, max-video-preview:-1\" \/>\n<link rel=\"canonical\" href=\"https:\/\/aswittepartg.de\/es\/servicios\/especialidades\/\" \/>\n<meta property=\"og:locale\" content=\"es_ES\" \/>\n<meta property=\"og:type\" content=\"article\" \/>\n<meta property=\"og:title\" content=\"Especialidades - A. &amp; S. Witte Partnerschaft\" \/>\n<meta property=\"og:description\" content=\"Especialidades Protecci\u00f3n de la propiedad intelectual: marcas nacionales, marcas comunitarias y registros internacionales, derecho de autor, derechos de propiedad intelectual de los medios de comunicaci\u00f3n, modelos de utilidad, dise\u00f1os industriales, derecho de la competencia, derecho de patentes (tambi\u00e9n las solicitudes de patente propiamente dichas y las especificaciones de patente de naturaleza t\u00e9cnica), derecho de licencias [&hellip;]\" \/>\n<meta property=\"og:url\" content=\"https:\/\/aswittepartg.de\/es\/servicios\/especialidades\/\" \/>\n<meta property=\"og:site_name\" content=\"A. &amp; S. Witte Partnerschaft\" \/>\n<meta property=\"article:publisher\" content=\"https:\/\/www.facebook.com\/ASWITTE\" \/>\n<meta property=\"article:modified_time\" content=\"2023-07-14T12:28:18+00:00\" \/>\n<meta property=\"og:image\" content=\"https:\/\/aswittepartg.de\/wp-content\/uploads\/2023\/06\/bild_spezialisierung_gross_0.jpg\" \/>\n<meta name=\"twitter:card\" content=\"summary_large_image\" \/>\n<meta name=\"twitter:label1\" content=\"Tiempo de lectura\" \/>\n\t<meta name=\"twitter:data1\" content=\"2 minutos\" \/>\n<script type=\"application\/ld+json\" class=\"yoast-schema-graph\">{\"@context\":\"https:\\\/\\\/schema.org\",\"@graph\":[{\"@type\":\"WebPage\",\"@id\":\"https:\\\/\\\/aswittepartg.de\\\/es\\\/servicios\\\/especialidades\\\/\",\"url\":\"https:\\\/\\\/aswittepartg.de\\\/es\\\/servicios\\\/especialidades\\\/\",\"name\":\"Especialidades - A. &amp; S. Witte Partnerschaft\",\"isPartOf\":{\"@id\":\"https:\\\/\\\/aswittepartg.de\\\/#website\"},\"primaryImageOfPage\":{\"@id\":\"https:\\\/\\\/aswittepartg.de\\\/es\\\/servicios\\\/especialidades\\\/#primaryimage\"},\"image\":{\"@id\":\"https:\\\/\\\/aswittepartg.de\\\/es\\\/servicios\\\/especialidades\\\/#primaryimage\"},\"thumbnailUrl\":\"https:\\\/\\\/aswittepartg.de\\\/wp-content\\\/uploads\\\/2023\\\/06\\\/bild_spezialisierung_gross_0.jpg\",\"datePublished\":\"2023-06-25T20:09:04+00:00\",\"dateModified\":\"2023-07-14T12:28:18+00:00\",\"breadcrumb\":{\"@id\":\"https:\\\/\\\/aswittepartg.de\\\/es\\\/servicios\\\/especialidades\\\/#breadcrumb\"},\"inLanguage\":\"es\",\"potentialAction\":[{\"@type\":\"ReadAction\",\"target\":[\"https:\\\/\\\/aswittepartg.de\\\/es\\\/servicios\\\/especialidades\\\/\"]}]},{\"@type\":\"ImageObject\",\"inLanguage\":\"es\",\"@id\":\"https:\\\/\\\/aswittepartg.de\\\/es\\\/servicios\\\/especialidades\\\/#primaryimage\",\"url\":\"https:\\\/\\\/aswittepartg.de\\\/wp-content\\\/uploads\\\/2023\\\/06\\\/bild_spezialisierung_gross_0.jpg\",\"contentUrl\":\"https:\\\/\\\/aswittepartg.de\\\/wp-content\\\/uploads\\\/2023\\\/06\\\/bild_spezialisierung_gross_0.jpg\"},{\"@type\":\"BreadcrumbList\",\"@id\":\"https:\\\/\\\/aswittepartg.de\\\/es\\\/servicios\\\/especialidades\\\/#breadcrumb\",\"itemListElement\":[{\"@type\":\"ListItem\",\"position\":1,\"name\":\"Home\",\"item\":\"https:\\\/\\\/aswittepartg.de\\\/es\\\/\"},{\"@type\":\"ListItem\",\"position\":2,\"name\":\"Servicios\",\"item\":\"https:\\\/\\\/aswittepartg.de\\\/servicios\\\/\"},{\"@type\":\"ListItem\",\"position\":3,\"name\":\"Especialidades\"}]},{\"@type\":\"WebSite\",\"@id\":\"https:\\\/\\\/aswittepartg.de\\\/#website\",\"url\":\"https:\\\/\\\/aswittepartg.de\\\/\",\"name\":\"A. & S. Witte Partnerschaft\",\"description\":\"Fach&uuml;bersetzungen\\\/Specialist translations\",\"publisher\":{\"@id\":\"https:\\\/\\\/aswittepartg.de\\\/#organization\"},\"alternateName\":\"ASWITTE PartG\",\"potentialAction\":[{\"@type\":\"SearchAction\",\"target\":{\"@type\":\"EntryPoint\",\"urlTemplate\":\"https:\\\/\\\/aswittepartg.de\\\/?s={search_term_string}\"},\"query-input\":{\"@type\":\"PropertyValueSpecification\",\"valueRequired\":true,\"valueName\":\"search_term_string\"}}],\"inLanguage\":\"es\"},{\"@type\":\"Organization\",\"@id\":\"https:\\\/\\\/aswittepartg.de\\\/#organization\",\"name\":\"A. & S. Witte Partnerschaft\",\"alternateName\":\"ASWITTE PartG\",\"url\":\"https:\\\/\\\/aswittepartg.de\\\/\",\"logo\":{\"@type\":\"ImageObject\",\"inLanguage\":\"es\",\"@id\":\"https:\\\/\\\/aswittepartg.de\\\/#\\\/schema\\\/logo\\\/image\\\/\",\"url\":\"https:\\\/\\\/aswittepartg.de\\\/wp-content\\\/uploads\\\/2023\\\/06\\\/logo.png\",\"contentUrl\":\"https:\\\/\\\/aswittepartg.de\\\/wp-content\\\/uploads\\\/2023\\\/06\\\/logo.png\",\"width\":457,\"height\":475,\"caption\":\"A. & S. Witte Partnerschaft\"},\"image\":{\"@id\":\"https:\\\/\\\/aswittepartg.de\\\/#\\\/schema\\\/logo\\\/image\\\/\"},\"sameAs\":[\"https:\\\/\\\/www.facebook.com\\\/ASWITTE\"]}]}<\/script>\n<!-- \/ Yoast SEO plugin. -->","yoast_head_json":{"title":"Especialidades - A. &amp; S. Witte Partnerschaft","robots":{"index":"index","follow":"follow","max-snippet":"max-snippet:-1","max-image-preview":"max-image-preview:large","max-video-preview":"max-video-preview:-1"},"canonical":"https:\/\/aswittepartg.de\/es\/servicios\/especialidades\/","og_locale":"es_ES","og_type":"article","og_title":"Especialidades - A. &amp; S. Witte Partnerschaft","og_description":"Especialidades Protecci\u00f3n de la propiedad intelectual: marcas nacionales, marcas comunitarias y registros internacionales, derecho de autor, derechos de propiedad intelectual de los medios de comunicaci\u00f3n, modelos de utilidad, dise\u00f1os industriales, derecho de la competencia, derecho de patentes (tambi\u00e9n las solicitudes de patente propiamente dichas y las especificaciones de patente de naturaleza t\u00e9cnica), derecho de licencias [&hellip;]","og_url":"https:\/\/aswittepartg.de\/es\/servicios\/especialidades\/","og_site_name":"A. &amp; S. Witte Partnerschaft","article_publisher":"https:\/\/www.facebook.com\/ASWITTE","article_modified_time":"2023-07-14T12:28:18+00:00","og_image":[{"url":"https:\/\/aswittepartg.de\/wp-content\/uploads\/2023\/06\/bild_spezialisierung_gross_0.jpg","type":"","width":"","height":""}],"twitter_card":"summary_large_image","twitter_misc":{"Tiempo de lectura":"2 minutos"},"schema":{"@context":"https:\/\/schema.org","@graph":[{"@type":"WebPage","@id":"https:\/\/aswittepartg.de\/es\/servicios\/especialidades\/","url":"https:\/\/aswittepartg.de\/es\/servicios\/especialidades\/","name":"Especialidades - A. &amp; S. Witte Partnerschaft","isPartOf":{"@id":"https:\/\/aswittepartg.de\/#website"},"primaryImageOfPage":{"@id":"https:\/\/aswittepartg.de\/es\/servicios\/especialidades\/#primaryimage"},"image":{"@id":"https:\/\/aswittepartg.de\/es\/servicios\/especialidades\/#primaryimage"},"thumbnailUrl":"https:\/\/aswittepartg.de\/wp-content\/uploads\/2023\/06\/bild_spezialisierung_gross_0.jpg","datePublished":"2023-06-25T20:09:04+00:00","dateModified":"2023-07-14T12:28:18+00:00","breadcrumb":{"@id":"https:\/\/aswittepartg.de\/es\/servicios\/especialidades\/#breadcrumb"},"inLanguage":"es","potentialAction":[{"@type":"ReadAction","target":["https:\/\/aswittepartg.de\/es\/servicios\/especialidades\/"]}]},{"@type":"ImageObject","inLanguage":"es","@id":"https:\/\/aswittepartg.de\/es\/servicios\/especialidades\/#primaryimage","url":"https:\/\/aswittepartg.de\/wp-content\/uploads\/2023\/06\/bild_spezialisierung_gross_0.jpg","contentUrl":"https:\/\/aswittepartg.de\/wp-content\/uploads\/2023\/06\/bild_spezialisierung_gross_0.jpg"},{"@type":"BreadcrumbList","@id":"https:\/\/aswittepartg.de\/es\/servicios\/especialidades\/#breadcrumb","itemListElement":[{"@type":"ListItem","position":1,"name":"Home","item":"https:\/\/aswittepartg.de\/es\/"},{"@type":"ListItem","position":2,"name":"Servicios","item":"https:\/\/aswittepartg.de\/servicios\/"},{"@type":"ListItem","position":3,"name":"Especialidades"}]},{"@type":"WebSite","@id":"https:\/\/aswittepartg.de\/#website","url":"https:\/\/aswittepartg.de\/","name":"A. & S. Witte Partnerschaft","description":"Fach&uuml;bersetzungen\/Specialist translations","publisher":{"@id":"https:\/\/aswittepartg.de\/#organization"},"alternateName":"ASWITTE PartG","potentialAction":[{"@type":"SearchAction","target":{"@type":"EntryPoint","urlTemplate":"https:\/\/aswittepartg.de\/?s={search_term_string}"},"query-input":{"@type":"PropertyValueSpecification","valueRequired":true,"valueName":"search_term_string"}}],"inLanguage":"es"},{"@type":"Organization","@id":"https:\/\/aswittepartg.de\/#organization","name":"A. & S. Witte Partnerschaft","alternateName":"ASWITTE PartG","url":"https:\/\/aswittepartg.de\/","logo":{"@type":"ImageObject","inLanguage":"es","@id":"https:\/\/aswittepartg.de\/#\/schema\/logo\/image\/","url":"https:\/\/aswittepartg.de\/wp-content\/uploads\/2023\/06\/logo.png","contentUrl":"https:\/\/aswittepartg.de\/wp-content\/uploads\/2023\/06\/logo.png","width":457,"height":475,"caption":"A. & S. Witte Partnerschaft"},"image":{"@id":"https:\/\/aswittepartg.de\/#\/schema\/logo\/image\/"},"sameAs":["https:\/\/www.facebook.com\/ASWITTE"]}]}},"_links":{"self":[{"href":"https:\/\/aswittepartg.de\/es\/wp-json\/wp\/v2\/pages\/819","targetHints":{"allow":["GET"]}}],"collection":[{"href":"https:\/\/aswittepartg.de\/es\/wp-json\/wp\/v2\/pages"}],"about":[{"href":"https:\/\/aswittepartg.de\/es\/wp-json\/wp\/v2\/types\/page"}],"author":[{"embeddable":true,"href":"https:\/\/aswittepartg.de\/es\/wp-json\/wp\/v2\/users\/2"}],"replies":[{"embeddable":true,"href":"https:\/\/aswittepartg.de\/es\/wp-json\/wp\/v2\/comments?post=819"}],"version-history":[{"count":10,"href":"https:\/\/aswittepartg.de\/es\/wp-json\/wp\/v2\/pages\/819\/revisions"}],"predecessor-version":[{"id":1282,"href":"https:\/\/aswittepartg.de\/es\/wp-json\/wp\/v2\/pages\/819\/revisions\/1282"}],"up":[{"embeddable":true,"href":"https:\/\/aswittepartg.de\/es\/wp-json\/wp\/v2\/pages\/723"}],"wp:attachment":[{"href":"https:\/\/aswittepartg.de\/es\/wp-json\/wp\/v2\/media?parent=819"}],"curies":[{"name":"wp","href":"https:\/\/api.w.org\/{rel}","templated":true}]}}