{"id":1018,"date":"2023-06-24T13:06:12","date_gmt":"2023-06-24T13:06:12","guid":{"rendered":"https:\/\/aswittepartg.de\/wie-wir-unser-netzwerk-knuepfen\/"},"modified":"2023-07-10T21:40:56","modified_gmt":"2023-07-10T21:40:56","slug":"comment-creons-nous-notre-reseau","status":"publish","type":"page","link":"https:\/\/aswittepartg.de\/fr\/comment-creons-nous-notre-reseau\/","title":{"rendered":"Comment cr\u00e9ons-nous notre r\u00e9seau?"},"content":{"rendered":"\t\t<div data-elementor-type=\"wp-page\" data-elementor-id=\"1018\" class=\"elementor elementor-1018 elementor-173\" data-elementor-post-type=\"page\">\n\t\t\t\t\t\t<section class=\"elementor-section elementor-top-section elementor-element elementor-element-462bdaa elementor-section-boxed elementor-section-height-default elementor-section-height-default\" data-id=\"462bdaa\" data-element_type=\"section\" data-e-type=\"section\">\n\t\t\t\t\t\t<div class=\"elementor-container elementor-column-gap-default\">\n\t\t\t\t\t<div class=\"elementor-column elementor-col-100 elementor-top-column elementor-element elementor-element-edf750c\" data-id=\"edf750c\" data-element_type=\"column\" data-e-type=\"column\" data-settings=\"{&quot;background_background&quot;:&quot;classic&quot;}\">\n\t\t\t<div class=\"elementor-widget-wrap elementor-element-populated\">\n\t\t\t\t\t\t<div class=\"elementor-element elementor-element-8427765 elementor-widget elementor-widget-heading\" data-id=\"8427765\" data-element_type=\"widget\" data-e-type=\"widget\" data-widget_type=\"heading.default\">\n\t\t\t\t<div class=\"elementor-widget-container\">\n\t\t\t\t\t<h1 class=\"elementor-heading-title elementor-size-default\">Comment cr\u00e9ons-nous notre r\u00e9seau?\n<\/h1>\t\t\t\t<\/div>\n\t\t\t\t<\/div>\n\t\t\t\t<section class=\"elementor-section elementor-inner-section elementor-element elementor-element-725b8c3 elementor-reverse-tablet elementor-reverse-mobile elementor-section-boxed elementor-section-height-default elementor-section-height-default\" data-id=\"725b8c3\" data-element_type=\"section\" data-e-type=\"section\">\n\t\t\t\t\t\t<div class=\"elementor-container elementor-column-gap-default\">\n\t\t\t\t\t<div class=\"elementor-column elementor-col-50 elementor-inner-column elementor-element elementor-element-1464d5c\" data-id=\"1464d5c\" data-element_type=\"column\" data-e-type=\"column\">\n\t\t\t<div class=\"elementor-widget-wrap elementor-element-populated\">\n\t\t\t\t\t\t<div class=\"elementor-element elementor-element-0f1e00d elementor-hidden-desktop elementor-hidden-tablet elementor-widget elementor-widget-spacer\" data-id=\"0f1e00d\" data-element_type=\"widget\" data-e-type=\"widget\" data-widget_type=\"spacer.default\">\n\t\t\t\t<div class=\"elementor-widget-container\">\n\t\t\t\t\t\t\t<div class=\"elementor-spacer\">\n\t\t\t<div class=\"elementor-spacer-inner\"><\/div>\n\t\t<\/div>\n\t\t\t\t\t\t<\/div>\n\t\t\t\t<\/div>\n\t\t\t\t<div class=\"elementor-element elementor-element-03e0cc3 elementor-widget elementor-widget-text-editor\" data-id=\"03e0cc3\" data-element_type=\"widget\" data-e-type=\"widget\" data-widget_type=\"text-editor.default\">\n\t\t\t\t<div class=\"elementor-widget-container\">\n\t\t\t\t\t\t\t\t\t<p>Voici un aper\u00e7u des crit\u00e8res qui nous guident dans le choix des membres du \u00abnoyau dur\u00bb de notre \u00e9quipe et des autres coll\u00e8gues auxquels nous faisons appel lorsque ceci s\u2019av\u00e8re n\u00e9cessaire.<\/p><p>Qualit\u00e9 et comp\u00e9tence sont nos mots d\u2019ordre. Pour que ceux-ci ne soient pas seulement un slogan, nous attachons une grande importance aux qualifications linguistiques proprement dites de nos collaborateurs, mais aussi \u00e0 toute une s\u00e9rie de crit\u00e8res tels que la participation \u00e0 des concours de terminologie, l\u2019exp\u00e9rience acquise dans les diff\u00e9rents domaines de sp\u00e9cialisation ou des \u00e9tudes correspondantes, les r\u00e9actions des clients, les dipl\u00f4mes et distinctions ayant trait au m\u00e9tier de traducteur\/interpr\u00e8te, les indications faites en mati\u00e8re d\u2019exp\u00e9rience en traduction, l\u2019expression et le style de la correspondance et du CV. Nous confions \u00e9galement de petites traductions aux candidats afin de sonder leur potentiel.<\/p>\t\t\t\t\t\t\t\t<\/div>\n\t\t\t\t<\/div>\n\t\t\t\t\t<\/div>\n\t\t<\/div>\n\t\t\t\t<div class=\"elementor-column elementor-col-50 elementor-inner-column elementor-element elementor-element-cbf3165\" data-id=\"cbf3165\" data-element_type=\"column\" data-e-type=\"column\">\n\t\t\t<div class=\"elementor-widget-wrap elementor-element-populated\">\n\t\t\t\t\t\t<div class=\"elementor-element elementor-element-7cee037 elementor-widget elementor-widget-image\" data-id=\"7cee037\" data-element_type=\"widget\" data-e-type=\"widget\" data-widget_type=\"image.default\">\n\t\t\t\t<div class=\"elementor-widget-container\">\n\t\t\t\t\t\t\t\t\t\t\t\t\t\t\t<img fetchpriority=\"high\" decoding=\"async\" width=\"365\" height=\"234\" src=\"https:\/\/aswittepartg.de\/wp-content\/uploads\/2023\/06\/pexels-photo-68704.jpg\" class=\"attachment-full size-full wp-image-421\" alt=\"\" srcset=\"https:\/\/aswittepartg.de\/wp-content\/uploads\/2023\/06\/pexels-photo-68704.jpg 365w, https:\/\/aswittepartg.de\/wp-content\/uploads\/2023\/06\/pexels-photo-68704-300x192.jpg 300w\" sizes=\"(max-width: 365px) 100vw, 365px\" \/>\t\t\t\t\t\t\t\t\t\t\t\t\t\t\t<\/div>\n\t\t\t\t<\/div>\n\t\t\t\t\t<\/div>\n\t\t<\/div>\n\t\t\t\t\t<\/div>\n\t\t<\/section>\n\t\t\t\t<section class=\"elementor-section elementor-inner-section elementor-element elementor-element-c22d32e elementor-reverse-tablet elementor-reverse-mobile elementor-section-boxed elementor-section-height-default elementor-section-height-default\" data-id=\"c22d32e\" data-element_type=\"section\" data-e-type=\"section\">\n\t\t\t\t\t\t<div class=\"elementor-container elementor-column-gap-default\">\n\t\t\t\t\t<div class=\"elementor-column elementor-col-100 elementor-inner-column elementor-element elementor-element-7c5b018\" data-id=\"7c5b018\" data-element_type=\"column\" data-e-type=\"column\">\n\t\t\t<div class=\"elementor-widget-wrap elementor-element-populated\">\n\t\t\t\t\t\t<div class=\"elementor-element elementor-element-63960db elementor-widget elementor-widget-text-editor\" data-id=\"63960db\" data-element_type=\"widget\" data-e-type=\"widget\" data-widget_type=\"text-editor.default\">\n\t\t\t\t<div class=\"elementor-widget-container\">\n\t\t\t\t\t\t\t\t\t<div id=\"master\">\n<div class=\"content-wrapper clear\"><p><\/p><main class=\"main-content text \"><p><\/p>\n<p>Notre processus de gestion interne de la qualit\u00e9, qui op\u00e8re \u00e9galement au niveau du suivi, c\u2019est-\u00e0-dire parall\u00e8lement \u00e0 la r\u00e9alisation du travail par le\/la coll\u00e8gue, et pendant la phase de v\u00e9rification avant la livraison, nous permet de vous garantir une prestation conforme \u00e0 vos plus hautes exigences.<\/p>\n<p>Lorsque nous transmettons un projet \u00e0 une autre traductrice\/un autre traducteur ou que nous mettons en place une \u00e9quipe de traducteurs (pour les commandes devant \u00eatre effectu\u00e9es dans des d\u00e9lais serr\u00e9s ou dans plusieurs langues sources ou cibles), nous vous garantissons une mise en page se rapprochant le plus possible de l\u2019original et une prestation en ad\u00e9quation avec nos propres crit\u00e8res de qualit\u00e9.<\/p>\n<p><b>Principe de la langue maternelle limit\u00e9 et ax\u00e9 sur l\u2019expertise professionnelle<\/b><\/p>\n<p>Lorsque, pour une mission qui nous est confi\u00e9e, deux candidats sont aussi qualifi\u00e9s l\u2019un que l\u2019autre tant au niveau de leurs capacit\u00e9s linguistiques que dans le domaine de sp\u00e9cialisation en question, nous privil\u00e9gions une collaboration avec le locuteur natif de la langue cible.<\/p>\n<p>(Si le locuteur natif de la langue cible est dans l\u2019ensemble plus qualifi\u00e9 que le non-natif, il va de soi que c\u2019est \u00e9galement \u00e0 lui que nous confions la mission.)<\/p>\n<p>Par ailleurs, nous proposons au client, \u00e0 titre de service additionnel (optionnel) et moyennant un suppl\u00e9ment, une relecture sp\u00e9cialis\u00e9e effectu\u00e9e par un deuxi\u00e8me locuteur natif de la langue cible disposant d\u2019une grande expertise dans le domaine concern\u00e9. Pour les combinaisons de langues dans lesquelles nous sommes en mesure d\u2019effectuer nous-m\u00eames la relecture (voir la rubrique \u00ab services \u00bb), les \u00e9tapes de finalisation et de relecture comparative sont comprises dans le prix fix\u00e9 pour la traduction et ce, \u00e9galement lorsque celle-ci a \u00e9t\u00e9 confi\u00e9e \u00e0 un traducteur tiers.<\/p>\n<p>Lorsque le profil du locuteur non-natif correspond davantage \u00e0 celui requis pour une mission sp\u00e9cifique quant au domaine de sp\u00e9cialisation et\/ou aux comp\u00e9tences linguistiques dans la langue cible (ce qui est parfois le cas), nous \u00e9valuons l\u2019aptitude de ce locuteur natif de la langue source \u00e0 traduire avec rigueur et pertinence \u00e0 partir de sa langue maternelle (ce qui peut \u00eatre synonyme d\u2019une meilleure compr\u00e9hension du texte source et d\u2019une plus grande concordance dans la reproduction du sens de celui-ci) et \u00e0 produire un texte qui r\u00e9pond aux exigences du type de texte concern\u00e9 et qui atteint le but communicatif du texte source dans la langue cible. Dans un second temps, nous confions le produit de cette premi\u00e8re phase de travail \u00e0 un relecteur de langue maternelle de la langue cible sp\u00e9cialis\u00e9 dans le domaine sp\u00e9cifique. Celui-ci est charg\u00e9 de v\u00e9rifier l\u2019exactitude terminologique et la coh\u00e9rence du style en y apportant les corrections n\u00e9cessaires afin de cr\u00e9er un texte fluide et de qualit\u00e9 irr\u00e9prochable (susceptible d\u2019\u00eatre per\u00e7u par des lecteurs instruits comme un texte ayant \u00e9t\u00e9 r\u00e9dig\u00e9 par un locuteur natif). Lorsque nous sommes locuteurs natifs de la langue cible (c\u2019est-\u00e0-dire l\u2019anglais ou l\u2019allemand) et que le domaine du document \u00e0 traduire fait partie de nos domaines de comp\u00e9tence, nous nous chargeons nous-m\u00eames de cette derni\u00e8re \u00e9tape de travail. Dans les rares cas o\u00f9 nous ne ma\u00eetrisons pas la langue source, il peut s\u2019av\u00e9rer n\u00e9cessaire de soumettre le texte traduit \u00e0 une deuxi\u00e8me relecture qui sera factur\u00e9e au client s\u00e9par\u00e9ment; cette prestation est cependant g\u00e9n\u00e9ralement comprise dans le prix de la traduction, car lorsque nous sommes en mesure de proc\u00e9der nous-m\u00eames \u00e0 la finalisation r\u00e9dactionnelle du texte traduit ou \u00e0 la relecture comparative du texte source et de sa traduction, nous fournissons cette prestation sans la facturer.<\/p>\n<p>Nous ne proposons qu\u2019un nombre limit\u00e9 de combinaisons de langues et de domaines de sp\u00e9cialisation, afin d\u2019assurer le bon d\u00e9roulement de nos activit\u00e9s d\u2019interm\u00e9diaires entre les clients et les traducteurs, de disposer des capacit\u00e9s suffisantes pour r\u00e9pondre aux exigences sp\u00e9cifiques de cette activit\u00e9 parall\u00e8lement \u00e0 notre travail de traducteurs-interpr\u00e8tes et de garantir des prestations de haute qualit\u00e9 gr\u00e2ce \u00e0 une gestion optimis\u00e9e des projets bas\u00e9e sur une connaissance pr\u00e9cise des diff\u00e9rents domaines d\u2019expertise et une parfaite ma\u00eetrise des langues propos\u00e9es. Pour les documents \u00e0 usage interne et\/ou \u00e0 caract\u00e8re purement informatif, lorsqu\u2019un client nous confie une traduction dans une combinaison linguistique rare ou dans un domaine tout \u00e0 fait particulier ne faisant pas partie de nos domaines de comp\u00e9tence, il est possible de renoncer, avec l\u2019accord du client, \u00e0 l\u2019\u00e9tape de finalisation par un traducteur de langue maternelle cible.<\/p>\n<p><\/p><\/main><\/div>\n<\/div>\n<nav id=\"secondary-menu\" class=\"secondary-navigation centered clear\"><\/nav>\t\t\t\t\t\t\t\t<\/div>\n\t\t\t\t<\/div>\n\t\t\t\t\t<\/div>\n\t\t<\/div>\n\t\t\t\t\t<\/div>\n\t\t<\/section>\n\t\t\t\t\t<\/div>\n\t\t<\/div>\n\t\t\t\t\t<\/div>\n\t\t<\/section>\n\t\t\t\t<\/div>\n\t\t","protected":false},"excerpt":{"rendered":"<p>Comment cr\u00e9ons-nous notre r\u00e9seau? Voici un aper\u00e7u des crit\u00e8res qui nous guident dans le choix des membres du \u00abnoyau dur\u00bb de notre \u00e9quipe et des autres coll\u00e8gues auxquels nous faisons appel lorsque ceci s\u2019av\u00e8re n\u00e9cessaire. Qualit\u00e9 et comp\u00e9tence sont nos mots d\u2019ordre. Pour que ceux-ci ne soient pas seulement un slogan, nous attachons une grande [&hellip;]<\/p>\n","protected":false},"author":2,"featured_media":0,"parent":0,"menu_order":0,"comment_status":"closed","ping_status":"closed","template":"","meta":{"site-sidebar-layout":"no-sidebar","site-content-layout":"page-builder","ast-site-content-layout":"default","site-content-style":"default","site-sidebar-style":"default","ast-global-header-display":"","ast-banner-title-visibility":"","ast-main-header-display":"","ast-hfb-above-header-display":"","ast-hfb-below-header-display":"","ast-hfb-mobile-header-display":"","site-post-title":"disabled","ast-breadcrumbs-content":"","ast-featured-img":"disabled","footer-sml-layout":"","ast-disable-related-posts":"","theme-transparent-header-meta":"","adv-header-id-meta":"","stick-header-meta":"","header-above-stick-meta":"","header-main-stick-meta":"","header-below-stick-meta":"","astra-migrate-meta-layouts":"default","ast-page-background-enabled":"default","ast-page-background-meta":{"desktop":{"background-color":"var(--ast-global-color-4)","background-image":"","background-repeat":"repeat","background-position":"center center","background-size":"auto","background-attachment":"scroll","background-type":"","background-media":"","overlay-type":"","overlay-color":"","overlay-opacity":"","overlay-gradient":""},"tablet":{"background-color":"","background-image":"","background-repeat":"repeat","background-position":"center center","background-size":"auto","background-attachment":"scroll","background-type":"","background-media":"","overlay-type":"","overlay-color":"","overlay-opacity":"","overlay-gradient":""},"mobile":{"background-color":"","background-image":"","background-repeat":"repeat","background-position":"center center","background-size":"auto","background-attachment":"scroll","background-type":"","background-media":"","overlay-type":"","overlay-color":"","overlay-opacity":"","overlay-gradient":""}},"ast-content-background-meta":{"desktop":{"background-color":"var(--ast-global-color-5)","background-image":"","background-repeat":"repeat","background-position":"center center","background-size":"auto","background-attachment":"scroll","background-type":"","background-media":"","overlay-type":"","overlay-color":"","overlay-opacity":"","overlay-gradient":""},"tablet":{"background-color":"var(--ast-global-color-5)","background-image":"","background-repeat":"repeat","background-position":"center center","background-size":"auto","background-attachment":"scroll","background-type":"","background-media":"","overlay-type":"","overlay-color":"","overlay-opacity":"","overlay-gradient":""},"mobile":{"background-color":"var(--ast-global-color-5)","background-image":"","background-repeat":"repeat","background-position":"center center","background-size":"auto","background-attachment":"scroll","background-type":"","background-media":"","overlay-type":"","overlay-color":"","overlay-opacity":"","overlay-gradient":""}},"footnotes":""},"class_list":["post-1018","page","type-page","status-publish","hentry"],"yoast_head":"<!-- This site is optimized with the Yoast SEO plugin v27.3 - https:\/\/yoast.com\/product\/yoast-seo-wordpress\/ -->\n<title>Comment cr\u00e9ons-nous notre r\u00e9seau? - A. &amp; S. Witte Partnerschaft<\/title>\n<meta name=\"robots\" content=\"index, follow, max-snippet:-1, max-image-preview:large, max-video-preview:-1\" \/>\n<link rel=\"canonical\" href=\"https:\/\/aswittepartg.de\/fr\/comment-creons-nous-notre-reseau\/\" \/>\n<meta property=\"og:locale\" content=\"fr_FR\" \/>\n<meta property=\"og:type\" content=\"article\" \/>\n<meta property=\"og:title\" content=\"Comment cr\u00e9ons-nous notre r\u00e9seau? - A. &amp; S. Witte Partnerschaft\" \/>\n<meta property=\"og:description\" content=\"Comment cr\u00e9ons-nous notre r\u00e9seau? Voici un aper\u00e7u des crit\u00e8res qui nous guident dans le choix des membres du \u00abnoyau dur\u00bb de notre \u00e9quipe et des autres coll\u00e8gues auxquels nous faisons appel lorsque ceci s\u2019av\u00e8re n\u00e9cessaire. Qualit\u00e9 et comp\u00e9tence sont nos mots d\u2019ordre. Pour que ceux-ci ne soient pas seulement un slogan, nous attachons une grande [&hellip;]\" \/>\n<meta property=\"og:url\" content=\"https:\/\/aswittepartg.de\/fr\/comment-creons-nous-notre-reseau\/\" \/>\n<meta property=\"og:site_name\" content=\"A. &amp; S. Witte Partnerschaft\" \/>\n<meta property=\"article:publisher\" content=\"https:\/\/www.facebook.com\/ASWITTE\" \/>\n<meta property=\"article:modified_time\" content=\"2023-07-10T21:40:56+00:00\" \/>\n<meta property=\"og:image\" content=\"https:\/\/aswittepartg.de\/wp-content\/uploads\/2023\/06\/pexels-photo-68704.jpg\" \/>\n<meta name=\"twitter:card\" content=\"summary_large_image\" \/>\n<meta name=\"twitter:label1\" content=\"Dur\u00e9e de lecture estim\u00e9e\" \/>\n\t<meta name=\"twitter:data1\" content=\"5 minutes\" \/>\n<script type=\"application\/ld+json\" class=\"yoast-schema-graph\">{\"@context\":\"https:\\\/\\\/schema.org\",\"@graph\":[{\"@type\":\"WebPage\",\"@id\":\"https:\\\/\\\/aswittepartg.de\\\/fr\\\/comment-creons-nous-notre-reseau\\\/\",\"url\":\"https:\\\/\\\/aswittepartg.de\\\/fr\\\/comment-creons-nous-notre-reseau\\\/\",\"name\":\"Comment cr\u00e9ons-nous notre r\u00e9seau? - A. &amp; S. Witte Partnerschaft\",\"isPartOf\":{\"@id\":\"https:\\\/\\\/aswittepartg.de\\\/#website\"},\"primaryImageOfPage\":{\"@id\":\"https:\\\/\\\/aswittepartg.de\\\/fr\\\/comment-creons-nous-notre-reseau\\\/#primaryimage\"},\"image\":{\"@id\":\"https:\\\/\\\/aswittepartg.de\\\/fr\\\/comment-creons-nous-notre-reseau\\\/#primaryimage\"},\"thumbnailUrl\":\"https:\\\/\\\/aswittepartg.de\\\/wp-content\\\/uploads\\\/2023\\\/06\\\/pexels-photo-68704.jpg\",\"datePublished\":\"2023-06-24T13:06:12+00:00\",\"dateModified\":\"2023-07-10T21:40:56+00:00\",\"breadcrumb\":{\"@id\":\"https:\\\/\\\/aswittepartg.de\\\/fr\\\/comment-creons-nous-notre-reseau\\\/#breadcrumb\"},\"inLanguage\":\"fr-FR\",\"potentialAction\":[{\"@type\":\"ReadAction\",\"target\":[\"https:\\\/\\\/aswittepartg.de\\\/fr\\\/comment-creons-nous-notre-reseau\\\/\"]}]},{\"@type\":\"ImageObject\",\"inLanguage\":\"fr-FR\",\"@id\":\"https:\\\/\\\/aswittepartg.de\\\/fr\\\/comment-creons-nous-notre-reseau\\\/#primaryimage\",\"url\":\"https:\\\/\\\/aswittepartg.de\\\/wp-content\\\/uploads\\\/2023\\\/06\\\/pexels-photo-68704.jpg\",\"contentUrl\":\"https:\\\/\\\/aswittepartg.de\\\/wp-content\\\/uploads\\\/2023\\\/06\\\/pexels-photo-68704.jpg\"},{\"@type\":\"BreadcrumbList\",\"@id\":\"https:\\\/\\\/aswittepartg.de\\\/fr\\\/comment-creons-nous-notre-reseau\\\/#breadcrumb\",\"itemListElement\":[{\"@type\":\"ListItem\",\"position\":1,\"name\":\"Home\",\"item\":\"https:\\\/\\\/aswittepartg.de\\\/fr\\\/\"},{\"@type\":\"ListItem\",\"position\":2,\"name\":\"Comment cr\u00e9ons-nous notre r\u00e9seau?\"}]},{\"@type\":\"WebSite\",\"@id\":\"https:\\\/\\\/aswittepartg.de\\\/#website\",\"url\":\"https:\\\/\\\/aswittepartg.de\\\/\",\"name\":\"A. & S. Witte Partnerschaft\",\"description\":\"Fach&uuml;bersetzungen\\\/Specialist translations\",\"publisher\":{\"@id\":\"https:\\\/\\\/aswittepartg.de\\\/#organization\"},\"alternateName\":\"ASWITTE PartG\",\"potentialAction\":[{\"@type\":\"SearchAction\",\"target\":{\"@type\":\"EntryPoint\",\"urlTemplate\":\"https:\\\/\\\/aswittepartg.de\\\/?s={search_term_string}\"},\"query-input\":{\"@type\":\"PropertyValueSpecification\",\"valueRequired\":true,\"valueName\":\"search_term_string\"}}],\"inLanguage\":\"fr-FR\"},{\"@type\":\"Organization\",\"@id\":\"https:\\\/\\\/aswittepartg.de\\\/#organization\",\"name\":\"A. & S. Witte Partnerschaft\",\"alternateName\":\"ASWITTE PartG\",\"url\":\"https:\\\/\\\/aswittepartg.de\\\/\",\"logo\":{\"@type\":\"ImageObject\",\"inLanguage\":\"fr-FR\",\"@id\":\"https:\\\/\\\/aswittepartg.de\\\/#\\\/schema\\\/logo\\\/image\\\/\",\"url\":\"https:\\\/\\\/aswittepartg.de\\\/wp-content\\\/uploads\\\/2023\\\/06\\\/logo.png\",\"contentUrl\":\"https:\\\/\\\/aswittepartg.de\\\/wp-content\\\/uploads\\\/2023\\\/06\\\/logo.png\",\"width\":457,\"height\":475,\"caption\":\"A. & S. Witte Partnerschaft\"},\"image\":{\"@id\":\"https:\\\/\\\/aswittepartg.de\\\/#\\\/schema\\\/logo\\\/image\\\/\"},\"sameAs\":[\"https:\\\/\\\/www.facebook.com\\\/ASWITTE\"]}]}<\/script>\n<!-- \/ Yoast SEO plugin. -->","yoast_head_json":{"title":"Comment cr\u00e9ons-nous notre r\u00e9seau? - A. &amp; S. Witte Partnerschaft","robots":{"index":"index","follow":"follow","max-snippet":"max-snippet:-1","max-image-preview":"max-image-preview:large","max-video-preview":"max-video-preview:-1"},"canonical":"https:\/\/aswittepartg.de\/fr\/comment-creons-nous-notre-reseau\/","og_locale":"fr_FR","og_type":"article","og_title":"Comment cr\u00e9ons-nous notre r\u00e9seau? - A. &amp; S. Witte Partnerschaft","og_description":"Comment cr\u00e9ons-nous notre r\u00e9seau? Voici un aper\u00e7u des crit\u00e8res qui nous guident dans le choix des membres du \u00abnoyau dur\u00bb de notre \u00e9quipe et des autres coll\u00e8gues auxquels nous faisons appel lorsque ceci s\u2019av\u00e8re n\u00e9cessaire. Qualit\u00e9 et comp\u00e9tence sont nos mots d\u2019ordre. Pour que ceux-ci ne soient pas seulement un slogan, nous attachons une grande [&hellip;]","og_url":"https:\/\/aswittepartg.de\/fr\/comment-creons-nous-notre-reseau\/","og_site_name":"A. &amp; S. Witte Partnerschaft","article_publisher":"https:\/\/www.facebook.com\/ASWITTE","article_modified_time":"2023-07-10T21:40:56+00:00","og_image":[{"url":"https:\/\/aswittepartg.de\/wp-content\/uploads\/2023\/06\/pexels-photo-68704.jpg","type":"","width":"","height":""}],"twitter_card":"summary_large_image","twitter_misc":{"Dur\u00e9e de lecture estim\u00e9e":"5 minutes"},"schema":{"@context":"https:\/\/schema.org","@graph":[{"@type":"WebPage","@id":"https:\/\/aswittepartg.de\/fr\/comment-creons-nous-notre-reseau\/","url":"https:\/\/aswittepartg.de\/fr\/comment-creons-nous-notre-reseau\/","name":"Comment cr\u00e9ons-nous notre r\u00e9seau? - A. &amp; S. Witte Partnerschaft","isPartOf":{"@id":"https:\/\/aswittepartg.de\/#website"},"primaryImageOfPage":{"@id":"https:\/\/aswittepartg.de\/fr\/comment-creons-nous-notre-reseau\/#primaryimage"},"image":{"@id":"https:\/\/aswittepartg.de\/fr\/comment-creons-nous-notre-reseau\/#primaryimage"},"thumbnailUrl":"https:\/\/aswittepartg.de\/wp-content\/uploads\/2023\/06\/pexels-photo-68704.jpg","datePublished":"2023-06-24T13:06:12+00:00","dateModified":"2023-07-10T21:40:56+00:00","breadcrumb":{"@id":"https:\/\/aswittepartg.de\/fr\/comment-creons-nous-notre-reseau\/#breadcrumb"},"inLanguage":"fr-FR","potentialAction":[{"@type":"ReadAction","target":["https:\/\/aswittepartg.de\/fr\/comment-creons-nous-notre-reseau\/"]}]},{"@type":"ImageObject","inLanguage":"fr-FR","@id":"https:\/\/aswittepartg.de\/fr\/comment-creons-nous-notre-reseau\/#primaryimage","url":"https:\/\/aswittepartg.de\/wp-content\/uploads\/2023\/06\/pexels-photo-68704.jpg","contentUrl":"https:\/\/aswittepartg.de\/wp-content\/uploads\/2023\/06\/pexels-photo-68704.jpg"},{"@type":"BreadcrumbList","@id":"https:\/\/aswittepartg.de\/fr\/comment-creons-nous-notre-reseau\/#breadcrumb","itemListElement":[{"@type":"ListItem","position":1,"name":"Home","item":"https:\/\/aswittepartg.de\/fr\/"},{"@type":"ListItem","position":2,"name":"Comment cr\u00e9ons-nous notre r\u00e9seau?"}]},{"@type":"WebSite","@id":"https:\/\/aswittepartg.de\/#website","url":"https:\/\/aswittepartg.de\/","name":"A. & S. Witte Partnerschaft","description":"Fach&uuml;bersetzungen\/Specialist translations","publisher":{"@id":"https:\/\/aswittepartg.de\/#organization"},"alternateName":"ASWITTE PartG","potentialAction":[{"@type":"SearchAction","target":{"@type":"EntryPoint","urlTemplate":"https:\/\/aswittepartg.de\/?s={search_term_string}"},"query-input":{"@type":"PropertyValueSpecification","valueRequired":true,"valueName":"search_term_string"}}],"inLanguage":"fr-FR"},{"@type":"Organization","@id":"https:\/\/aswittepartg.de\/#organization","name":"A. & S. Witte Partnerschaft","alternateName":"ASWITTE PartG","url":"https:\/\/aswittepartg.de\/","logo":{"@type":"ImageObject","inLanguage":"fr-FR","@id":"https:\/\/aswittepartg.de\/#\/schema\/logo\/image\/","url":"https:\/\/aswittepartg.de\/wp-content\/uploads\/2023\/06\/logo.png","contentUrl":"https:\/\/aswittepartg.de\/wp-content\/uploads\/2023\/06\/logo.png","width":457,"height":475,"caption":"A. & S. Witte Partnerschaft"},"image":{"@id":"https:\/\/aswittepartg.de\/#\/schema\/logo\/image\/"},"sameAs":["https:\/\/www.facebook.com\/ASWITTE"]}]}},"_links":{"self":[{"href":"https:\/\/aswittepartg.de\/fr\/wp-json\/wp\/v2\/pages\/1018","targetHints":{"allow":["GET"]}}],"collection":[{"href":"https:\/\/aswittepartg.de\/fr\/wp-json\/wp\/v2\/pages"}],"about":[{"href":"https:\/\/aswittepartg.de\/fr\/wp-json\/wp\/v2\/types\/page"}],"author":[{"embeddable":true,"href":"https:\/\/aswittepartg.de\/fr\/wp-json\/wp\/v2\/users\/2"}],"replies":[{"embeddable":true,"href":"https:\/\/aswittepartg.de\/fr\/wp-json\/wp\/v2\/comments?post=1018"}],"version-history":[{"count":9,"href":"https:\/\/aswittepartg.de\/fr\/wp-json\/wp\/v2\/pages\/1018\/revisions"}],"predecessor-version":[{"id":1129,"href":"https:\/\/aswittepartg.de\/fr\/wp-json\/wp\/v2\/pages\/1018\/revisions\/1129"}],"wp:attachment":[{"href":"https:\/\/aswittepartg.de\/fr\/wp-json\/wp\/v2\/media?parent=1018"}],"curies":[{"name":"wp","href":"https:\/\/api.w.org\/{rel}","templated":true}]}}