{"id":577,"date":"2023-06-23T04:44:20","date_gmt":"2023-06-23T04:44:20","guid":{"rendered":"https:\/\/aswittepartg.de\/bienvenue-sur-le-site-de-a-s-witte-partnerschaft-traducteurs-specialises-et-prestataires-de-services-linguistiques\/"},"modified":"2023-07-14T11:42:18","modified_gmt":"2023-07-14T11:42:18","slug":"bienvenue-sur-le-site-de-a-s-witte-partnerschaft-traducteurs-specialises-et-prestataires-de-services-linguistiques","status":"publish","type":"page","link":"https:\/\/aswittepartg.de\/fr\/","title":{"rendered":"Bienvenue sur le site de A. &amp; S. Witte Partnerschaft, traducteurs sp\u00e9cialis\u00e9s et prestataires de services linguistiques!"},"content":{"rendered":"\t\t<div data-elementor-type=\"wp-page\" data-elementor-id=\"577\" class=\"elementor elementor-577 elementor-34\" data-elementor-post-type=\"page\">\n\t\t\t\t\t\t<section class=\"elementor-section elementor-top-section elementor-element elementor-element-9066e7e elementor-section-boxed elementor-section-height-default elementor-section-height-default\" data-id=\"9066e7e\" data-element_type=\"section\" data-e-type=\"section\">\n\t\t\t\t\t\t<div class=\"elementor-container elementor-column-gap-default\">\n\t\t\t\t\t<div class=\"elementor-column elementor-col-100 elementor-top-column elementor-element elementor-element-5dd0325\" data-id=\"5dd0325\" data-element_type=\"column\" data-e-type=\"column\" data-settings=\"{&quot;background_background&quot;:&quot;classic&quot;}\">\n\t\t\t<div class=\"elementor-widget-wrap elementor-element-populated\">\n\t\t\t\t\t\t<div class=\"elementor-element elementor-element-10578b0 elementor-widget elementor-widget-heading\" data-id=\"10578b0\" data-element_type=\"widget\" data-e-type=\"widget\" data-widget_type=\"heading.default\">\n\t\t\t\t<div class=\"elementor-widget-container\">\n\t\t\t\t\t<h1 class=\"elementor-heading-title elementor-size-default\">Bienvenue sur le site de A. &amp; S. Witte Partnerschaft, traducteurs sp\u00e9cialis\u00e9s et prestataires de services linguistiques!\n<\/h1>\t\t\t\t<\/div>\n\t\t\t\t<\/div>\n\t\t\t\t<section class=\"elementor-section elementor-inner-section elementor-element elementor-element-bca64f7 elementor-reverse-tablet elementor-reverse-mobile elementor-section-boxed elementor-section-height-default elementor-section-height-default\" data-id=\"bca64f7\" data-element_type=\"section\" data-e-type=\"section\">\n\t\t\t\t\t\t<div class=\"elementor-container elementor-column-gap-default\">\n\t\t\t\t\t<div class=\"elementor-column elementor-col-50 elementor-inner-column elementor-element elementor-element-f4b67a8\" data-id=\"f4b67a8\" data-element_type=\"column\" data-e-type=\"column\">\n\t\t\t<div class=\"elementor-widget-wrap elementor-element-populated\">\n\t\t\t\t\t\t<div class=\"elementor-element elementor-element-10d6283 elementor-hidden-desktop elementor-hidden-tablet elementor-widget elementor-widget-spacer\" data-id=\"10d6283\" data-element_type=\"widget\" data-e-type=\"widget\" data-widget_type=\"spacer.default\">\n\t\t\t\t<div class=\"elementor-widget-container\">\n\t\t\t\t\t\t\t<div class=\"elementor-spacer\">\n\t\t\t<div class=\"elementor-spacer-inner\"><\/div>\n\t\t<\/div>\n\t\t\t\t\t\t<\/div>\n\t\t\t\t<\/div>\n\t\t\t\t<div class=\"elementor-element elementor-element-65029ab elementor-widget elementor-widget-text-editor\" data-id=\"65029ab\" data-element_type=\"widget\" data-e-type=\"widget\" data-widget_type=\"text-editor.default\">\n\t\t\t\t<div class=\"elementor-widget-container\">\n\t\t\t\t\t\t\t\t\t<p>Ne serait-ce pas merveilleux d\u2019avoir \u00e0 sa disposition une \u00e9quipe de professionnels qui conna\u00eet d\u2019une part toutes les ficelles du m\u00e9tier de traducteur et d\u2019interpr\u00e8te et sait d\u2019autre part \u00e0 qui s\u2019adresser lorsqu\u2019elle ne peut pas vous aider elle-m\u00eame?<\/p><p>Une \u00e9quipe de professionnels qui vous assiste avec comp\u00e9tence dans toute une s\u00e9rie de domaines. Des sp\u00e9cialistes de confiance qui ne proposent leurs services que dans les domaines qu\u2019ils ma\u00eetrisent totalement sans faire mille promesses qu\u2019ils ne pourront jamais tenir. Des sp\u00e9cialistes auxquels on peut \u00e9galement confier d\u2019autres t\u00e2ches que celle de la traduction proprement dite.<\/p><p><span style=\"font-style: inherit; font-weight: inherit;\">Profitez de nos processus internes optimis\u00e9s et profitez en m\u00eame temps de la possibilit\u00e9 de communiquer directement avec votre prestataire de services.<\/span><\/p><p>Un guichet unique qui vous propose toute une gamme de services d\u2019un seul et m\u00eame prestataire, mais pas tout!<\/p><p>Vous avez ici trouv\u00e9 les sp\u00e9cialistes que vous cherchiez. Une \u00e9quipe de traducteurs de langue maternelle anglaise, fran\u00e7aise, allemande, espagnole ou italienne tous hautement qualifi\u00e9s et exp\u00e9riment\u00e9s et faisant preuve d\u2019une grande ma\u00eetrise de style, regroup\u00e9s autour de la soci\u00e9t\u00e9 en partenariat A. &amp; S. Witte Partnerschaft. Pour savoir ce qui se cache derri\u00e8re ce sigle myst\u00e9rieux lisez la suite <a href=\"https:\/\/aswittepartg.de\/fr\/%c3%a0-propos-de-s\/astrid-elke-witte-nee-en-1957\/\">ici<\/a> \u2026<\/p>\t\t\t\t\t\t\t\t<\/div>\n\t\t\t\t<\/div>\n\t\t\t\t\t<\/div>\n\t\t<\/div>\n\t\t\t\t<div class=\"elementor-column elementor-col-50 elementor-inner-column elementor-element elementor-element-66d158b\" data-id=\"66d158b\" data-element_type=\"column\" data-e-type=\"column\">\n\t\t\t<div class=\"elementor-widget-wrap elementor-element-populated\">\n\t\t\t\t\t\t<div class=\"elementor-element elementor-element-73872df elementor-widget elementor-widget-image\" data-id=\"73872df\" data-element_type=\"widget\" data-e-type=\"widget\" data-widget_type=\"image.default\">\n\t\t\t\t<div class=\"elementor-widget-container\">\n\t\t\t\t\t\t\t\t\t\t\t\t\t\t\t<img fetchpriority=\"high\" decoding=\"async\" width=\"365\" height=\"243\" src=\"https:\/\/aswittepartg.de\/wp-content\/uploads\/2023\/06\/pexels-photo-227433.jpg\" class=\"attachment-full size-full wp-image-381\" alt=\"\" srcset=\"https:\/\/aswittepartg.de\/wp-content\/uploads\/2023\/06\/pexels-photo-227433.jpg 365w, https:\/\/aswittepartg.de\/wp-content\/uploads\/2023\/06\/pexels-photo-227433-300x200.jpg 300w\" sizes=\"(max-width: 365px) 100vw, 365px\" \/>\t\t\t\t\t\t\t\t\t\t\t\t\t\t\t<\/div>\n\t\t\t\t<\/div>\n\t\t\t\t<div class=\"elementor-element elementor-element-deb2bc5 elementor-widget elementor-widget-image\" data-id=\"deb2bc5\" data-element_type=\"widget\" data-e-type=\"widget\" data-widget_type=\"image.default\">\n\t\t\t\t<div class=\"elementor-widget-container\">\n\t\t\t\t\t\t\t\t\t\t\t\t\t\t\t<img decoding=\"async\" width=\"365\" height=\"288\" src=\"https:\/\/aswittepartg.de\/wp-content\/uploads\/2023\/07\/stempel_2016_franz.png\" class=\"attachment-full size-full wp-image-922\" alt=\"\" srcset=\"https:\/\/aswittepartg.de\/wp-content\/uploads\/2023\/07\/stempel_2016_franz.png 365w, https:\/\/aswittepartg.de\/wp-content\/uploads\/2023\/07\/stempel_2016_franz-300x237.png 300w\" sizes=\"(max-width: 365px) 100vw, 365px\" \/>\t\t\t\t\t\t\t\t\t\t\t\t\t\t\t<\/div>\n\t\t\t\t<\/div>\n\t\t\t\t<div class=\"elementor-element elementor-element-69ce493 elementor-widget elementor-widget-image\" data-id=\"69ce493\" data-element_type=\"widget\" data-e-type=\"widget\" data-widget_type=\"image.default\">\n\t\t\t\t<div class=\"elementor-widget-container\">\n\t\t\t\t\t\t\t\t\t\t\t\t\t\t\t<img decoding=\"async\" width=\"365\" height=\"266\" src=\"https:\/\/aswittepartg.de\/wp-content\/uploads\/2023\/06\/bild_spezialisierung_gross_0.jpg\" class=\"attachment-full size-full wp-image-391\" alt=\"\" srcset=\"https:\/\/aswittepartg.de\/wp-content\/uploads\/2023\/06\/bild_spezialisierung_gross_0.jpg 365w, https:\/\/aswittepartg.de\/wp-content\/uploads\/2023\/06\/bild_spezialisierung_gross_0-300x219.jpg 300w\" sizes=\"(max-width: 365px) 100vw, 365px\" \/>\t\t\t\t\t\t\t\t\t\t\t\t\t\t\t<\/div>\n\t\t\t\t<\/div>\n\t\t\t\t\t<\/div>\n\t\t<\/div>\n\t\t\t\t\t<\/div>\n\t\t<\/section>\n\t\t\t\t\t<\/div>\n\t\t<\/div>\n\t\t\t\t\t<\/div>\n\t\t<\/section>\n\t\t\t\t<\/div>\n\t\t","protected":false},"excerpt":{"rendered":"<p>Bienvenue sur le site de A. &amp; S. Witte Partnerschaft, traducteurs sp\u00e9cialis\u00e9s et prestataires de services linguistiques! Ne serait-ce pas merveilleux d\u2019avoir \u00e0 sa disposition une \u00e9quipe de professionnels qui conna\u00eet d\u2019une part toutes les ficelles du m\u00e9tier de traducteur et d\u2019interpr\u00e8te et sait d\u2019autre part \u00e0 qui s\u2019adresser lorsqu\u2019elle ne peut pas vous aider [&hellip;]<\/p>\n","protected":false},"author":2,"featured_media":0,"parent":0,"menu_order":0,"comment_status":"closed","ping_status":"closed","template":"","meta":{"site-sidebar-layout":"no-sidebar","site-content-layout":"page-builder","ast-site-content-layout":"full-width-container","site-content-style":"unboxed","site-sidebar-style":"unboxed","ast-global-header-display":"","ast-banner-title-visibility":"","ast-main-header-display":"","ast-hfb-above-header-display":"","ast-hfb-below-header-display":"","ast-hfb-mobile-header-display":"","site-post-title":"disabled","ast-breadcrumbs-content":"","ast-featured-img":"disabled","footer-sml-layout":"","ast-disable-related-posts":"","theme-transparent-header-meta":"","adv-header-id-meta":"","stick-header-meta":"","header-above-stick-meta":"","header-main-stick-meta":"","header-below-stick-meta":"","astra-migrate-meta-layouts":"default","ast-page-background-enabled":"default","ast-page-background-meta":{"desktop":{"background-color":"var(--ast-global-color-4)","background-image":"","background-repeat":"repeat","background-position":"center center","background-size":"auto","background-attachment":"scroll","background-type":"","background-media":"","overlay-type":"","overlay-color":"","overlay-opacity":"","overlay-gradient":""},"tablet":{"background-color":"","background-image":"","background-repeat":"repeat","background-position":"center center","background-size":"auto","background-attachment":"scroll","background-type":"","background-media":"","overlay-type":"","overlay-color":"","overlay-opacity":"","overlay-gradient":""},"mobile":{"background-color":"","background-image":"","background-repeat":"repeat","background-position":"center center","background-size":"auto","background-attachment":"scroll","background-type":"","background-media":"","overlay-type":"","overlay-color":"","overlay-opacity":"","overlay-gradient":""}},"ast-content-background-meta":{"desktop":{"background-color":"var(--ast-global-color-5)","background-image":"","background-repeat":"repeat","background-position":"center center","background-size":"auto","background-attachment":"scroll","background-type":"","background-media":"","overlay-type":"","overlay-color":"","overlay-opacity":"","overlay-gradient":""},"tablet":{"background-color":"var(--ast-global-color-5)","background-image":"","background-repeat":"repeat","background-position":"center center","background-size":"auto","background-attachment":"scroll","background-type":"","background-media":"","overlay-type":"","overlay-color":"","overlay-opacity":"","overlay-gradient":""},"mobile":{"background-color":"var(--ast-global-color-5)","background-image":"","background-repeat":"repeat","background-position":"center center","background-size":"auto","background-attachment":"scroll","background-type":"","background-media":"","overlay-type":"","overlay-color":"","overlay-opacity":"","overlay-gradient":""}},"footnotes":""},"class_list":["post-577","page","type-page","status-publish","hentry"],"yoast_head":"<!-- This site is optimized with the Yoast SEO plugin v27.4 - https:\/\/yoast.com\/product\/yoast-seo-wordpress\/ -->\n<title>Bienvenue sur le site de A. &amp; S. Witte Partnerschaft, traducteurs sp\u00e9cialis\u00e9s et prestataires de services linguistiques! - A. &amp; S. Witte Partnerschaft<\/title>\n<meta name=\"robots\" content=\"index, follow, max-snippet:-1, max-image-preview:large, max-video-preview:-1\" \/>\n<link rel=\"canonical\" href=\"https:\/\/aswittepartg.de\/fr\/\" \/>\n<meta property=\"og:locale\" content=\"fr_FR\" \/>\n<meta property=\"og:type\" content=\"article\" \/>\n<meta property=\"og:title\" content=\"Bienvenue sur le site de A. &amp; S. Witte Partnerschaft, traducteurs sp\u00e9cialis\u00e9s et prestataires de services linguistiques! - A. &amp; S. Witte Partnerschaft\" \/>\n<meta property=\"og:description\" content=\"Bienvenue sur le site de A. &amp; S. Witte Partnerschaft, traducteurs sp\u00e9cialis\u00e9s et prestataires de services linguistiques! Ne serait-ce pas merveilleux d\u2019avoir \u00e0 sa disposition une \u00e9quipe de professionnels qui conna\u00eet d\u2019une part toutes les ficelles du m\u00e9tier de traducteur et d\u2019interpr\u00e8te et sait d\u2019autre part \u00e0 qui s\u2019adresser lorsqu\u2019elle ne peut pas vous aider [&hellip;]\" \/>\n<meta property=\"og:url\" content=\"https:\/\/aswittepartg.de\/fr\/\" \/>\n<meta property=\"og:site_name\" content=\"A. &amp; S. Witte Partnerschaft\" \/>\n<meta property=\"article:publisher\" content=\"https:\/\/www.facebook.com\/ASWITTE\" \/>\n<meta property=\"article:modified_time\" content=\"2023-07-14T11:42:18+00:00\" \/>\n<meta property=\"og:image\" content=\"https:\/\/aswittepartg.de\/wp-content\/uploads\/2023\/06\/pexels-photo-227433.jpg\" \/>\n<meta name=\"twitter:card\" content=\"summary_large_image\" \/>\n<meta name=\"twitter:label1\" content=\"Dur\u00e9e de lecture estim\u00e9e\" \/>\n\t<meta name=\"twitter:data1\" content=\"2 minutes\" \/>\n<script type=\"application\/ld+json\" class=\"yoast-schema-graph\">{\"@context\":\"https:\\\/\\\/schema.org\",\"@graph\":[{\"@type\":\"WebPage\",\"@id\":\"https:\\\/\\\/aswittepartg.de\\\/fr\\\/\",\"url\":\"https:\\\/\\\/aswittepartg.de\\\/fr\\\/\",\"name\":\"Bienvenue sur le site de A. &amp; S. Witte Partnerschaft, traducteurs sp\u00e9cialis\u00e9s et prestataires de services linguistiques! - A. &amp; S. Witte Partnerschaft\",\"isPartOf\":{\"@id\":\"https:\\\/\\\/aswittepartg.de\\\/#website\"},\"primaryImageOfPage\":{\"@id\":\"https:\\\/\\\/aswittepartg.de\\\/fr\\\/#primaryimage\"},\"image\":{\"@id\":\"https:\\\/\\\/aswittepartg.de\\\/fr\\\/#primaryimage\"},\"thumbnailUrl\":\"https:\\\/\\\/aswittepartg.de\\\/wp-content\\\/uploads\\\/2023\\\/06\\\/pexels-photo-227433.jpg\",\"datePublished\":\"2023-06-23T04:44:20+00:00\",\"dateModified\":\"2023-07-14T11:42:18+00:00\",\"breadcrumb\":{\"@id\":\"https:\\\/\\\/aswittepartg.de\\\/fr\\\/#breadcrumb\"},\"inLanguage\":\"fr-FR\",\"potentialAction\":[{\"@type\":\"ReadAction\",\"target\":[\"https:\\\/\\\/aswittepartg.de\\\/fr\\\/\"]}]},{\"@type\":\"ImageObject\",\"inLanguage\":\"fr-FR\",\"@id\":\"https:\\\/\\\/aswittepartg.de\\\/fr\\\/#primaryimage\",\"url\":\"https:\\\/\\\/aswittepartg.de\\\/wp-content\\\/uploads\\\/2023\\\/06\\\/pexels-photo-227433.jpg\",\"contentUrl\":\"https:\\\/\\\/aswittepartg.de\\\/wp-content\\\/uploads\\\/2023\\\/06\\\/pexels-photo-227433.jpg\"},{\"@type\":\"BreadcrumbList\",\"@id\":\"https:\\\/\\\/aswittepartg.de\\\/fr\\\/#breadcrumb\",\"itemListElement\":[{\"@type\":\"ListItem\",\"position\":1,\"name\":\"Home\",\"item\":\"https:\\\/\\\/aswittepartg.de\\\/fr\\\/\"},{\"@type\":\"ListItem\",\"position\":2,\"name\":\"Bienvenue sur le site de A. &amp; S. Witte Partnerschaft, traducteurs sp\u00e9cialis\u00e9s et prestataires de services linguistiques!\"}]},{\"@type\":\"WebSite\",\"@id\":\"https:\\\/\\\/aswittepartg.de\\\/#website\",\"url\":\"https:\\\/\\\/aswittepartg.de\\\/\",\"name\":\"A. & S. Witte Partnerschaft\",\"description\":\"Fach&uuml;bersetzungen\\\/Specialist translations\",\"publisher\":{\"@id\":\"https:\\\/\\\/aswittepartg.de\\\/#organization\"},\"alternateName\":\"ASWITTE PartG\",\"potentialAction\":[{\"@type\":\"SearchAction\",\"target\":{\"@type\":\"EntryPoint\",\"urlTemplate\":\"https:\\\/\\\/aswittepartg.de\\\/?s={search_term_string}\"},\"query-input\":{\"@type\":\"PropertyValueSpecification\",\"valueRequired\":true,\"valueName\":\"search_term_string\"}}],\"inLanguage\":\"fr-FR\"},{\"@type\":\"Organization\",\"@id\":\"https:\\\/\\\/aswittepartg.de\\\/#organization\",\"name\":\"A. & S. Witte Partnerschaft\",\"alternateName\":\"ASWITTE PartG\",\"url\":\"https:\\\/\\\/aswittepartg.de\\\/\",\"logo\":{\"@type\":\"ImageObject\",\"inLanguage\":\"fr-FR\",\"@id\":\"https:\\\/\\\/aswittepartg.de\\\/#\\\/schema\\\/logo\\\/image\\\/\",\"url\":\"https:\\\/\\\/aswittepartg.de\\\/wp-content\\\/uploads\\\/2023\\\/06\\\/logo.png\",\"contentUrl\":\"https:\\\/\\\/aswittepartg.de\\\/wp-content\\\/uploads\\\/2023\\\/06\\\/logo.png\",\"width\":457,\"height\":475,\"caption\":\"A. & S. Witte Partnerschaft\"},\"image\":{\"@id\":\"https:\\\/\\\/aswittepartg.de\\\/#\\\/schema\\\/logo\\\/image\\\/\"},\"sameAs\":[\"https:\\\/\\\/www.facebook.com\\\/ASWITTE\"]}]}<\/script>\n<!-- \/ Yoast SEO plugin. -->","yoast_head_json":{"title":"Bienvenue sur le site de A. &amp; S. Witte Partnerschaft, traducteurs sp\u00e9cialis\u00e9s et prestataires de services linguistiques! - A. &amp; S. Witte Partnerschaft","robots":{"index":"index","follow":"follow","max-snippet":"max-snippet:-1","max-image-preview":"max-image-preview:large","max-video-preview":"max-video-preview:-1"},"canonical":"https:\/\/aswittepartg.de\/fr\/","og_locale":"fr_FR","og_type":"article","og_title":"Bienvenue sur le site de A. &amp; S. Witte Partnerschaft, traducteurs sp\u00e9cialis\u00e9s et prestataires de services linguistiques! - A. &amp; S. Witte Partnerschaft","og_description":"Bienvenue sur le site de A. &amp; S. Witte Partnerschaft, traducteurs sp\u00e9cialis\u00e9s et prestataires de services linguistiques! Ne serait-ce pas merveilleux d\u2019avoir \u00e0 sa disposition une \u00e9quipe de professionnels qui conna\u00eet d\u2019une part toutes les ficelles du m\u00e9tier de traducteur et d\u2019interpr\u00e8te et sait d\u2019autre part \u00e0 qui s\u2019adresser lorsqu\u2019elle ne peut pas vous aider [&hellip;]","og_url":"https:\/\/aswittepartg.de\/fr\/","og_site_name":"A. &amp; S. Witte Partnerschaft","article_publisher":"https:\/\/www.facebook.com\/ASWITTE","article_modified_time":"2023-07-14T11:42:18+00:00","og_image":[{"url":"https:\/\/aswittepartg.de\/wp-content\/uploads\/2023\/06\/pexels-photo-227433.jpg","type":"","width":"","height":""}],"twitter_card":"summary_large_image","twitter_misc":{"Dur\u00e9e de lecture estim\u00e9e":"2 minutes"},"schema":{"@context":"https:\/\/schema.org","@graph":[{"@type":"WebPage","@id":"https:\/\/aswittepartg.de\/fr\/","url":"https:\/\/aswittepartg.de\/fr\/","name":"Bienvenue sur le site de A. &amp; S. Witte Partnerschaft, traducteurs sp\u00e9cialis\u00e9s et prestataires de services linguistiques! - A. &amp; S. Witte Partnerschaft","isPartOf":{"@id":"https:\/\/aswittepartg.de\/#website"},"primaryImageOfPage":{"@id":"https:\/\/aswittepartg.de\/fr\/#primaryimage"},"image":{"@id":"https:\/\/aswittepartg.de\/fr\/#primaryimage"},"thumbnailUrl":"https:\/\/aswittepartg.de\/wp-content\/uploads\/2023\/06\/pexels-photo-227433.jpg","datePublished":"2023-06-23T04:44:20+00:00","dateModified":"2023-07-14T11:42:18+00:00","breadcrumb":{"@id":"https:\/\/aswittepartg.de\/fr\/#breadcrumb"},"inLanguage":"fr-FR","potentialAction":[{"@type":"ReadAction","target":["https:\/\/aswittepartg.de\/fr\/"]}]},{"@type":"ImageObject","inLanguage":"fr-FR","@id":"https:\/\/aswittepartg.de\/fr\/#primaryimage","url":"https:\/\/aswittepartg.de\/wp-content\/uploads\/2023\/06\/pexels-photo-227433.jpg","contentUrl":"https:\/\/aswittepartg.de\/wp-content\/uploads\/2023\/06\/pexels-photo-227433.jpg"},{"@type":"BreadcrumbList","@id":"https:\/\/aswittepartg.de\/fr\/#breadcrumb","itemListElement":[{"@type":"ListItem","position":1,"name":"Home","item":"https:\/\/aswittepartg.de\/fr\/"},{"@type":"ListItem","position":2,"name":"Bienvenue sur le site de A. &amp; S. Witte Partnerschaft, traducteurs sp\u00e9cialis\u00e9s et prestataires de services linguistiques!"}]},{"@type":"WebSite","@id":"https:\/\/aswittepartg.de\/#website","url":"https:\/\/aswittepartg.de\/","name":"A. & S. Witte Partnerschaft","description":"Fach&uuml;bersetzungen\/Specialist translations","publisher":{"@id":"https:\/\/aswittepartg.de\/#organization"},"alternateName":"ASWITTE PartG","potentialAction":[{"@type":"SearchAction","target":{"@type":"EntryPoint","urlTemplate":"https:\/\/aswittepartg.de\/?s={search_term_string}"},"query-input":{"@type":"PropertyValueSpecification","valueRequired":true,"valueName":"search_term_string"}}],"inLanguage":"fr-FR"},{"@type":"Organization","@id":"https:\/\/aswittepartg.de\/#organization","name":"A. & S. Witte Partnerschaft","alternateName":"ASWITTE PartG","url":"https:\/\/aswittepartg.de\/","logo":{"@type":"ImageObject","inLanguage":"fr-FR","@id":"https:\/\/aswittepartg.de\/#\/schema\/logo\/image\/","url":"https:\/\/aswittepartg.de\/wp-content\/uploads\/2023\/06\/logo.png","contentUrl":"https:\/\/aswittepartg.de\/wp-content\/uploads\/2023\/06\/logo.png","width":457,"height":475,"caption":"A. & S. Witte Partnerschaft"},"image":{"@id":"https:\/\/aswittepartg.de\/#\/schema\/logo\/image\/"},"sameAs":["https:\/\/www.facebook.com\/ASWITTE"]}]}},"_links":{"self":[{"href":"https:\/\/aswittepartg.de\/fr\/wp-json\/wp\/v2\/pages\/577","targetHints":{"allow":["GET"]}}],"collection":[{"href":"https:\/\/aswittepartg.de\/fr\/wp-json\/wp\/v2\/pages"}],"about":[{"href":"https:\/\/aswittepartg.de\/fr\/wp-json\/wp\/v2\/types\/page"}],"author":[{"embeddable":true,"href":"https:\/\/aswittepartg.de\/fr\/wp-json\/wp\/v2\/users\/2"}],"replies":[{"embeddable":true,"href":"https:\/\/aswittepartg.de\/fr\/wp-json\/wp\/v2\/comments?post=577"}],"version-history":[{"count":7,"href":"https:\/\/aswittepartg.de\/fr\/wp-json\/wp\/v2\/pages\/577\/revisions"}],"predecessor-version":[{"id":1254,"href":"https:\/\/aswittepartg.de\/fr\/wp-json\/wp\/v2\/pages\/577\/revisions\/1254"}],"wp:attachment":[{"href":"https:\/\/aswittepartg.de\/fr\/wp-json\/wp\/v2\/media?parent=577"}],"curies":[{"name":"wp","href":"https:\/\/api.w.org\/{rel}","templated":true}]}}