{"id":615,"date":"2023-06-24T13:26:42","date_gmt":"2023-06-24T13:26:42","guid":{"rendered":"https:\/\/aswittepartg.de\/a-s-witte-partg-vous-propose-les-services-suivants\/"},"modified":"2023-07-10T22:14:34","modified_gmt":"2023-07-10T22:14:34","slug":"s-witte-partg-vous-propose-les-services-suivants","status":"publish","type":"page","link":"https:\/\/aswittepartg.de\/fr\/s-witte-partg-vous-propose-les-services-suivants\/","title":{"rendered":"A. &amp; S. Witte PartG vous propose les services suivants"},"content":{"rendered":"\t\t<div data-elementor-type=\"wp-page\" data-elementor-id=\"615\" class=\"elementor elementor-615 elementor-209\" data-elementor-post-type=\"page\">\n\t\t\t\t\t\t<section class=\"elementor-section elementor-top-section elementor-element elementor-element-d187a38 elementor-section-boxed elementor-section-height-default elementor-section-height-default\" data-id=\"d187a38\" data-element_type=\"section\" data-e-type=\"section\">\n\t\t\t\t\t\t<div class=\"elementor-container elementor-column-gap-default\">\n\t\t\t\t\t<div class=\"elementor-column elementor-col-100 elementor-top-column elementor-element elementor-element-8e3b436\" data-id=\"8e3b436\" data-element_type=\"column\" data-e-type=\"column\" data-settings=\"{&quot;background_background&quot;:&quot;classic&quot;}\">\n\t\t\t<div class=\"elementor-widget-wrap elementor-element-populated\">\n\t\t\t\t\t\t<div class=\"elementor-element elementor-element-98e43f8 elementor-widget elementor-widget-heading\" data-id=\"98e43f8\" data-element_type=\"widget\" data-e-type=\"widget\" data-widget_type=\"heading.default\">\n\t\t\t\t<div class=\"elementor-widget-container\">\n\t\t\t\t\t<h1 class=\"elementor-heading-title elementor-size-default\">A. &amp; S. Witte PartG vous propose les services suivants<\/h1>\t\t\t\t<\/div>\n\t\t\t\t<\/div>\n\t\t\t\t<section class=\"elementor-section elementor-inner-section elementor-element elementor-element-f78d39c elementor-reverse-tablet elementor-reverse-mobile elementor-section-boxed elementor-section-height-default elementor-section-height-default\" data-id=\"f78d39c\" data-element_type=\"section\" data-e-type=\"section\">\n\t\t\t\t\t\t<div class=\"elementor-container elementor-column-gap-default\">\n\t\t\t\t\t<div class=\"elementor-column elementor-col-50 elementor-inner-column elementor-element elementor-element-c7cd195\" data-id=\"c7cd195\" data-element_type=\"column\" data-e-type=\"column\">\n\t\t\t<div class=\"elementor-widget-wrap elementor-element-populated\">\n\t\t\t\t\t\t<div class=\"elementor-element elementor-element-df529dd elementor-hidden-desktop elementor-hidden-tablet elementor-widget elementor-widget-spacer\" data-id=\"df529dd\" data-element_type=\"widget\" data-e-type=\"widget\" data-widget_type=\"spacer.default\">\n\t\t\t\t<div class=\"elementor-widget-container\">\n\t\t\t\t\t\t\t<div class=\"elementor-spacer\">\n\t\t\t<div class=\"elementor-spacer-inner\"><\/div>\n\t\t<\/div>\n\t\t\t\t\t\t<\/div>\n\t\t\t\t<\/div>\n\t\t\t\t<div class=\"elementor-element elementor-element-b57beb5 elementor-widget elementor-widget-text-editor\" data-id=\"b57beb5\" data-element_type=\"widget\" data-e-type=\"widget\" data-widget_type=\"text-editor.default\">\n\t\t\t\t<div class=\"elementor-widget-container\">\n\t\t\t\t\t\t\t\t\t<h3>Anglais&lt; &gt; allemand<\/h3>\n<p>Traduction, r\u00e9vision, traductions certifi\u00e9es conformes et relecture (certifi\u00e9e conforme) de traductions effectu\u00e9es par des tiers (avec attestation de la conformit\u00e9 et de l\u2019int\u00e9gralit\u00e9 de la traduction), gestion terminologique, r\u00e9vision d&rsquo;une traduction en fonction des modifications du texte source, Machine Translation Post-Editing: Full, Medium, Light. * Nous utilisons DeepL Pro. Vos donn\u00e9es sont en s\u00e9curit\u00e9.<\/p>\n<h3>Espagnol&lt; &gt; allemand<\/h3>\n<p>Traduction, r\u00e9vision, traductions certifi\u00e9es conformes\/relecture certifi\u00e9e conforme, gestion terminologique, r\u00e9vision d&rsquo;une traduction en fonction des modifications du texte source, Machine Translation Post-Editing: Full, Medium, Light. * Nous utilisons DeepL Pro. Vos donn\u00e9es sont en s\u00e9curit\u00e9. * Wir benutzen DeepL Pro. Ihre Daten sind sicher.  <\/p>\n\t\t\t\t\t\t\t\t<\/div>\n\t\t\t\t<\/div>\n\t\t\t\t\t<\/div>\n\t\t<\/div>\n\t\t\t\t<div class=\"elementor-column elementor-col-50 elementor-inner-column elementor-element elementor-element-9a7f725\" data-id=\"9a7f725\" data-element_type=\"column\" data-e-type=\"column\">\n\t\t\t<div class=\"elementor-widget-wrap elementor-element-populated\">\n\t\t\t\t\t\t<div class=\"elementor-element elementor-element-e78a7f4 elementor-widget elementor-widget-image\" data-id=\"e78a7f4\" data-element_type=\"widget\" data-e-type=\"widget\" data-widget_type=\"image.default\">\n\t\t\t\t<div class=\"elementor-widget-container\">\n\t\t\t\t\t\t\t\t\t\t\t\t\t\t\t<img fetchpriority=\"high\" decoding=\"async\" width=\"365\" height=\"274\" src=\"https:\/\/aswittepartg.de\/wp-content\/uploads\/2023\/06\/services.jpg\" class=\"attachment-full size-full wp-image-436\" alt=\"\" srcset=\"https:\/\/aswittepartg.de\/wp-content\/uploads\/2023\/06\/services.jpg 365w, https:\/\/aswittepartg.de\/wp-content\/uploads\/2023\/06\/services-300x225.jpg 300w\" sizes=\"(max-width: 365px) 100vw, 365px\" \/>\t\t\t\t\t\t\t\t\t\t\t\t\t\t\t<\/div>\n\t\t\t\t<\/div>\n\t\t\t\t\t<\/div>\n\t\t<\/div>\n\t\t\t\t\t<\/div>\n\t\t<\/section>\n\t\t\t\t<section class=\"elementor-section elementor-inner-section elementor-element elementor-element-baa2df8 elementor-reverse-tablet elementor-reverse-mobile elementor-section-boxed elementor-section-height-default elementor-section-height-default\" data-id=\"baa2df8\" data-element_type=\"section\" data-e-type=\"section\">\n\t\t\t\t\t\t<div class=\"elementor-container elementor-column-gap-default\">\n\t\t\t\t\t<div class=\"elementor-column elementor-col-100 elementor-inner-column elementor-element elementor-element-7a73844\" data-id=\"7a73844\" data-element_type=\"column\" data-e-type=\"column\">\n\t\t\t<div class=\"elementor-widget-wrap elementor-element-populated\">\n\t\t\t\t\t\t<div class=\"elementor-element elementor-element-ae4f40d elementor-widget elementor-widget-text-editor\" data-id=\"ae4f40d\" data-element_type=\"widget\" data-e-type=\"widget\" data-widget_type=\"text-editor.default\">\n\t\t\t\t<div class=\"elementor-widget-container\">\n\t\t\t\t\t\t\t\t\t<h3>Espagnol&lt; &gt; anglais<\/h3>\n<p>Traductions certifi\u00e9es conformes\/relecture certifi\u00e9e conforme, r\u00e9vision d&rsquo;une traduction en fonction des modifications du texte source, Machine Translation Post-Editing: Full, Medium, Light.*<\/p>\n<h3>Portugais&gt; allemand<\/h3>\n<p>Traduction, r\u00e9vision, r\u00e9vision d&rsquo;une traduction en fonction des modifications du texte source, Machine Translation Post-Editing: Full, Medium, Light.*<\/p>\n<h3>Fran\u00e7ais &gt; anglais<\/h3>\n<p>Traduction, r\u00e9vision, r\u00e9vision d&rsquo;une traduction en fonction des modifications du texte source, Machine Translation Post-Editing: Full, Medium, Light.*<\/p>\n<h3>Allemand ou anglais<\/h3>\n<p>R\u00e9vision unilingue (en tenant compte des cat\u00e9gories suivantes: style, grammaire, ponctuation, orthographe)<\/p>\n<h3>Allemand &gt; anglais, espagnol<\/h3>\n<p>Transcription de fichiers audio en allemand avec la traduction ult\u00e9rieure vers l\u2019anglais\/l\u2019espagnol<\/p>\n<p>Pour tous les services linguistiques propos\u00e9s, veuillez noter que la langue cible et la langue source peuvent \u00eatre soit l\u2019anglais britannique soit l\u2019anglais am\u00e9ricain, selon vos besoins. D\u2019autres vari\u00e9t\u00e9s de l\u2019anglais comme langue source sont \u00e9galement possibles. De m\u00eame, pour l\u2019espagnol, vous pouvez nous soumettre des textes r\u00e9dig\u00e9s dans une version europ\u00e9enne ou latino-am\u00e9ricaine ou indiquer \u00e0 Sebastian Witte \u00e0 laquelle de ces deux vari\u00e9t\u00e9s linguistiques de l\u2019espagnol devra s\u2019orienter la langue cible de la prestation. Moyennant un petit suppl\u00e9ment, nous pouvons \u00e9galement vous proposer l\u2019une des deux variantes authentiques de l\u2019espagnol en coop\u00e9ration avec des locuteurs natifs d\u2019Espagne ou d\u2019Am\u00e9rique latine. En ce qui concerne le portugais, nous ma\u00eetrisons les diff\u00e9rences entre les variantes du Portugal et du Br\u00e9sil. Celles-ci se manifestent notamment dans l\u2019usage des pronoms personnels : au Br\u00e9sil, on tend \u00e0 utiliser la troisi\u00e8me personne du singulier pour le tutoiement, alors qu\u2019au Portugal la deuxi\u00e8me personne du singulier (tu) et m\u00eame la deuxi\u00e8me personne du pluriel (vous) sont encore employ\u00e9es aujourd\u2019hui. Ici aussi, lorsque nous ne pouvons r\u00e9soudre nous-m\u00eames un probl\u00e8me linguistique ou d\u2019une autre nature, nous savons \u00e0 qui nous adresser pour obtenir une aide comp\u00e9tente.<\/p>\n<p>Pour les projets de traduction et de r\u00e9vision multilingues, nous faisons appel \u00e0 un r\u00e9seau de coll\u00e8gues comp\u00e9tents, partenaires de notre \u00e9quipe, en tenant compte des <a href=\"https:\/\/aswittepartg.de\/fr\/comment-creons-nous-notre-reseau\/\">crit\u00e8res de s\u00e9lection<\/a> suivants.<\/p>\n<p>Notre \u00e9quipe et les membres associ\u00e9s de notre r\u00e9seau couvrent actuellement les combinaisons de langues suivantes (sur demande, nous coop\u00e9rons \u00e9galement avec d\u2019autres coll\u00e8gues de choix, en premier lieu pour les combinaisons de langues que nous ma\u00eetrisons, mais aussi pour l\u2019italien comme autre langue romane importante):<\/p>\n<ul>\n<li>Espagnol unilingue<\/li>\n<li>Anglais &gt; espagnol<\/li>\n<li>Fran\u00e7ais &gt; allemand<\/li>\n<li>Allemand &gt; fran\u00e7ais<\/li>\n<li>Italien &gt; allemand<\/li>\n<li>Allemand &gt; italien<\/li>\n<li>Anglais &gt; italien<\/li>\n<li>Italien &gt; anglais<\/li>\n<\/ul>\n<p>Sur demande, il est \u00e9galement possible de nous confier des missions linguistiques dans des langues vari\u00e9es (p. ex. en n\u00e9erlandais, polonais, russe, croate, turque, kurde) en combinaison avec l\u2019allemand ou l\u2019anglais.<\/p>\n<p>Disponible sur demande : transcr\u00e9ations dans certaines combinaisons de langues.<\/p>\n<p>Approach &amp; Methodology as regards Artificial Intelligence: We offer you Machine Translation Post-Editing (MTPE), i.e. human editing of machine translation, in three service depths: Full (upon request), Medium and Light. Light, even when using contemporary, high-performance MT engines, corresponds to a text that serves internal informational purposes and includes initial elements of stylistic adaptation or elegant translation techniques, but is not ready for publication. However, the possibilities of having human translation qualitatively replaced by Full MTPE, and still saving money compared to human translation, are limited, since even modern, up-to-date machine translation struggles when it comes to taking into account the context in the source document in the translation process of the &lsquo;machine&rsquo; (MT engine), so that the effort for the post-editor to match a human translation qualitatively is high to very high &#8212; if this is possible at all. A very powerful computer or supercomputer is just not a substitute for the wealth of experience of a human lifetime.   <br>In principle, you can book MTPE services (or otherwise, obviously, translation-related services = translation, editing, monolingual proofreading) if you can let us have an editable file format or Trados format. We occasionally reserve the right to provide MTPE services only based on Trados formats. In the case of non-editable file formats, you can only book translation-related services (translation, editing).  <\/p>\t\t\t\t\t\t\t\t<\/div>\n\t\t\t\t<\/div>\n\t\t\t\t\t<\/div>\n\t\t<\/div>\n\t\t\t\t\t<\/div>\n\t\t<\/section>\n\t\t\t\t\t<\/div>\n\t\t<\/div>\n\t\t\t\t\t<\/div>\n\t\t<\/section>\n\t\t\t\t<\/div>\n\t\t","protected":false},"excerpt":{"rendered":"<p>A. &amp; S. Witte PartG vous propose les services suivants Anglais&lt; &gt; allemand Traduction, r\u00e9vision, traductions certifi\u00e9es conformes et relecture (certifi\u00e9e conforme) de traductions effectu\u00e9es par des tiers (avec attestation de la conformit\u00e9 et de l\u2019int\u00e9gralit\u00e9 de la traduction), gestion terminologique, r\u00e9vision d&rsquo;une traduction en fonction des modifications du texte source, Machine Translation Post-Editing: Full, [&hellip;]<\/p>\n","protected":false},"author":2,"featured_media":0,"parent":0,"menu_order":0,"comment_status":"closed","ping_status":"closed","template":"","meta":{"site-sidebar-layout":"no-sidebar","site-content-layout":"page-builder","ast-site-content-layout":"full-width-container","site-content-style":"unboxed","site-sidebar-style":"unboxed","ast-global-header-display":"","ast-banner-title-visibility":"","ast-main-header-display":"","ast-hfb-above-header-display":"","ast-hfb-below-header-display":"","ast-hfb-mobile-header-display":"","site-post-title":"disabled","ast-breadcrumbs-content":"","ast-featured-img":"disabled","footer-sml-layout":"","ast-disable-related-posts":"","theme-transparent-header-meta":"","adv-header-id-meta":"","stick-header-meta":"","header-above-stick-meta":"","header-main-stick-meta":"","header-below-stick-meta":"","astra-migrate-meta-layouts":"default","ast-page-background-enabled":"default","ast-page-background-meta":{"desktop":{"background-color":"var(--ast-global-color-4)","background-image":"","background-repeat":"repeat","background-position":"center center","background-size":"auto","background-attachment":"scroll","background-type":"","background-media":"","overlay-type":"","overlay-color":"","overlay-opacity":"","overlay-gradient":""},"tablet":{"background-color":"","background-image":"","background-repeat":"repeat","background-position":"center center","background-size":"auto","background-attachment":"scroll","background-type":"","background-media":"","overlay-type":"","overlay-color":"","overlay-opacity":"","overlay-gradient":""},"mobile":{"background-color":"","background-image":"","background-repeat":"repeat","background-position":"center center","background-size":"auto","background-attachment":"scroll","background-type":"","background-media":"","overlay-type":"","overlay-color":"","overlay-opacity":"","overlay-gradient":""}},"ast-content-background-meta":{"desktop":{"background-color":"var(--ast-global-color-5)","background-image":"","background-repeat":"repeat","background-position":"center center","background-size":"auto","background-attachment":"scroll","background-type":"","background-media":"","overlay-type":"","overlay-color":"","overlay-opacity":"","overlay-gradient":""},"tablet":{"background-color":"var(--ast-global-color-5)","background-image":"","background-repeat":"repeat","background-position":"center center","background-size":"auto","background-attachment":"scroll","background-type":"","background-media":"","overlay-type":"","overlay-color":"","overlay-opacity":"","overlay-gradient":""},"mobile":{"background-color":"var(--ast-global-color-5)","background-image":"","background-repeat":"repeat","background-position":"center center","background-size":"auto","background-attachment":"scroll","background-type":"","background-media":"","overlay-type":"","overlay-color":"","overlay-opacity":"","overlay-gradient":""}},"footnotes":""},"class_list":["post-615","page","type-page","status-publish","hentry"],"yoast_head":"<!-- This site is optimized with the Yoast SEO plugin v27.3 - https:\/\/yoast.com\/product\/yoast-seo-wordpress\/ -->\n<title>A. &amp; S. Witte PartG vous propose les services suivants - A. &amp; S. Witte Partnerschaft<\/title>\n<meta name=\"robots\" content=\"index, follow, max-snippet:-1, max-image-preview:large, max-video-preview:-1\" \/>\n<link rel=\"canonical\" href=\"https:\/\/aswittepartg.de\/en-gb\/s-witte-partnerschaft-offers-you-following-services\/\" \/>\n<meta property=\"og:locale\" content=\"fr_FR\" \/>\n<meta property=\"og:type\" content=\"article\" \/>\n<meta property=\"og:title\" content=\"A. &amp; S. Witte PartG vous propose les services suivants - A. &amp; S. Witte Partnerschaft\" \/>\n<meta property=\"og:description\" content=\"A. &amp; S. Witte PartG vous propose les services suivants Anglais&lt; &gt; allemand Traduction, r\u00e9vision, traductions certifi\u00e9es conformes et relecture (certifi\u00e9e conforme) de traductions effectu\u00e9es par des tiers (avec attestation de la conformit\u00e9 et de l\u2019int\u00e9gralit\u00e9 de la traduction), gestion terminologique, r\u00e9vision d&rsquo;une traduction en fonction des modifications du texte source, Machine Translation Post-Editing: Full, [&hellip;]\" \/>\n<meta property=\"og:url\" content=\"https:\/\/aswittepartg.de\/en-gb\/s-witte-partnerschaft-offers-you-following-services\/\" \/>\n<meta property=\"og:site_name\" content=\"A. &amp; S. Witte Partnerschaft\" \/>\n<meta property=\"article:publisher\" content=\"https:\/\/www.facebook.com\/ASWITTE\" \/>\n<meta property=\"article:modified_time\" content=\"2023-07-10T22:14:34+00:00\" \/>\n<meta property=\"og:image\" content=\"https:\/\/aswittepartg.de\/wp-content\/uploads\/2023\/06\/services.jpg\" \/>\n<meta name=\"twitter:card\" content=\"summary_large_image\" \/>\n<meta name=\"twitter:label1\" content=\"Dur\u00e9e de lecture estim\u00e9e\" \/>\n\t<meta name=\"twitter:data1\" content=\"5 minutes\" \/>\n<script type=\"application\/ld+json\" class=\"yoast-schema-graph\">{\"@context\":\"https:\\\/\\\/schema.org\",\"@graph\":[{\"@type\":\"WebPage\",\"@id\":\"https:\\\/\\\/aswittepartg.de\\\/en-gb\\\/s-witte-partnerschaft-offers-you-following-services\\\/\",\"url\":\"https:\\\/\\\/aswittepartg.de\\\/en-gb\\\/s-witte-partnerschaft-offers-you-following-services\\\/\",\"name\":\"A. &amp; S. Witte PartG vous propose les services suivants - A. &amp; S. Witte Partnerschaft\",\"isPartOf\":{\"@id\":\"https:\\\/\\\/aswittepartg.de\\\/#website\"},\"primaryImageOfPage\":{\"@id\":\"https:\\\/\\\/aswittepartg.de\\\/en-gb\\\/s-witte-partnerschaft-offers-you-following-services\\\/#primaryimage\"},\"image\":{\"@id\":\"https:\\\/\\\/aswittepartg.de\\\/en-gb\\\/s-witte-partnerschaft-offers-you-following-services\\\/#primaryimage\"},\"thumbnailUrl\":\"https:\\\/\\\/aswittepartg.de\\\/wp-content\\\/uploads\\\/2023\\\/06\\\/services.jpg\",\"datePublished\":\"2023-06-24T13:26:42+00:00\",\"dateModified\":\"2023-07-10T22:14:34+00:00\",\"breadcrumb\":{\"@id\":\"https:\\\/\\\/aswittepartg.de\\\/en-gb\\\/s-witte-partnerschaft-offers-you-following-services\\\/#breadcrumb\"},\"inLanguage\":\"fr-FR\",\"potentialAction\":[{\"@type\":\"ReadAction\",\"target\":[\"https:\\\/\\\/aswittepartg.de\\\/en-gb\\\/s-witte-partnerschaft-offers-you-following-services\\\/\"]}]},{\"@type\":\"ImageObject\",\"inLanguage\":\"fr-FR\",\"@id\":\"https:\\\/\\\/aswittepartg.de\\\/en-gb\\\/s-witte-partnerschaft-offers-you-following-services\\\/#primaryimage\",\"url\":\"https:\\\/\\\/aswittepartg.de\\\/wp-content\\\/uploads\\\/2023\\\/06\\\/services.jpg\",\"contentUrl\":\"https:\\\/\\\/aswittepartg.de\\\/wp-content\\\/uploads\\\/2023\\\/06\\\/services.jpg\"},{\"@type\":\"BreadcrumbList\",\"@id\":\"https:\\\/\\\/aswittepartg.de\\\/en-gb\\\/s-witte-partnerschaft-offers-you-following-services\\\/#breadcrumb\",\"itemListElement\":[{\"@type\":\"ListItem\",\"position\":1,\"name\":\"Home\",\"item\":\"https:\\\/\\\/aswittepartg.de\\\/fr\\\/\"},{\"@type\":\"ListItem\",\"position\":2,\"name\":\"A. &amp; S. Witte PartG vous propose les services suivants\"}]},{\"@type\":\"WebSite\",\"@id\":\"https:\\\/\\\/aswittepartg.de\\\/#website\",\"url\":\"https:\\\/\\\/aswittepartg.de\\\/\",\"name\":\"A. & S. Witte Partnerschaft\",\"description\":\"Fach&uuml;bersetzungen\\\/Specialist translations\",\"publisher\":{\"@id\":\"https:\\\/\\\/aswittepartg.de\\\/#organization\"},\"alternateName\":\"ASWITTE PartG\",\"potentialAction\":[{\"@type\":\"SearchAction\",\"target\":{\"@type\":\"EntryPoint\",\"urlTemplate\":\"https:\\\/\\\/aswittepartg.de\\\/?s={search_term_string}\"},\"query-input\":{\"@type\":\"PropertyValueSpecification\",\"valueRequired\":true,\"valueName\":\"search_term_string\"}}],\"inLanguage\":\"fr-FR\"},{\"@type\":\"Organization\",\"@id\":\"https:\\\/\\\/aswittepartg.de\\\/#organization\",\"name\":\"A. & S. Witte Partnerschaft\",\"alternateName\":\"ASWITTE PartG\",\"url\":\"https:\\\/\\\/aswittepartg.de\\\/\",\"logo\":{\"@type\":\"ImageObject\",\"inLanguage\":\"fr-FR\",\"@id\":\"https:\\\/\\\/aswittepartg.de\\\/#\\\/schema\\\/logo\\\/image\\\/\",\"url\":\"https:\\\/\\\/aswittepartg.de\\\/wp-content\\\/uploads\\\/2023\\\/06\\\/logo.png\",\"contentUrl\":\"https:\\\/\\\/aswittepartg.de\\\/wp-content\\\/uploads\\\/2023\\\/06\\\/logo.png\",\"width\":457,\"height\":475,\"caption\":\"A. & S. Witte Partnerschaft\"},\"image\":{\"@id\":\"https:\\\/\\\/aswittepartg.de\\\/#\\\/schema\\\/logo\\\/image\\\/\"},\"sameAs\":[\"https:\\\/\\\/www.facebook.com\\\/ASWITTE\"]}]}<\/script>\n<!-- \/ Yoast SEO plugin. -->","yoast_head_json":{"title":"A. &amp; S. Witte PartG vous propose les services suivants - A. &amp; S. Witte Partnerschaft","robots":{"index":"index","follow":"follow","max-snippet":"max-snippet:-1","max-image-preview":"max-image-preview:large","max-video-preview":"max-video-preview:-1"},"canonical":"https:\/\/aswittepartg.de\/en-gb\/s-witte-partnerschaft-offers-you-following-services\/","og_locale":"fr_FR","og_type":"article","og_title":"A. &amp; S. Witte PartG vous propose les services suivants - A. &amp; S. Witte Partnerschaft","og_description":"A. &amp; S. Witte PartG vous propose les services suivants Anglais&lt; &gt; allemand Traduction, r\u00e9vision, traductions certifi\u00e9es conformes et relecture (certifi\u00e9e conforme) de traductions effectu\u00e9es par des tiers (avec attestation de la conformit\u00e9 et de l\u2019int\u00e9gralit\u00e9 de la traduction), gestion terminologique, r\u00e9vision d&rsquo;une traduction en fonction des modifications du texte source, Machine Translation Post-Editing: Full, [&hellip;]","og_url":"https:\/\/aswittepartg.de\/en-gb\/s-witte-partnerschaft-offers-you-following-services\/","og_site_name":"A. &amp; S. Witte Partnerschaft","article_publisher":"https:\/\/www.facebook.com\/ASWITTE","article_modified_time":"2023-07-10T22:14:34+00:00","og_image":[{"url":"https:\/\/aswittepartg.de\/wp-content\/uploads\/2023\/06\/services.jpg","type":"","width":"","height":""}],"twitter_card":"summary_large_image","twitter_misc":{"Dur\u00e9e de lecture estim\u00e9e":"5 minutes"},"schema":{"@context":"https:\/\/schema.org","@graph":[{"@type":"WebPage","@id":"https:\/\/aswittepartg.de\/en-gb\/s-witte-partnerschaft-offers-you-following-services\/","url":"https:\/\/aswittepartg.de\/en-gb\/s-witte-partnerschaft-offers-you-following-services\/","name":"A. &amp; S. Witte PartG vous propose les services suivants - A. &amp; S. Witte Partnerschaft","isPartOf":{"@id":"https:\/\/aswittepartg.de\/#website"},"primaryImageOfPage":{"@id":"https:\/\/aswittepartg.de\/en-gb\/s-witte-partnerschaft-offers-you-following-services\/#primaryimage"},"image":{"@id":"https:\/\/aswittepartg.de\/en-gb\/s-witte-partnerschaft-offers-you-following-services\/#primaryimage"},"thumbnailUrl":"https:\/\/aswittepartg.de\/wp-content\/uploads\/2023\/06\/services.jpg","datePublished":"2023-06-24T13:26:42+00:00","dateModified":"2023-07-10T22:14:34+00:00","breadcrumb":{"@id":"https:\/\/aswittepartg.de\/en-gb\/s-witte-partnerschaft-offers-you-following-services\/#breadcrumb"},"inLanguage":"fr-FR","potentialAction":[{"@type":"ReadAction","target":["https:\/\/aswittepartg.de\/en-gb\/s-witte-partnerschaft-offers-you-following-services\/"]}]},{"@type":"ImageObject","inLanguage":"fr-FR","@id":"https:\/\/aswittepartg.de\/en-gb\/s-witte-partnerschaft-offers-you-following-services\/#primaryimage","url":"https:\/\/aswittepartg.de\/wp-content\/uploads\/2023\/06\/services.jpg","contentUrl":"https:\/\/aswittepartg.de\/wp-content\/uploads\/2023\/06\/services.jpg"},{"@type":"BreadcrumbList","@id":"https:\/\/aswittepartg.de\/en-gb\/s-witte-partnerschaft-offers-you-following-services\/#breadcrumb","itemListElement":[{"@type":"ListItem","position":1,"name":"Home","item":"https:\/\/aswittepartg.de\/fr\/"},{"@type":"ListItem","position":2,"name":"A. &amp; S. Witte PartG vous propose les services suivants"}]},{"@type":"WebSite","@id":"https:\/\/aswittepartg.de\/#website","url":"https:\/\/aswittepartg.de\/","name":"A. & S. Witte Partnerschaft","description":"Fach&uuml;bersetzungen\/Specialist translations","publisher":{"@id":"https:\/\/aswittepartg.de\/#organization"},"alternateName":"ASWITTE PartG","potentialAction":[{"@type":"SearchAction","target":{"@type":"EntryPoint","urlTemplate":"https:\/\/aswittepartg.de\/?s={search_term_string}"},"query-input":{"@type":"PropertyValueSpecification","valueRequired":true,"valueName":"search_term_string"}}],"inLanguage":"fr-FR"},{"@type":"Organization","@id":"https:\/\/aswittepartg.de\/#organization","name":"A. & S. Witte Partnerschaft","alternateName":"ASWITTE PartG","url":"https:\/\/aswittepartg.de\/","logo":{"@type":"ImageObject","inLanguage":"fr-FR","@id":"https:\/\/aswittepartg.de\/#\/schema\/logo\/image\/","url":"https:\/\/aswittepartg.de\/wp-content\/uploads\/2023\/06\/logo.png","contentUrl":"https:\/\/aswittepartg.de\/wp-content\/uploads\/2023\/06\/logo.png","width":457,"height":475,"caption":"A. & S. Witte Partnerschaft"},"image":{"@id":"https:\/\/aswittepartg.de\/#\/schema\/logo\/image\/"},"sameAs":["https:\/\/www.facebook.com\/ASWITTE"]}]}},"_links":{"self":[{"href":"https:\/\/aswittepartg.de\/fr\/wp-json\/wp\/v2\/pages\/615","targetHints":{"allow":["GET"]}}],"collection":[{"href":"https:\/\/aswittepartg.de\/fr\/wp-json\/wp\/v2\/pages"}],"about":[{"href":"https:\/\/aswittepartg.de\/fr\/wp-json\/wp\/v2\/types\/page"}],"author":[{"embeddable":true,"href":"https:\/\/aswittepartg.de\/fr\/wp-json\/wp\/v2\/users\/2"}],"replies":[{"embeddable":true,"href":"https:\/\/aswittepartg.de\/fr\/wp-json\/wp\/v2\/comments?post=615"}],"version-history":[{"count":5,"href":"https:\/\/aswittepartg.de\/fr\/wp-json\/wp\/v2\/pages\/615\/revisions"}],"predecessor-version":[{"id":1204,"href":"https:\/\/aswittepartg.de\/fr\/wp-json\/wp\/v2\/pages\/615\/revisions\/1204"}],"wp:attachment":[{"href":"https:\/\/aswittepartg.de\/fr\/wp-json\/wp\/v2\/media?parent=615"}],"curies":[{"name":"wp","href":"https:\/\/api.w.org\/{rel}","templated":true}]}}