{"id":641,"date":"2023-06-25T20:26:37","date_gmt":"2023-06-25T20:26:37","guid":{"rendered":"https:\/\/aswittepartg.de\/contact-comprenant-un-formulaire-de-contact-crypte-en-ssl\/"},"modified":"2026-02-20T19:11:39","modified_gmt":"2026-02-20T19:11:39","slug":"contact-comprenant-un-formulaire-de-contact-crypte-en-ssl","status":"publish","type":"page","link":"https:\/\/aswittepartg.de\/fr\/contact-comprenant-un-formulaire-de-contact-crypte-en-ssl\/","title":{"rendered":"Contact &#8211; comprenant un formulaire de contact crypt\u00e9 en SSL"},"content":{"rendered":"\t\t<div data-elementor-type=\"wp-page\" data-elementor-id=\"641\" class=\"elementor elementor-641 elementor-257\" data-elementor-post-type=\"page\">\n\t\t\t\t\t\t<section class=\"elementor-section elementor-top-section elementor-element elementor-element-31ed4ee elementor-section-boxed elementor-section-height-default elementor-section-height-default\" data-id=\"31ed4ee\" data-element_type=\"section\" data-e-type=\"section\">\n\t\t\t\t\t\t<div class=\"elementor-container elementor-column-gap-default\">\n\t\t\t\t\t<div class=\"elementor-column elementor-col-100 elementor-top-column elementor-element elementor-element-cf36193\" data-id=\"cf36193\" data-element_type=\"column\" data-e-type=\"column\" data-settings=\"{&quot;background_background&quot;:&quot;classic&quot;}\">\n\t\t\t<div class=\"elementor-widget-wrap elementor-element-populated\">\n\t\t\t\t\t\t<div class=\"elementor-element elementor-element-c3d6027 elementor-widget elementor-widget-heading\" data-id=\"c3d6027\" data-element_type=\"widget\" data-e-type=\"widget\" data-widget_type=\"heading.default\">\n\t\t\t\t<div class=\"elementor-widget-container\">\n\t\t\t\t\t<h1 class=\"elementor-heading-title elementor-size-default\">Contact - comprenant un formulaire de contact crypt\u00e9 en SSL\n<\/h1>\t\t\t\t<\/div>\n\t\t\t\t<\/div>\n\t\t\t\t<section class=\"elementor-section elementor-inner-section elementor-element elementor-element-ec8ce7c elementor-reverse-tablet elementor-reverse-mobile elementor-section-boxed elementor-section-height-default elementor-section-height-default\" data-id=\"ec8ce7c\" data-element_type=\"section\" data-e-type=\"section\">\n\t\t\t\t\t\t<div class=\"elementor-container elementor-column-gap-default\">\n\t\t\t\t\t<div class=\"elementor-column elementor-col-50 elementor-inner-column elementor-element elementor-element-c90275c\" data-id=\"c90275c\" data-element_type=\"column\" data-e-type=\"column\">\n\t\t\t<div class=\"elementor-widget-wrap elementor-element-populated\">\n\t\t\t\t\t\t<div class=\"elementor-element elementor-element-bf2ccd3 elementor-hidden-desktop elementor-hidden-tablet elementor-widget elementor-widget-spacer\" data-id=\"bf2ccd3\" data-element_type=\"widget\" data-e-type=\"widget\" data-widget_type=\"spacer.default\">\n\t\t\t\t<div class=\"elementor-widget-container\">\n\t\t\t\t\t\t\t<div class=\"elementor-spacer\">\n\t\t\t<div class=\"elementor-spacer-inner\"><\/div>\n\t\t<\/div>\n\t\t\t\t\t\t<\/div>\n\t\t\t\t<\/div>\n\t\t\t\t<div class=\"elementor-element elementor-element-52fdd29 elementor-button-align-start elementor-widget elementor-widget-form\" data-id=\"52fdd29\" data-element_type=\"widget\" data-e-type=\"widget\" data-settings=\"{&quot;step_next_label&quot;:&quot;Next&quot;,&quot;step_previous_label&quot;:&quot;Previous&quot;,&quot;button_width&quot;:&quot;100&quot;,&quot;step_type&quot;:&quot;number_text&quot;,&quot;step_icon_shape&quot;:&quot;circle&quot;}\" data-widget_type=\"form.default\">\n\t\t\t\t<div class=\"elementor-widget-container\">\n\t\t\t\t\t\t\t<form class=\"elementor-form\" method=\"post\" name=\"New Form\" aria-label=\"New Form\">\n\t\t\t<input type=\"hidden\" name=\"post_id\" value=\"641\"\/>\n\t\t\t<input type=\"hidden\" name=\"form_id\" value=\"52fdd29\"\/>\n\t\t\t<input type=\"hidden\" name=\"referer_title\" value=\"Contact - comprenant un formulaire de contact crypt\u00e9 en SSL - A. &amp; S. Witte Partnerschaft\" \/>\n\n\t\t\t\t\t\t\t<input type=\"hidden\" name=\"queried_id\" value=\"641\"\/>\n\t\t\t\n\t\t\t<div class=\"elementor-form-fields-wrapper elementor-labels-above\">\n\t\t\t\t\t\t\t\t<div class=\"elementor-field-type-text elementor-field-group elementor-column elementor-field-group-name elementor-col-100 elementor-field-required elementor-mark-required\">\n\t\t\t\t\t\t\t\t\t\t\t\t<label for=\"form-field-name\" class=\"elementor-field-label\">\n\t\t\t\t\t\t\t\tPr\u00e9nom - Nom de famille\t\t\t\t\t\t\t<\/label>\n\t\t\t\t\t\t\t\t\t\t\t\t\t\t<input size=\"1\" type=\"text\" name=\"form_fields[name]\" id=\"form-field-name\" class=\"elementor-field elementor-size-sm  elementor-field-textual\" required=\"required\">\n\t\t\t\t\t\t\t\t\t\t\t<\/div>\n\t\t\t\t\t\t\t\t<div class=\"elementor-field-type-text elementor-field-group elementor-column elementor-field-group-field_0795f14 elementor-col-100 elementor-field-required elementor-mark-required\">\n\t\t\t\t\t\t\t\t\t\t\t\t<label for=\"form-field-field_0795f14\" class=\"elementor-field-label\">\n\t\t\t\t\t\t\t\tRue et num\u00e9ro\t\t\t\t\t\t\t<\/label>\n\t\t\t\t\t\t\t\t\t\t\t\t\t\t<input size=\"1\" type=\"text\" name=\"form_fields[field_0795f14]\" id=\"form-field-field_0795f14\" class=\"elementor-field elementor-size-sm  elementor-field-textual\" required=\"required\">\n\t\t\t\t\t\t\t\t\t\t\t<\/div>\n\t\t\t\t\t\t\t\t<div class=\"elementor-field-type-text elementor-field-group elementor-column elementor-field-group-field_0f8e309 elementor-col-100 elementor-field-required elementor-mark-required\">\n\t\t\t\t\t\t\t\t\t\t\t\t<label for=\"form-field-field_0f8e309\" class=\"elementor-field-label\">\n\t\t\t\t\t\t\t\tCode postal\t\t\t\t\t\t\t<\/label>\n\t\t\t\t\t\t\t\t\t\t\t\t\t\t<input size=\"1\" type=\"text\" name=\"form_fields[field_0f8e309]\" id=\"form-field-field_0f8e309\" class=\"elementor-field elementor-size-sm  elementor-field-textual\" required=\"required\">\n\t\t\t\t\t\t\t\t\t\t\t<\/div>\n\t\t\t\t\t\t\t\t<div class=\"elementor-field-type-text elementor-field-group elementor-column elementor-field-group-field_ce65715 elementor-col-100 elementor-field-required elementor-mark-required\">\n\t\t\t\t\t\t\t\t\t\t\t\t<label for=\"form-field-field_ce65715\" class=\"elementor-field-label\">\n\t\t\t\t\t\t\t\tLieu\t\t\t\t\t\t\t<\/label>\n\t\t\t\t\t\t\t\t\t\t\t\t\t\t<input size=\"1\" type=\"text\" name=\"form_fields[field_ce65715]\" id=\"form-field-field_ce65715\" class=\"elementor-field elementor-size-sm  elementor-field-textual\" required=\"required\">\n\t\t\t\t\t\t\t\t\t\t\t<\/div>\n\t\t\t\t\t\t\t\t<div class=\"elementor-field-type-text elementor-field-group elementor-column elementor-field-group-field_0a6bceb elementor-col-100 elementor-field-required elementor-mark-required\">\n\t\t\t\t\t\t\t\t\t\t\t\t<label for=\"form-field-field_0a6bceb\" class=\"elementor-field-label\">\n\t\t\t\t\t\t\t\tPays\t\t\t\t\t\t\t<\/label>\n\t\t\t\t\t\t\t\t\t\t\t\t\t\t<input size=\"1\" type=\"text\" name=\"form_fields[field_0a6bceb]\" id=\"form-field-field_0a6bceb\" class=\"elementor-field elementor-size-sm  elementor-field-textual\" required=\"required\">\n\t\t\t\t\t\t\t\t\t\t\t<\/div>\n\t\t\t\t\t\t\t\t<div class=\"elementor-field-type-tel elementor-field-group elementor-column elementor-field-group-field_08a9840 elementor-col-100 elementor-field-required elementor-mark-required\">\n\t\t\t\t\t\t\t\t\t\t\t\t<label for=\"form-field-field_08a9840\" class=\"elementor-field-label\">\n\t\t\t\t\t\t\t\tT\u00e9l\u00e9phone\t\t\t\t\t\t\t<\/label>\n\t\t\t\t\t\t\t\t<input size=\"1\" type=\"tel\" name=\"form_fields[field_08a9840]\" id=\"form-field-field_08a9840\" class=\"elementor-field elementor-size-sm  elementor-field-textual\" required=\"required\" pattern=\"[0-9()#&amp;+*-=.]+\" title=\"Only numbers and phone characters (#, -, *, etc) are accepted.\">\n\n\t\t\t\t\t\t<\/div>\n\t\t\t\t\t\t\t\t<div class=\"elementor-field-type-email elementor-field-group elementor-column elementor-field-group-email elementor-col-100 elementor-field-required elementor-mark-required\">\n\t\t\t\t\t\t\t\t\t\t\t\t<label for=\"form-field-email\" class=\"elementor-field-label\">\n\t\t\t\t\t\t\t\tM\u00e9l\t\t\t\t\t\t\t<\/label>\n\t\t\t\t\t\t\t\t\t\t\t\t\t\t<input size=\"1\" type=\"email\" name=\"form_fields[email]\" id=\"form-field-email\" class=\"elementor-field elementor-size-sm  elementor-field-textual\" required=\"required\">\n\t\t\t\t\t\t\t\t\t\t\t<\/div>\n\t\t\t\t\t\t\t\t<div class=\"elementor-field-type-text elementor-field-group elementor-column elementor-field-group-field_50adfb4 elementor-col-100\">\n\t\t\t\t\t\t\t\t\t\t\t\t<label for=\"form-field-field_50adfb4\" class=\"elementor-field-label\">\n\t\t\t\t\t\t\t\tWebsite\t\t\t\t\t\t\t<\/label>\n\t\t\t\t\t\t\t\t\t\t\t\t\t\t<input size=\"1\" type=\"text\" name=\"form_fields[field_50adfb4]\" id=\"form-field-field_50adfb4\" class=\"elementor-field elementor-size-sm  elementor-field-textual\">\n\t\t\t\t\t\t\t\t\t\t\t<\/div>\n\t\t\t\t\t\t\t\t<div class=\"elementor-field-type-textarea elementor-field-group elementor-column elementor-field-group-message elementor-col-100\">\n\t\t\t\t\t\t\t\t\t\t\t\t<label for=\"form-field-message\" class=\"elementor-field-label\">\n\t\t\t\t\t\t\t\tMessage \t\t\t\t\t\t\t<\/label>\n\t\t\t\t\t\t<textarea class=\"elementor-field-textual elementor-field  elementor-size-sm\" name=\"form_fields[message]\" id=\"form-field-message\" rows=\"4\"><\/textarea>\t\t\t\t<\/div>\n\t\t\t\t\t\t\t\t<div class=\"elementor-field-type-upload elementor-field-group elementor-column elementor-field-group-field_60ed74d elementor-col-100\">\n\t\t\t\t\t\t\t\t\t\t\t\t<label for=\"form-field-field_60ed74d\" class=\"elementor-field-label\">\n\t\t\t\t\t\t\t\tT\u00e9l\u00e9chargement de fichier (fichier unique)\t\t\t\t\t\t\t<\/label>\n\t\t\t\t\t\t\t\t<input type=\"file\" name=\"form_fields[field_60ed74d][]\" id=\"form-field-field_60ed74d\" class=\"elementor-field elementor-size-sm  elementor-upload-field\" multiple=\"multiple\" data-maxsize=\"25\" data-maxsize-message=\"This file exceeds the maximum allowed size.\">\n\n\t\t\t\t\t\t<\/div>\n\t\t\t\t\t\t\t\t<div class=\"elementor-field-type-recaptcha elementor-field-group elementor-column elementor-field-group-field_95ef6d7 elementor-col-100\">\n\t\t\t\t\t<div class=\"elementor-field\" id=\"form-field-field_95ef6d7\"><\/div>\t\t\t\t<\/div>\n\t\t\t\t\t\t\t\t<div class=\"elementor-field-group elementor-column elementor-field-type-submit elementor-col-100 e-form__buttons\">\n\t\t\t\t\t<button class=\"elementor-button elementor-size-sm\" type=\"submit\">\n\t\t\t\t\t\t<span class=\"elementor-button-content-wrapper\">\n\t\t\t\t\t\t\t\t\t\t\t\t\t\t\t\t\t\t\t\t\t\t<span class=\"elementor-button-text\">Soumettre<\/span>\n\t\t\t\t\t\t\t\t\t\t\t\t\t<\/span>\n\t\t\t\t\t<\/button>\n\t\t\t\t<\/div>\n\t\t\t<\/div>\n\t\t<\/form>\n\t\t\t\t\t\t<\/div>\n\t\t\t\t<\/div>\n\t\t\t\t<div class=\"elementor-element elementor-element-ceda59c elementor-widget elementor-widget-text-editor\" data-id=\"ceda59c\" data-element_type=\"widget\" data-e-type=\"widget\" data-widget_type=\"text-editor.default\">\n\t\t\t\t<div class=\"elementor-widget-container\">\n\t\t\t\t\t\t\t\t\t<h2 style=\"font-size: 15px;\">Anfahrt<\/h2><p>A. &amp; S. Witte Partnerschaft<br>Teerhof 59<br>D-28199 Bremen<\/p><p>N\u00e4he Wilhelm-Kaisen-Br\u00fccke<\/p>\t\t\t\t\t\t\t\t<\/div>\n\t\t\t\t<\/div>\n\t\t\t\t<div class=\"elementor-element elementor-element-a37a017 elementor-widget elementor-widget-google_maps\" data-id=\"a37a017\" data-element_type=\"widget\" data-e-type=\"widget\" data-widget_type=\"google_maps.default\">\n\t\t\t\t<div class=\"elementor-widget-container\">\n\t\t\t\t\t\t\t<div class=\"elementor-custom-embed\">\n\t\t\t<iframe loading=\"lazy\"\n\t\t\t\t\tsrc=\"https:\/\/maps.google.com\/maps?q=Teerhof%2059%2028199%20Bremen%20Deutschland&#038;t=m&#038;z=13&#038;output=embed&#038;iwloc=near\"\n\t\t\t\t\ttitle=\"Teerhof 59 28199 Bremen Deutschland\"\n\t\t\t\t\taria-label=\"Teerhof 59 28199 Bremen Deutschland\"\n\t\t\t><\/iframe>\n\t\t<\/div>\n\t\t\t\t\t\t<\/div>\n\t\t\t\t<\/div>\n\t\t\t\t\t<\/div>\n\t\t<\/div>\n\t\t\t\t<div class=\"elementor-column elementor-col-50 elementor-inner-column elementor-element elementor-element-bc05e8c\" data-id=\"bc05e8c\" data-element_type=\"column\" data-e-type=\"column\">\n\t\t\t<div class=\"elementor-widget-wrap elementor-element-populated\">\n\t\t\t\t\t\t<div class=\"elementor-element elementor-element-7c2fa01 elementor-widget elementor-widget-text-editor\" data-id=\"7c2fa01\" data-element_type=\"widget\" data-e-type=\"widget\" data-widget_type=\"text-editor.default\">\n\t\t\t\t<div class=\"elementor-widget-container\">\n\t\t\t\t\t\t\t\t\t<p>A. &amp; S. Witte Partnerschaft,<br>Fach\u00fcbersetzer + Sprachdienstleister<br>Sitz: Bremen<br>Partnerschaftsregister Bremen PR 441HB<\/p>\n<h3>Astrid Elke Witte n\u00e9e Johnson<\/h3>\n<p>Bachelor of Divinity, MCIL, DipTrans IoLET, Chartered Linguist<br>E-Mail: aew(at)aswitte.de<\/p>\n<h3>Sebastian Witte<\/h3>\n<p>Dipl.-\u00dcbersetzer (FH)<br>Erm\u00e4chtigt f. Englisch,&nbsp;Spanisch &lt;&gt; Deutsch,&nbsp;Englisch&nbsp;&lt;&gt; Spanisch (OLG Hamm)<br>E-Mail: sw(at)aswitte.de<\/p>\n<p>Teerhof 59<br>D-28199 Bremen<\/p>\n<p>Tel.&nbsp;<a href=\"tel:+49(0)5241-9988785\">+49(0)30258142028<\/a>&nbsp;<\/p>\n<p>Pour toute demande g\u00e9n\u00e9rale, adressez-vous \u00e0:<\/p>\n<p>info(at)aswitte.de&nbsp;<\/p>\n<p><strong>Nous vous r\u00e9pondrons sans d\u00e9lai.<\/strong><\/p>\n<p><span style=\"color: var(--ast-global-color-2); font-size: 1.625rem; font-style: inherit; font-weight: 600;\">&nbsp;<\/span><\/p>\n<p><span style=\"color: var(--ast-global-color-2); font-size: 1.625rem; font-style: inherit; font-weight: 600;\">Horaires d\u2019ouverture du bureau (heures de contact avec les clients)<\/span><\/p>\n<p>Montag &#8211; Freitag 9 &#8211; 12.30 h&nbsp;und 13.45 &#8211; 19&nbsp;h<br>Samstag 9 &#8211; 12.30 h<\/p>\n<p>Merci de prendre pr\u00e9alablement rendez-vous.<\/p>\n<p><strong>Lien vers notre calendrier de disponibilit\u00e9 (Google) pour les clients directs<\/strong>, qui n&rsquo;indique pas notre utilisation des capacit\u00e9s. Pas d&rsquo;entr\u00e9e =&gt; Nous sommes ouverts, utilisation des capacit\u00e9s ne d\u00e9passant pas 95%.  &nbsp;&nbsp;<\/p>\n<p><a href=\"https:\/\/calendar.google.com\/calendar\/embed?src=8offa7sk6utvvd02hcgj3iljd4%40group.calendar.google.com&amp;ctz=Europe%2FBerlin\" data-extlink=\"\">https:\/\/bit.ly\/3fya4fg<\/a><\/p>\t\t\t\t\t\t\t\t<\/div>\n\t\t\t\t<\/div>\n\t\t\t\t\t<\/div>\n\t\t<\/div>\n\t\t\t\t\t<\/div>\n\t\t<\/section>\n\t\t\t\t\t<\/div>\n\t\t<\/div>\n\t\t\t\t\t<\/div>\n\t\t<\/section>\n\t\t\t\t<\/div>\n\t\t","protected":false},"excerpt":{"rendered":"<p>Contact &#8211; comprenant un formulaire de contact crypt\u00e9 en SSL Anfahrt A. &amp; S. Witte PartnerschaftTeerhof 59D-28199 Bremen N\u00e4he Wilhelm-Kaisen-Br\u00fccke A. &amp; S. Witte Partnerschaft,Fach\u00fcbersetzer + SprachdienstleisterSitz: BremenPartnerschaftsregister Bremen PR 441HB Astrid Elke Witte n\u00e9e Johnson Bachelor of Divinity, MCIL, DipTrans IoLET, Chartered LinguistE-Mail: aew(at)aswitte.de Sebastian Witte Dipl.-\u00dcbersetzer (FH)Erm\u00e4chtigt f. Englisch,&nbsp;Spanisch &lt;&gt; Deutsch,&nbsp;Englisch&nbsp;&lt;&gt; Spanisch (OLG [&hellip;]<\/p>\n","protected":false},"author":2,"featured_media":0,"parent":0,"menu_order":0,"comment_status":"closed","ping_status":"closed","template":"","meta":{"site-sidebar-layout":"no-sidebar","site-content-layout":"page-builder","ast-site-content-layout":"default","site-content-style":"default","site-sidebar-style":"default","ast-global-header-display":"","ast-banner-title-visibility":"","ast-main-header-display":"","ast-hfb-above-header-display":"","ast-hfb-below-header-display":"","ast-hfb-mobile-header-display":"","site-post-title":"disabled","ast-breadcrumbs-content":"","ast-featured-img":"disabled","footer-sml-layout":"","ast-disable-related-posts":"","theme-transparent-header-meta":"","adv-header-id-meta":"","stick-header-meta":"","header-above-stick-meta":"","header-main-stick-meta":"","header-below-stick-meta":"","astra-migrate-meta-layouts":"default","ast-page-background-enabled":"default","ast-page-background-meta":{"desktop":{"background-color":"var(--ast-global-color-4)","background-image":"","background-repeat":"repeat","background-position":"center center","background-size":"auto","background-attachment":"scroll","background-type":"","background-media":"","overlay-type":"","overlay-color":"","overlay-opacity":"","overlay-gradient":""},"tablet":{"background-color":"","background-image":"","background-repeat":"repeat","background-position":"center center","background-size":"auto","background-attachment":"scroll","background-type":"","background-media":"","overlay-type":"","overlay-color":"","overlay-opacity":"","overlay-gradient":""},"mobile":{"background-color":"","background-image":"","background-repeat":"repeat","background-position":"center center","background-size":"auto","background-attachment":"scroll","background-type":"","background-media":"","overlay-type":"","overlay-color":"","overlay-opacity":"","overlay-gradient":""}},"ast-content-background-meta":{"desktop":{"background-color":"var(--ast-global-color-5)","background-image":"","background-repeat":"repeat","background-position":"center center","background-size":"auto","background-attachment":"scroll","background-type":"","background-media":"","overlay-type":"","overlay-color":"","overlay-opacity":"","overlay-gradient":""},"tablet":{"background-color":"var(--ast-global-color-5)","background-image":"","background-repeat":"repeat","background-position":"center center","background-size":"auto","background-attachment":"scroll","background-type":"","background-media":"","overlay-type":"","overlay-color":"","overlay-opacity":"","overlay-gradient":""},"mobile":{"background-color":"var(--ast-global-color-5)","background-image":"","background-repeat":"repeat","background-position":"center center","background-size":"auto","background-attachment":"scroll","background-type":"","background-media":"","overlay-type":"","overlay-color":"","overlay-opacity":"","overlay-gradient":""}},"footnotes":""},"class_list":["post-641","page","type-page","status-publish","hentry"],"yoast_head":"<!-- This site is optimized with the Yoast SEO plugin v27.3 - https:\/\/yoast.com\/product\/yoast-seo-wordpress\/ -->\n<title>Contact - comprenant un formulaire de contact crypt\u00e9 en SSL - A. &amp; S. Witte Partnerschaft<\/title>\n<meta name=\"robots\" content=\"index, follow, max-snippet:-1, max-image-preview:large, max-video-preview:-1\" \/>\n<link rel=\"canonical\" href=\"https:\/\/aswittepartg.de\/fr\/contact-comprenant-un-formulaire-de-contact-crypte-en-ssl\/\" \/>\n<meta property=\"og:locale\" content=\"fr_FR\" \/>\n<meta property=\"og:type\" content=\"article\" \/>\n<meta property=\"og:title\" content=\"Contact - comprenant un formulaire de contact crypt\u00e9 en SSL - A. &amp; S. Witte Partnerschaft\" \/>\n<meta property=\"og:description\" content=\"Contact &#8211; comprenant un formulaire de contact crypt\u00e9 en SSL Anfahrt A. &amp; S. Witte PartnerschaftTeerhof 59D-28199 Bremen N\u00e4he Wilhelm-Kaisen-Br\u00fccke A. &amp; S. Witte Partnerschaft,Fach\u00fcbersetzer + SprachdienstleisterSitz: BremenPartnerschaftsregister Bremen PR 441HB Astrid Elke Witte n\u00e9e Johnson Bachelor of Divinity, MCIL, DipTrans IoLET, Chartered LinguistE-Mail: aew(at)aswitte.de Sebastian Witte Dipl.-\u00dcbersetzer (FH)Erm\u00e4chtigt f. Englisch,&nbsp;Spanisch &lt;&gt; Deutsch,&nbsp;Englisch&nbsp;&lt;&gt; Spanisch (OLG [&hellip;]\" \/>\n<meta property=\"og:url\" content=\"https:\/\/aswittepartg.de\/fr\/contact-comprenant-un-formulaire-de-contact-crypte-en-ssl\/\" \/>\n<meta property=\"og:site_name\" content=\"A. &amp; S. Witte Partnerschaft\" \/>\n<meta property=\"article:publisher\" content=\"https:\/\/www.facebook.com\/ASWITTE\" \/>\n<meta property=\"article:modified_time\" content=\"2026-02-20T19:11:39+00:00\" \/>\n<meta name=\"twitter:card\" content=\"summary_large_image\" \/>\n<meta name=\"twitter:label1\" content=\"Dur\u00e9e de lecture estim\u00e9e\" \/>\n\t<meta name=\"twitter:data1\" content=\"1 minute\" \/>\n<script type=\"application\/ld+json\" class=\"yoast-schema-graph\">{\"@context\":\"https:\\\/\\\/schema.org\",\"@graph\":[{\"@type\":\"WebPage\",\"@id\":\"https:\\\/\\\/aswittepartg.de\\\/fr\\\/contact-comprenant-un-formulaire-de-contact-crypte-en-ssl\\\/\",\"url\":\"https:\\\/\\\/aswittepartg.de\\\/fr\\\/contact-comprenant-un-formulaire-de-contact-crypte-en-ssl\\\/\",\"name\":\"Contact - comprenant un formulaire de contact crypt\u00e9 en SSL - A. &amp; S. Witte Partnerschaft\",\"isPartOf\":{\"@id\":\"https:\\\/\\\/aswittepartg.de\\\/#website\"},\"datePublished\":\"2023-06-25T20:26:37+00:00\",\"dateModified\":\"2026-02-20T19:11:39+00:00\",\"breadcrumb\":{\"@id\":\"https:\\\/\\\/aswittepartg.de\\\/fr\\\/contact-comprenant-un-formulaire-de-contact-crypte-en-ssl\\\/#breadcrumb\"},\"inLanguage\":\"fr-FR\",\"potentialAction\":[{\"@type\":\"ReadAction\",\"target\":[\"https:\\\/\\\/aswittepartg.de\\\/fr\\\/contact-comprenant-un-formulaire-de-contact-crypte-en-ssl\\\/\"]}]},{\"@type\":\"BreadcrumbList\",\"@id\":\"https:\\\/\\\/aswittepartg.de\\\/fr\\\/contact-comprenant-un-formulaire-de-contact-crypte-en-ssl\\\/#breadcrumb\",\"itemListElement\":[{\"@type\":\"ListItem\",\"position\":1,\"name\":\"Home\",\"item\":\"https:\\\/\\\/aswittepartg.de\\\/fr\\\/\"},{\"@type\":\"ListItem\",\"position\":2,\"name\":\"Contact &#8211; comprenant un formulaire de contact crypt\u00e9 en SSL\"}]},{\"@type\":\"WebSite\",\"@id\":\"https:\\\/\\\/aswittepartg.de\\\/#website\",\"url\":\"https:\\\/\\\/aswittepartg.de\\\/\",\"name\":\"A. & S. Witte Partnerschaft\",\"description\":\"Fach&uuml;bersetzungen\\\/Specialist translations\",\"publisher\":{\"@id\":\"https:\\\/\\\/aswittepartg.de\\\/#organization\"},\"alternateName\":\"ASWITTE PartG\",\"potentialAction\":[{\"@type\":\"SearchAction\",\"target\":{\"@type\":\"EntryPoint\",\"urlTemplate\":\"https:\\\/\\\/aswittepartg.de\\\/?s={search_term_string}\"},\"query-input\":{\"@type\":\"PropertyValueSpecification\",\"valueRequired\":true,\"valueName\":\"search_term_string\"}}],\"inLanguage\":\"fr-FR\"},{\"@type\":\"Organization\",\"@id\":\"https:\\\/\\\/aswittepartg.de\\\/#organization\",\"name\":\"A. & S. Witte Partnerschaft\",\"alternateName\":\"ASWITTE PartG\",\"url\":\"https:\\\/\\\/aswittepartg.de\\\/\",\"logo\":{\"@type\":\"ImageObject\",\"inLanguage\":\"fr-FR\",\"@id\":\"https:\\\/\\\/aswittepartg.de\\\/#\\\/schema\\\/logo\\\/image\\\/\",\"url\":\"https:\\\/\\\/aswittepartg.de\\\/wp-content\\\/uploads\\\/2023\\\/06\\\/logo.png\",\"contentUrl\":\"https:\\\/\\\/aswittepartg.de\\\/wp-content\\\/uploads\\\/2023\\\/06\\\/logo.png\",\"width\":457,\"height\":475,\"caption\":\"A. & S. Witte Partnerschaft\"},\"image\":{\"@id\":\"https:\\\/\\\/aswittepartg.de\\\/#\\\/schema\\\/logo\\\/image\\\/\"},\"sameAs\":[\"https:\\\/\\\/www.facebook.com\\\/ASWITTE\"]}]}<\/script>\n<!-- \/ Yoast SEO plugin. -->","yoast_head_json":{"title":"Contact - comprenant un formulaire de contact crypt\u00e9 en SSL - A. &amp; S. Witte Partnerschaft","robots":{"index":"index","follow":"follow","max-snippet":"max-snippet:-1","max-image-preview":"max-image-preview:large","max-video-preview":"max-video-preview:-1"},"canonical":"https:\/\/aswittepartg.de\/fr\/contact-comprenant-un-formulaire-de-contact-crypte-en-ssl\/","og_locale":"fr_FR","og_type":"article","og_title":"Contact - comprenant un formulaire de contact crypt\u00e9 en SSL - A. &amp; S. Witte Partnerschaft","og_description":"Contact &#8211; comprenant un formulaire de contact crypt\u00e9 en SSL Anfahrt A. &amp; S. Witte PartnerschaftTeerhof 59D-28199 Bremen N\u00e4he Wilhelm-Kaisen-Br\u00fccke A. &amp; S. Witte Partnerschaft,Fach\u00fcbersetzer + SprachdienstleisterSitz: BremenPartnerschaftsregister Bremen PR 441HB Astrid Elke Witte n\u00e9e Johnson Bachelor of Divinity, MCIL, DipTrans IoLET, Chartered LinguistE-Mail: aew(at)aswitte.de Sebastian Witte Dipl.-\u00dcbersetzer (FH)Erm\u00e4chtigt f. Englisch,&nbsp;Spanisch &lt;&gt; Deutsch,&nbsp;Englisch&nbsp;&lt;&gt; Spanisch (OLG [&hellip;]","og_url":"https:\/\/aswittepartg.de\/fr\/contact-comprenant-un-formulaire-de-contact-crypte-en-ssl\/","og_site_name":"A. &amp; S. Witte Partnerschaft","article_publisher":"https:\/\/www.facebook.com\/ASWITTE","article_modified_time":"2026-02-20T19:11:39+00:00","twitter_card":"summary_large_image","twitter_misc":{"Dur\u00e9e de lecture estim\u00e9e":"1 minute"},"schema":{"@context":"https:\/\/schema.org","@graph":[{"@type":"WebPage","@id":"https:\/\/aswittepartg.de\/fr\/contact-comprenant-un-formulaire-de-contact-crypte-en-ssl\/","url":"https:\/\/aswittepartg.de\/fr\/contact-comprenant-un-formulaire-de-contact-crypte-en-ssl\/","name":"Contact - comprenant un formulaire de contact crypt\u00e9 en SSL - A. &amp; S. Witte Partnerschaft","isPartOf":{"@id":"https:\/\/aswittepartg.de\/#website"},"datePublished":"2023-06-25T20:26:37+00:00","dateModified":"2026-02-20T19:11:39+00:00","breadcrumb":{"@id":"https:\/\/aswittepartg.de\/fr\/contact-comprenant-un-formulaire-de-contact-crypte-en-ssl\/#breadcrumb"},"inLanguage":"fr-FR","potentialAction":[{"@type":"ReadAction","target":["https:\/\/aswittepartg.de\/fr\/contact-comprenant-un-formulaire-de-contact-crypte-en-ssl\/"]}]},{"@type":"BreadcrumbList","@id":"https:\/\/aswittepartg.de\/fr\/contact-comprenant-un-formulaire-de-contact-crypte-en-ssl\/#breadcrumb","itemListElement":[{"@type":"ListItem","position":1,"name":"Home","item":"https:\/\/aswittepartg.de\/fr\/"},{"@type":"ListItem","position":2,"name":"Contact &#8211; comprenant un formulaire de contact crypt\u00e9 en SSL"}]},{"@type":"WebSite","@id":"https:\/\/aswittepartg.de\/#website","url":"https:\/\/aswittepartg.de\/","name":"A. & S. Witte Partnerschaft","description":"Fach&uuml;bersetzungen\/Specialist translations","publisher":{"@id":"https:\/\/aswittepartg.de\/#organization"},"alternateName":"ASWITTE PartG","potentialAction":[{"@type":"SearchAction","target":{"@type":"EntryPoint","urlTemplate":"https:\/\/aswittepartg.de\/?s={search_term_string}"},"query-input":{"@type":"PropertyValueSpecification","valueRequired":true,"valueName":"search_term_string"}}],"inLanguage":"fr-FR"},{"@type":"Organization","@id":"https:\/\/aswittepartg.de\/#organization","name":"A. & S. Witte Partnerschaft","alternateName":"ASWITTE PartG","url":"https:\/\/aswittepartg.de\/","logo":{"@type":"ImageObject","inLanguage":"fr-FR","@id":"https:\/\/aswittepartg.de\/#\/schema\/logo\/image\/","url":"https:\/\/aswittepartg.de\/wp-content\/uploads\/2023\/06\/logo.png","contentUrl":"https:\/\/aswittepartg.de\/wp-content\/uploads\/2023\/06\/logo.png","width":457,"height":475,"caption":"A. & S. Witte Partnerschaft"},"image":{"@id":"https:\/\/aswittepartg.de\/#\/schema\/logo\/image\/"},"sameAs":["https:\/\/www.facebook.com\/ASWITTE"]}]}},"_links":{"self":[{"href":"https:\/\/aswittepartg.de\/fr\/wp-json\/wp\/v2\/pages\/641","targetHints":{"allow":["GET"]}}],"collection":[{"href":"https:\/\/aswittepartg.de\/fr\/wp-json\/wp\/v2\/pages"}],"about":[{"href":"https:\/\/aswittepartg.de\/fr\/wp-json\/wp\/v2\/types\/page"}],"author":[{"embeddable":true,"href":"https:\/\/aswittepartg.de\/fr\/wp-json\/wp\/v2\/users\/2"}],"replies":[{"embeddable":true,"href":"https:\/\/aswittepartg.de\/fr\/wp-json\/wp\/v2\/comments?post=641"}],"version-history":[{"count":5,"href":"https:\/\/aswittepartg.de\/fr\/wp-json\/wp\/v2\/pages\/641\/revisions"}],"predecessor-version":[{"id":1750,"href":"https:\/\/aswittepartg.de\/fr\/wp-json\/wp\/v2\/pages\/641\/revisions\/1750"}],"wp:attachment":[{"href":"https:\/\/aswittepartg.de\/fr\/wp-json\/wp\/v2\/media?parent=641"}],"curies":[{"name":"wp","href":"https:\/\/api.w.org\/{rel}","templated":true}]}}