{"id":734,"date":"2023-06-24T13:20:52","date_gmt":"2023-06-24T13:20:52","guid":{"rendered":"https:\/\/aswittepartg.de\/reseau\/materiel-et-logiciels\/"},"modified":"2023-10-15T14:02:06","modified_gmt":"2023-10-15T14:02:06","slug":"materiel-et-logiciels","status":"publish","type":"page","link":"https:\/\/aswittepartg.de\/fr\/reseau\/materiel-et-logiciels\/","title":{"rendered":"Mat\u00e9riel et logiciels"},"content":{"rendered":"\t\t<div data-elementor-type=\"wp-page\" data-elementor-id=\"734\" class=\"elementor elementor-734 elementor-197\" data-elementor-post-type=\"page\">\n\t\t\t\t\t\t<section class=\"elementor-section elementor-top-section elementor-element elementor-element-e62c165 elementor-section-boxed elementor-section-height-default elementor-section-height-default\" data-id=\"e62c165\" data-element_type=\"section\" data-e-type=\"section\">\n\t\t\t\t\t\t<div class=\"elementor-container elementor-column-gap-default\">\n\t\t\t\t\t<div class=\"elementor-column elementor-col-100 elementor-top-column elementor-element elementor-element-14ed6cb\" data-id=\"14ed6cb\" data-element_type=\"column\" data-e-type=\"column\" data-settings=\"{&quot;background_background&quot;:&quot;classic&quot;}\">\n\t\t\t<div class=\"elementor-widget-wrap elementor-element-populated\">\n\t\t\t\t\t\t<div class=\"elementor-element elementor-element-6c03ef3 elementor-widget elementor-widget-heading\" data-id=\"6c03ef3\" data-element_type=\"widget\" data-e-type=\"widget\" data-widget_type=\"heading.default\">\n\t\t\t\t<div class=\"elementor-widget-container\">\n\t\t\t\t\t<h1 class=\"elementor-heading-title elementor-size-default\">Mat\u00e9riel et logiciels\n<\/h1>\t\t\t\t<\/div>\n\t\t\t\t<\/div>\n\t\t\t\t<section class=\"elementor-section elementor-inner-section elementor-element elementor-element-ea75ed2 elementor-reverse-tablet elementor-reverse-mobile elementor-section-boxed elementor-section-height-default elementor-section-height-default\" data-id=\"ea75ed2\" data-element_type=\"section\" data-e-type=\"section\">\n\t\t\t\t\t\t<div class=\"elementor-container elementor-column-gap-default\">\n\t\t\t\t\t<div class=\"elementor-column elementor-col-50 elementor-inner-column elementor-element elementor-element-c1ff448\" data-id=\"c1ff448\" data-element_type=\"column\" data-e-type=\"column\">\n\t\t\t<div class=\"elementor-widget-wrap elementor-element-populated\">\n\t\t\t\t\t\t<div class=\"elementor-element elementor-element-0119d45 elementor-hidden-desktop elementor-hidden-tablet elementor-widget elementor-widget-spacer\" data-id=\"0119d45\" data-element_type=\"widget\" data-e-type=\"widget\" data-widget_type=\"spacer.default\">\n\t\t\t\t<div class=\"elementor-widget-container\">\n\t\t\t\t\t\t\t<div class=\"elementor-spacer\">\n\t\t\t<div class=\"elementor-spacer-inner\"><\/div>\n\t\t<\/div>\n\t\t\t\t\t\t<\/div>\n\t\t\t\t<\/div>\n\t\t\t\t<div class=\"elementor-element elementor-element-3e710df elementor-widget elementor-widget-text-editor\" data-id=\"3e710df\" data-element_type=\"widget\" data-e-type=\"widget\" data-widget_type=\"text-editor.default\">\n\t\t\t\t<div class=\"elementor-widget-container\">\n\t\t\t\t\t\t\t\t\t<p><strong>Mat\u00e9riel et logiciel (sans dictionnaires \u00e9lectroniques)<\/strong><\/p>\n<p>Ryzen 5 &#8211; PC 2600x (6 c\u0153urs \u00e0 3,60 GHz chacun) &#8211; 32 gigaoctet de RAM DDR4 \u00e0 2666 MHz &#8211; disque dur SSD, disque dur SATA III, lecteur combo Blu-ray, Windows 11<\/p>\n<p>Ryzen 7 &#8211; 2700x PC (8 c\u0153urs \u00e0 4,3 GHz chacun) &#8211; 32 gigaoctet de RAM DDR4 \u00e0 3200 MHz &#8211; 2x disque dur SSD, lecteur Blu-ray combo, Windows 11<\/p>\n<p>Disque dur interne partag\u00e9<\/p>\n\t\t\t\t\t\t\t\t<\/div>\n\t\t\t\t<\/div>\n\t\t\t\t\t<\/div>\n\t\t<\/div>\n\t\t\t\t<div class=\"elementor-column elementor-col-50 elementor-inner-column elementor-element elementor-element-297756f\" data-id=\"297756f\" data-element_type=\"column\" data-e-type=\"column\">\n\t\t\t<div class=\"elementor-widget-wrap elementor-element-populated\">\n\t\t\t\t\t\t<div class=\"elementor-element elementor-element-560a5df elementor-widget elementor-widget-image\" data-id=\"560a5df\" data-element_type=\"widget\" data-e-type=\"widget\" data-widget_type=\"image.default\">\n\t\t\t\t<div class=\"elementor-widget-container\">\n\t\t\t\t\t\t\t\t\t\t\t\t\t\t\t<img fetchpriority=\"high\" decoding=\"async\" width=\"365\" height=\"243\" src=\"https:\/\/aswittepartg.de\/wp-content\/uploads\/2023\/06\/pexels-photo-207709.jpg\" class=\"attachment-full size-full wp-image-431\" alt=\"\" srcset=\"https:\/\/aswittepartg.de\/wp-content\/uploads\/2023\/06\/pexels-photo-207709.jpg 365w, https:\/\/aswittepartg.de\/wp-content\/uploads\/2023\/06\/pexels-photo-207709-300x200.jpg 300w\" sizes=\"(max-width: 365px) 100vw, 365px\" \/>\t\t\t\t\t\t\t\t\t\t\t\t\t\t\t<\/div>\n\t\t\t\t<\/div>\n\t\t\t\t\t<\/div>\n\t\t<\/div>\n\t\t\t\t\t<\/div>\n\t\t<\/section>\n\t\t\t\t<section class=\"elementor-section elementor-inner-section elementor-element elementor-element-89798de elementor-reverse-tablet elementor-reverse-mobile elementor-section-boxed elementor-section-height-default elementor-section-height-default\" data-id=\"89798de\" data-element_type=\"section\" data-e-type=\"section\">\n\t\t\t\t\t\t<div class=\"elementor-container elementor-column-gap-default\">\n\t\t\t\t\t<div class=\"elementor-column elementor-col-100 elementor-inner-column elementor-element elementor-element-4a17672\" data-id=\"4a17672\" data-element_type=\"column\" data-e-type=\"column\">\n\t\t\t<div class=\"elementor-widget-wrap elementor-element-populated\">\n\t\t\t\t\t\t<div class=\"elementor-element elementor-element-90fe5ea elementor-widget elementor-widget-text-editor\" data-id=\"90fe5ea\" data-element_type=\"widget\" data-e-type=\"widget\" data-widget_type=\"text-editor.default\">\n\t\t\t\t<div class=\"elementor-widget-container\">\n\t\t\t\t\t\t\t\t\t<p>Une carte graphique Nvidia d\u00e9di\u00e9e avec 4 gigaoctet de m\u00e9moire graphique, respectivement<\/p>\n<p>Bloc d&rsquo;alimentation \u00e9conomique de 750 watts 80 PLUS Gold du fabricant de marque.<\/p>\n<p>Imprimante multifonction \u00e0 jet d&rsquo;encre couleur Canon avec scanner et fax, chargeur de documents, bacs \u00e0 papier de 500 feuilles<\/p>\n<p>2 disques durs externes de Western Digital<\/p>\n<p>1 \u00e9cran Philips 27 pouces, 1 \u00e9cran Samsung 27 pouces<\/p>\n<p>\u00c9cran 19 pouces, \u00e9cran 24 pouces<\/p>\n<p>Routeur DSL Fritz!Box moderne et s\u00e9curis\u00e9 pour des bandes passantes \u00e9lev\u00e9es \u00e0 tr\u00e8s \u00e9lev\u00e9es<\/p>\n<p>ADSL 50 Mbit\/s<\/p>\n<p>Souris Logitech sans fil et claviers filaires<\/p>\n<p>Smartphone LTE avec syst\u00e8me d&rsquo;exploitation Android 11 et client de messagerie (technologie push e-mail)<\/p>\n<p>Microsoft Office 2019 ou 2016, y compris 1x Word, Excel, Outlook, PowerPoint. En plus 1x Microsoft Access, Publisher et OneNote.  <\/p>\n<p>Logiciel OCR Abbyy FineReader 14 ou 15<\/p>\n<p>RWS Trados Studio 2019 (2x)<\/p>\n<p>RWS Trados Studio 2021 SR2 (1x), RWS Trados Studio 2021 (1x)<\/p>\n<p>RWS MultiTerm 2019 (2x)<\/p>\n<p>RWS MultiTerm 2021 (1x)<\/p>\n<p>Logiciel d&rsquo;assurance qualit\u00e9 de marque d\u00e9di\u00e9 pour les traducteurs<\/p>\n<p>WISO MeinB\u00fcro &#8211; logiciel de gestion commerciale<\/p>\n<p>Base de donn\u00e9es de gestion des entreprises et des fournisseurs Microsoft Access<\/p>\n<p><span style=\"font-style: inherit; font-weight: inherit;\">Bitdefender Total Security (2x) &#8211; antivirus, suite de s\u00e9curit\u00e9 pour PC avec pare-feu logiciel<\/span><br><\/p>\n<p>Copernic Desktop Search<\/p>\n<p>Essential PIM Pro &#8211; gestion des calendriers et des t\u00e2ches<\/p>\n<p>Copernic Desktop Search &#8211; recherche d&rsquo;indexation d&rsquo;ordinateur<\/p>\n<p>Todoist &#8211; gestion des t\u00e2ches<\/p>\n<p>WINRAR &#8211; programme de compression et de d\u00e9compression<\/p>\t\t\t\t\t\t\t\t<\/div>\n\t\t\t\t<\/div>\n\t\t\t\t\t<\/div>\n\t\t<\/div>\n\t\t\t\t\t<\/div>\n\t\t<\/section>\n\t\t\t\t\t<\/div>\n\t\t<\/div>\n\t\t\t\t\t<\/div>\n\t\t<\/section>\n\t\t\t\t<\/div>\n\t\t","protected":false},"excerpt":{"rendered":"<p>Mat\u00e9riel et logiciels Mat\u00e9riel et logiciel (sans dictionnaires \u00e9lectroniques) Ryzen 5 &#8211; PC 2600x (6 c\u0153urs \u00e0 3,60 GHz chacun) &#8211; 32 gigaoctet de RAM DDR4 \u00e0 2666 MHz &#8211; disque dur SSD, disque dur SATA III, lecteur combo Blu-ray, Windows 11 Ryzen 7 &#8211; 2700x PC (8 c\u0153urs \u00e0 4,3 GHz chacun) &#8211; 32 [&hellip;]<\/p>\n","protected":false},"author":2,"featured_media":0,"parent":718,"menu_order":0,"comment_status":"closed","ping_status":"closed","template":"","meta":{"site-sidebar-layout":"no-sidebar","site-content-layout":"page-builder","ast-site-content-layout":"default","site-content-style":"default","site-sidebar-style":"default","ast-global-header-display":"","ast-banner-title-visibility":"","ast-main-header-display":"","ast-hfb-above-header-display":"","ast-hfb-below-header-display":"","ast-hfb-mobile-header-display":"","site-post-title":"disabled","ast-breadcrumbs-content":"","ast-featured-img":"disabled","footer-sml-layout":"","ast-disable-related-posts":"","theme-transparent-header-meta":"","adv-header-id-meta":"","stick-header-meta":"","header-above-stick-meta":"","header-main-stick-meta":"","header-below-stick-meta":"","astra-migrate-meta-layouts":"default","ast-page-background-enabled":"default","ast-page-background-meta":{"desktop":{"background-color":"var(--ast-global-color-4)","background-image":"","background-repeat":"repeat","background-position":"center center","background-size":"auto","background-attachment":"scroll","background-type":"","background-media":"","overlay-type":"","overlay-color":"","overlay-opacity":"","overlay-gradient":""},"tablet":{"background-color":"","background-image":"","background-repeat":"repeat","background-position":"center center","background-size":"auto","background-attachment":"scroll","background-type":"","background-media":"","overlay-type":"","overlay-color":"","overlay-opacity":"","overlay-gradient":""},"mobile":{"background-color":"","background-image":"","background-repeat":"repeat","background-position":"center center","background-size":"auto","background-attachment":"scroll","background-type":"","background-media":"","overlay-type":"","overlay-color":"","overlay-opacity":"","overlay-gradient":""}},"ast-content-background-meta":{"desktop":{"background-color":"var(--ast-global-color-5)","background-image":"","background-repeat":"repeat","background-position":"center center","background-size":"auto","background-attachment":"scroll","background-type":"","background-media":"","overlay-type":"","overlay-color":"","overlay-opacity":"","overlay-gradient":""},"tablet":{"background-color":"var(--ast-global-color-5)","background-image":"","background-repeat":"repeat","background-position":"center center","background-size":"auto","background-attachment":"scroll","background-type":"","background-media":"","overlay-type":"","overlay-color":"","overlay-opacity":"","overlay-gradient":""},"mobile":{"background-color":"var(--ast-global-color-5)","background-image":"","background-repeat":"repeat","background-position":"center center","background-size":"auto","background-attachment":"scroll","background-type":"","background-media":"","overlay-type":"","overlay-color":"","overlay-opacity":"","overlay-gradient":""}},"footnotes":""},"class_list":["post-734","page","type-page","status-publish","hentry"],"yoast_head":"<!-- This site is optimized with the Yoast SEO plugin v27.3 - https:\/\/yoast.com\/product\/yoast-seo-wordpress\/ -->\n<title>Mat\u00e9riel et logiciels - A. &amp; S. Witte Partnerschaft<\/title>\n<meta name=\"robots\" content=\"index, follow, max-snippet:-1, max-image-preview:large, max-video-preview:-1\" \/>\n<link rel=\"canonical\" href=\"https:\/\/aswittepartg.de\/fr\/reseau\/materiel-et-logiciels\/\" \/>\n<meta property=\"og:locale\" content=\"fr_FR\" \/>\n<meta property=\"og:type\" content=\"article\" \/>\n<meta property=\"og:title\" content=\"Mat\u00e9riel et logiciels - A. &amp; S. Witte Partnerschaft\" \/>\n<meta property=\"og:description\" content=\"Mat\u00e9riel et logiciels Mat\u00e9riel et logiciel (sans dictionnaires \u00e9lectroniques) Ryzen 5 &#8211; PC 2600x (6 c\u0153urs \u00e0 3,60 GHz chacun) &#8211; 32 gigaoctet de RAM DDR4 \u00e0 2666 MHz &#8211; disque dur SSD, disque dur SATA III, lecteur combo Blu-ray, Windows 11 Ryzen 7 &#8211; 2700x PC (8 c\u0153urs \u00e0 4,3 GHz chacun) &#8211; 32 [&hellip;]\" \/>\n<meta property=\"og:url\" content=\"https:\/\/aswittepartg.de\/fr\/reseau\/materiel-et-logiciels\/\" \/>\n<meta property=\"og:site_name\" content=\"A. &amp; S. Witte Partnerschaft\" \/>\n<meta property=\"article:publisher\" content=\"https:\/\/www.facebook.com\/ASWITTE\" \/>\n<meta property=\"article:modified_time\" content=\"2023-10-15T14:02:06+00:00\" \/>\n<meta property=\"og:image\" content=\"https:\/\/aswittepartg.de\/wp-content\/uploads\/2023\/06\/pexels-photo-207709.jpg\" \/>\n<meta name=\"twitter:card\" content=\"summary_large_image\" \/>\n<meta name=\"twitter:label1\" content=\"Dur\u00e9e de lecture estim\u00e9e\" \/>\n\t<meta name=\"twitter:data1\" content=\"3 minutes\" \/>\n<script type=\"application\/ld+json\" class=\"yoast-schema-graph\">{\"@context\":\"https:\\\/\\\/schema.org\",\"@graph\":[{\"@type\":\"WebPage\",\"@id\":\"https:\\\/\\\/aswittepartg.de\\\/fr\\\/reseau\\\/materiel-et-logiciels\\\/\",\"url\":\"https:\\\/\\\/aswittepartg.de\\\/fr\\\/reseau\\\/materiel-et-logiciels\\\/\",\"name\":\"Mat\u00e9riel et logiciels - A. &amp; S. Witte Partnerschaft\",\"isPartOf\":{\"@id\":\"https:\\\/\\\/aswittepartg.de\\\/#website\"},\"primaryImageOfPage\":{\"@id\":\"https:\\\/\\\/aswittepartg.de\\\/fr\\\/reseau\\\/materiel-et-logiciels\\\/#primaryimage\"},\"image\":{\"@id\":\"https:\\\/\\\/aswittepartg.de\\\/fr\\\/reseau\\\/materiel-et-logiciels\\\/#primaryimage\"},\"thumbnailUrl\":\"https:\\\/\\\/aswittepartg.de\\\/wp-content\\\/uploads\\\/2023\\\/06\\\/pexels-photo-207709.jpg\",\"datePublished\":\"2023-06-24T13:20:52+00:00\",\"dateModified\":\"2023-10-15T14:02:06+00:00\",\"breadcrumb\":{\"@id\":\"https:\\\/\\\/aswittepartg.de\\\/fr\\\/reseau\\\/materiel-et-logiciels\\\/#breadcrumb\"},\"inLanguage\":\"fr-FR\",\"potentialAction\":[{\"@type\":\"ReadAction\",\"target\":[\"https:\\\/\\\/aswittepartg.de\\\/fr\\\/reseau\\\/materiel-et-logiciels\\\/\"]}]},{\"@type\":\"ImageObject\",\"inLanguage\":\"fr-FR\",\"@id\":\"https:\\\/\\\/aswittepartg.de\\\/fr\\\/reseau\\\/materiel-et-logiciels\\\/#primaryimage\",\"url\":\"https:\\\/\\\/aswittepartg.de\\\/wp-content\\\/uploads\\\/2023\\\/06\\\/pexels-photo-207709.jpg\",\"contentUrl\":\"https:\\\/\\\/aswittepartg.de\\\/wp-content\\\/uploads\\\/2023\\\/06\\\/pexels-photo-207709.jpg\"},{\"@type\":\"BreadcrumbList\",\"@id\":\"https:\\\/\\\/aswittepartg.de\\\/fr\\\/reseau\\\/materiel-et-logiciels\\\/#breadcrumb\",\"itemListElement\":[{\"@type\":\"ListItem\",\"position\":1,\"name\":\"Home\",\"item\":\"https:\\\/\\\/aswittepartg.de\\\/fr\\\/\"},{\"@type\":\"ListItem\",\"position\":2,\"name\":\"R\u00c9SEAU\",\"item\":\"https:\\\/\\\/aswittepartg.de\\\/reseau\\\/\"},{\"@type\":\"ListItem\",\"position\":3,\"name\":\"Mat\u00e9riel et logiciels\"}]},{\"@type\":\"WebSite\",\"@id\":\"https:\\\/\\\/aswittepartg.de\\\/#website\",\"url\":\"https:\\\/\\\/aswittepartg.de\\\/\",\"name\":\"A. & S. Witte Partnerschaft\",\"description\":\"Fach&uuml;bersetzungen\\\/Specialist translations\",\"publisher\":{\"@id\":\"https:\\\/\\\/aswittepartg.de\\\/#organization\"},\"alternateName\":\"ASWITTE PartG\",\"potentialAction\":[{\"@type\":\"SearchAction\",\"target\":{\"@type\":\"EntryPoint\",\"urlTemplate\":\"https:\\\/\\\/aswittepartg.de\\\/?s={search_term_string}\"},\"query-input\":{\"@type\":\"PropertyValueSpecification\",\"valueRequired\":true,\"valueName\":\"search_term_string\"}}],\"inLanguage\":\"fr-FR\"},{\"@type\":\"Organization\",\"@id\":\"https:\\\/\\\/aswittepartg.de\\\/#organization\",\"name\":\"A. & S. Witte Partnerschaft\",\"alternateName\":\"ASWITTE PartG\",\"url\":\"https:\\\/\\\/aswittepartg.de\\\/\",\"logo\":{\"@type\":\"ImageObject\",\"inLanguage\":\"fr-FR\",\"@id\":\"https:\\\/\\\/aswittepartg.de\\\/#\\\/schema\\\/logo\\\/image\\\/\",\"url\":\"https:\\\/\\\/aswittepartg.de\\\/wp-content\\\/uploads\\\/2023\\\/06\\\/logo.png\",\"contentUrl\":\"https:\\\/\\\/aswittepartg.de\\\/wp-content\\\/uploads\\\/2023\\\/06\\\/logo.png\",\"width\":457,\"height\":475,\"caption\":\"A. & S. Witte Partnerschaft\"},\"image\":{\"@id\":\"https:\\\/\\\/aswittepartg.de\\\/#\\\/schema\\\/logo\\\/image\\\/\"},\"sameAs\":[\"https:\\\/\\\/www.facebook.com\\\/ASWITTE\"]}]}<\/script>\n<!-- \/ Yoast SEO plugin. -->","yoast_head_json":{"title":"Mat\u00e9riel et logiciels - A. &amp; S. Witte Partnerschaft","robots":{"index":"index","follow":"follow","max-snippet":"max-snippet:-1","max-image-preview":"max-image-preview:large","max-video-preview":"max-video-preview:-1"},"canonical":"https:\/\/aswittepartg.de\/fr\/reseau\/materiel-et-logiciels\/","og_locale":"fr_FR","og_type":"article","og_title":"Mat\u00e9riel et logiciels - A. &amp; S. Witte Partnerschaft","og_description":"Mat\u00e9riel et logiciels Mat\u00e9riel et logiciel (sans dictionnaires \u00e9lectroniques) Ryzen 5 &#8211; PC 2600x (6 c\u0153urs \u00e0 3,60 GHz chacun) &#8211; 32 gigaoctet de RAM DDR4 \u00e0 2666 MHz &#8211; disque dur SSD, disque dur SATA III, lecteur combo Blu-ray, Windows 11 Ryzen 7 &#8211; 2700x PC (8 c\u0153urs \u00e0 4,3 GHz chacun) &#8211; 32 [&hellip;]","og_url":"https:\/\/aswittepartg.de\/fr\/reseau\/materiel-et-logiciels\/","og_site_name":"A. &amp; S. Witte Partnerschaft","article_publisher":"https:\/\/www.facebook.com\/ASWITTE","article_modified_time":"2023-10-15T14:02:06+00:00","og_image":[{"url":"https:\/\/aswittepartg.de\/wp-content\/uploads\/2023\/06\/pexels-photo-207709.jpg","type":"","width":"","height":""}],"twitter_card":"summary_large_image","twitter_misc":{"Dur\u00e9e de lecture estim\u00e9e":"3 minutes"},"schema":{"@context":"https:\/\/schema.org","@graph":[{"@type":"WebPage","@id":"https:\/\/aswittepartg.de\/fr\/reseau\/materiel-et-logiciels\/","url":"https:\/\/aswittepartg.de\/fr\/reseau\/materiel-et-logiciels\/","name":"Mat\u00e9riel et logiciels - A. &amp; S. Witte Partnerschaft","isPartOf":{"@id":"https:\/\/aswittepartg.de\/#website"},"primaryImageOfPage":{"@id":"https:\/\/aswittepartg.de\/fr\/reseau\/materiel-et-logiciels\/#primaryimage"},"image":{"@id":"https:\/\/aswittepartg.de\/fr\/reseau\/materiel-et-logiciels\/#primaryimage"},"thumbnailUrl":"https:\/\/aswittepartg.de\/wp-content\/uploads\/2023\/06\/pexels-photo-207709.jpg","datePublished":"2023-06-24T13:20:52+00:00","dateModified":"2023-10-15T14:02:06+00:00","breadcrumb":{"@id":"https:\/\/aswittepartg.de\/fr\/reseau\/materiel-et-logiciels\/#breadcrumb"},"inLanguage":"fr-FR","potentialAction":[{"@type":"ReadAction","target":["https:\/\/aswittepartg.de\/fr\/reseau\/materiel-et-logiciels\/"]}]},{"@type":"ImageObject","inLanguage":"fr-FR","@id":"https:\/\/aswittepartg.de\/fr\/reseau\/materiel-et-logiciels\/#primaryimage","url":"https:\/\/aswittepartg.de\/wp-content\/uploads\/2023\/06\/pexels-photo-207709.jpg","contentUrl":"https:\/\/aswittepartg.de\/wp-content\/uploads\/2023\/06\/pexels-photo-207709.jpg"},{"@type":"BreadcrumbList","@id":"https:\/\/aswittepartg.de\/fr\/reseau\/materiel-et-logiciels\/#breadcrumb","itemListElement":[{"@type":"ListItem","position":1,"name":"Home","item":"https:\/\/aswittepartg.de\/fr\/"},{"@type":"ListItem","position":2,"name":"R\u00c9SEAU","item":"https:\/\/aswittepartg.de\/reseau\/"},{"@type":"ListItem","position":3,"name":"Mat\u00e9riel et logiciels"}]},{"@type":"WebSite","@id":"https:\/\/aswittepartg.de\/#website","url":"https:\/\/aswittepartg.de\/","name":"A. & S. Witte Partnerschaft","description":"Fach&uuml;bersetzungen\/Specialist translations","publisher":{"@id":"https:\/\/aswittepartg.de\/#organization"},"alternateName":"ASWITTE PartG","potentialAction":[{"@type":"SearchAction","target":{"@type":"EntryPoint","urlTemplate":"https:\/\/aswittepartg.de\/?s={search_term_string}"},"query-input":{"@type":"PropertyValueSpecification","valueRequired":true,"valueName":"search_term_string"}}],"inLanguage":"fr-FR"},{"@type":"Organization","@id":"https:\/\/aswittepartg.de\/#organization","name":"A. & S. Witte Partnerschaft","alternateName":"ASWITTE PartG","url":"https:\/\/aswittepartg.de\/","logo":{"@type":"ImageObject","inLanguage":"fr-FR","@id":"https:\/\/aswittepartg.de\/#\/schema\/logo\/image\/","url":"https:\/\/aswittepartg.de\/wp-content\/uploads\/2023\/06\/logo.png","contentUrl":"https:\/\/aswittepartg.de\/wp-content\/uploads\/2023\/06\/logo.png","width":457,"height":475,"caption":"A. & S. Witte Partnerschaft"},"image":{"@id":"https:\/\/aswittepartg.de\/#\/schema\/logo\/image\/"},"sameAs":["https:\/\/www.facebook.com\/ASWITTE"]}]}},"_links":{"self":[{"href":"https:\/\/aswittepartg.de\/fr\/wp-json\/wp\/v2\/pages\/734","targetHints":{"allow":["GET"]}}],"collection":[{"href":"https:\/\/aswittepartg.de\/fr\/wp-json\/wp\/v2\/pages"}],"about":[{"href":"https:\/\/aswittepartg.de\/fr\/wp-json\/wp\/v2\/types\/page"}],"author":[{"embeddable":true,"href":"https:\/\/aswittepartg.de\/fr\/wp-json\/wp\/v2\/users\/2"}],"replies":[{"embeddable":true,"href":"https:\/\/aswittepartg.de\/fr\/wp-json\/wp\/v2\/comments?post=734"}],"version-history":[{"count":7,"href":"https:\/\/aswittepartg.de\/fr\/wp-json\/wp\/v2\/pages\/734\/revisions"}],"predecessor-version":[{"id":1362,"href":"https:\/\/aswittepartg.de\/fr\/wp-json\/wp\/v2\/pages\/734\/revisions\/1362"}],"up":[{"embeddable":true,"href":"https:\/\/aswittepartg.de\/fr\/wp-json\/wp\/v2\/pages\/718"}],"wp:attachment":[{"href":"https:\/\/aswittepartg.de\/fr\/wp-json\/wp\/v2\/media?parent=734"}],"curies":[{"name":"wp","href":"https:\/\/api.w.org\/{rel}","templated":true}]}}