{"id":814,"date":"2023-06-25T20:09:04","date_gmt":"2023-06-25T20:09:04","guid":{"rendered":"https:\/\/aswittepartg.de\/services\/specialisation\/"},"modified":"2023-07-10T22:13:37","modified_gmt":"2023-07-10T22:13:37","slug":"specialisation","status":"publish","type":"page","link":"https:\/\/aswittepartg.de\/fr\/services\/specialisation\/","title":{"rendered":"Sp\u00e9cialisation"},"content":{"rendered":"\t\t<div data-elementor-type=\"wp-page\" data-elementor-id=\"814\" class=\"elementor elementor-814 elementor-226\" data-elementor-post-type=\"page\">\n\t\t\t\t\t\t<section class=\"elementor-section elementor-top-section elementor-element elementor-element-12affde elementor-section-boxed elementor-section-height-default elementor-section-height-default\" data-id=\"12affde\" data-element_type=\"section\" data-e-type=\"section\">\n\t\t\t\t\t\t<div class=\"elementor-container elementor-column-gap-default\">\n\t\t\t\t\t<div class=\"elementor-column elementor-col-100 elementor-top-column elementor-element elementor-element-338a35a\" data-id=\"338a35a\" data-element_type=\"column\" data-e-type=\"column\" data-settings=\"{&quot;background_background&quot;:&quot;classic&quot;}\">\n\t\t\t<div class=\"elementor-widget-wrap elementor-element-populated\">\n\t\t\t\t\t\t<div class=\"elementor-element elementor-element-0d667a5 elementor-widget elementor-widget-heading\" data-id=\"0d667a5\" data-element_type=\"widget\" data-e-type=\"widget\" data-widget_type=\"heading.default\">\n\t\t\t\t<div class=\"elementor-widget-container\">\n\t\t\t\t\t<h1 class=\"elementor-heading-title elementor-size-default\">Sp\u00e9cialisation<\/h1>\t\t\t\t<\/div>\n\t\t\t\t<\/div>\n\t\t\t\t<section class=\"elementor-section elementor-inner-section elementor-element elementor-element-35c6921 elementor-reverse-tablet elementor-reverse-mobile elementor-section-boxed elementor-section-height-default elementor-section-height-default\" data-id=\"35c6921\" data-element_type=\"section\" data-e-type=\"section\">\n\t\t\t\t\t\t<div class=\"elementor-container elementor-column-gap-default\">\n\t\t\t\t\t<div class=\"elementor-column elementor-col-50 elementor-inner-column elementor-element elementor-element-663102b\" data-id=\"663102b\" data-element_type=\"column\" data-e-type=\"column\">\n\t\t\t<div class=\"elementor-widget-wrap elementor-element-populated\">\n\t\t\t\t\t\t<div class=\"elementor-element elementor-element-e0c2ff6 elementor-hidden-desktop elementor-hidden-tablet elementor-widget elementor-widget-spacer\" data-id=\"e0c2ff6\" data-element_type=\"widget\" data-e-type=\"widget\" data-widget_type=\"spacer.default\">\n\t\t\t\t<div class=\"elementor-widget-container\">\n\t\t\t\t\t\t\t<div class=\"elementor-spacer\">\n\t\t\t<div class=\"elementor-spacer-inner\"><\/div>\n\t\t<\/div>\n\t\t\t\t\t\t<\/div>\n\t\t\t\t<\/div>\n\t\t\t\t<div class=\"elementor-element elementor-element-29cf775 elementor-widget elementor-widget-text-editor\" data-id=\"29cf775\" data-element_type=\"widget\" data-e-type=\"widget\" data-widget_type=\"text-editor.default\">\n\t\t\t\t<div class=\"elementor-widget-container\">\n\t\t\t\t\t\t\t\t\t<ul>\n<li>Droit de propri\u00e9t\u00e9 intellectuelle: marques nationales, marques communautaires &amp; enregistrements internationaux, droit d\u2019auteur, droits de m\u00e9dias PI, dessins et mod\u00e8les, droit de la concurrence, droit des brevets (\u00e9galement les demandes de brevet et les fascicules techniques), droit des licences<\/li>\n<li>Droit des obligations (droit contractuel, CGV, etc.), droit des biens, droit de la famille, droit du commerce et des soci\u00e9t\u00e9s, gouvernement d\u2019entreprise, droit relatif \u00e0 la protection des donn\u00e9es personnelles, droit du travail, droit de l\u2019insolvabilit\u00e9<\/li>\n<li>\u00c9tablissement des comptes (conform\u00e9ment aux normes IFRS\/normes comptables allemandes (DRS)\/au Code de Commerce allemand (HGB)\/Swiss GAAP FER\/Austrian GAAP (UGB)\/US-GAAP), audit comptable et financier<\/li>\n<\/ul>\n\t\t\t\t\t\t\t\t<\/div>\n\t\t\t\t<\/div>\n\t\t\t\t\t<\/div>\n\t\t<\/div>\n\t\t\t\t<div class=\"elementor-column elementor-col-50 elementor-inner-column elementor-element elementor-element-33d555c\" data-id=\"33d555c\" data-element_type=\"column\" data-e-type=\"column\">\n\t\t\t<div class=\"elementor-widget-wrap elementor-element-populated\">\n\t\t\t\t\t\t<div class=\"elementor-element elementor-element-4c652af elementor-widget elementor-widget-image\" data-id=\"4c652af\" data-element_type=\"widget\" data-e-type=\"widget\" data-widget_type=\"image.default\">\n\t\t\t\t<div class=\"elementor-widget-container\">\n\t\t\t\t\t\t\t\t\t\t\t\t\t\t\t<img fetchpriority=\"high\" decoding=\"async\" width=\"365\" height=\"266\" src=\"https:\/\/aswittepartg.de\/wp-content\/uploads\/2023\/06\/bild_spezialisierung_gross_0.jpg\" class=\"attachment-full size-full wp-image-391\" alt=\"\" srcset=\"https:\/\/aswittepartg.de\/wp-content\/uploads\/2023\/06\/bild_spezialisierung_gross_0.jpg 365w, https:\/\/aswittepartg.de\/wp-content\/uploads\/2023\/06\/bild_spezialisierung_gross_0-300x219.jpg 300w\" sizes=\"(max-width: 365px) 100vw, 365px\" \/>\t\t\t\t\t\t\t\t\t\t\t\t\t\t\t<\/div>\n\t\t\t\t<\/div>\n\t\t\t\t\t<\/div>\n\t\t<\/div>\n\t\t\t\t\t<\/div>\n\t\t<\/section>\n\t\t\t\t<section class=\"elementor-section elementor-inner-section elementor-element elementor-element-06ab34f elementor-reverse-tablet elementor-reverse-mobile elementor-section-boxed elementor-section-height-default elementor-section-height-default\" data-id=\"06ab34f\" data-element_type=\"section\" data-e-type=\"section\">\n\t\t\t\t\t\t<div class=\"elementor-container elementor-column-gap-default\">\n\t\t\t\t\t<div class=\"elementor-column elementor-col-100 elementor-inner-column elementor-element elementor-element-e2f8395\" data-id=\"e2f8395\" data-element_type=\"column\" data-e-type=\"column\">\n\t\t\t<div class=\"elementor-widget-wrap elementor-element-populated\">\n\t\t\t\t\t\t<div class=\"elementor-element elementor-element-dc6ba27 elementor-widget elementor-widget-text-editor\" data-id=\"dc6ba27\" data-element_type=\"widget\" data-e-type=\"widget\" data-widget_type=\"text-editor.default\">\n\t\t\t\t<div class=\"elementor-widget-container\">\n\t\t\t\t\t\t\t\t\t<ul>\n<li>Secteur bancaire\/march\u00e9s financiers\/r\u00e9gulation des banques et des march\u00e9s financiers<\/li>\n<li>Gestion immobili\u00e8re<\/li>\n<li>Certificats, dipl\u00f4mes\/\u00e9ducation<\/li>\n<li>Gestion des ressources humaines<\/li>\n<li>Droit fiscal<\/li>\n<li>Fusions &amp; acquisitions (M&amp;A) y compris les audits de Due Diligence<\/li>\n<li>Gestion de la qualit\u00e9<\/li>\n<\/ul>\n<p><strong>Le nombre limit\u00e9 de nos domaines de sp\u00e9cialisation<\/strong> qui s\u2019articulent tous (\u00e0 l\u2019exception du domaine de l\u2019\u00e9ducation) autour du <strong>droit<\/strong> ou de l<strong>\u2019\u00e9conomie<\/strong>, souvent interd\u00e9pendants, nous permet de nous <strong>tenir continuellement \u00e0 jour<\/strong> et de vous garantir une <strong>compr\u00e9hension pr\u00e9cise<\/strong> du contenu de vos textes.<\/p>\n<p>Il va de soi que vos documents sont trait\u00e9s avec la plus grande confidentialit\u00e9.<\/p>\n<p><b>Formats d&rsquo;origine<\/b><\/p>\n<p>Word, Excel, PowerPoint, PDF, XHTML 1.1, HTML 4, HTML 5, Adobe FrameMaker, Adobe InDesign, Adobe InCopy, QuarkXpress, documents remis en main propre ou apr\u00e8s accord aussi documents envoy\u00e9s par courrier postal.<\/p>\n<p>C\u2019est par ailleurs avec beaucoup de motivation et d\u2019enthousiasme que nous enrichissons et d\u00e9veloppons sans cesse nos connaissances dans les domaines de travail susmentionn\u00e9s, comme vous pouvez le constater <a href=\"https:\/\/aswittepartg.de\/en-gb\/services\/cpdwhats-new\">sur la liste des formations continues effectu\u00e9es r\u00e9cemment<\/a>.<\/p>\n<p>Vous trouverez une liste de nos domaines de travail secondaires (domaines compl\u00e9mentaires) sur <a href=\"http:\/\/www.aswittepartg.de\/en-us\/about-s\/other-benefits-you\">http:\/\/www.aswitte.de\/en-us\/about-s\/other-benefits-you .<\/a><\/p>\t\t\t\t\t\t\t\t<\/div>\n\t\t\t\t<\/div>\n\t\t\t\t\t<\/div>\n\t\t<\/div>\n\t\t\t\t\t<\/div>\n\t\t<\/section>\n\t\t\t\t\t<\/div>\n\t\t<\/div>\n\t\t\t\t\t<\/div>\n\t\t<\/section>\n\t\t\t\t<\/div>\n\t\t","protected":false},"excerpt":{"rendered":"<p>Sp\u00e9cialisation Droit de propri\u00e9t\u00e9 intellectuelle: marques nationales, marques communautaires &amp; enregistrements internationaux, droit d\u2019auteur, droits de m\u00e9dias PI, dessins et mod\u00e8les, droit de la concurrence, droit des brevets (\u00e9galement les demandes de brevet et les fascicules techniques), droit des licences Droit des obligations (droit contractuel, CGV, etc.), droit des biens, droit de la famille, droit [&hellip;]<\/p>\n","protected":false},"author":2,"featured_media":0,"parent":724,"menu_order":0,"comment_status":"closed","ping_status":"closed","template":"","meta":{"site-sidebar-layout":"no-sidebar","site-content-layout":"page-builder","ast-site-content-layout":"default","site-content-style":"default","site-sidebar-style":"default","ast-global-header-display":"","ast-banner-title-visibility":"","ast-main-header-display":"","ast-hfb-above-header-display":"","ast-hfb-below-header-display":"","ast-hfb-mobile-header-display":"","site-post-title":"disabled","ast-breadcrumbs-content":"","ast-featured-img":"disabled","footer-sml-layout":"","ast-disable-related-posts":"","theme-transparent-header-meta":"","adv-header-id-meta":"","stick-header-meta":"","header-above-stick-meta":"","header-main-stick-meta":"","header-below-stick-meta":"","astra-migrate-meta-layouts":"default","ast-page-background-enabled":"default","ast-page-background-meta":{"desktop":{"background-color":"var(--ast-global-color-4)","background-image":"","background-repeat":"repeat","background-position":"center center","background-size":"auto","background-attachment":"scroll","background-type":"","background-media":"","overlay-type":"","overlay-color":"","overlay-opacity":"","overlay-gradient":""},"tablet":{"background-color":"","background-image":"","background-repeat":"repeat","background-position":"center center","background-size":"auto","background-attachment":"scroll","background-type":"","background-media":"","overlay-type":"","overlay-color":"","overlay-opacity":"","overlay-gradient":""},"mobile":{"background-color":"","background-image":"","background-repeat":"repeat","background-position":"center center","background-size":"auto","background-attachment":"scroll","background-type":"","background-media":"","overlay-type":"","overlay-color":"","overlay-opacity":"","overlay-gradient":""}},"ast-content-background-meta":{"desktop":{"background-color":"var(--ast-global-color-5)","background-image":"","background-repeat":"repeat","background-position":"center center","background-size":"auto","background-attachment":"scroll","background-type":"","background-media":"","overlay-type":"","overlay-color":"","overlay-opacity":"","overlay-gradient":""},"tablet":{"background-color":"var(--ast-global-color-5)","background-image":"","background-repeat":"repeat","background-position":"center center","background-size":"auto","background-attachment":"scroll","background-type":"","background-media":"","overlay-type":"","overlay-color":"","overlay-opacity":"","overlay-gradient":""},"mobile":{"background-color":"var(--ast-global-color-5)","background-image":"","background-repeat":"repeat","background-position":"center center","background-size":"auto","background-attachment":"scroll","background-type":"","background-media":"","overlay-type":"","overlay-color":"","overlay-opacity":"","overlay-gradient":""}},"footnotes":""},"class_list":["post-814","page","type-page","status-publish","hentry"],"yoast_head":"<!-- This site is optimized with the Yoast SEO plugin v27.3 - https:\/\/yoast.com\/product\/yoast-seo-wordpress\/ -->\n<title>Sp\u00e9cialisation - A. &amp; S. Witte Partnerschaft<\/title>\n<meta name=\"robots\" content=\"index, follow, max-snippet:-1, max-image-preview:large, max-video-preview:-1\" \/>\n<link rel=\"canonical\" href=\"https:\/\/aswittepartg.de\/en-gb\/services\/specialisation\/\" \/>\n<meta property=\"og:locale\" content=\"fr_FR\" \/>\n<meta property=\"og:type\" content=\"article\" \/>\n<meta property=\"og:title\" content=\"Sp\u00e9cialisation - A. &amp; S. Witte Partnerschaft\" \/>\n<meta property=\"og:description\" content=\"Sp\u00e9cialisation Droit de propri\u00e9t\u00e9 intellectuelle: marques nationales, marques communautaires &amp; enregistrements internationaux, droit d\u2019auteur, droits de m\u00e9dias PI, dessins et mod\u00e8les, droit de la concurrence, droit des brevets (\u00e9galement les demandes de brevet et les fascicules techniques), droit des licences Droit des obligations (droit contractuel, CGV, etc.), droit des biens, droit de la famille, droit [&hellip;]\" \/>\n<meta property=\"og:url\" content=\"https:\/\/aswittepartg.de\/en-gb\/services\/specialisation\/\" \/>\n<meta property=\"og:site_name\" content=\"A. &amp; S. Witte Partnerschaft\" \/>\n<meta property=\"article:publisher\" content=\"https:\/\/www.facebook.com\/ASWITTE\" \/>\n<meta property=\"article:modified_time\" content=\"2023-07-10T22:13:37+00:00\" \/>\n<meta property=\"og:image\" content=\"https:\/\/aswittepartg.de\/wp-content\/uploads\/2023\/06\/bild_spezialisierung_gross_0.jpg\" \/>\n<meta name=\"twitter:card\" content=\"summary_large_image\" \/>\n<meta name=\"twitter:label1\" content=\"Dur\u00e9e de lecture estim\u00e9e\" \/>\n\t<meta name=\"twitter:data1\" content=\"2 minutes\" \/>\n<script type=\"application\/ld+json\" class=\"yoast-schema-graph\">{\"@context\":\"https:\\\/\\\/schema.org\",\"@graph\":[{\"@type\":\"WebPage\",\"@id\":\"https:\\\/\\\/aswittepartg.de\\\/en-gb\\\/services\\\/specialisation\\\/\",\"url\":\"https:\\\/\\\/aswittepartg.de\\\/en-gb\\\/services\\\/specialisation\\\/\",\"name\":\"Sp\u00e9cialisation - A. &amp; S. Witte Partnerschaft\",\"isPartOf\":{\"@id\":\"https:\\\/\\\/aswittepartg.de\\\/#website\"},\"primaryImageOfPage\":{\"@id\":\"https:\\\/\\\/aswittepartg.de\\\/en-gb\\\/services\\\/specialisation\\\/#primaryimage\"},\"image\":{\"@id\":\"https:\\\/\\\/aswittepartg.de\\\/en-gb\\\/services\\\/specialisation\\\/#primaryimage\"},\"thumbnailUrl\":\"https:\\\/\\\/aswittepartg.de\\\/wp-content\\\/uploads\\\/2023\\\/06\\\/bild_spezialisierung_gross_0.jpg\",\"datePublished\":\"2023-06-25T20:09:04+00:00\",\"dateModified\":\"2023-07-10T22:13:37+00:00\",\"breadcrumb\":{\"@id\":\"https:\\\/\\\/aswittepartg.de\\\/en-gb\\\/services\\\/specialisation\\\/#breadcrumb\"},\"inLanguage\":\"fr-FR\",\"potentialAction\":[{\"@type\":\"ReadAction\",\"target\":[\"https:\\\/\\\/aswittepartg.de\\\/en-gb\\\/services\\\/specialisation\\\/\"]}]},{\"@type\":\"ImageObject\",\"inLanguage\":\"fr-FR\",\"@id\":\"https:\\\/\\\/aswittepartg.de\\\/en-gb\\\/services\\\/specialisation\\\/#primaryimage\",\"url\":\"https:\\\/\\\/aswittepartg.de\\\/wp-content\\\/uploads\\\/2023\\\/06\\\/bild_spezialisierung_gross_0.jpg\",\"contentUrl\":\"https:\\\/\\\/aswittepartg.de\\\/wp-content\\\/uploads\\\/2023\\\/06\\\/bild_spezialisierung_gross_0.jpg\"},{\"@type\":\"BreadcrumbList\",\"@id\":\"https:\\\/\\\/aswittepartg.de\\\/en-gb\\\/services\\\/specialisation\\\/#breadcrumb\",\"itemListElement\":[{\"@type\":\"ListItem\",\"position\":1,\"name\":\"Home\",\"item\":\"https:\\\/\\\/aswittepartg.de\\\/fr\\\/\"},{\"@type\":\"ListItem\",\"position\":2,\"name\":\"Services\",\"item\":\"https:\\\/\\\/aswittepartg.de\\\/services\\\/\"},{\"@type\":\"ListItem\",\"position\":3,\"name\":\"Sp\u00e9cialisation\"}]},{\"@type\":\"WebSite\",\"@id\":\"https:\\\/\\\/aswittepartg.de\\\/#website\",\"url\":\"https:\\\/\\\/aswittepartg.de\\\/\",\"name\":\"A. & S. Witte Partnerschaft\",\"description\":\"Fach&uuml;bersetzungen\\\/Specialist translations\",\"publisher\":{\"@id\":\"https:\\\/\\\/aswittepartg.de\\\/#organization\"},\"alternateName\":\"ASWITTE PartG\",\"potentialAction\":[{\"@type\":\"SearchAction\",\"target\":{\"@type\":\"EntryPoint\",\"urlTemplate\":\"https:\\\/\\\/aswittepartg.de\\\/?s={search_term_string}\"},\"query-input\":{\"@type\":\"PropertyValueSpecification\",\"valueRequired\":true,\"valueName\":\"search_term_string\"}}],\"inLanguage\":\"fr-FR\"},{\"@type\":\"Organization\",\"@id\":\"https:\\\/\\\/aswittepartg.de\\\/#organization\",\"name\":\"A. & S. Witte Partnerschaft\",\"alternateName\":\"ASWITTE PartG\",\"url\":\"https:\\\/\\\/aswittepartg.de\\\/\",\"logo\":{\"@type\":\"ImageObject\",\"inLanguage\":\"fr-FR\",\"@id\":\"https:\\\/\\\/aswittepartg.de\\\/#\\\/schema\\\/logo\\\/image\\\/\",\"url\":\"https:\\\/\\\/aswittepartg.de\\\/wp-content\\\/uploads\\\/2023\\\/06\\\/logo.png\",\"contentUrl\":\"https:\\\/\\\/aswittepartg.de\\\/wp-content\\\/uploads\\\/2023\\\/06\\\/logo.png\",\"width\":457,\"height\":475,\"caption\":\"A. & S. Witte Partnerschaft\"},\"image\":{\"@id\":\"https:\\\/\\\/aswittepartg.de\\\/#\\\/schema\\\/logo\\\/image\\\/\"},\"sameAs\":[\"https:\\\/\\\/www.facebook.com\\\/ASWITTE\"]}]}<\/script>\n<!-- \/ Yoast SEO plugin. -->","yoast_head_json":{"title":"Sp\u00e9cialisation - A. &amp; S. Witte Partnerschaft","robots":{"index":"index","follow":"follow","max-snippet":"max-snippet:-1","max-image-preview":"max-image-preview:large","max-video-preview":"max-video-preview:-1"},"canonical":"https:\/\/aswittepartg.de\/en-gb\/services\/specialisation\/","og_locale":"fr_FR","og_type":"article","og_title":"Sp\u00e9cialisation - A. &amp; S. Witte Partnerschaft","og_description":"Sp\u00e9cialisation Droit de propri\u00e9t\u00e9 intellectuelle: marques nationales, marques communautaires &amp; enregistrements internationaux, droit d\u2019auteur, droits de m\u00e9dias PI, dessins et mod\u00e8les, droit de la concurrence, droit des brevets (\u00e9galement les demandes de brevet et les fascicules techniques), droit des licences Droit des obligations (droit contractuel, CGV, etc.), droit des biens, droit de la famille, droit [&hellip;]","og_url":"https:\/\/aswittepartg.de\/en-gb\/services\/specialisation\/","og_site_name":"A. &amp; S. Witte Partnerschaft","article_publisher":"https:\/\/www.facebook.com\/ASWITTE","article_modified_time":"2023-07-10T22:13:37+00:00","og_image":[{"url":"https:\/\/aswittepartg.de\/wp-content\/uploads\/2023\/06\/bild_spezialisierung_gross_0.jpg","type":"","width":"","height":""}],"twitter_card":"summary_large_image","twitter_misc":{"Dur\u00e9e de lecture estim\u00e9e":"2 minutes"},"schema":{"@context":"https:\/\/schema.org","@graph":[{"@type":"WebPage","@id":"https:\/\/aswittepartg.de\/en-gb\/services\/specialisation\/","url":"https:\/\/aswittepartg.de\/en-gb\/services\/specialisation\/","name":"Sp\u00e9cialisation - A. &amp; S. Witte Partnerschaft","isPartOf":{"@id":"https:\/\/aswittepartg.de\/#website"},"primaryImageOfPage":{"@id":"https:\/\/aswittepartg.de\/en-gb\/services\/specialisation\/#primaryimage"},"image":{"@id":"https:\/\/aswittepartg.de\/en-gb\/services\/specialisation\/#primaryimage"},"thumbnailUrl":"https:\/\/aswittepartg.de\/wp-content\/uploads\/2023\/06\/bild_spezialisierung_gross_0.jpg","datePublished":"2023-06-25T20:09:04+00:00","dateModified":"2023-07-10T22:13:37+00:00","breadcrumb":{"@id":"https:\/\/aswittepartg.de\/en-gb\/services\/specialisation\/#breadcrumb"},"inLanguage":"fr-FR","potentialAction":[{"@type":"ReadAction","target":["https:\/\/aswittepartg.de\/en-gb\/services\/specialisation\/"]}]},{"@type":"ImageObject","inLanguage":"fr-FR","@id":"https:\/\/aswittepartg.de\/en-gb\/services\/specialisation\/#primaryimage","url":"https:\/\/aswittepartg.de\/wp-content\/uploads\/2023\/06\/bild_spezialisierung_gross_0.jpg","contentUrl":"https:\/\/aswittepartg.de\/wp-content\/uploads\/2023\/06\/bild_spezialisierung_gross_0.jpg"},{"@type":"BreadcrumbList","@id":"https:\/\/aswittepartg.de\/en-gb\/services\/specialisation\/#breadcrumb","itemListElement":[{"@type":"ListItem","position":1,"name":"Home","item":"https:\/\/aswittepartg.de\/fr\/"},{"@type":"ListItem","position":2,"name":"Services","item":"https:\/\/aswittepartg.de\/services\/"},{"@type":"ListItem","position":3,"name":"Sp\u00e9cialisation"}]},{"@type":"WebSite","@id":"https:\/\/aswittepartg.de\/#website","url":"https:\/\/aswittepartg.de\/","name":"A. & S. Witte Partnerschaft","description":"Fach&uuml;bersetzungen\/Specialist translations","publisher":{"@id":"https:\/\/aswittepartg.de\/#organization"},"alternateName":"ASWITTE PartG","potentialAction":[{"@type":"SearchAction","target":{"@type":"EntryPoint","urlTemplate":"https:\/\/aswittepartg.de\/?s={search_term_string}"},"query-input":{"@type":"PropertyValueSpecification","valueRequired":true,"valueName":"search_term_string"}}],"inLanguage":"fr-FR"},{"@type":"Organization","@id":"https:\/\/aswittepartg.de\/#organization","name":"A. & S. Witte Partnerschaft","alternateName":"ASWITTE PartG","url":"https:\/\/aswittepartg.de\/","logo":{"@type":"ImageObject","inLanguage":"fr-FR","@id":"https:\/\/aswittepartg.de\/#\/schema\/logo\/image\/","url":"https:\/\/aswittepartg.de\/wp-content\/uploads\/2023\/06\/logo.png","contentUrl":"https:\/\/aswittepartg.de\/wp-content\/uploads\/2023\/06\/logo.png","width":457,"height":475,"caption":"A. & S. Witte Partnerschaft"},"image":{"@id":"https:\/\/aswittepartg.de\/#\/schema\/logo\/image\/"},"sameAs":["https:\/\/www.facebook.com\/ASWITTE"]}]}},"_links":{"self":[{"href":"https:\/\/aswittepartg.de\/fr\/wp-json\/wp\/v2\/pages\/814","targetHints":{"allow":["GET"]}}],"collection":[{"href":"https:\/\/aswittepartg.de\/fr\/wp-json\/wp\/v2\/pages"}],"about":[{"href":"https:\/\/aswittepartg.de\/fr\/wp-json\/wp\/v2\/types\/page"}],"author":[{"embeddable":true,"href":"https:\/\/aswittepartg.de\/fr\/wp-json\/wp\/v2\/users\/2"}],"replies":[{"embeddable":true,"href":"https:\/\/aswittepartg.de\/fr\/wp-json\/wp\/v2\/comments?post=814"}],"version-history":[{"count":7,"href":"https:\/\/aswittepartg.de\/fr\/wp-json\/wp\/v2\/pages\/814\/revisions"}],"predecessor-version":[{"id":1198,"href":"https:\/\/aswittepartg.de\/fr\/wp-json\/wp\/v2\/pages\/814\/revisions\/1198"}],"up":[{"embeddable":true,"href":"https:\/\/aswittepartg.de\/fr\/wp-json\/wp\/v2\/pages\/724"}],"wp:attachment":[{"href":"https:\/\/aswittepartg.de\/fr\/wp-json\/wp\/v2\/media?parent=814"}],"curies":[{"name":"wp","href":"https:\/\/api.w.org\/{rel}","templated":true}]}}