{"id":1019,"date":"2023-06-24T13:06:12","date_gmt":"2023-06-24T13:06:12","guid":{"rendered":"https:\/\/aswittepartg.de\/wie-wir-unser-netzwerk-knuepfen\/"},"modified":"2023-07-10T21:49:57","modified_gmt":"2023-07-10T21:49:57","slug":"come-formiamo-la-nostra-rete","status":"publish","type":"page","link":"https:\/\/aswittepartg.de\/it\/come-formiamo-la-nostra-rete\/","title":{"rendered":"Come formiamo la nostra rete"},"content":{"rendered":"\t\t<div data-elementor-type=\"wp-page\" data-elementor-id=\"1019\" class=\"elementor elementor-1019 elementor-173\" data-elementor-post-type=\"page\">\n\t\t\t\t\t\t<section class=\"elementor-section elementor-top-section elementor-element elementor-element-462bdaa elementor-section-boxed elementor-section-height-default elementor-section-height-default\" data-id=\"462bdaa\" data-element_type=\"section\" data-e-type=\"section\">\n\t\t\t\t\t\t<div class=\"elementor-container elementor-column-gap-default\">\n\t\t\t\t\t<div class=\"elementor-column elementor-col-100 elementor-top-column elementor-element elementor-element-edf750c\" data-id=\"edf750c\" data-element_type=\"column\" data-e-type=\"column\" data-settings=\"{&quot;background_background&quot;:&quot;classic&quot;}\">\n\t\t\t<div class=\"elementor-widget-wrap elementor-element-populated\">\n\t\t\t\t\t\t<div class=\"elementor-element elementor-element-8427765 elementor-widget elementor-widget-heading\" data-id=\"8427765\" data-element_type=\"widget\" data-e-type=\"widget\" data-widget_type=\"heading.default\">\n\t\t\t\t<div class=\"elementor-widget-container\">\n\t\t\t\t\t<h1 class=\"elementor-heading-title elementor-size-default\">Come formiamo la nostra rete\n<\/h1>\t\t\t\t<\/div>\n\t\t\t\t<\/div>\n\t\t\t\t<section class=\"elementor-section elementor-inner-section elementor-element elementor-element-725b8c3 elementor-reverse-tablet elementor-reverse-mobile elementor-section-boxed elementor-section-height-default elementor-section-height-default\" data-id=\"725b8c3\" data-element_type=\"section\" data-e-type=\"section\">\n\t\t\t\t\t\t<div class=\"elementor-container elementor-column-gap-default\">\n\t\t\t\t\t<div class=\"elementor-column elementor-col-50 elementor-inner-column elementor-element elementor-element-1464d5c\" data-id=\"1464d5c\" data-element_type=\"column\" data-e-type=\"column\">\n\t\t\t<div class=\"elementor-widget-wrap elementor-element-populated\">\n\t\t\t\t\t\t<div class=\"elementor-element elementor-element-0f1e00d elementor-hidden-desktop elementor-hidden-tablet elementor-widget elementor-widget-spacer\" data-id=\"0f1e00d\" data-element_type=\"widget\" data-e-type=\"widget\" data-widget_type=\"spacer.default\">\n\t\t\t\t<div class=\"elementor-widget-container\">\n\t\t\t\t\t\t\t<div class=\"elementor-spacer\">\n\t\t\t<div class=\"elementor-spacer-inner\"><\/div>\n\t\t<\/div>\n\t\t\t\t\t\t<\/div>\n\t\t\t\t<\/div>\n\t\t\t\t<div class=\"elementor-element elementor-element-03e0cc3 elementor-widget elementor-widget-text-editor\" data-id=\"03e0cc3\" data-element_type=\"widget\" data-e-type=\"widget\" data-widget_type=\"text-editor.default\">\n\t\t\t\t<div class=\"elementor-widget-container\">\n\t\t\t\t\t\t\t\t\t<p>Di seguito illustriamo i criteri adottati per la scelta dei membri che formano il &#8220;nocciolo duro&#8221; del team nonch\u00e9 dei colleghi che ci assistono all&#8217;occorrenza&#8230;<\/p>\n<p>Onde evitare che &#8220;servizi linguistici di qualit\u00e0 con profonde conoscenze specialistiche&#8221; resti solo un accattivante slogan su carta, per la selezione delle colleghe\/dei colleghi attribuiamo grande importanza &#8211; oltre che ai classici titoli di studio in ambito linguistico &#8211; ai successi nei concorsi terminologici, all&#8217;esperienza pratica acquisita in un determinato settore o equivalenti studi specialistici, ai riscontri positivi da parte dei clienti, ad eventuali certificazioni\/premi significativi nell&#8217;ambito della mediazione linguistica, alle informazioni relative all&#8217;esperienza di traduzione, all&#8217;espressione e allo stile adottati nella corrispondenza e nei CV &#8211; e infine assegniamo talvolta piccoli incarichi di traduzione appositamente per sondare il &#8220;potenziale&#8221; dei colleghi.<\/p>\t\t\t\t\t\t\t\t<\/div>\n\t\t\t\t<\/div>\n\t\t\t\t\t<\/div>\n\t\t<\/div>\n\t\t\t\t<div class=\"elementor-column elementor-col-50 elementor-inner-column elementor-element elementor-element-cbf3165\" data-id=\"cbf3165\" data-element_type=\"column\" data-e-type=\"column\">\n\t\t\t<div class=\"elementor-widget-wrap elementor-element-populated\">\n\t\t\t\t\t\t<div class=\"elementor-element elementor-element-7cee037 elementor-widget elementor-widget-image\" data-id=\"7cee037\" data-element_type=\"widget\" data-e-type=\"widget\" data-widget_type=\"image.default\">\n\t\t\t\t<div class=\"elementor-widget-container\">\n\t\t\t\t\t\t\t\t\t\t\t\t\t\t\t<img fetchpriority=\"high\" decoding=\"async\" width=\"365\" height=\"234\" src=\"https:\/\/aswittepartg.de\/wp-content\/uploads\/2023\/06\/pexels-photo-68704.jpg\" class=\"attachment-full size-full wp-image-422\" alt=\"\" srcset=\"https:\/\/aswittepartg.de\/wp-content\/uploads\/2023\/06\/pexels-photo-68704.jpg 365w, https:\/\/aswittepartg.de\/wp-content\/uploads\/2023\/06\/pexels-photo-68704-300x192.jpg 300w\" sizes=\"(max-width: 365px) 100vw, 365px\" \/>\t\t\t\t\t\t\t\t\t\t\t\t\t\t\t<\/div>\n\t\t\t\t<\/div>\n\t\t\t\t\t<\/div>\n\t\t<\/div>\n\t\t\t\t\t<\/div>\n\t\t<\/section>\n\t\t\t\t<section class=\"elementor-section elementor-inner-section elementor-element elementor-element-c22d32e elementor-reverse-tablet elementor-reverse-mobile elementor-section-boxed elementor-section-height-default elementor-section-height-default\" data-id=\"c22d32e\" data-element_type=\"section\" data-e-type=\"section\">\n\t\t\t\t\t\t<div class=\"elementor-container elementor-column-gap-default\">\n\t\t\t\t\t<div class=\"elementor-column elementor-col-100 elementor-inner-column elementor-element elementor-element-7c5b018\" data-id=\"7c5b018\" data-element_type=\"column\" data-e-type=\"column\">\n\t\t\t<div class=\"elementor-widget-wrap elementor-element-populated\">\n\t\t\t\t\t\t<div class=\"elementor-element elementor-element-63960db elementor-widget elementor-widget-text-editor\" data-id=\"63960db\" data-element_type=\"widget\" data-e-type=\"widget\" data-widget_type=\"text-editor.default\">\n\t\t\t\t<div class=\"elementor-widget-container\">\n\t\t\t\t\t\t\t\t\t<p>Il nostro sistema di assicurazione qualit\u00e0 interno garantisce anche in seguito, ossia in fase di traduzione da parte del\/la collega nonch\u00e9 in fase di controllo prima della consegna dei testi, una gestione tale da soddisfare le elevate prestazioni richiesteci.<\/p>\n<p>Inoltre, se fungiamo da intermediatori per l&#8217;assegnazione di un incarico a un\/a collega oppure ci incarichiamo di comporre un team per un progetto (in caso di progetti urgenti o traduzioni con pi\u00f9 di una lingua sorgente\/lingua di destinazione) provvediamo a un&#8217;impaginazione quanto pi\u00f9 simile possibile all&#8217;originale, praticamente come se avessimo tradotto i testi in prima persona.<\/p>\n<p><b>Principio del traduttore madrelingua limitato dall\u2019attenzione all\u2019idoneit\u00e0 settoriale<\/b><\/p>\n<p>Quando per un servizio che ci viene richiesto vi sono due candidati parimenti qualificati sia come specializzazione settoriale, sia come capacit\u00e0 linguistiche, scegliamo di collaborare con il\/la madrelingua nella lingua d\u2019arrivo.<\/p>\n<p>(Qualora il\/la madrelingua sia in generale pi\u00f9 idoneo\/a del\/la non-madrelingua, \u00e8 ovvio che si aggiudica il nostro incarico.)<\/p>\n<p>Questa modalit\u00e0 permette altres\u00ec di prenotare, dietro pagamento di una maggiorazione, una revisione specialistica da parte di un\/a madrelingua nella lingua d\u2019arrivo dotato di ampie cognizioni settoriali come servizio aggiuntivo (opzionale) alla traduzione. Per contro, nelle combinazioni linguistiche per le quali fungiamo direttamente da revisori (cfr. Servizi), le nostre attivit\u00e0 di finalizzazione nonch\u00e9 eventuali revisioni con il testo a fronte sono incluse nell\u2019onorario preventivato anche quando le traduzioni sono state affidate a terzi.<\/p>\n<p>Nel caso in cui il profilo di un\/a non-madrelingua sia pi\u00f9 qualificato dal punto di vista della specializzazione settoriale e\/o per le capacit\u00e0 linguistiche nella lingua d\u2019arrivo (anche questo accade, seppur raramente), valutiamo approfonditamente l\u2019idoneit\u00e0 di tale madrelingua nella lingua sorgente a creare un testo corrispondente alle convenzioni di quel genere testuale nella lingua straniera o a raggiungere lo scopo comunicativo del testo sorgente nella lingua d\u2019arrivo traducendo in modo performante dalla propria madrelingua (il che pu\u00f2 comportare una pi\u00f9 puntuale comprensione del testo e una maggiore equivalenza nella resa del significato). Successivamente, i risultati di questa prima fase di lavoro sono affidati a un revisore competente per il settore, nonch\u00e9 madrelingua nella lingua d\u2019arrivo, al fine di assicurare la migliore correttezza specialistica nonch\u00e9 l\u2019adeguatezza stilistica (un radicamento quanto pi\u00f9 profondo possibile nell\u2019insieme di ci\u00f2 che un lettore colto riconosce o percepisce come un testo avente caratteristiche &#8216;da madrelingua&#8217;, s\u00ec da garantire il \u201cfattore patria\u201d linguistica). Se noi stessi siamo madrelingua nella lingua d\u2019arrivo (vale a dire, se questa \u00e8 inglese o tedesco) e il settore \u00e8 di nostra competenza, quest\u2019ultimo passaggio \u00e8 svolto direttamente da noi. Nei rari casi in cui non conosciamo la lingua sorgente, in quest\u2019ultima situazione pu\u00f2 rendersi necessaria una seconda revisione, da fatturare in aggiunta; in linea generale, tuttavia, questo servizio \u00e8 incluso nell\u2019onorario della traduzione perch\u00e9 se siamo in grado di finalizzare un testo monolingue o anche di revisionarlo confrontandolo nelle due lingue, tale servizio \u00e8 effettuato ma non fatturato.<\/p><p><span style=\"font-style: inherit; font-weight: inherit;\">Qualora un cliente, contrariamente al nostro orientamento di piccolo fornitore, con un numero intenzionalmente limitato di lingue e specializzazioni (al fine di garantire un flusso ordinato del lavoro di agenzia, l\u2019approntamento di capacit\u00e0 sufficienti per questa attivit\u00e0 con esigenze cos\u00ec specifiche rispetto al nostro lavoro di mediatori linguistici nonch\u00e9 per un\u2019elevata qualit\u00e0 dei servizi linguistici infine prestati grazie a decisioni di intermediazione ottimizzate in virt\u00f9 della puntuale conoscenza di un settore o di una\/pi\u00f9 lingua\/e), dovesse affidarci una traduzione in una combinazione linguistica rara o in un settore di specializzazione \u201cesotico\u201d, rispettivamente non appartenenti al nostro \u201cassortimento ufficiale\u201d, nei rari casi in cui i testi di arrivo siano destinati esclusivamente all\u2019uso interno e\/o abbiano carattere meramente informativo, vi \u00e8 la possibilit\u00e0 di rinunciare alla finalizzazione da parte di un\/a madrelingua, a condizione che il cliente si dichiari d\u2019accordo.<\/span><\/p>\t\t\t\t\t\t\t\t<\/div>\n\t\t\t\t<\/div>\n\t\t\t\t\t<\/div>\n\t\t<\/div>\n\t\t\t\t\t<\/div>\n\t\t<\/section>\n\t\t\t\t\t<\/div>\n\t\t<\/div>\n\t\t\t\t\t<\/div>\n\t\t<\/section>\n\t\t\t\t<\/div>\n\t\t","protected":false},"excerpt":{"rendered":"<p>Come formiamo la nostra rete Di seguito illustriamo i criteri adottati per la scelta dei membri che formano il &#8220;nocciolo duro&#8221; del team nonch\u00e9 dei colleghi che ci assistono all&#8217;occorrenza&#8230; Onde evitare che &#8220;servizi linguistici di qualit\u00e0 con profonde conoscenze specialistiche&#8221; resti solo un accattivante slogan su carta, per la selezione delle colleghe\/dei colleghi attribuiamo [&hellip;]<\/p>\n","protected":false},"author":2,"featured_media":0,"parent":0,"menu_order":0,"comment_status":"closed","ping_status":"closed","template":"","meta":{"site-sidebar-layout":"no-sidebar","site-content-layout":"page-builder","ast-site-content-layout":"default","site-content-style":"default","site-sidebar-style":"default","ast-global-header-display":"","ast-banner-title-visibility":"","ast-main-header-display":"","ast-hfb-above-header-display":"","ast-hfb-below-header-display":"","ast-hfb-mobile-header-display":"","site-post-title":"disabled","ast-breadcrumbs-content":"","ast-featured-img":"disabled","footer-sml-layout":"","ast-disable-related-posts":"","theme-transparent-header-meta":"","adv-header-id-meta":"","stick-header-meta":"","header-above-stick-meta":"","header-main-stick-meta":"","header-below-stick-meta":"","astra-migrate-meta-layouts":"default","ast-page-background-enabled":"default","ast-page-background-meta":{"desktop":{"background-color":"var(--ast-global-color-4)","background-image":"","background-repeat":"repeat","background-position":"center center","background-size":"auto","background-attachment":"scroll","background-type":"","background-media":"","overlay-type":"","overlay-color":"","overlay-opacity":"","overlay-gradient":""},"tablet":{"background-color":"","background-image":"","background-repeat":"repeat","background-position":"center center","background-size":"auto","background-attachment":"scroll","background-type":"","background-media":"","overlay-type":"","overlay-color":"","overlay-opacity":"","overlay-gradient":""},"mobile":{"background-color":"","background-image":"","background-repeat":"repeat","background-position":"center center","background-size":"auto","background-attachment":"scroll","background-type":"","background-media":"","overlay-type":"","overlay-color":"","overlay-opacity":"","overlay-gradient":""}},"ast-content-background-meta":{"desktop":{"background-color":"var(--ast-global-color-5)","background-image":"","background-repeat":"repeat","background-position":"center center","background-size":"auto","background-attachment":"scroll","background-type":"","background-media":"","overlay-type":"","overlay-color":"","overlay-opacity":"","overlay-gradient":""},"tablet":{"background-color":"var(--ast-global-color-5)","background-image":"","background-repeat":"repeat","background-position":"center center","background-size":"auto","background-attachment":"scroll","background-type":"","background-media":"","overlay-type":"","overlay-color":"","overlay-opacity":"","overlay-gradient":""},"mobile":{"background-color":"var(--ast-global-color-5)","background-image":"","background-repeat":"repeat","background-position":"center center","background-size":"auto","background-attachment":"scroll","background-type":"","background-media":"","overlay-type":"","overlay-color":"","overlay-opacity":"","overlay-gradient":""}},"footnotes":""},"class_list":["post-1019","page","type-page","status-publish","hentry"],"yoast_head":"<!-- This site is optimized with the Yoast SEO plugin v27.3 - https:\/\/yoast.com\/product\/yoast-seo-wordpress\/ -->\n<title>Come formiamo la nostra rete - A. &amp; S. Witte Partnerschaft<\/title>\n<meta name=\"robots\" content=\"index, follow, max-snippet:-1, max-image-preview:large, max-video-preview:-1\" \/>\n<link rel=\"canonical\" href=\"https:\/\/aswittepartg.de\/it\/come-formiamo-la-nostra-rete\/\" \/>\n<meta property=\"og:locale\" content=\"it_IT\" \/>\n<meta property=\"og:type\" content=\"article\" \/>\n<meta property=\"og:title\" content=\"Come formiamo la nostra rete - A. &amp; S. Witte Partnerschaft\" \/>\n<meta property=\"og:description\" content=\"Come formiamo la nostra rete Di seguito illustriamo i criteri adottati per la scelta dei membri che formano il &#8220;nocciolo duro&#8221; del team nonch\u00e9 dei colleghi che ci assistono all&#8217;occorrenza&#8230; Onde evitare che &#8220;servizi linguistici di qualit\u00e0 con profonde conoscenze specialistiche&#8221; resti solo un accattivante slogan su carta, per la selezione delle colleghe\/dei colleghi attribuiamo [&hellip;]\" \/>\n<meta property=\"og:url\" content=\"https:\/\/aswittepartg.de\/it\/come-formiamo-la-nostra-rete\/\" \/>\n<meta property=\"og:site_name\" content=\"A. &amp; S. Witte Partnerschaft\" \/>\n<meta property=\"article:publisher\" content=\"https:\/\/www.facebook.com\/ASWITTE\" \/>\n<meta property=\"article:modified_time\" content=\"2023-07-10T21:49:57+00:00\" \/>\n<meta property=\"og:image\" content=\"https:\/\/aswittepartg.de\/wp-content\/uploads\/2023\/06\/pexels-photo-68704.jpg\" \/>\n<meta name=\"twitter:card\" content=\"summary_large_image\" \/>\n<meta name=\"twitter:label1\" content=\"Tempo di lettura stimato\" \/>\n\t<meta name=\"twitter:data1\" content=\"4 minuti\" \/>\n<script type=\"application\/ld+json\" class=\"yoast-schema-graph\">{\"@context\":\"https:\\\/\\\/schema.org\",\"@graph\":[{\"@type\":\"WebPage\",\"@id\":\"https:\\\/\\\/aswittepartg.de\\\/it\\\/come-formiamo-la-nostra-rete\\\/\",\"url\":\"https:\\\/\\\/aswittepartg.de\\\/it\\\/come-formiamo-la-nostra-rete\\\/\",\"name\":\"Come formiamo la nostra rete - A. &amp; S. Witte Partnerschaft\",\"isPartOf\":{\"@id\":\"https:\\\/\\\/aswittepartg.de\\\/#website\"},\"primaryImageOfPage\":{\"@id\":\"https:\\\/\\\/aswittepartg.de\\\/it\\\/come-formiamo-la-nostra-rete\\\/#primaryimage\"},\"image\":{\"@id\":\"https:\\\/\\\/aswittepartg.de\\\/it\\\/come-formiamo-la-nostra-rete\\\/#primaryimage\"},\"thumbnailUrl\":\"https:\\\/\\\/aswittepartg.de\\\/wp-content\\\/uploads\\\/2023\\\/06\\\/pexels-photo-68704.jpg\",\"datePublished\":\"2023-06-24T13:06:12+00:00\",\"dateModified\":\"2023-07-10T21:49:57+00:00\",\"breadcrumb\":{\"@id\":\"https:\\\/\\\/aswittepartg.de\\\/it\\\/come-formiamo-la-nostra-rete\\\/#breadcrumb\"},\"inLanguage\":\"it-IT\",\"potentialAction\":[{\"@type\":\"ReadAction\",\"target\":[\"https:\\\/\\\/aswittepartg.de\\\/it\\\/come-formiamo-la-nostra-rete\\\/\"]}]},{\"@type\":\"ImageObject\",\"inLanguage\":\"it-IT\",\"@id\":\"https:\\\/\\\/aswittepartg.de\\\/it\\\/come-formiamo-la-nostra-rete\\\/#primaryimage\",\"url\":\"https:\\\/\\\/aswittepartg.de\\\/wp-content\\\/uploads\\\/2023\\\/06\\\/pexels-photo-68704.jpg\",\"contentUrl\":\"https:\\\/\\\/aswittepartg.de\\\/wp-content\\\/uploads\\\/2023\\\/06\\\/pexels-photo-68704.jpg\"},{\"@type\":\"BreadcrumbList\",\"@id\":\"https:\\\/\\\/aswittepartg.de\\\/it\\\/come-formiamo-la-nostra-rete\\\/#breadcrumb\",\"itemListElement\":[{\"@type\":\"ListItem\",\"position\":1,\"name\":\"Home\",\"item\":\"https:\\\/\\\/aswittepartg.de\\\/it\\\/\"},{\"@type\":\"ListItem\",\"position\":2,\"name\":\"Come formiamo la nostra rete\"}]},{\"@type\":\"WebSite\",\"@id\":\"https:\\\/\\\/aswittepartg.de\\\/#website\",\"url\":\"https:\\\/\\\/aswittepartg.de\\\/\",\"name\":\"A. & S. Witte Partnerschaft\",\"description\":\"Fach&uuml;bersetzungen\\\/Specialist translations\",\"publisher\":{\"@id\":\"https:\\\/\\\/aswittepartg.de\\\/#organization\"},\"alternateName\":\"ASWITTE PartG\",\"potentialAction\":[{\"@type\":\"SearchAction\",\"target\":{\"@type\":\"EntryPoint\",\"urlTemplate\":\"https:\\\/\\\/aswittepartg.de\\\/?s={search_term_string}\"},\"query-input\":{\"@type\":\"PropertyValueSpecification\",\"valueRequired\":true,\"valueName\":\"search_term_string\"}}],\"inLanguage\":\"it-IT\"},{\"@type\":\"Organization\",\"@id\":\"https:\\\/\\\/aswittepartg.de\\\/#organization\",\"name\":\"A. & S. Witte Partnerschaft\",\"alternateName\":\"ASWITTE PartG\",\"url\":\"https:\\\/\\\/aswittepartg.de\\\/\",\"logo\":{\"@type\":\"ImageObject\",\"inLanguage\":\"it-IT\",\"@id\":\"https:\\\/\\\/aswittepartg.de\\\/#\\\/schema\\\/logo\\\/image\\\/\",\"url\":\"https:\\\/\\\/aswittepartg.de\\\/wp-content\\\/uploads\\\/2023\\\/06\\\/logo.png\",\"contentUrl\":\"https:\\\/\\\/aswittepartg.de\\\/wp-content\\\/uploads\\\/2023\\\/06\\\/logo.png\",\"width\":457,\"height\":475,\"caption\":\"A. & S. Witte Partnerschaft\"},\"image\":{\"@id\":\"https:\\\/\\\/aswittepartg.de\\\/#\\\/schema\\\/logo\\\/image\\\/\"},\"sameAs\":[\"https:\\\/\\\/www.facebook.com\\\/ASWITTE\"]}]}<\/script>\n<!-- \/ Yoast SEO plugin. -->","yoast_head_json":{"title":"Come formiamo la nostra rete - A. &amp; S. Witte Partnerschaft","robots":{"index":"index","follow":"follow","max-snippet":"max-snippet:-1","max-image-preview":"max-image-preview:large","max-video-preview":"max-video-preview:-1"},"canonical":"https:\/\/aswittepartg.de\/it\/come-formiamo-la-nostra-rete\/","og_locale":"it_IT","og_type":"article","og_title":"Come formiamo la nostra rete - A. &amp; S. Witte Partnerschaft","og_description":"Come formiamo la nostra rete Di seguito illustriamo i criteri adottati per la scelta dei membri che formano il &#8220;nocciolo duro&#8221; del team nonch\u00e9 dei colleghi che ci assistono all&#8217;occorrenza&#8230; Onde evitare che &#8220;servizi linguistici di qualit\u00e0 con profonde conoscenze specialistiche&#8221; resti solo un accattivante slogan su carta, per la selezione delle colleghe\/dei colleghi attribuiamo [&hellip;]","og_url":"https:\/\/aswittepartg.de\/it\/come-formiamo-la-nostra-rete\/","og_site_name":"A. &amp; S. Witte Partnerschaft","article_publisher":"https:\/\/www.facebook.com\/ASWITTE","article_modified_time":"2023-07-10T21:49:57+00:00","og_image":[{"url":"https:\/\/aswittepartg.de\/wp-content\/uploads\/2023\/06\/pexels-photo-68704.jpg","type":"","width":"","height":""}],"twitter_card":"summary_large_image","twitter_misc":{"Tempo di lettura stimato":"4 minuti"},"schema":{"@context":"https:\/\/schema.org","@graph":[{"@type":"WebPage","@id":"https:\/\/aswittepartg.de\/it\/come-formiamo-la-nostra-rete\/","url":"https:\/\/aswittepartg.de\/it\/come-formiamo-la-nostra-rete\/","name":"Come formiamo la nostra rete - A. &amp; S. Witte Partnerschaft","isPartOf":{"@id":"https:\/\/aswittepartg.de\/#website"},"primaryImageOfPage":{"@id":"https:\/\/aswittepartg.de\/it\/come-formiamo-la-nostra-rete\/#primaryimage"},"image":{"@id":"https:\/\/aswittepartg.de\/it\/come-formiamo-la-nostra-rete\/#primaryimage"},"thumbnailUrl":"https:\/\/aswittepartg.de\/wp-content\/uploads\/2023\/06\/pexels-photo-68704.jpg","datePublished":"2023-06-24T13:06:12+00:00","dateModified":"2023-07-10T21:49:57+00:00","breadcrumb":{"@id":"https:\/\/aswittepartg.de\/it\/come-formiamo-la-nostra-rete\/#breadcrumb"},"inLanguage":"it-IT","potentialAction":[{"@type":"ReadAction","target":["https:\/\/aswittepartg.de\/it\/come-formiamo-la-nostra-rete\/"]}]},{"@type":"ImageObject","inLanguage":"it-IT","@id":"https:\/\/aswittepartg.de\/it\/come-formiamo-la-nostra-rete\/#primaryimage","url":"https:\/\/aswittepartg.de\/wp-content\/uploads\/2023\/06\/pexels-photo-68704.jpg","contentUrl":"https:\/\/aswittepartg.de\/wp-content\/uploads\/2023\/06\/pexels-photo-68704.jpg"},{"@type":"BreadcrumbList","@id":"https:\/\/aswittepartg.de\/it\/come-formiamo-la-nostra-rete\/#breadcrumb","itemListElement":[{"@type":"ListItem","position":1,"name":"Home","item":"https:\/\/aswittepartg.de\/it\/"},{"@type":"ListItem","position":2,"name":"Come formiamo la nostra rete"}]},{"@type":"WebSite","@id":"https:\/\/aswittepartg.de\/#website","url":"https:\/\/aswittepartg.de\/","name":"A. & S. Witte Partnerschaft","description":"Fach&uuml;bersetzungen\/Specialist translations","publisher":{"@id":"https:\/\/aswittepartg.de\/#organization"},"alternateName":"ASWITTE PartG","potentialAction":[{"@type":"SearchAction","target":{"@type":"EntryPoint","urlTemplate":"https:\/\/aswittepartg.de\/?s={search_term_string}"},"query-input":{"@type":"PropertyValueSpecification","valueRequired":true,"valueName":"search_term_string"}}],"inLanguage":"it-IT"},{"@type":"Organization","@id":"https:\/\/aswittepartg.de\/#organization","name":"A. & S. Witte Partnerschaft","alternateName":"ASWITTE PartG","url":"https:\/\/aswittepartg.de\/","logo":{"@type":"ImageObject","inLanguage":"it-IT","@id":"https:\/\/aswittepartg.de\/#\/schema\/logo\/image\/","url":"https:\/\/aswittepartg.de\/wp-content\/uploads\/2023\/06\/logo.png","contentUrl":"https:\/\/aswittepartg.de\/wp-content\/uploads\/2023\/06\/logo.png","width":457,"height":475,"caption":"A. & S. Witte Partnerschaft"},"image":{"@id":"https:\/\/aswittepartg.de\/#\/schema\/logo\/image\/"},"sameAs":["https:\/\/www.facebook.com\/ASWITTE"]}]}},"_links":{"self":[{"href":"https:\/\/aswittepartg.de\/it\/wp-json\/wp\/v2\/pages\/1019","targetHints":{"allow":["GET"]}}],"collection":[{"href":"https:\/\/aswittepartg.de\/it\/wp-json\/wp\/v2\/pages"}],"about":[{"href":"https:\/\/aswittepartg.de\/it\/wp-json\/wp\/v2\/types\/page"}],"author":[{"embeddable":true,"href":"https:\/\/aswittepartg.de\/it\/wp-json\/wp\/v2\/users\/2"}],"replies":[{"embeddable":true,"href":"https:\/\/aswittepartg.de\/it\/wp-json\/wp\/v2\/comments?post=1019"}],"version-history":[{"count":9,"href":"https:\/\/aswittepartg.de\/it\/wp-json\/wp\/v2\/pages\/1019\/revisions"}],"predecessor-version":[{"id":1149,"href":"https:\/\/aswittepartg.de\/it\/wp-json\/wp\/v2\/pages\/1019\/revisions\/1149"}],"wp:attachment":[{"href":"https:\/\/aswittepartg.de\/it\/wp-json\/wp\/v2\/media?parent=1019"}],"curies":[{"name":"wp","href":"https:\/\/api.w.org\/{rel}","templated":true}]}}