{"id":619,"date":"2023-06-24T13:26:42","date_gmt":"2023-06-24T13:26:42","guid":{"rendered":"https:\/\/aswittepartg.de\/as-witte-partnerschaft-offre-i-seguenti-servizi-mettendo-a-disposizione-le-proprie-competenze\/"},"modified":"2023-07-10T22:12:23","modified_gmt":"2023-07-10T22:12:23","slug":"as-witte-partnerschaft-offre-i-seguenti-servizi-mettendo-a-disposizione-le-proprie-competenze","status":"publish","type":"page","link":"https:\/\/aswittepartg.de\/it\/as-witte-partnerschaft-offre-i-seguenti-servizi-mettendo-a-disposizione-le-proprie-competenze\/","title":{"rendered":"A&amp;S Witte Partnerschaft offre i seguenti servizi mettendo a disposizione le proprie competenze"},"content":{"rendered":"\t\t<div data-elementor-type=\"wp-page\" data-elementor-id=\"619\" class=\"elementor elementor-619 elementor-209\" data-elementor-post-type=\"page\">\n\t\t\t\t\t\t<section class=\"elementor-section elementor-top-section elementor-element elementor-element-d187a38 elementor-section-boxed elementor-section-height-default elementor-section-height-default\" data-id=\"d187a38\" data-element_type=\"section\" data-e-type=\"section\">\n\t\t\t\t\t\t<div class=\"elementor-container elementor-column-gap-default\">\n\t\t\t\t\t<div class=\"elementor-column elementor-col-100 elementor-top-column elementor-element elementor-element-8e3b436\" data-id=\"8e3b436\" data-element_type=\"column\" data-e-type=\"column\" data-settings=\"{&quot;background_background&quot;:&quot;classic&quot;}\">\n\t\t\t<div class=\"elementor-widget-wrap elementor-element-populated\">\n\t\t\t\t\t\t<div class=\"elementor-element elementor-element-98e43f8 elementor-widget elementor-widget-heading\" data-id=\"98e43f8\" data-element_type=\"widget\" data-e-type=\"widget\" data-widget_type=\"heading.default\">\n\t\t\t\t<div class=\"elementor-widget-container\">\n\t\t\t\t\t<h1 class=\"elementor-heading-title elementor-size-default\">A&amp;S Witte Partnerschaft offre i seguenti servizi mettendo a disposizione le proprie competenze<\/h1>\t\t\t\t<\/div>\n\t\t\t\t<\/div>\n\t\t\t\t<section class=\"elementor-section elementor-inner-section elementor-element elementor-element-f78d39c elementor-reverse-tablet elementor-reverse-mobile elementor-section-boxed elementor-section-height-default elementor-section-height-default\" data-id=\"f78d39c\" data-element_type=\"section\" data-e-type=\"section\">\n\t\t\t\t\t\t<div class=\"elementor-container elementor-column-gap-default\">\n\t\t\t\t\t<div class=\"elementor-column elementor-col-50 elementor-inner-column elementor-element elementor-element-c7cd195\" data-id=\"c7cd195\" data-element_type=\"column\" data-e-type=\"column\">\n\t\t\t<div class=\"elementor-widget-wrap elementor-element-populated\">\n\t\t\t\t\t\t<div class=\"elementor-element elementor-element-df529dd elementor-hidden-desktop elementor-hidden-tablet elementor-widget elementor-widget-spacer\" data-id=\"df529dd\" data-element_type=\"widget\" data-e-type=\"widget\" data-widget_type=\"spacer.default\">\n\t\t\t\t<div class=\"elementor-widget-container\">\n\t\t\t\t\t\t\t<div class=\"elementor-spacer\">\n\t\t\t<div class=\"elementor-spacer-inner\"><\/div>\n\t\t<\/div>\n\t\t\t\t\t\t<\/div>\n\t\t\t\t<\/div>\n\t\t\t\t<div class=\"elementor-element elementor-element-b57beb5 elementor-widget elementor-widget-text-editor\" data-id=\"b57beb5\" data-element_type=\"widget\" data-e-type=\"widget\" data-widget_type=\"text-editor.default\">\n\t\t\t\t<div class=\"elementor-widget-container\">\n\t\t\t\t\t\t\t\t\t<h3>Inglese &lt; &gt; tedesco<\/h3>\n<p>Traduzioni, revisioni, asseverazioni e verifica di traduzioni di terzi (con certificazione della resa corretta e completa), compilazione terminologica, revisione di una traduzione in base ai cambiamenti del testo di partenza, Machine Translation Post-Editing: Full, Medium, Light. * Utilizziamo DeepL Pro. I suoi dati sono al sicuro.<\/p>\n<h3>Spagnolo &lt; &gt; tedesco<\/h3>\n<p>Traduzioni, revisioni, asseverazioni\/verifica di traduzioni di terzi, compilazione terminologica, revisione di una traduzione in base ai cambiamenti del testo di partenza, Machine Translation Post-Editing: Full, Medium, Light. * Utilizziamo DeepL Pro. I suoi dati sono al sicuro.  <\/p>\n\t\t\t\t\t\t\t\t<\/div>\n\t\t\t\t<\/div>\n\t\t\t\t\t<\/div>\n\t\t<\/div>\n\t\t\t\t<div class=\"elementor-column elementor-col-50 elementor-inner-column elementor-element elementor-element-9a7f725\" data-id=\"9a7f725\" data-element_type=\"column\" data-e-type=\"column\">\n\t\t\t<div class=\"elementor-widget-wrap elementor-element-populated\">\n\t\t\t\t\t\t<div class=\"elementor-element elementor-element-e78a7f4 elementor-widget elementor-widget-image\" data-id=\"e78a7f4\" data-element_type=\"widget\" data-e-type=\"widget\" data-widget_type=\"image.default\">\n\t\t\t\t<div class=\"elementor-widget-container\">\n\t\t\t\t\t\t\t\t\t\t\t\t\t\t\t<img fetchpriority=\"high\" decoding=\"async\" width=\"365\" height=\"274\" src=\"https:\/\/aswittepartg.de\/wp-content\/uploads\/2023\/06\/services.jpg\" class=\"attachment-full size-full wp-image-437\" alt=\"\" srcset=\"https:\/\/aswittepartg.de\/wp-content\/uploads\/2023\/06\/services.jpg 365w, https:\/\/aswittepartg.de\/wp-content\/uploads\/2023\/06\/services-300x225.jpg 300w\" sizes=\"(max-width: 365px) 100vw, 365px\" \/>\t\t\t\t\t\t\t\t\t\t\t\t\t\t\t<\/div>\n\t\t\t\t<\/div>\n\t\t\t\t\t<\/div>\n\t\t<\/div>\n\t\t\t\t\t<\/div>\n\t\t<\/section>\n\t\t\t\t<section class=\"elementor-section elementor-inner-section elementor-element elementor-element-baa2df8 elementor-reverse-tablet elementor-reverse-mobile elementor-section-boxed elementor-section-height-default elementor-section-height-default\" data-id=\"baa2df8\" data-element_type=\"section\" data-e-type=\"section\">\n\t\t\t\t\t\t<div class=\"elementor-container elementor-column-gap-default\">\n\t\t\t\t\t<div class=\"elementor-column elementor-col-100 elementor-inner-column elementor-element elementor-element-7a73844\" data-id=\"7a73844\" data-element_type=\"column\" data-e-type=\"column\">\n\t\t\t<div class=\"elementor-widget-wrap elementor-element-populated\">\n\t\t\t\t\t\t<div class=\"elementor-element elementor-element-ae4f40d elementor-widget elementor-widget-text-editor\" data-id=\"ae4f40d\" data-element_type=\"widget\" data-e-type=\"widget\" data-widget_type=\"text-editor.default\">\n\t\t\t\t<div class=\"elementor-widget-container\">\n\t\t\t\t\t\t\t\t\t<h3>Spagnolo &lt; &gt; inglese<\/h3>\n<p>Asseverazioni\/verifica di traduzioni di terzi, revisione di una traduzione in base ai cambiamenti del testo di partenza, Machine Translation Post-Editing: Full, Medium, Light.*<\/p>\n<h3>Portoghese &gt; tedesco<\/h3>\n<p>Traduzioni, revisioni, revisione di una traduzione in base ai cambiamenti del testo di partenza, Machine Translation Post-Editing: Full, Medium, Light.*<\/p>\n<h3>Francese &gt; inglese<\/h3>\n<p>Traduzioni, revisioni, revisione di una traduzione in base ai cambiamenti del testo di partenza, Machine Translation Post-Editing: Full, Medium, Light.*<\/p>\n<h3>Tedesco o inglese<\/h3>\n<p>revisioni monolingue (verifica in relazione alle categorie prescelte fra quelle elencate di seguito: stile, grammatica, punteggiatura, ortografia)<\/p>\n<h3>Tedesco &gt; inglese, spagnolo<\/h3>\n<p>Trascrizioni di file audio tedeschi con la successiva traduzione in inglese\/spagnolo<\/p>\n<p>Per tutti i servizi linguistici vale che la lingua sorgente o destinazione pu\u00f2 essere sia l&#8217;inglese britannico, sia l&#8217;inglese americano. Su richiesta trattiamo anche alcune altre variet\u00e0 dell&#8217;inglese come lingua di partenza. Analogamente offriamo la possibilit\u00e0 di trattare testi sia in spagnolo europeo, sia in spagnolo latinoamericano, oltre a poter indicare a Sebastian Witte quale delle due variet\u00e0 linguistiche sia preferita quando lo spagnolo \u00e8 la lingua target. Con un modesto sovrapprezzo e in collaborazione con colleghi di madrelingua \u00e8 peraltro possibile ottenere le versioni pure, rispettivamente dello spagnolo europeo o latinoamericano. Quanto al portoghese, siamo al corrente delle differenze tra le due varianti (Portogallo\/Brasile). Ad esempio, il brasiliano usa la terza singolare per dare del &#8220;tu&#8221;, mentre a tutt&#8217;oggi in Portogallo non solo si \u00e8 conservata la seconda singolare (&#8220;tu&#8221;) bens\u00ec anche la seconda plurale (v\u00f3s\/&#8221;voi&#8221;, sebbene oggi si tenda a usare voc\u00eas, cio\u00e8 grammaticalmente la terza plurale). In ogni caso operiamo secondo la massima per cui, se non riusciamo a risolvere da soli un problema linguistico o di altro genere, ci rivolgiamo a chi ci sa offrire un aiuto competente.<\/p>\n<p>In caso di progetti di traduzione e revisione multilingue ci avvaliamo dell&#8217;affermata rete di colleghi del &#8220;team textpartner&#8221; selezionati secondo i seguenti <a href=\"https:\/\/aswittepartg.de\/it\/come-formiamo-la-nostra-rete\/\">criteri di selezione<\/a>.<\/p>\n<p>Il team e altri membri associati della nostra rete coprono attualmente le seguenti combinazioni linguistiche (su richiesta collaboriamo con ulteriori colleghi attentamente selezionati):<\/p>\n<ul>\n<li>Spagnolo monolingue<\/li>\n<li>Inglese &gt; spagnolo<\/li>\n<li>Francese &gt; tedesco<\/li>\n<li>Tedesco &gt; francese<\/li>\n<li>Italiano &gt; tedesco<\/li>\n<li>Tedesco &gt; italiano<\/li>\n<li>Inglese &gt; italiano<\/li>\n<li>Italiano &gt; inglese<\/li>\n<\/ul>\n<p>Su richiesta \u00e8 inoltre possibile prenotare servizi linguistici in varie lingue (p.es. polacco, russo, croato, turco) in combinazione con la lingua tedesca o inglese.<\/p>\n<p>Disponibile su richiesta: transcreazioni in alcune combinazioni linguistiche.<\/p>\n<p>Approach &amp; Methodology as regards Artificial Intelligence: We offer you Machine Translation Post-Editing (MTPE), i.e. human editing of machine translation, in three service depths: Full (upon request), Medium and Light. Light, even when using contemporary, high-performance MT engines, corresponds to a text that serves internal informational purposes and includes initial elements of stylistic adaptation or elegant translation techniques, but is not ready for publication. However, the possibilities of having human translation qualitatively replaced by Full MTPE, and still saving money compared to human translation, are limited, since even modern, up-to-date machine translation struggles when it comes to taking into account the context in the source document in the translation process of the &#8216;machine&#8217; (MT engine), so that the effort for the post-editor to match a human translation qualitatively is high to very high &#8212; if this is possible at all. A very powerful computer or supercomputer is just not a substitute for the wealth of experience of a human lifetime.   <br>In principle, you can book MTPE services (or alternatively, obviously, translation-related services = translation, editing, monolingual proofreading) if you can let us have an editable file format or Trados format. We occasionally reserve the right to provide MTPE services only based on Trados formats. In the case of non-editable file formats, you can only book translation-related services (translation, editing).  <\/p>\t\t\t\t\t\t\t\t<\/div>\n\t\t\t\t<\/div>\n\t\t\t\t\t<\/div>\n\t\t<\/div>\n\t\t\t\t\t<\/div>\n\t\t<\/section>\n\t\t\t\t\t<\/div>\n\t\t<\/div>\n\t\t\t\t\t<\/div>\n\t\t<\/section>\n\t\t\t\t<\/div>\n\t\t","protected":false},"excerpt":{"rendered":"<p>A&amp;S Witte Partnerschaft offre i seguenti servizi mettendo a disposizione le proprie competenze Inglese &lt; &gt; tedesco Traduzioni, revisioni, asseverazioni e verifica di traduzioni di terzi (con certificazione della resa corretta e completa), compilazione terminologica, revisione di una traduzione in base ai cambiamenti del testo di partenza, Machine Translation Post-Editing: Full, Medium, Light. * Utilizziamo [&hellip;]<\/p>\n","protected":false},"author":2,"featured_media":0,"parent":0,"menu_order":0,"comment_status":"closed","ping_status":"closed","template":"","meta":{"site-sidebar-layout":"no-sidebar","site-content-layout":"page-builder","ast-site-content-layout":"full-width-container","site-content-style":"unboxed","site-sidebar-style":"unboxed","ast-global-header-display":"","ast-banner-title-visibility":"","ast-main-header-display":"","ast-hfb-above-header-display":"","ast-hfb-below-header-display":"","ast-hfb-mobile-header-display":"","site-post-title":"disabled","ast-breadcrumbs-content":"","ast-featured-img":"disabled","footer-sml-layout":"","ast-disable-related-posts":"","theme-transparent-header-meta":"","adv-header-id-meta":"","stick-header-meta":"","header-above-stick-meta":"","header-main-stick-meta":"","header-below-stick-meta":"","astra-migrate-meta-layouts":"default","ast-page-background-enabled":"default","ast-page-background-meta":{"desktop":{"background-color":"var(--ast-global-color-4)","background-image":"","background-repeat":"repeat","background-position":"center center","background-size":"auto","background-attachment":"scroll","background-type":"","background-media":"","overlay-type":"","overlay-color":"","overlay-opacity":"","overlay-gradient":""},"tablet":{"background-color":"","background-image":"","background-repeat":"repeat","background-position":"center center","background-size":"auto","background-attachment":"scroll","background-type":"","background-media":"","overlay-type":"","overlay-color":"","overlay-opacity":"","overlay-gradient":""},"mobile":{"background-color":"","background-image":"","background-repeat":"repeat","background-position":"center center","background-size":"auto","background-attachment":"scroll","background-type":"","background-media":"","overlay-type":"","overlay-color":"","overlay-opacity":"","overlay-gradient":""}},"ast-content-background-meta":{"desktop":{"background-color":"var(--ast-global-color-5)","background-image":"","background-repeat":"repeat","background-position":"center center","background-size":"auto","background-attachment":"scroll","background-type":"","background-media":"","overlay-type":"","overlay-color":"","overlay-opacity":"","overlay-gradient":""},"tablet":{"background-color":"var(--ast-global-color-5)","background-image":"","background-repeat":"repeat","background-position":"center center","background-size":"auto","background-attachment":"scroll","background-type":"","background-media":"","overlay-type":"","overlay-color":"","overlay-opacity":"","overlay-gradient":""},"mobile":{"background-color":"var(--ast-global-color-5)","background-image":"","background-repeat":"repeat","background-position":"center center","background-size":"auto","background-attachment":"scroll","background-type":"","background-media":"","overlay-type":"","overlay-color":"","overlay-opacity":"","overlay-gradient":""}},"footnotes":""},"class_list":["post-619","page","type-page","status-publish","hentry"],"yoast_head":"<!-- This site is optimized with the Yoast SEO plugin v27.3 - https:\/\/yoast.com\/product\/yoast-seo-wordpress\/ -->\n<title>A&amp;S Witte Partnerschaft offre i seguenti servizi mettendo a disposizione le proprie competenze - A. &amp; S. Witte Partnerschaft<\/title>\n<meta name=\"robots\" content=\"index, follow, max-snippet:-1, max-image-preview:large, max-video-preview:-1\" \/>\n<link rel=\"canonical\" href=\"https:\/\/aswittepartg.de\/en-gb\/s-witte-partnerschaft-offers-you-following-services\/\" \/>\n<meta property=\"og:locale\" content=\"it_IT\" \/>\n<meta property=\"og:type\" content=\"article\" \/>\n<meta property=\"og:title\" content=\"A&amp;S Witte Partnerschaft offre i seguenti servizi mettendo a disposizione le proprie competenze - A. &amp; S. Witte Partnerschaft\" \/>\n<meta property=\"og:description\" content=\"A&amp;S Witte Partnerschaft offre i seguenti servizi mettendo a disposizione le proprie competenze Inglese &lt; &gt; tedesco Traduzioni, revisioni, asseverazioni e verifica di traduzioni di terzi (con certificazione della resa corretta e completa), compilazione terminologica, revisione di una traduzione in base ai cambiamenti del testo di partenza, Machine Translation Post-Editing: Full, Medium, Light. * Utilizziamo [&hellip;]\" \/>\n<meta property=\"og:url\" content=\"https:\/\/aswittepartg.de\/en-gb\/s-witte-partnerschaft-offers-you-following-services\/\" \/>\n<meta property=\"og:site_name\" content=\"A. &amp; S. Witte Partnerschaft\" \/>\n<meta property=\"article:publisher\" content=\"https:\/\/www.facebook.com\/ASWITTE\" \/>\n<meta property=\"article:modified_time\" content=\"2023-07-10T22:12:23+00:00\" \/>\n<meta property=\"og:image\" content=\"https:\/\/aswittepartg.de\/wp-content\/uploads\/2023\/06\/services.jpg\" \/>\n<meta name=\"twitter:card\" content=\"summary_large_image\" \/>\n<meta name=\"twitter:label1\" content=\"Tempo di lettura stimato\" \/>\n\t<meta name=\"twitter:data1\" content=\"4 minuti\" \/>\n<script type=\"application\/ld+json\" class=\"yoast-schema-graph\">{\"@context\":\"https:\\\/\\\/schema.org\",\"@graph\":[{\"@type\":\"WebPage\",\"@id\":\"https:\\\/\\\/aswittepartg.de\\\/en-gb\\\/s-witte-partnerschaft-offers-you-following-services\\\/\",\"url\":\"https:\\\/\\\/aswittepartg.de\\\/en-gb\\\/s-witte-partnerschaft-offers-you-following-services\\\/\",\"name\":\"A&amp;S Witte Partnerschaft offre i seguenti servizi mettendo a disposizione le proprie competenze - A. &amp; S. Witte Partnerschaft\",\"isPartOf\":{\"@id\":\"https:\\\/\\\/aswittepartg.de\\\/#website\"},\"primaryImageOfPage\":{\"@id\":\"https:\\\/\\\/aswittepartg.de\\\/en-gb\\\/s-witte-partnerschaft-offers-you-following-services\\\/#primaryimage\"},\"image\":{\"@id\":\"https:\\\/\\\/aswittepartg.de\\\/en-gb\\\/s-witte-partnerschaft-offers-you-following-services\\\/#primaryimage\"},\"thumbnailUrl\":\"https:\\\/\\\/aswittepartg.de\\\/wp-content\\\/uploads\\\/2023\\\/06\\\/services.jpg\",\"datePublished\":\"2023-06-24T13:26:42+00:00\",\"dateModified\":\"2023-07-10T22:12:23+00:00\",\"breadcrumb\":{\"@id\":\"https:\\\/\\\/aswittepartg.de\\\/en-gb\\\/s-witte-partnerschaft-offers-you-following-services\\\/#breadcrumb\"},\"inLanguage\":\"it-IT\",\"potentialAction\":[{\"@type\":\"ReadAction\",\"target\":[\"https:\\\/\\\/aswittepartg.de\\\/en-gb\\\/s-witte-partnerschaft-offers-you-following-services\\\/\"]}]},{\"@type\":\"ImageObject\",\"inLanguage\":\"it-IT\",\"@id\":\"https:\\\/\\\/aswittepartg.de\\\/en-gb\\\/s-witte-partnerschaft-offers-you-following-services\\\/#primaryimage\",\"url\":\"https:\\\/\\\/aswittepartg.de\\\/wp-content\\\/uploads\\\/2023\\\/06\\\/services.jpg\",\"contentUrl\":\"https:\\\/\\\/aswittepartg.de\\\/wp-content\\\/uploads\\\/2023\\\/06\\\/services.jpg\"},{\"@type\":\"BreadcrumbList\",\"@id\":\"https:\\\/\\\/aswittepartg.de\\\/en-gb\\\/s-witte-partnerschaft-offers-you-following-services\\\/#breadcrumb\",\"itemListElement\":[{\"@type\":\"ListItem\",\"position\":1,\"name\":\"Home\",\"item\":\"https:\\\/\\\/aswittepartg.de\\\/it\\\/\"},{\"@type\":\"ListItem\",\"position\":2,\"name\":\"A&amp;S Witte Partnerschaft offre i seguenti servizi mettendo a disposizione le proprie competenze\"}]},{\"@type\":\"WebSite\",\"@id\":\"https:\\\/\\\/aswittepartg.de\\\/#website\",\"url\":\"https:\\\/\\\/aswittepartg.de\\\/\",\"name\":\"A. & S. Witte Partnerschaft\",\"description\":\"Fach&uuml;bersetzungen\\\/Specialist translations\",\"publisher\":{\"@id\":\"https:\\\/\\\/aswittepartg.de\\\/#organization\"},\"alternateName\":\"ASWITTE PartG\",\"potentialAction\":[{\"@type\":\"SearchAction\",\"target\":{\"@type\":\"EntryPoint\",\"urlTemplate\":\"https:\\\/\\\/aswittepartg.de\\\/?s={search_term_string}\"},\"query-input\":{\"@type\":\"PropertyValueSpecification\",\"valueRequired\":true,\"valueName\":\"search_term_string\"}}],\"inLanguage\":\"it-IT\"},{\"@type\":\"Organization\",\"@id\":\"https:\\\/\\\/aswittepartg.de\\\/#organization\",\"name\":\"A. & S. Witte Partnerschaft\",\"alternateName\":\"ASWITTE PartG\",\"url\":\"https:\\\/\\\/aswittepartg.de\\\/\",\"logo\":{\"@type\":\"ImageObject\",\"inLanguage\":\"it-IT\",\"@id\":\"https:\\\/\\\/aswittepartg.de\\\/#\\\/schema\\\/logo\\\/image\\\/\",\"url\":\"https:\\\/\\\/aswittepartg.de\\\/wp-content\\\/uploads\\\/2023\\\/06\\\/logo.png\",\"contentUrl\":\"https:\\\/\\\/aswittepartg.de\\\/wp-content\\\/uploads\\\/2023\\\/06\\\/logo.png\",\"width\":457,\"height\":475,\"caption\":\"A. & S. Witte Partnerschaft\"},\"image\":{\"@id\":\"https:\\\/\\\/aswittepartg.de\\\/#\\\/schema\\\/logo\\\/image\\\/\"},\"sameAs\":[\"https:\\\/\\\/www.facebook.com\\\/ASWITTE\"]}]}<\/script>\n<!-- \/ Yoast SEO plugin. -->","yoast_head_json":{"title":"A&amp;S Witte Partnerschaft offre i seguenti servizi mettendo a disposizione le proprie competenze - A. &amp; S. Witte Partnerschaft","robots":{"index":"index","follow":"follow","max-snippet":"max-snippet:-1","max-image-preview":"max-image-preview:large","max-video-preview":"max-video-preview:-1"},"canonical":"https:\/\/aswittepartg.de\/en-gb\/s-witte-partnerschaft-offers-you-following-services\/","og_locale":"it_IT","og_type":"article","og_title":"A&amp;S Witte Partnerschaft offre i seguenti servizi mettendo a disposizione le proprie competenze - A. &amp; S. Witte Partnerschaft","og_description":"A&amp;S Witte Partnerschaft offre i seguenti servizi mettendo a disposizione le proprie competenze Inglese &lt; &gt; tedesco Traduzioni, revisioni, asseverazioni e verifica di traduzioni di terzi (con certificazione della resa corretta e completa), compilazione terminologica, revisione di una traduzione in base ai cambiamenti del testo di partenza, Machine Translation Post-Editing: Full, Medium, Light. * Utilizziamo [&hellip;]","og_url":"https:\/\/aswittepartg.de\/en-gb\/s-witte-partnerschaft-offers-you-following-services\/","og_site_name":"A. &amp; S. Witte Partnerschaft","article_publisher":"https:\/\/www.facebook.com\/ASWITTE","article_modified_time":"2023-07-10T22:12:23+00:00","og_image":[{"url":"https:\/\/aswittepartg.de\/wp-content\/uploads\/2023\/06\/services.jpg","type":"","width":"","height":""}],"twitter_card":"summary_large_image","twitter_misc":{"Tempo di lettura stimato":"4 minuti"},"schema":{"@context":"https:\/\/schema.org","@graph":[{"@type":"WebPage","@id":"https:\/\/aswittepartg.de\/en-gb\/s-witte-partnerschaft-offers-you-following-services\/","url":"https:\/\/aswittepartg.de\/en-gb\/s-witte-partnerschaft-offers-you-following-services\/","name":"A&amp;S Witte Partnerschaft offre i seguenti servizi mettendo a disposizione le proprie competenze - A. &amp; S. Witte Partnerschaft","isPartOf":{"@id":"https:\/\/aswittepartg.de\/#website"},"primaryImageOfPage":{"@id":"https:\/\/aswittepartg.de\/en-gb\/s-witte-partnerschaft-offers-you-following-services\/#primaryimage"},"image":{"@id":"https:\/\/aswittepartg.de\/en-gb\/s-witte-partnerschaft-offers-you-following-services\/#primaryimage"},"thumbnailUrl":"https:\/\/aswittepartg.de\/wp-content\/uploads\/2023\/06\/services.jpg","datePublished":"2023-06-24T13:26:42+00:00","dateModified":"2023-07-10T22:12:23+00:00","breadcrumb":{"@id":"https:\/\/aswittepartg.de\/en-gb\/s-witte-partnerschaft-offers-you-following-services\/#breadcrumb"},"inLanguage":"it-IT","potentialAction":[{"@type":"ReadAction","target":["https:\/\/aswittepartg.de\/en-gb\/s-witte-partnerschaft-offers-you-following-services\/"]}]},{"@type":"ImageObject","inLanguage":"it-IT","@id":"https:\/\/aswittepartg.de\/en-gb\/s-witte-partnerschaft-offers-you-following-services\/#primaryimage","url":"https:\/\/aswittepartg.de\/wp-content\/uploads\/2023\/06\/services.jpg","contentUrl":"https:\/\/aswittepartg.de\/wp-content\/uploads\/2023\/06\/services.jpg"},{"@type":"BreadcrumbList","@id":"https:\/\/aswittepartg.de\/en-gb\/s-witte-partnerschaft-offers-you-following-services\/#breadcrumb","itemListElement":[{"@type":"ListItem","position":1,"name":"Home","item":"https:\/\/aswittepartg.de\/it\/"},{"@type":"ListItem","position":2,"name":"A&amp;S Witte Partnerschaft offre i seguenti servizi mettendo a disposizione le proprie competenze"}]},{"@type":"WebSite","@id":"https:\/\/aswittepartg.de\/#website","url":"https:\/\/aswittepartg.de\/","name":"A. & S. Witte Partnerschaft","description":"Fach&uuml;bersetzungen\/Specialist translations","publisher":{"@id":"https:\/\/aswittepartg.de\/#organization"},"alternateName":"ASWITTE PartG","potentialAction":[{"@type":"SearchAction","target":{"@type":"EntryPoint","urlTemplate":"https:\/\/aswittepartg.de\/?s={search_term_string}"},"query-input":{"@type":"PropertyValueSpecification","valueRequired":true,"valueName":"search_term_string"}}],"inLanguage":"it-IT"},{"@type":"Organization","@id":"https:\/\/aswittepartg.de\/#organization","name":"A. & S. Witte Partnerschaft","alternateName":"ASWITTE PartG","url":"https:\/\/aswittepartg.de\/","logo":{"@type":"ImageObject","inLanguage":"it-IT","@id":"https:\/\/aswittepartg.de\/#\/schema\/logo\/image\/","url":"https:\/\/aswittepartg.de\/wp-content\/uploads\/2023\/06\/logo.png","contentUrl":"https:\/\/aswittepartg.de\/wp-content\/uploads\/2023\/06\/logo.png","width":457,"height":475,"caption":"A. & S. Witte Partnerschaft"},"image":{"@id":"https:\/\/aswittepartg.de\/#\/schema\/logo\/image\/"},"sameAs":["https:\/\/www.facebook.com\/ASWITTE"]}]}},"_links":{"self":[{"href":"https:\/\/aswittepartg.de\/it\/wp-json\/wp\/v2\/pages\/619","targetHints":{"allow":["GET"]}}],"collection":[{"href":"https:\/\/aswittepartg.de\/it\/wp-json\/wp\/v2\/pages"}],"about":[{"href":"https:\/\/aswittepartg.de\/it\/wp-json\/wp\/v2\/types\/page"}],"author":[{"embeddable":true,"href":"https:\/\/aswittepartg.de\/it\/wp-json\/wp\/v2\/users\/2"}],"replies":[{"embeddable":true,"href":"https:\/\/aswittepartg.de\/it\/wp-json\/wp\/v2\/comments?post=619"}],"version-history":[{"count":4,"href":"https:\/\/aswittepartg.de\/it\/wp-json\/wp\/v2\/pages\/619\/revisions"}],"predecessor-version":[{"id":1192,"href":"https:\/\/aswittepartg.de\/it\/wp-json\/wp\/v2\/pages\/619\/revisions\/1192"}],"wp:attachment":[{"href":"https:\/\/aswittepartg.de\/it\/wp-json\/wp\/v2\/media?parent=619"}],"curies":[{"name":"wp","href":"https:\/\/api.w.org\/{rel}","templated":true}]}}